{"id":41398,"date":"2025-04-15T12:28:28","date_gmt":"2025-04-15T09:28:28","guid":{"rendered":"https:\/\/partners-ltd.com\/magazin\/fara-categorie\/3m-protection-wrap-film-m10-folie-de-protectie-colorata\/"},"modified":"2025-09-01T15:10:07","modified_gmt":"2025-09-01T12:10:07","slug":"3m-protection-wrap-film-m10-folie-de-protectie-colorata","status":"publish","type":"product","link":"https:\/\/partners-ltd.com\/ro\/e-shop\/3m-folie-tuning-auto\/folie-de-protectie-colorata-pentru-automobile-ro\/3m-protection-wrap-film-m10-folie-de-protectie-colorata\/","title":{"rendered":"3M Protection Wrap Film M10, folie de protec\u021bie colorat\u0103"},"content":{"rendered":"<div class=\"wpb-content-wrapper\"><p>[vc_row css=&#8221;.vc_custom_1614340926172{margin-bottom: 30px !important;border-top-width: 1px !important;border-right-width: 1px !important;border-bottom-width: 1px !important;border-left-width: 1px !important;border-left-color: #d8d8d8 !important;border-left-style: solid !important;border-right-color: #d8d8d8 !important;border-right-style: solid !important;border-top-color: #d8d8d8 !important;border-top-style: solid !important;border-bottom-color: #d8d8d8 !important;border-bottom-style: solid !important;border-radius: 1px !important;}&#8221;][vc_column][vc_single_image image=&#8221;38460&#8243; img_size=&#8221;full&#8221;]<div id=\"ultimate-heading-992669e2128de08f5\" class=\"uvc-heading ult-adjust-bottom-margin ultimate-heading-992669e2128de08f5 uvc-6978  uvc-heading-default-font-sizes\" data-hspacer=\"no_spacer\"  data-halign=\"left\" style=\"text-align:left\"><div class=\"uvc-heading-spacer no_spacer\" style=\"top\"><\/div><div class=\"uvc-main-heading ult-responsive\"  data-ultimate-target='.uvc-heading.ultimate-heading-992669e2128de08f5 h2'  data-responsive-json-new='{\"font-size\":\"\",\"line-height\":\"\"}' ><h2 style=\"--font-weight:theme;margin-bottom:15px;\">Folie pentru tuning + protec\u021bie de calitate de la 3M!<\/h2><\/div><\/div>[vc_column_text]<strong>3M Protection Wrap Film M10 <\/strong>este o folie de protec\u021bie colorat\u0103 \u00een culoare alb mat, cu care ve\u021bi oferi automobil dumneavoastr\u0103 o protec\u021bie ridicat\u0103 \u0219i un aspect deosebit.<\/p>\n<p><strong>3M Protection Wrap Film Color Series<\/strong> este o revolu\u021bie \u00een lumea foliei pentru \u00eenvelire auto. Aceast\u0103 serie premium ofer\u0103 o combina\u021bie unic\u0103 de <strong>culori uimitoare<\/strong> \u0219i <strong>performan\u021b\u0103 durabil\u0103<\/strong>, ceea ce o face o alegere excelent\u0103 pentru orice gust exigent. Cu acoperire sa oglind\u0103 \u0219i gama larg\u0103 de culori exclusive, <strong>3M\u2122 Protection Wrap Film Color Series<\/strong> v\u0103 permite s\u0103 transforma\u021bi automobil dumneavoastr\u0103 \u00eentr-un adev\u0103rat maestru personalizat. Indiferent dac\u0103 prefera\u021bi o acoperire lucioas\u0103, mat\u0103 sau un efect cameleon, exist\u0103 o op\u021biune care s\u0103 corespund\u0103 dorin\u021bei dumneavoastr\u0103.<\/p>\n<h2>Tehnologie auto-vindec\u0103toare pentru protec\u021bie durabil\u0103<\/h2>\n<p><img loading=\"lazy\" decoding=\"async\" class=\"wp-image-36285 alignleft\" src=\"https:\/\/partners-ltd.com\/wp-content\/uploads\/2024\/09\/Protection-3M.gif\" alt=\"3M Protection Wrap Film\" width=\"371\" height=\"223\" \/>Pe l\u00e2ng\u0103 frumuse\u021bea sa, aceast\u0103 folie ofer\u0103<strong> protec\u021bie excep\u021bional\u0103<\/strong>. Acesta <strong>protejeaz\u0103 \u00eempotriva pietricelelor, zg\u00e2rieturilor, petelor \u0219i influen\u021belor atmosferice<\/strong>, garant\u00e2nd c\u0103 <strong>automobilul dumneavoastr\u0103 va ar\u0103ta impecabil ani de zile<\/strong>.<\/p>\n<p>Zg\u00e2rieturile u\u0219oare sau petele nu mai sunt o problem\u0103. Tehnologie sa polimeric\u0103 auto-vindec\u0103toare v\u0103 permite s\u0103 elimina\u021bi aceste defecte pur \u0219i simplu aplic\u00e2nd c\u0103ldur\u0103 pe folie. Aceast\u0103 func\u021bie ajut\u0103 la men\u021binerea aspectului impecabil al foliei \u00een timp.<\/p>\n<p>Folie este proiectat\u0103 s\u0103 fie <strong>cu cel pu\u021bin 70% mai groas\u0103 dec\u00e2t folia tradi\u021bional\u0103 <a href=\"https:\/\/partners-ltd.com\/kategoriya\/3m-folio-tuning-avtomobili\/\">3M pentru tuning auto<\/a><\/strong>\u00a0(ex. 3M 2080 Car Wrap Series), oferind durabilitate \u0219i protec\u021bie \u00eembun\u0103t\u0103\u021bit\u0103 pentru investi\u021bia dumneavoastr\u0103.<\/p>\n<h2><\/h2>\n<h2><\/h2>\n<h2>Montaj eficient<\/h2>\n<p><strong>3M\u2122 Protection Wrap Film Color Series<\/strong> se remarc\u0103 prin montaj uscat, care este semnificativ mai rapid dec\u00e2t instala\u021bie umed\u0103. Aceasta \u00eenseamn\u0103 mai pu\u021bin timp \u00een service \u0219i mai mult timp pentru a v\u0103 bucura de automobil. Seria dispune de tehnologiile emblematice ale 3M <strong><a href=\"https:\/\/partners-ltd.com\/ro\/tipuri-de-vinil-tehnologie-si-calitate\/#t34\">ale strat adeziv<\/a><\/strong>. <strong>3M\u2122 Controltac\u2122<\/strong> reduce aderen\u021ba ini\u021bial\u0103 a lipire pentru o alunecare \u0219i repozi\u021bionare u\u0219oar\u0103, \u00een timp ce tehnologia<strong> 3M\u2122 Comply\u2122<\/strong> asigur\u0103 un montaj f\u0103r\u0103 bule.[\/vc_column_text][\/vc_column][\/vc_row][vc_row css=&#8221;.vc_custom_1614340946766{margin-bottom: 30px !important;border-top-width: 1px !important;border-right-width: 1px !important;border-bottom-width: 1px !important;border-left-width: 1px !important;border-left-color: #d8d8d8 !important;border-left-style: solid !important;border-right-color: #d8d8d8 !important;border-right-style: solid !important;border-top-color: #d8d8d8 !important;border-top-style: solid !important;border-bottom-color: #d8d8d8 !important;border-bottom-style: solid !important;border-radius: 1px !important;}&#8221;][vc_column][vc_single_image image=&#8221;38463&#8243; img_size=&#8221;full&#8221;]<div id=\"ultimate-heading-897769e2128de092a\" class=\"uvc-heading ult-adjust-bottom-margin ultimate-heading-897769e2128de092a uvc-8024  uvc-heading-default-font-sizes\" data-hspacer=\"no_spacer\"  data-halign=\"left\" style=\"text-align:left\"><div class=\"uvc-heading-spacer no_spacer\" style=\"top\"><\/div><div class=\"uvc-main-heading ult-responsive\"  data-ultimate-target='.uvc-heading.ultimate-heading-897769e2128de092a h3'  data-responsive-json-new='{\"font-size\":\"\",\"line-height\":\"\"}' ><h3 style=\"--font-weight:theme;margin-bottom:15px;\">Avantaje:<\/h3><\/div><\/div>[vc_row_inner][vc_column_inner width=&#8221;1\/2&#8243;]<div class=\"standard-arrow list-divider bullet-top\"><ul>\n<li>Un singur produs, \u00een loc de dou\u0103 separate<\/li>\n<li>Palet\u0103 impresionant\u0103 de culori lucios, mat \u0219i cameleon<\/li>\n<li>Pentru acoperire detaliilor sau a \u00eentregului autovehicul<\/li>\n<li>Reduce la jum\u0103tate timpul de montaj comparativ cu PPF pentru montaj umed<\/li>\n<\/ul>\n<\/div>[\/vc_column_inner][vc_column_inner width=&#8221;1\/2&#8243;]<div class=\"standard-arrow list-divider bullet-top\"><ul>\n<li>Compatibil cu 3M\u2122 Knifeless\u2122 Tapes pentru linii curate f\u0103r\u0103 cu\u021bit<\/li>\n<li>\u00centindere mare la rece pentru montaj u\u0219or \u00een col\u021buri rotunjite \u0219i \u00een ni\u0219e ad\u00e2nci<\/li>\n<li>U\u0219or de \u00eentre\u021binut \u0219i cur\u0103\u021bat<\/li>\n<li>Garan\u021bie p\u00e2n\u0103 la 10 ani<\/li>\n<\/ul>\n<\/div>[\/vc_column_inner][\/vc_row_inner][\/vc_column][\/vc_row][vc_row css=&#8221;.vc_custom_1614340974723{border-top-width: 1px !important;border-right-width: 1px !important;border-bottom-width: 1px !important;border-left-width: 1px !important;border-left-color: #d8d8d8 !important;border-left-style: solid !important;border-right-color: #d8d8d8 !important;border-right-style: solid !important;border-top-color: #d8d8d8 !important;border-top-style: solid !important;border-bottom-color: #d8d8d8 !important;border-bottom-style: solid !important;border-radius: 1px !important;}&#8221;][vc_column]<div id=\"ultimate-heading-679869e2128de09ab\" class=\"uvc-heading ult-adjust-bottom-margin ultimate-heading-679869e2128de09ab uvc-2038  uvc-heading-default-font-sizes\" data-hspacer=\"no_spacer\"  data-halign=\"left\" style=\"text-align:left\"><div class=\"uvc-heading-spacer no_spacer\" style=\"top\"><\/div><div class=\"uvc-main-heading ult-responsive\"  data-ultimate-target='.uvc-heading.ultimate-heading-679869e2128de09ab h3'  data-responsive-json-new='{\"font-size\":\"\",\"line-height\":\"\"}' ><h3 style=\"--font-weight:theme;\">Video:<\/h3><\/div><\/div>[vc_empty_space][vc_row_inner css=&#8221;.vc_custom_1727782170804{margin-bottom: 30px !important;border-bottom-width: 30px !important;border-left-width: 50px !important;}&#8221;][vc_column_inner][vc_column_text]<\/p>\n<div style=\"width: 1200px;\" class=\"wp-video\"><!--[if lt IE 9]><script>document.createElement('video');<\/script><![endif]-->\n<video class=\"wp-video-shortcode\" id=\"video-41398-1\" width=\"1200\" height=\"675\" preload=\"metadata\" controls=\"controls\"><source type=\"video\/mp4\" src=\"https:\/\/partners-ltd.com\/wp-content\/uploads\/2024\/10\/3m-pwf-video-Benefits-Video-cut-down-b-en.mp4?_=1\" \/><a href=\"https:\/\/partners-ltd.com\/wp-content\/uploads\/2024\/10\/3m-pwf-video-Benefits-Video-cut-down-b-en.mp4\">https:\/\/partners-ltd.com\/wp-content\/uploads\/2024\/10\/3m-pwf-video-Benefits-Video-cut-down-b-en.mp4<\/a><\/video><\/div>\n<p>[\/vc_column_text][\/vc_column_inner][\/vc_row_inner][\/vc_column][\/vc_row][vc_row css=&#8221;.vc_custom_1727782178541{margin-top: 25px !important;border-top-width: 1px !important;border-right-width: 1px !important;border-bottom-width: 1px !important;border-left-width: 1px !important;border-left-color: #d8d8d8 !important;border-left-style: solid !important;border-right-color: #d8d8d8 !important;border-right-style: solid !important;border-top-color: #d8d8d8 !important;border-top-style: solid !important;border-bottom-color: #d8d8d8 !important;border-bottom-style: solid !important;border-radius: 1px !important;}&#8221;][vc_column]<div id=\"ultimate-heading-842969e2128de0a1b\" class=\"uvc-heading ult-adjust-bottom-margin ultimate-heading-842969e2128de0a1b uvc-8381  uvc-heading-default-font-sizes\" data-hspacer=\"no_spacer\"  data-halign=\"left\" style=\"text-align:left\"><div class=\"uvc-heading-spacer no_spacer\" style=\"top\"><\/div><div class=\"uvc-main-heading ult-responsive\"  data-ultimate-target='.uvc-heading.ultimate-heading-842969e2128de0a1b h3'  data-responsive-json-new='{\"font-size\":\"\",\"line-height\":\"\"}' ><h3 style=\"--font-weight:theme;margin-bottom:25px;\">Documente:<\/h3><\/div><\/div>[vc_row_inner css=&#8221;.vc_custom_1615980091033{margin-bottom: 30px !important;}&#8221;][vc_column_inner width=&#8221;1\/5&#8243;][vc_column_text]Catalog de culori[\/vc_column_text][vc_single_image image=&#8221;36302&#8243; onclick=&#8221;custom_link&#8221; img_link_target=&#8221;_blank&#8221; link=&#8221;\/wp-content\/uploads\/2024\/10\/3m-pwf-swatches-poster-where-personalisation-meets-protection-en.pdf&#8221;]<style type=\"text\/css\" data-type=\"the7_shortcodes-inline-css\">#default-btn-fd39e370c8740abfcc90c82e9aaa7e64.ico-right-side > i {\n  margin-right: 0px;\n  margin-left: 8px;\n}\n#default-btn-fd39e370c8740abfcc90c82e9aaa7e64 > i {\n  margin-right: 8px;\n}\n<\/style><a href=\"\/wp-content\/uploads\/2024\/10\/3m-pwf-swatches-poster-where-personalisation-meets-protection-en.pdf\" class=\"default-btn-shortcode dt-btn dt-btn-s link-hover-off btn-inline-left \" target=\"_blank\" id=\"default-btn-fd39e370c8740abfcc90c82e9aaa7e64\" rel=\"noopener\"><span>Descarc\u0103 PDF<\/span><\/a>[\/vc_column_inner][vc_column_inner width=&#8221;1\/5&#8243;][vc_column_text]Pentru instalatori[\/vc_column_text][vc_single_image image=&#8221;36311&#8243; onclick=&#8221;custom_link&#8221; img_link_target=&#8221;_blank&#8221; link=&#8221;\/wp-content\/uploads\/2024\/10\/3m-pa-vehicle-preparation-guide-considerations-before-installation-en.pdf&#8221;]<style type=\"text\/css\" data-type=\"the7_shortcodes-inline-css\">#default-btn-bb30c927f071f1fdf5dfbea4e0ec702e.ico-right-side > i {\n  margin-right: 0px;\n  margin-left: 8px;\n}\n#default-btn-bb30c927f071f1fdf5dfbea4e0ec702e > i {\n  margin-right: 8px;\n}\n<\/style><a href=\"\/wp-content\/uploads\/2024\/10\/3m-pa-vehicle-preparation-guide-considerations-before-installation-en.pdf\" class=\"default-btn-shortcode dt-btn dt-btn-s link-hover-off btn-inline-left \" target=\"_blank\" id=\"default-btn-bb30c927f071f1fdf5dfbea4e0ec702e\" rel=\"noopener\"><span>Descarc\u0103 PDF<\/span><\/a>[\/vc_column_inner][vc_column_inner width=&#8221;1\/5&#8243;][vc_column_text]Buletin de produs[\/vc_column_text][vc_single_image image=&#8221;36314&#8243; onclick=&#8221;custom_link&#8221; img_link_target=&#8221;_blank&#8221; link=&#8221;\/wp-content\/uploads\/2024\/10\/PWF-Product-Bulletin.pdf&#8221;]<style type=\"text\/css\" data-type=\"the7_shortcodes-inline-css\">#default-btn-258de02ae54a0b0b50c6dfeaab7fd933.ico-right-side > i {\n  margin-right: 0px;\n  margin-left: 8px;\n}\n#default-btn-258de02ae54a0b0b50c6dfeaab7fd933 > i {\n  margin-right: 8px;\n}\n<\/style><a href=\"\/wp-content\/uploads\/2024\/10\/PWF-Product-Bulletin.pdf\" class=\"default-btn-shortcode dt-btn dt-btn-s link-hover-off btn-inline-left \" target=\"_blank\" id=\"default-btn-258de02ae54a0b0b50c6dfeaab7fd933\" rel=\"noopener\"><span>Descarc\u0103 PDF<\/span><\/a>[\/vc_column_inner][vc_column_inner width=&#8221;1\/5&#8243;][\/vc_column_inner][vc_column_inner width=&#8221;1\/5&#8243;][\/vc_column_inner][\/vc_row_inner][\/vc_column][\/vc_row]<\/p>\n<\/div>","protected":false},"excerpt":{"rendered":"<p><strong>3M Protection Wrap Film M10 <\/strong>este o folie de protec\u021bie colorat\u0103 \u00een culoare alb mat, cu care ve\u021bi oferi automobil dumneavoastr\u0103 o protec\u021bie ridicat\u0103 \u0219i un aspect deosebit.<\/p>\n<p>3M Protection Wrap Film Color Series este o revolu\u021bie \u00een lumea foliei pentru \u00eenvelire auto. O palet\u0103 bogat\u0103 de culori uimitoare, combinate cu tehnologie 3M de auto-vindecare pentru o protec\u021bie durabil\u0103.<\/p>\n<div class=\"woocommerce-product-details__short-description\">\n<p data-start=\"28\" data-end=\"70\"><strong data-start=\"28\" data-end=\"68\">Dimensiunea rolei: 1524 mm x 22,86 m<\/strong><\/p>\n<p data-start=\"72\" data-end=\"203\" data-is-last-node=\"\" data-is-only-node=\"\">\n<\/div>\n<form class=\"cart\" action=\"https:\/\/partners-ltd.com\/ro\/e-shop\/3m-folie-tuning-auto\/folie-de-protectie-colorata-pentru-automobile-ro\/3m-protection-wrap-film-g10-folie-de-protectie-colorata\/\" enctype=\"multipart\/form-data\" method=\"post\"><\/form>\n","protected":false},"featured_media":38466,"comment_status":"open","ping_status":"closed","template":"","meta":[],"product_cat":[1853,3582],"product_tag":[],"_links":{"self":[{"href":"https:\/\/partners-ltd.com\/ro\/wp-json\/wp\/v2\/product\/41398"}],"collection":[{"href":"https:\/\/partners-ltd.com\/ro\/wp-json\/wp\/v2\/product"}],"about":[{"href":"https:\/\/partners-ltd.com\/ro\/wp-json\/wp\/v2\/types\/product"}],"replies":[{"embeddable":true,"href":"https:\/\/partners-ltd.com\/ro\/wp-json\/wp\/v2\/comments?post=41398"}],"wp:featuredmedia":[{"embeddable":true,"href":"https:\/\/partners-ltd.com\/ro\/wp-json\/wp\/v2\/media\/38466"}],"wp:attachment":[{"href":"https:\/\/partners-ltd.com\/ro\/wp-json\/wp\/v2\/media?parent=41398"}],"wp:term":[{"taxonomy":"product_cat","embeddable":true,"href":"https:\/\/partners-ltd.com\/ro\/wp-json\/wp\/v2\/product_cat?post=41398"},{"taxonomy":"product_tag","embeddable":true,"href":"https:\/\/partners-ltd.com\/ro\/wp-json\/wp\/v2\/product_tag?post=41398"}],"curies":[{"name":"wp","href":"https:\/\/api.w.org\/{rel}","templated":true}]}}