{"id":41337,"date":"2022-10-06T11:01:26","date_gmt":"2022-10-06T08:01:26","guid":{"rendered":"https:\/\/partners-ltd.com\/magazin\/fara-categorie\/3m-3430-engineer-grade-prismatic-reflective-sheeting-folie-reflectorizanta-pentru-semne-rutiere-alba\/"},"modified":"2025-06-26T16:05:53","modified_gmt":"2025-06-26T13:05:53","slug":"3m-3430-engineer-grade-prismatic-reflective-sheeting-folie-reflectorizanta-pentru-semne-rutiere-alba","status":"publish","type":"product","link":"https:\/\/partners-ltd.com\/ro\/e-shop\/folie-reflectorizanta\/folie-reflectorizanta-3m-pentru-indicatoare-rutiere\/3m-3430-engineer-grade-prismatic-reflective-sheeting-folie-reflectorizanta-pentru-semne-rutiere-alba\/","title":{"rendered":"3M 3430 Engineer Grade Prismatic Reflective Sheeting &#8211; folie reflectorizant\u0103 pentru semne rutiere, alb\u0103"},"content":{"rendered":"<div class=\"wpb-content-wrapper\"><p>[vc_row][vc_column css=&#8221;.vc_custom_1622812777467{margin-bottom: 30px !important;border-top-width: 1px !important;border-right-width: 1px !important;border-bottom-width: 1px !important;border-left-width: 1px !important;border-left-color: #d6d6d6 !important;border-left-style: solid !important;border-right-color: #d6d6d6 !important;border-right-style: solid !important;border-top-color: #d6d6d6 !important;border-top-style: solid !important;border-bottom-color: #d6d6d6 !important;border-bottom-style: solid !important;border-radius: 1px !important;}&#8221;]<div id=\"ultimate-heading-419669d2931c5e8f8\" class=\"uvc-heading ult-adjust-bottom-margin ultimate-heading-419669d2931c5e8f8 uvc-1285  uvc-heading-default-font-sizes\" data-hspacer=\"no_spacer\"  data-halign=\"left\" style=\"text-align:left\"><div class=\"uvc-heading-spacer no_spacer\" style=\"top\"><\/div><div class=\"uvc-main-heading ult-responsive\"  data-ultimate-target='.uvc-heading.ultimate-heading-419669d2931c5e8f8 h3'  data-responsive-json-new='{\"font-size\":\"\",\"line-height\":\"\"}' ><h3 style=\"--font-weight:theme;margin-bottom:30px;\">3M 3430 Engineer Grade - folie reflectorizant\u0103 pentru semne rutiere, alb\u0103<\/h3><\/div><\/div>[vc_column_text]<strong>3M Engineer <a class=\"dt-pswp-item\" href=\"https:\/\/partners-ltd.com\/wp-content\/uploads\/2022\/10\/3430-color-fan.jpg\" data-dt-img-description=\"\" data-large_image_width=\"800\" data-large_image_height=\"951\"><img loading=\"lazy\" decoding=\"async\" class=\"wp-image-29126 alignleft\" src=\"https:\/\/partners-ltd.com\/wp-content\/uploads\/2022\/10\/3430-color-fan.jpg\" alt=\"3M Engineer Grade Reflective Sheeting 3430 aplica\u021bii\" width=\"370\" height=\"246\" \/><\/a>Grade Prismatic Reflective Sheeting seria 3430<\/strong> este o folie reflectorizant\u0103 nemetalizat\u0103 cu lentile microprismatice, destinat\u0103 produc\u021biei de semne rutiere reflectorizante, care sunt montate vertical \u00een timpul exploatare.<\/p>\n<p><strong>Seria 3430<\/strong> asigur\u0103 un aspect mai str\u0103lucitor at\u00e2t ziua, c\u00e2t \u0219i noaptea \u00een compara\u021bie cu foile conven\u021bionale Engineer Grade, reduc\u00e2nd \u00een acela\u0219i timp semnificativ amprent\u0103 de carbon.<\/p>\n<p>Seria 3M Engineer Grade Reflective Sheeting 3430 respect\u0103 \u0219i dep\u0103\u0219e\u0219te specifica\u021bia <strong>ASTM D4956 Type I<\/strong>.[\/vc_column_text][\/vc_column][\/vc_row][vc_row css=&#8221;.vc_custom_1664886815556{margin-bottom: 30px !important;}&#8221;][vc_column css=&#8221;.vc_custom_1622812796914{margin-top: 0px !important;border-top-width: 1px !important;border-right-width: 1px !important;border-bottom-width: 1px !important;border-left-width: 1px !important;border-left-color: #d6d6d6 !important;border-left-style: solid !important;border-right-color: #d6d6d6 !important;border-right-style: solid !important;border-top-color: #d6d6d6 !important;border-top-style: solid !important;border-bottom-color: #d6d6d6 !important;border-bottom-style: solid !important;border-radius: 1px !important;}&#8221;]<div id=\"ultimate-heading-146569d2931c5e931\" class=\"uvc-heading ult-adjust-bottom-margin ultimate-heading-146569d2931c5e931 uvc-1473  uvc-heading-default-font-sizes\" data-hspacer=\"no_spacer\"  data-halign=\"left\" style=\"text-align:left\"><div class=\"uvc-heading-spacer no_spacer\" style=\"top\"><\/div><div class=\"uvc-main-heading ult-responsive\"  data-ultimate-target='.uvc-heading.ultimate-heading-146569d2931c5e931 h3'  data-responsive-json-new='{\"font-size\":\"\",\"line-height\":\"\"}' ><h3 style=\"--font-weight:theme;margin-bottom:30px;\">Caracteristici principale:<\/h3><\/div><\/div>[vc_row_inner][vc_column_inner width=&#8221;1\/2&#8243; css=&#8221;.vc_custom_1665044378239{margin-top: 40px !important;}&#8221;]<div class=\"standard-arrow list-divider bullet-top\"><ul>\n<li>Serie creat\u0103 pentru semne \u0219i panouri rutiere<\/li>\n<li>Asigur\u0103 un aspect mai str\u0103lucitor at\u00e2t ziua, c\u00e2t \u0219i noaptea<\/li>\n<li>Adeziv sensibil la presiune<\/li>\n<li>Respect\u0103 \u0219i dep\u0103\u0219e\u0219te specifica\u021bia ASTM D4956 tip I<\/li>\n<li>Disponibil\u0103 \u00een toate culorile standard pentru semne \u0219i panouri rutiere<\/li>\n<\/ul>\n<\/div>[\/vc_column_inner][vc_column_inner width=&#8221;1\/2&#8243;][vc_single_image image=&#8221;29125&#8243; img_size=&#8221;250&#215;250&#8243; alignment=&#8221;center&#8221;][\/vc_column_inner][\/vc_row_inner][\/vc_column][\/vc_row][vc_row][vc_column css=&#8221;.vc_custom_1664886794588{margin-top: 0px !important;margin-bottom: 30px !important;border-top-width: 1px !important;border-right-width: 1px !important;border-bottom-width: 1px !important;border-left-width: 1px !important;border-left-color: #d6d6d6 !important;border-left-style: solid !important;border-right-color: #d6d6d6 !important;border-right-style: solid !important;border-top-color: #d6d6d6 !important;border-top-style: solid !important;border-bottom-color: #d6d6d6 !important;border-bottom-style: solid !important;border-radius: 1px !important;}&#8221;]<div id=\"ultimate-heading-783569d2931c5e98e\" class=\"uvc-heading ult-adjust-bottom-margin ultimate-heading-783569d2931c5e98e uvc-2063  uvc-heading-default-font-sizes\" data-hspacer=\"no_spacer\"  data-halign=\"left\" style=\"text-align:left\"><div class=\"uvc-heading-spacer no_spacer\" style=\"top\"><\/div><div class=\"uvc-main-heading ult-responsive\"  data-ultimate-target='.uvc-heading.ultimate-heading-783569d2931c5e98e h3'  data-responsive-json-new='{\"font-size\":\"\",\"line-height\":\"\"}' ><h3 style=\"--font-weight:theme;margin-bottom:30px;\">Documente:<\/h3><\/div><\/div>[vc_row_inner css=&#8221;.vc_custom_1664889603883{margin-bottom: 30px !important;}&#8221;][vc_column_inner width=&#8221;1\/4&#8243;][vc_column_text]<\/p>\n<p style=\"text-align: center;\">Buletin de produs<\/p>\n<p>[\/vc_column_text][vc_single_image image=&#8221;29134&#8243; img_size=&#8221;130&#215;180&#8243; alignment=&#8221;center&#8221; style=&#8221;vc_box_border&#8221; onclick=&#8221;custom_link&#8221; img_link_target=&#8221;_blank&#8221; link=&#8221;\/wp-content\/uploads\/2022\/10\/3M-3430-PDF-Brochure.pdf&#8221;]<style type=\"text\/css\" data-type=\"the7_shortcodes-inline-css\">#default-btn-85199d2bcefbd79f476a11e8d8ccd303.ico-right-side > i {\n  margin-right: 0px;\n  margin-left: 8px;\n}\n#default-btn-85199d2bcefbd79f476a11e8d8ccd303 > i {\n  margin-right: 8px;\n}\n<\/style><div class=\"btn-align-center\"><a href=\"\/wp-content\/uploads\/2022\/10\/3M-3430-PDF-Brochure.pdf\" class=\"default-btn-shortcode dt-btn dt-btn-s link-hover-off \" target=\"_blank\" id=\"default-btn-85199d2bcefbd79f476a11e8d8ccd303\" rel=\"noopener\"><span>Descarc\u0103 PDF<\/span><\/a><\/div>[\/vc_column_inner][vc_column_inner width=&#8221;1\/4&#8243;][vc_column_text]<\/p>\n<p style=\"text-align: center;\">Caracteristici tehnice<\/p>\n<p>[\/vc_column_text][vc_single_image image=&#8221;29137&#8243; img_size=&#8221;130&#215;180&#8243; alignment=&#8221;center&#8221; style=&#8221;vc_box_border&#8221; onclick=&#8221;custom_link&#8221; img_link_target=&#8221;_blank&#8221; link=&#8221;\/wp-content\/uploads\/2022\/10\/PB3430-Datasheet.pdf&#8221;]<style type=\"text\/css\" data-type=\"the7_shortcodes-inline-css\">#default-btn-304f8908b3de7e34938314c2d2ced693.ico-right-side > i {\n  margin-right: 0px;\n  margin-left: 8px;\n}\n#default-btn-304f8908b3de7e34938314c2d2ced693 > i {\n  margin-right: 8px;\n}\n<\/style><div class=\"btn-align-center\"><a href=\"\/wp-content\/uploads\/2022\/10\/PB3430-Datasheet.pdf\" class=\"default-btn-shortcode dt-btn dt-btn-s link-hover-off \" target=\"_blank\" id=\"default-btn-304f8908b3de7e34938314c2d2ced693\" rel=\"noopener\"><span>Descarc\u0103 PDF<\/span><\/a><\/div>[\/vc_column_inner][vc_column_inner width=&#8221;1\/2&#8243;][\/vc_column_inner][\/vc_row_inner][\/vc_column][\/vc_row]<\/p>\n<\/div>","protected":false},"excerpt":{"rendered":"<p>3M Engineer Grade Prismatic Reflective Sheeting seria 3430 este o folie reflectorizant\u0103 nemetalizat\u0103 cu lentile microprismatice, destinat\u0103 produc\u021biei de semne rutiere reflectorizante, care sunt montate vertical \u00een timpul exploatare.<\/p>\n<p>L\u0103\u021bimea rolei: 1220 mm<\/p>\n<table class=\"md-cstyl\">\n<tbody>\n<tr>\n<th colspan=\"3\"><strong>Pre\u021buri \u0219i reduceri pentru cantit\u0103\u021bi:<\/strong><\/th>\n<\/tr>\n<tr>\n<td>p\u00e2n\u0103 la 3 m<sup>2<\/sup><\/td>\n<td>peste 3 m<sup>2<\/sup><\/td>\n<\/tr>\n<tr>\n<td><strong>41,34 BGN \/ m<sup>2<\/sup><\/strong><\/td>\n<td><strong>37,86 BGN \/ m<sup>2<\/sup><\/strong><\/td>\n<\/tr>\n<\/tbody>\n<\/table>\n","protected":false},"featured_media":29131,"comment_status":"open","ping_status":"closed","template":"","meta":[],"product_cat":[2706],"product_tag":[],"_links":{"self":[{"href":"https:\/\/partners-ltd.com\/ro\/wp-json\/wp\/v2\/product\/41337"}],"collection":[{"href":"https:\/\/partners-ltd.com\/ro\/wp-json\/wp\/v2\/product"}],"about":[{"href":"https:\/\/partners-ltd.com\/ro\/wp-json\/wp\/v2\/types\/product"}],"replies":[{"embeddable":true,"href":"https:\/\/partners-ltd.com\/ro\/wp-json\/wp\/v2\/comments?post=41337"}],"wp:featuredmedia":[{"embeddable":true,"href":"https:\/\/partners-ltd.com\/ro\/wp-json\/wp\/v2\/media\/29131"}],"wp:attachment":[{"href":"https:\/\/partners-ltd.com\/ro\/wp-json\/wp\/v2\/media?parent=41337"}],"wp:term":[{"taxonomy":"product_cat","embeddable":true,"href":"https:\/\/partners-ltd.com\/ro\/wp-json\/wp\/v2\/product_cat?post=41337"},{"taxonomy":"product_tag","embeddable":true,"href":"https:\/\/partners-ltd.com\/ro\/wp-json\/wp\/v2\/product_tag?post=41337"}],"curies":[{"name":"wp","href":"https:\/\/api.w.org\/{rel}","templated":true}]}}