{"id":41333,"date":"2022-10-06T15:11:35","date_gmt":"2022-10-06T12:11:35","guid":{"rendered":"https:\/\/partners-ltd.com\/?post_type=product&#038;p=41333"},"modified":"2025-06-27T12:17:28","modified_gmt":"2025-06-27T09:17:28","slug":"3m-7930-advanced-engineer-grade-prismatic-reflective-sheeting-folie-reflectorizanta-pentru-semne-rutiere","status":"publish","type":"product","link":"https:\/\/partners-ltd.com\/ro\/e-shop\/folie-reflectorizanta\/folie-reflectorizanta-3m-pentru-indicatoare-rutiere\/3m-7930-advanced-engineer-grade-prismatic-reflective-sheeting-folie-reflectorizanta-pentru-semne-rutiere\/","title":{"rendered":"3M 7930 Advanced Engineer Grade Prismatic Reflective Sheeting &#8211; folie reflectorizant\u0103 pentru semne rutiere"},"content":{"rendered":"<div class=\"wpb-content-wrapper\"><p>[vc_row][vc_column css=&#8221;.vc_custom_1622812777467{margin-bottom: 30px !important;border-top-width: 1px !important;border-right-width: 1px !important;border-bottom-width: 1px !important;border-left-width: 1px !important;border-left-color: #d6d6d6 !important;border-left-style: solid !important;border-right-color: #d6d6d6 !important;border-right-style: solid !important;border-top-color: #d6d6d6 !important;border-top-style: solid !important;border-bottom-color: #d6d6d6 !important;border-bottom-style: solid !important;border-radius: 1px !important;}&#8221;]<div id=\"ultimate-heading-693269d292e81d452\" class=\"uvc-heading ult-adjust-bottom-margin ultimate-heading-693269d292e81d452 uvc-5573  uvc-heading-default-font-sizes\" data-hspacer=\"no_spacer\"  data-halign=\"left\" style=\"text-align:left\"><div class=\"uvc-heading-spacer no_spacer\" style=\"top\"><\/div><div class=\"uvc-main-heading ult-responsive\"  data-ultimate-target='.uvc-heading.ultimate-heading-693269d292e81d452 h3'  data-responsive-json-new='{\"font-size\":\"\",\"line-height\":\"\"}' ><h3 style=\"--font-weight:theme;margin-bottom:30px;\">3M 7930 Advanced Engineer Grade Prismatic Reflective Sheeting - folie reflectorizant\u0103 pentru semne rutiere<\/h3><\/div><\/div>[vc_column_text]<a class=\"dt-pswp-item\" href=\"https:\/\/partners-ltd.com\/wp-content\/uploads\/2022\/10\/3M-7930.jpg\" data-dt-img-description=\"\" data-large_image_width=\"330\" data-large_image_height=\"331\"><img loading=\"lazy\" decoding=\"async\" class=\" wp-image-29190 alignleft\" src=\"https:\/\/partners-ltd.com\/wp-content\/uploads\/2022\/10\/3M-7930.jpg\" alt=\"3M 7930\" width=\"195\" height=\"196\" srcset=\"https:\/\/partners-ltd.com\/wp-content\/uploads\/2022\/10\/3M-7930.jpg 330w, https:\/\/partners-ltd.com\/wp-content\/uploads\/2022\/10\/3M-7930-300x300.jpg 300w, https:\/\/partners-ltd.com\/wp-content\/uploads\/2022\/10\/3M-7930-100x100.jpg 100w, https:\/\/partners-ltd.com\/wp-content\/uploads\/2022\/10\/3M-7930-200x200.jpg 200w\" sizes=\"(max-width: 195px) 100vw, 195px\" \/><\/a>Seria <strong>Advanced Engineer Grade Prismatic Reflective Sheeting 7930<\/strong> este o folie reflectorizant\u0103 de genera\u021bie urm\u0103toare, semnificativ \u00eembun\u0103t\u0103\u021bit\u0103 \u0219i mai durabil\u0103 dec\u00e2t seria anterioar\u0103. Seria 3M Advanced Engineer Grade Prismatic Sheeting 7930 utilizeaz\u0103 tehnologia Micro-seal, care ajut\u0103 la asigurarea unei reflect\u0103ri uniforme \u0219i de durat\u0103 a semnelor \u0219i panourilor rutiere.<\/p>\n<p><strong>Seria 7930<\/strong> este un film reflectorizant microprismatic nemetalizat, destinat fabric\u0103rii de semne rutiere reflectorizante pentru controlul \u0219i reglementarea traficului. Folia con\u021bine un adeziv sensibil la presiune \u0219i se comport\u0103 excelent la montajul pe suprafe\u021be verticale.<\/p>\n<p><strong>3M 7930 Advanced Engineer Grade Prismatic Reflective Sheeting<\/strong> respect\u0103 standardul <strong>ASTM D4956 Tip I.<\/strong>[\/vc_column_text][\/vc_column][\/vc_row][vc_row css=&#8221;.vc_custom_1664886815556{margin-bottom: 30px !important;}&#8221;][vc_column css=&#8221;.vc_custom_1622812796914{margin-top: 0px !important;border-top-width: 1px !important;border-right-width: 1px !important;border-bottom-width: 1px !important;border-left-width: 1px !important;border-left-color: #d6d6d6 !important;border-left-style: solid !important;border-right-color: #d6d6d6 !important;border-right-style: solid !important;border-top-color: #d6d6d6 !important;border-top-style: solid !important;border-bottom-color: #d6d6d6 !important;border-bottom-style: solid !important;border-radius: 1px !important;}&#8221;]<div id=\"ultimate-heading-976469d292e81d491\" class=\"uvc-heading ult-adjust-bottom-margin ultimate-heading-976469d292e81d491 uvc-283  uvc-heading-default-font-sizes\" data-hspacer=\"no_spacer\"  data-halign=\"left\" style=\"text-align:left\"><div class=\"uvc-heading-spacer no_spacer\" style=\"top\"><\/div><div class=\"uvc-main-heading ult-responsive\"  data-ultimate-target='.uvc-heading.ultimate-heading-976469d292e81d491 h3'  data-responsive-json-new='{\"font-size\":\"\",\"line-height\":\"\"}' ><h3 style=\"--font-weight:theme;margin-bottom:30px;\">Caracteristici principale:<\/h3><\/div><\/div>[vc_row_inner][vc_column_inner width=&#8221;1\/2&#8243; css=&#8221;.vc_custom_1665059039442{margin-top: 0px !important;}&#8221;]<div class=\"standard-arrow list-divider bullet-top\"><ul>\n<li>Produs de genera\u021bie urm\u0103toare \u00eembun\u0103t\u0103\u021bit<\/li>\n<li>Tehnologie Micro-seal pentru o capacitate reflectorizant\u0103 uniform\u0103<\/li>\n<li>Adeziv sensibil la presiune<\/li>\n<li>Potrivit pentru montaj pe suprafe\u021be verticale<\/li>\n<li>Durabilitate \u0219i rezisten\u021b\u0103 ridicat\u0103<\/li>\n<li>Respect\u0103 standardul ASTM D4956 Tip I \u0219i \u00a0European Technical Approvals (ETA)<\/li>\n<\/ul>\n<\/div>[\/vc_column_inner][vc_column_inner width=&#8221;2\/4&#8243;][vc_single_image image=&#8221;29189&#8243; img_size=&#8221;large&#8221;][\/vc_column_inner][\/vc_row_inner][\/vc_column][\/vc_row][vc_row][vc_column css=&#8221;.vc_custom_1664886794588{margin-top: 0px !important;margin-bottom: 30px !important;border-top-width: 1px !important;border-right-width: 1px !important;border-bottom-width: 1px !important;border-left-width: 1px !important;border-left-color: #d6d6d6 !important;border-left-style: solid !important;border-right-color: #d6d6d6 !important;border-right-style: solid !important;border-top-color: #d6d6d6 !important;border-top-style: solid !important;border-bottom-color: #d6d6d6 !important;border-bottom-style: solid !important;border-radius: 1px !important;}&#8221;]<div id=\"ultimate-heading-418169d292e81d4f9\" class=\"uvc-heading ult-adjust-bottom-margin ultimate-heading-418169d292e81d4f9 uvc-6689  uvc-heading-default-font-sizes\" data-hspacer=\"no_spacer\"  data-halign=\"left\" style=\"text-align:left\"><div class=\"uvc-heading-spacer no_spacer\" style=\"top\"><\/div><div class=\"uvc-main-heading ult-responsive\"  data-ultimate-target='.uvc-heading.ultimate-heading-418169d292e81d4f9 h3'  data-responsive-json-new='{\"font-size\":\"\",\"line-height\":\"\"}' ><h3 style=\"--font-weight:theme;margin-bottom:30px;\">Documente:<\/h3><\/div><\/div>[vc_row_inner css=&#8221;.vc_custom_1664889603883{margin-bottom: 30px !important;}&#8221;][vc_column_inner width=&#8221;1\/4&#8243;][vc_column_text]<\/p>\n<p style=\"text-align: center;\">Buletin de produs<\/p>\n<p>[\/vc_column_text][vc_single_image image=&#8221;29134&#8243; img_size=&#8221;130&#215;180&#8243; alignment=&#8221;center&#8221; style=&#8221;vc_box_border&#8221; onclick=&#8221;custom_link&#8221; img_link_target=&#8221;_blank&#8221; link=&#8221;\/wp-content\/uploads\/2022\/10\/3M-3430-PDF-Brochure.pdf&#8221; css=&#8221;.vc_custom_1665048464740{border-radius: 1px !important;}&#8221;]<style type=\"text\/css\" data-type=\"the7_shortcodes-inline-css\">#default-btn-85199d2bcefbd79f476a11e8d8ccd303.ico-right-side > i {\n  margin-right: 0px;\n  margin-left: 8px;\n}\n#default-btn-85199d2bcefbd79f476a11e8d8ccd303 > i {\n  margin-right: 8px;\n}\n<\/style><div class=\"btn-align-center\"><a href=\"\/wp-content\/uploads\/2022\/10\/3M-3430-PDF-Brochure.pdf\" class=\"default-btn-shortcode dt-btn dt-btn-s link-hover-off \" target=\"_blank\" id=\"default-btn-85199d2bcefbd79f476a11e8d8ccd303\" rel=\"noopener\"><span>Descarc\u0103 PDF<\/span><\/a><\/div>[\/vc_column_inner][vc_column_inner width=&#8221;1\/4&#8243;][vc_column_text]<\/p>\n<p style=\"text-align: center;\">Caracteristici tehnice<\/p>\n<p>[\/vc_column_text][vc_single_image image=&#8221;29137&#8243; img_size=&#8221;130&#215;180&#8243; alignment=&#8221;center&#8221; style=&#8221;vc_box_border&#8221; onclick=&#8221;custom_link&#8221; img_link_target=&#8221;_blank&#8221; link=&#8221;\/wp-content\/uploads\/2022\/10\/PB3430-Datasheet.pdf&#8221;]<style type=\"text\/css\" data-type=\"the7_shortcodes-inline-css\">#default-btn-304f8908b3de7e34938314c2d2ced693.ico-right-side > i {\n  margin-right: 0px;\n  margin-left: 8px;\n}\n#default-btn-304f8908b3de7e34938314c2d2ced693 > i {\n  margin-right: 8px;\n}\n<\/style><div class=\"btn-align-center\"><a href=\"\/wp-content\/uploads\/2022\/10\/PB3430-Datasheet.pdf\" class=\"default-btn-shortcode dt-btn dt-btn-s link-hover-off \" target=\"_blank\" id=\"default-btn-304f8908b3de7e34938314c2d2ced693\" rel=\"noopener\"><span>Descarc\u0103 PDF<\/span><\/a><\/div>[\/vc_column_inner][vc_column_inner width=&#8221;1\/2&#8243;][\/vc_column_inner][\/vc_row_inner][\/vc_column][\/vc_row]<\/p>\n<\/div>","protected":false},"excerpt":{"rendered":"<p>Advanced Engineer Grade Prismatic Reflective Sheeting 7930 este o folie reflectorizant\u0103 de genera\u021bie urm\u0103toare, destinat\u0103 semnelor rutiere. Tehnologie \u00eembun\u0103t\u0103\u021bit\u0103 permite o capacitate de reflectare a luminii mai puternic\u0103 \u0219i uniform\u0103, precum \u0219i o rezisten\u021b\u0103 mai mare \u00een timp.<\/p>\n<p>L\u0103\u021bimea rolei: 1220 mm<\/p>\n<table class=\"md-cstyl\">\n<tbody>\n<tr>\n<th colspan=\"3\"><strong>Pre\u021buri \u0219i reduceri pentru cantit\u0103\u021bi:<\/strong><\/th>\n<\/tr>\n<tr>\n<td>p\u00e2n\u0103 la 3 m<sup>2<\/sup><\/td>\n<td>peste 3 m<sup>2<\/sup><\/td>\n<\/tr>\n<tr>\n<td><strong>36,66 BGN \/ m<sup>2<\/sup><\/strong><\/td>\n<td><strong>33,30 BGN \/ m<sup>2<\/sup><\/strong><\/td>\n<\/tr>\n<\/tbody>\n<\/table>\n","protected":false},"featured_media":29195,"comment_status":"open","ping_status":"closed","template":"","meta":[],"product_cat":[2706],"product_tag":[],"_links":{"self":[{"href":"https:\/\/partners-ltd.com\/ro\/wp-json\/wp\/v2\/product\/41333"}],"collection":[{"href":"https:\/\/partners-ltd.com\/ro\/wp-json\/wp\/v2\/product"}],"about":[{"href":"https:\/\/partners-ltd.com\/ro\/wp-json\/wp\/v2\/types\/product"}],"replies":[{"embeddable":true,"href":"https:\/\/partners-ltd.com\/ro\/wp-json\/wp\/v2\/comments?post=41333"}],"wp:featuredmedia":[{"embeddable":true,"href":"https:\/\/partners-ltd.com\/ro\/wp-json\/wp\/v2\/media\/29195"}],"wp:attachment":[{"href":"https:\/\/partners-ltd.com\/ro\/wp-json\/wp\/v2\/media?parent=41333"}],"wp:term":[{"taxonomy":"product_cat","embeddable":true,"href":"https:\/\/partners-ltd.com\/ro\/wp-json\/wp\/v2\/product_cat?post=41333"},{"taxonomy":"product_tag","embeddable":true,"href":"https:\/\/partners-ltd.com\/ro\/wp-json\/wp\/v2\/product_tag?post=41333"}],"curies":[{"name":"wp","href":"https:\/\/api.w.org\/{rel}","templated":true}]}}