{"id":41331,"date":"2022-10-14T14:11:06","date_gmt":"2022-10-14T11:11:06","guid":{"rendered":"https:\/\/partners-ltd.com\/magazin\/fara-categorie\/3m-610-utility-grade-reflective-sheeting-folie-reflectorizanta-pentru-semne-rutiere\/"},"modified":"2025-06-26T16:44:28","modified_gmt":"2025-06-26T13:44:28","slug":"3m-610-utility-grade-reflective-sheeting-folie-reflectorizanta-pentru-semne-rutiere","status":"publish","type":"product","link":"https:\/\/partners-ltd.com\/ro\/e-shop\/folie-reflectorizanta\/folie-reflectorizanta-3m-pentru-indicatoare-rutiere\/3m-610-utility-grade-reflective-sheeting-folie-reflectorizanta-pentru-semne-rutiere\/","title":{"rendered":"3M 610 Utility Grade Reflective Sheeting &#8211; folie reflectorizant\u0103 pentru semne rutiere"},"content":{"rendered":"<div class=\"wpb-content-wrapper\"><p>[vc_row][vc_column css=&#8221;.vc_custom_1622812777467{margin-bottom: 30px !important;border-top-width: 1px !important;border-right-width: 1px !important;border-bottom-width: 1px !important;border-left-width: 1px !important;border-left-color: #d6d6d6 !important;border-left-style: solid !important;border-right-color: #d6d6d6 !important;border-right-style: solid !important;border-top-color: #d6d6d6 !important;border-top-style: solid !important;border-bottom-color: #d6d6d6 !important;border-bottom-style: solid !important;border-radius: 1px !important;}&#8221;]<div id=\"ultimate-heading-777769e229ce89960\" class=\"uvc-heading ult-adjust-bottom-margin ultimate-heading-777769e229ce89960 uvc-3018  uvc-heading-default-font-sizes\" data-hspacer=\"no_spacer\"  data-halign=\"left\" style=\"text-align:left\"><div class=\"uvc-heading-spacer no_spacer\" style=\"top\"><\/div><div class=\"uvc-main-heading ult-responsive\"  data-ultimate-target='.uvc-heading.ultimate-heading-777769e229ce89960 h3'  data-responsive-json-new='{\"font-size\":\"\",\"line-height\":\"\"}' ><h3 style=\"--font-weight:theme;margin-bottom:30px;\">3M 610 Utility Grade Reflective Sheeting - folie reflectorizant\u0103 pentru semne rutiere<\/h3><\/div><\/div>[vc_column_text]<a class=\"dt-pswp-item\" href=\"https:\/\/partners-ltd.com\/wp-content\/uploads\/2022\/10\/3M-610-10-Reflective-Sheeting.jpg\" data-dt-img-description=\"\" data-large_image_width=\"330\" data-large_image_height=\"331\"><img loading=\"lazy\" decoding=\"async\" class=\"wp-image-29414 alignleft\" src=\"https:\/\/partners-ltd.com\/wp-content\/uploads\/2022\/10\/3M-610-10-Reflective-Sheeting.jpg\" alt=\"3M\u2122 Utility Grade Reflective Sheeting 610\" width=\"256\" height=\"220\" srcset=\"https:\/\/partners-ltd.com\/wp-content\/uploads\/2022\/10\/3M-610-10-Reflective-Sheeting.jpg 600w, https:\/\/partners-ltd.com\/wp-content\/uploads\/2022\/10\/3M-610-10-Reflective-Sheeting-300x257.jpg 300w, https:\/\/partners-ltd.com\/wp-content\/uploads\/2022\/10\/3M-610-10-Reflective-Sheeting-425x364.jpg 425w\" sizes=\"(max-width: 256px) 100vw, 256px\" \/><\/a><\/p>\n<p><strong>3M Reflective Sheeting Series 610<\/strong> este o folie reflectorizant\u0103 cu adeziv transparent sensibil la presiune \u0219i un substrat u\u0219or de \u00eendep\u0103rtat. Produsul este destinat fabric\u0103rii de semne rutiere temporare \u0219i autocolante, care necesit\u0103 o capacitate puternic\u0103 de reflectare a luminii at\u00e2t ziua, c\u00e2t \u0219i noaptea. <strong>3M Reflective Sheeting Series 610<\/strong> se aplic\u0103 u\u0219or pe cele mai populare substraturi precum fier, aluminiu, fibr\u0103 de sticl\u0103 \u0219i altele.<\/p>\n<p>Seria <strong>3M Utility Grade Reflective Sheeting 610<\/strong> este o serie creat\u0103 cu grij\u0103 pentru mediu. Noua tehnologie \u00een procesul de produc\u021bie reduce drastic emisiile de COV, consumul de energie \u0219i de\u0219eurile.[\/vc_column_text][\/vc_column][\/vc_row][vc_row css=&#8221;.vc_custom_1664886815556{margin-bottom: 30px !important;}&#8221;][vc_column css=&#8221;.vc_custom_1622812796914{margin-top: 0px !important;border-top-width: 1px !important;border-right-width: 1px !important;border-bottom-width: 1px !important;border-left-width: 1px !important;border-left-color: #d6d6d6 !important;border-left-style: solid !important;border-right-color: #d6d6d6 !important;border-right-style: solid !important;border-top-color: #d6d6d6 !important;border-top-style: solid !important;border-bottom-color: #d6d6d6 !important;border-bottom-style: solid !important;border-radius: 1px !important;}&#8221;]<div id=\"ultimate-heading-278569e229ce89996\" class=\"uvc-heading ult-adjust-bottom-margin ultimate-heading-278569e229ce89996 uvc-6215  uvc-heading-default-font-sizes\" data-hspacer=\"no_spacer\"  data-halign=\"left\" style=\"text-align:left\"><div class=\"uvc-heading-spacer no_spacer\" style=\"top\"><\/div><div class=\"uvc-main-heading ult-responsive\"  data-ultimate-target='.uvc-heading.ultimate-heading-278569e229ce89996 h3'  data-responsive-json-new='{\"font-size\":\"\",\"line-height\":\"\"}' ><h3 style=\"--font-weight:theme;margin-bottom:30px;\">Caracteristici principale:<\/h3><\/div><\/div>[vc_row_inner][vc_column_inner width=&#8221;1\/2&#8243; css=&#8221;.vc_custom_1665059039442{margin-top: 0px !important;}&#8221;]<div class=\"standard-arrow list-divider bullet-top\"><ul>\n<li>Compatibil cu 3M Process Color Series 990<\/li>\n<li>Adeziv sensibil la presiune<\/li>\n<li>Pentru produc\u021bia de semne temporare \u0219i autocolante<\/li>\n<\/ul>\n<\/div>[\/vc_column_inner][vc_column_inner width=&#8221;2\/4&#8243;]<div class=\"standard-arrow list-divider bullet-top\"><ul>\n<li>Substrat u\u0219or de \u00eendep\u0103rtat<\/li>\n<li>Durabilitate \u0219i rezisten\u021b\u0103 ridicat\u0103<\/li>\n<li>Eco-friendly<\/li>\n<\/ul>\n<\/div>[\/vc_column_inner][\/vc_row_inner][\/vc_column][\/vc_row][vc_row][vc_column css=&#8221;.vc_custom_1664886794588{margin-top: 0px !important;margin-bottom: 30px !important;border-top-width: 1px !important;border-right-width: 1px !important;border-bottom-width: 1px !important;border-left-width: 1px !important;border-left-color: #d6d6d6 !important;border-left-style: solid !important;border-right-color: #d6d6d6 !important;border-right-style: solid !important;border-top-color: #d6d6d6 !important;border-top-style: solid !important;border-bottom-color: #d6d6d6 !important;border-bottom-style: solid !important;border-radius: 1px !important;}&#8221;]<div id=\"ultimate-heading-616769e229ce89a15\" class=\"uvc-heading ult-adjust-bottom-margin ultimate-heading-616769e229ce89a15 uvc-3774  uvc-heading-default-font-sizes\" data-hspacer=\"no_spacer\"  data-halign=\"left\" style=\"text-align:left\"><div class=\"uvc-heading-spacer no_spacer\" style=\"top\"><\/div><div class=\"uvc-main-heading ult-responsive\"  data-ultimate-target='.uvc-heading.ultimate-heading-616769e229ce89a15 h3'  data-responsive-json-new='{\"font-size\":\"\",\"line-height\":\"\"}' ><h3 style=\"--font-weight:theme;margin-bottom:30px;\">Documente:<\/h3><\/div><\/div>[vc_row_inner css=&#8221;.vc_custom_1664889603883{margin-bottom: 30px !important;}&#8221;][vc_column_inner width=&#8221;1\/4&#8243;][vc_column_text]<\/p>\n<p style=\"text-align: center;\">Buletin de produs<\/p>\n<p>[\/vc_column_text][vc_single_image image=&#8221;29419&#8243; img_size=&#8221;130&#215;180&#8243; alignment=&#8221;center&#8221; style=&#8221;vc_box_border&#8221; onclick=&#8221;custom_link&#8221; img_link_target=&#8221;_blank&#8221; link=&#8221;\/wp-content\/uploads\/2022\/10\/3M-Reflective-Sheeting-610.pdf&#8221; css=&#8221;.vc_custom_1665747363007{border-radius: 1px !important;}&#8221;]<style type=\"text\/css\" data-type=\"the7_shortcodes-inline-css\">#default-btn-3f523768f5e1ad1d9f8bb89c5f14b6fa.ico-right-side > i {\n  margin-right: 0px;\n  margin-left: 8px;\n}\n#default-btn-3f523768f5e1ad1d9f8bb89c5f14b6fa > i {\n  margin-right: 8px;\n}\n<\/style><div class=\"btn-align-center\"><a href=\"\/wp-content\/uploads\/2022\/10\/3M-Reflective-Sheeting-610.pdf\" class=\"default-btn-shortcode dt-btn dt-btn-s link-hover-off \" target=\"_blank\" id=\"default-btn-3f523768f5e1ad1d9f8bb89c5f14b6fa\" rel=\"noopener\"><span>Descarc\u0103 PDF<\/span><\/a><\/div>[\/vc_column_inner][vc_column_inner width=&#8221;1\/4&#8243;][\/vc_column_inner][vc_column_inner width=&#8221;1\/4&#8243;][\/vc_column_inner][vc_column_inner width=&#8221;1\/4&#8243;][\/vc_column_inner][\/vc_row_inner][\/vc_column][\/vc_row]<\/p>\n<\/div>","protected":false},"excerpt":{"rendered":"<p>3M Reflective Sheeting Series 610 este o folie reflectorizant\u0103 cu adeziv transparent sensibil la presiune \u0219i un substrat u\u0219or de \u00eendep\u0103rtat. Produsul este destinat fabric\u0103rii de semne rutiere temporare \u0219i autocolante, care necesit\u0103 o capacitate puternic\u0103 de reflectare a luminii at\u00e2t ziua, c\u00e2t \u0219i noaptea.<\/p>\n<p>L\u0103\u021bimea rolei: 1220 mm<\/p>\n<table class=\"md-cstyl\">\n<tbody>\n<tr>\n<th colspan=\"3\"><strong>Pre\u021buri \u0219i reduceri pentru cantit\u0103\u021bi:<\/strong><\/th>\n<\/tr>\n<tr>\n<td>p\u00e2n\u0103 la 3 m<sup>2<\/sup><\/td>\n<td>peste 3 m<sup>2<\/sup><\/td>\n<\/tr>\n<tr>\n<td><strong>43,50 BGN \/ m<sup>2<\/sup><\/strong><\/td>\n<td><strong>39,54 BGN \/ m<sup>2<\/sup><\/strong><\/td>\n<\/tr>\n<\/tbody>\n<\/table>\n","protected":false},"featured_media":29426,"comment_status":"open","ping_status":"closed","template":"","meta":[],"product_cat":[2706],"product_tag":[],"_links":{"self":[{"href":"https:\/\/partners-ltd.com\/ro\/wp-json\/wp\/v2\/product\/41331"}],"collection":[{"href":"https:\/\/partners-ltd.com\/ro\/wp-json\/wp\/v2\/product"}],"about":[{"href":"https:\/\/partners-ltd.com\/ro\/wp-json\/wp\/v2\/types\/product"}],"replies":[{"embeddable":true,"href":"https:\/\/partners-ltd.com\/ro\/wp-json\/wp\/v2\/comments?post=41331"}],"wp:featuredmedia":[{"embeddable":true,"href":"https:\/\/partners-ltd.com\/ro\/wp-json\/wp\/v2\/media\/29426"}],"wp:attachment":[{"href":"https:\/\/partners-ltd.com\/ro\/wp-json\/wp\/v2\/media?parent=41331"}],"wp:term":[{"taxonomy":"product_cat","embeddable":true,"href":"https:\/\/partners-ltd.com\/ro\/wp-json\/wp\/v2\/product_cat?post=41331"},{"taxonomy":"product_tag","embeddable":true,"href":"https:\/\/partners-ltd.com\/ro\/wp-json\/wp\/v2\/product_tag?post=41331"}],"curies":[{"name":"wp","href":"https:\/\/api.w.org\/{rel}","templated":true}]}}