{"id":41329,"date":"2022-10-04T16:24:55","date_gmt":"2022-10-04T13:24:55","guid":{"rendered":"https:\/\/partners-ltd.com\/magazin\/fara-categorie\/3m-823i-10-vehicle-safety-markings-series-folie-reflectorizanta-pentru-vehicule-alba\/"},"modified":"2025-06-26T15:35:53","modified_gmt":"2025-06-26T12:35:53","slug":"3m-823i-10-vehicle-safety-markings-series-folie-reflectorizanta-pentru-vehicule-alba","status":"publish","type":"product","link":"https:\/\/partners-ltd.com\/ro\/e-shop\/folie-reflectorizanta\/folie-reflectorizanta-3m-pentru-mijloace-de-transport\/3m-823i-10-vehicle-safety-markings-series-folie-reflectorizanta-pentru-vehicule-alba\/","title":{"rendered":"3M 823i-10 Vehicle Safety Markings Series &#8211; folie reflectorizant\u0103 pentru vehicule, alb\u0103"},"content":{"rendered":"<div class=\"wpb-content-wrapper\"><p>[vc_row][vc_column css=&#8221;.vc_custom_1622812777467{margin-bottom: 30px !important;border-top-width: 1px !important;border-right-width: 1px !important;border-bottom-width: 1px !important;border-left-width: 1px !important;border-left-color: #d6d6d6 !important;border-left-style: solid !important;border-right-color: #d6d6d6 !important;border-right-style: solid !important;border-top-color: #d6d6d6 !important;border-top-style: solid !important;border-bottom-color: #d6d6d6 !important;border-bottom-style: solid !important;border-radius: 1px !important;}&#8221;]<div id=\"ultimate-heading-233469e212d5bceaa\" class=\"uvc-heading ult-adjust-bottom-margin ultimate-heading-233469e212d5bceaa uvc-6558  uvc-heading-default-font-sizes\" data-hspacer=\"no_spacer\"  data-halign=\"left\" style=\"text-align:left\"><div class=\"uvc-heading-spacer no_spacer\" style=\"top\"><\/div><div class=\"uvc-main-heading ult-responsive\"  data-ultimate-target='.uvc-heading.ultimate-heading-233469e212d5bceaa h3'  data-responsive-json-new='{\"font-size\":\"\",\"line-height\":\"\"}' ><h3 style=\"--font-weight:theme;margin-bottom:30px;\">Folie reflectorizant\u0103 pentru vehicule 3M 823i-10<\/h3><\/div><\/div>[vc_column_text]<strong><img loading=\"lazy\" decoding=\"async\" class=\"wp-image-13905 alignleft\" src=\"https:\/\/zalepi.eu\/wp-content\/uploads\/2022\/10\/3M-823i-\u043f\u0440\u0438\u043b\u043e\u0436\u0435\u043d\u0438\u044f-300x201.jpg\" alt=\"Aplica\u021bii 3M 823i\" width=\"363\" height=\"243\" \/><\/strong><\/p>\n<p><strong>Seria 3M 823i Vehicle Safety Markings<\/strong> este un film reflectorizant flexibil \u0219i durabil, metalizat, care se lipe\u0219te rapid \u0219i durabil pe suprafe\u021be curbate, fiind o alegere excelent\u0103 pentru marcajele <strong>vehiculelor<\/strong> cu regim special de circula\u021bie.<\/p>\n<p><strong>Folie reflectorizant\u0103 3M seria 823i<\/strong> dispune de dou\u0103 tehnologii inovatoare <a href=\"https:\/\/partners-ltd.com\/ro\/tipuri-de-vinil-tehnologie-si-calitate\/#t34\"><strong>ale stratului adeziv<\/strong><\/a>, care faciliteaz\u0103 \u0219i asigur\u0103 procesul de instalare. <strong>3M\u2122 Controltac\u2122<\/strong> permite repozi\u021bionarea multipl\u0103 a foliei la montaj, datorit\u0103 milioanelor de microsfere de sticl\u0103 \u00eempr\u0103\u0219tiate \u00een stratul adeziv, care limiteaz\u0103 contactul ini\u021bial al foliei cu suprafa\u021ba.<\/p>\n<p><strong>3M\u2122 Comply\u2122<\/strong> permite o aplicare curat\u0103 \u0219i u\u0219oar\u0103, datorit\u0103 miilor de canale miniaturale, form\u00e2nd un grilaj, prin care aerul este evacuat cu o u\u0219oar\u0103 presiune pe suprafa\u021b\u0103.<\/p>\n<p><strong>Seria 3M 823i Vehicle Safety Markings<\/strong> este disponibil\u0103 \u00een dungi ro\u0219u-alb spre st\u00e2nga, dungi ro\u0219u-alb spre dreapta, alb, ro\u0219u, galben \u0219i albastru.[\/vc_column_text][\/vc_column][\/vc_row][vc_row css=&#8221;.vc_custom_1664886815556{margin-bottom: 30px !important;}&#8221;][vc_column css=&#8221;.vc_custom_1622812796914{margin-top: 0px !important;border-top-width: 1px !important;border-right-width: 1px !important;border-bottom-width: 1px !important;border-left-width: 1px !important;border-left-color: #d6d6d6 !important;border-left-style: solid !important;border-right-color: #d6d6d6 !important;border-right-style: solid !important;border-top-color: #d6d6d6 !important;border-top-style: solid !important;border-bottom-color: #d6d6d6 !important;border-bottom-style: solid !important;border-radius: 1px !important;}&#8221;]<div id=\"ultimate-heading-891869e212d5bcedf\" class=\"uvc-heading ult-adjust-bottom-margin ultimate-heading-891869e212d5bcedf uvc-2942  uvc-heading-default-font-sizes\" data-hspacer=\"no_spacer\"  data-halign=\"left\" style=\"text-align:left\"><div class=\"uvc-heading-spacer no_spacer\" style=\"top\"><\/div><div class=\"uvc-main-heading ult-responsive\"  data-ultimate-target='.uvc-heading.ultimate-heading-891869e212d5bcedf h3'  data-responsive-json-new='{\"font-size\":\"\",\"line-height\":\"\"}' ><h3 style=\"--font-weight:theme;margin-bottom:30px;\">Caracteristici principale:<\/h3><\/div><\/div>[vc_row_inner][vc_column_inner width=&#8221;1\/2&#8243;]<div class=\"standard-arrow list-divider bullet-top\"><ul>\n<li>Potrivit pentru aplicare pe suprafe\u021be plane \u0219i moderat curbate<\/li>\n<li>Adeziv sensibil la presiune<\/li>\n<li>Sistem\u0103 3M Controltac pentru repozi\u021bionare<\/li>\n<\/ul>\n<\/div>[\/vc_column_inner][vc_column_inner width=&#8221;1\/2&#8243;]<div class=\"standard-arrow list-divider bullet-top\"><ul>\n<li>Tehnologie 3M Comply pentru aplica\u021bie f\u0103r\u0103 bule<\/li>\n<li>Mai sub\u021bire \u0219i mai flexibil datorit\u0103 construc\u021biei monostrat<\/li>\n<li>Durabilitate p\u00e2n\u0103 la 3 ani<\/li>\n<\/ul>\n<\/div>[\/vc_column_inner][\/vc_row_inner][\/vc_column][\/vc_row][vc_row][vc_column css=&#8221;.vc_custom_1664886794588{margin-top: 0px !important;margin-bottom: 30px !important;border-top-width: 1px !important;border-right-width: 1px !important;border-bottom-width: 1px !important;border-left-width: 1px !important;border-left-color: #d6d6d6 !important;border-left-style: solid !important;border-right-color: #d6d6d6 !important;border-right-style: solid !important;border-top-color: #d6d6d6 !important;border-top-style: solid !important;border-bottom-color: #d6d6d6 !important;border-bottom-style: solid !important;border-radius: 1px !important;}&#8221;]<div id=\"ultimate-heading-65369e212d5bcf5b\" class=\"uvc-heading ult-adjust-bottom-margin ultimate-heading-65369e212d5bcf5b uvc-5189  uvc-heading-default-font-sizes\" data-hspacer=\"no_spacer\"  data-halign=\"left\" style=\"text-align:left\"><div class=\"uvc-heading-spacer no_spacer\" style=\"top\"><\/div><div class=\"uvc-main-heading ult-responsive\"  data-ultimate-target='.uvc-heading.ultimate-heading-65369e212d5bcf5b h3'  data-responsive-json-new='{\"font-size\":\"\",\"line-height\":\"\"}' ><h3 style=\"--font-weight:theme;margin-bottom:30px;\">Documente:<\/h3><\/div><\/div>[vc_row_inner css=&#8221;.vc_custom_1664889603883{margin-bottom: 30px !important;}&#8221;][vc_column_inner width=&#8221;1\/4&#8243;][vc_column_text]<\/p>\n<p style=\"text-align: center;\">Buletin de produs<\/p>\n<p>[\/vc_column_text][vc_single_image image=&#8221;29070&#8243; img_size=&#8221;130&#215;180&#8243; alignment=&#8221;center&#8221; style=&#8221;vc_box_border&#8221; onclick=&#8221;custom_link&#8221; img_link_target=&#8221;_blank&#8221; link=&#8221;\/wp-content\/uploads\/2022\/10\/3M\u2122-Vehicle-Safety-Markings-Series-823i-Product-Bulletin.pdf&#8221;]<style type=\"text\/css\" data-type=\"the7_shortcodes-inline-css\">#default-btn-4d1568409524225d11b764f9cfab66ba.ico-right-side > i {\n  margin-right: 0px;\n  margin-left: 8px;\n}\n#default-btn-4d1568409524225d11b764f9cfab66ba > i {\n  margin-right: 8px;\n}\n<\/style><div class=\"btn-align-center\"><a href=\"\/wp-content\/uploads\/2022\/10\/3M\u2122-Vehicle-Safety-Markings-Series-823i-Product-Bulletin.pdf\" class=\"default-btn-shortcode dt-btn dt-btn-s link-hover-off \" target=\"_blank\" id=\"default-btn-4d1568409524225d11b764f9cfab66ba\" rel=\"noopener\"><span>Descarc\u0103 PDF<\/span><\/a><\/div>[\/vc_column_inner][vc_column_inner width=&#8221;1\/4&#8243;][vc_column_text]<\/p>\n<p style=\"text-align: center;\">Caracteristici tehnice<\/p>\n<p>[\/vc_column_text][vc_single_image image=&#8221;29076&#8243; img_size=&#8221;130&#215;180&#8243; alignment=&#8221;center&#8221; style=&#8221;vc_box_border&#8221; onclick=&#8221;custom_link&#8221; img_link_target=&#8221;_blank&#8221; link=&#8221;\/wp-content\/uploads\/2022\/10\/PB-823i-2019-EMEA.pdf&#8221;]<style type=\"text\/css\" data-type=\"the7_shortcodes-inline-css\">#default-btn-b1a746de9361f9256e875278473bb4f8.ico-right-side > i {\n  margin-right: 0px;\n  margin-left: 8px;\n}\n#default-btn-b1a746de9361f9256e875278473bb4f8 > i {\n  margin-right: 8px;\n}\n<\/style><div class=\"btn-align-center\"><a href=\"\/wp-content\/uploads\/2022\/10\/PB-823i-2019-EMEA.pdf\" class=\"default-btn-shortcode dt-btn dt-btn-s link-hover-off \" target=\"_blank\" id=\"default-btn-b1a746de9361f9256e875278473bb4f8\" rel=\"noopener\"><span>Descarc\u0103 PDF<\/span><\/a><\/div>[\/vc_column_inner][vc_column_inner width=&#8221;1\/4&#8243;][\/vc_column_inner][vc_column_inner width=&#8221;1\/4&#8243;][\/vc_column_inner][\/vc_row_inner][\/vc_column][\/vc_row]<\/p>\n<\/div>","protected":false},"excerpt":{"rendered":"<p><span style=\"font-size: 14px; font-weight: normal;\">Seria 3M 823i-10 Vehicle Safety Markings este un film reflectorizant flexibil \u0219i durabil cu tehnologie 3M Controltac \u0219i 3M Comply. Se lipe\u0219te rapid \u0219i durabil pe suprafe\u021be curbate, ceea ce \u00eel face o alegere excelent\u0103 pentru marcajele vehiculelor cu regim special de circula\u021bie.<\/span><\/p>\n<p>L\u0103\u021bimea rolei: 1220 mm<\/p>\n<table class=\"md-cstyl\">\n<tbody>\n<tr>\n<th colspan=\"3\"><strong>Pre\u021buri \u0219i reduceri pentru cantit\u0103\u021bi:<\/strong><\/th>\n<\/tr>\n<tr>\n<td>p\u00e2n\u0103 la 3 m<sup>2<\/sup><\/td>\n<td>peste 3 m<sup>2<\/sup><\/td>\n<\/tr>\n<tr>\n<td><strong>114,42 BGN \/ m<sup>2<\/sup><\/strong><\/td>\n<td><strong>103,98 BGN \/ m<sup>2<\/sup><\/strong><\/td>\n<\/tr>\n<\/tbody>\n<\/table>\n","protected":false},"featured_media":29064,"comment_status":"open","ping_status":"closed","template":"","meta":[],"product_cat":[2686],"product_tag":[],"_links":{"self":[{"href":"https:\/\/partners-ltd.com\/ro\/wp-json\/wp\/v2\/product\/41329"}],"collection":[{"href":"https:\/\/partners-ltd.com\/ro\/wp-json\/wp\/v2\/product"}],"about":[{"href":"https:\/\/partners-ltd.com\/ro\/wp-json\/wp\/v2\/types\/product"}],"replies":[{"embeddable":true,"href":"https:\/\/partners-ltd.com\/ro\/wp-json\/wp\/v2\/comments?post=41329"}],"wp:featuredmedia":[{"embeddable":true,"href":"https:\/\/partners-ltd.com\/ro\/wp-json\/wp\/v2\/media\/29064"}],"wp:attachment":[{"href":"https:\/\/partners-ltd.com\/ro\/wp-json\/wp\/v2\/media?parent=41329"}],"wp:term":[{"taxonomy":"product_cat","embeddable":true,"href":"https:\/\/partners-ltd.com\/ro\/wp-json\/wp\/v2\/product_cat?post=41329"},{"taxonomy":"product_tag","embeddable":true,"href":"https:\/\/partners-ltd.com\/ro\/wp-json\/wp\/v2\/product_tag?post=41329"}],"curies":[{"name":"wp","href":"https:\/\/api.w.org\/{rel}","templated":true}]}}