{"id":41278,"date":"2022-09-02T10:46:13","date_gmt":"2022-09-02T07:46:13","guid":{"rendered":"https:\/\/partners-ltd.com\/magazin\/fara-categorie\/3m-metalized-conspicuity-vehicle-marking-957-72s-banda-reflectorizanta-pentru-panza-rosie\/"},"modified":"2025-06-26T10:58:16","modified_gmt":"2025-06-26T07:58:16","slug":"3m-metalized-conspicuity-vehicle-marking-957-72s-banda-reflectorizanta-pentru-panza-rosie","status":"publish","type":"product","link":"https:\/\/partners-ltd.com\/ro\/e-shop\/folie-reflectorizanta\/folie-reflectorizanta-3m-pentru-autovehicule\/3m-metalized-conspicuity-vehicle-marking-957-72s-banda-reflectorizanta-pentru-panza-rosie\/","title":{"rendered":"3M Metalized Conspicuity Vehicle Marking 957-72S &#8211; Band\u0103 reflectorizant\u0103 pentru p\u00e2nz\u0103, ro\u0219ie"},"content":{"rendered":"<div class=\"wpb-content-wrapper\"><p>[vc_row][vc_column css=&#8221;.vc_custom_1622812777467{margin-bottom: 30px !important;border-top-width: 1px !important;border-right-width: 1px !important;border-bottom-width: 1px !important;border-left-width: 1px !important;border-left-color: #d6d6d6 !important;border-left-style: solid !important;border-right-color: #d6d6d6 !important;border-right-style: solid !important;border-top-color: #d6d6d6 !important;border-top-style: solid !important;border-bottom-color: #d6d6d6 !important;border-bottom-style: solid !important;border-radius: 1px !important;}&#8221;]<div id=\"ultimate-heading-59069d24ab4010e7\" class=\"uvc-heading ult-adjust-bottom-margin ultimate-heading-59069d24ab4010e7 uvc-5243  uvc-heading-default-font-sizes\" data-hspacer=\"no_spacer\"  data-halign=\"left\" style=\"text-align:left\"><div class=\"uvc-heading-spacer no_spacer\" style=\"top\"><\/div><div class=\"uvc-main-heading ult-responsive\"  data-ultimate-target='.uvc-heading.ultimate-heading-59069d24ab4010e7 h2'  data-responsive-json-new='{\"font-size\":\"\",\"line-height\":\"\"}' ><h2 style=\"--font-weight:theme;margin-bottom:30px;\">3M Band\u0103 reflectorizant\u0103 metalizat\u0103 pentru acoperiri din p\u00e2nz\u0103<\/h2><\/div><\/div>[vc_column_text]<strong><a class=\"dt-pswp-item\" href=\"https:\/\/partners-ltd.com\/wp-content\/uploads\/2022\/09\/3M-Metalized-Conspicuity-Vehicle-Marking-957-\u043f\u0440\u0438\u043b\u043e\u0436\u0435\u043d\u0438\u044f.jpg\" data-dt-img-description=\"\" data-large_image_width=\"532\" data-large_image_height=\"342\"><img loading=\"lazy\" decoding=\"async\" class=\" wp-image-28790 alignleft\" src=\"https:\/\/partners-ltd.com\/wp-content\/uploads\/2022\/09\/3M-Metalized-Conspicuity-Vehicle-Marking-957-\u043f\u0440\u0438\u043b\u043e\u0436\u0435\u043d\u0438\u044f.jpg\" alt=\"3M Metalized Conspicuity Vehicle Marking 957, aplica\u021bii\" width=\"292\" height=\"188\" srcset=\"https:\/\/partners-ltd.com\/wp-content\/uploads\/2022\/09\/3M-Metalized-Conspicuity-Vehicle-Marking-957-\u043f\u0440\u0438\u043b\u043e\u0436\u0435\u043d\u0438\u044f.jpg 532w, https:\/\/partners-ltd.com\/wp-content\/uploads\/2022\/09\/3M-Metalized-Conspicuity-Vehicle-Marking-957-\u043f\u0440\u0438\u043b\u043e\u0436\u0435\u043d\u0438\u044f-300x193.jpg 300w, https:\/\/partners-ltd.com\/wp-content\/uploads\/2022\/09\/3M-Metalized-Conspicuity-Vehicle-Marking-957-\u043f\u0440\u0438\u043b\u043e\u0436\u0435\u043d\u0438\u044f-425x273.jpg 425w\" sizes=\"(max-width: 292px) 100vw, 292px\" \/><\/a>3M Metalized Conspicuity Vehicle Marking 957<\/strong> este destinat\u0103 aplic\u0103rii pe automobile \u0219i vehicule pentru a crea o vizibilitate sporit\u0103. Benzile reflectorizante pentru automobile seria 957 reprezint\u0103 o band\u0103 autocolant\u0103, metalizat\u0103, monostrat cu putere fotometric\u0103 ridicat\u0103 pentru conturarea dimensiunilor generale ale vehiculelor. Asigur\u0103 o capacitate de reflectare \u0219i luminozitate excelent\u0103.<\/p>\n<p>Produsul este u\u0219or de aplicat, rezistent la delaminare \u0219i decolorare, p\u0103str\u00e2ndu-\u0219i propriet\u0103\u021bile p\u00e2n\u0103 la 3 ani, chiar \u0219i \u00een condi\u021bii de mediu nefavorabile.<\/p>\n<p>3M ofer\u0103 o gam\u0103 de benzi reflectorizante omologate, care creeaz\u0103 marcajul obligatoriu &#8222;E-mark&#8221; \u0219i respect\u0103 toate reglement\u0103rile\u00a0<a href=\"https:\/\/partners-ltd.com\/ro\/benzi-de-vizibilitate-pentru-camioane-regulamentul-ece104\/\" target=\"_blank\" rel=\"noopener\"><strong>ECE 104 ale Uniunii Europene<\/strong><\/a>. Toate benzile de marcare <strong>3M Metalized Conspicuity Vehicle Marking 957<\/strong> sunt clasificate ca fiind de clasa C, ceea ce \u00eenseamn\u0103 c\u0103 sunt cele mai str\u0103lucitoare marcaje permise de reglement\u0103ri.[\/vc_column_text][\/vc_column][\/vc_row][vc_row][vc_column css=&#8221;.vc_custom_1622812796914{margin-top: 0px !important;border-top-width: 1px !important;border-right-width: 1px !important;border-bottom-width: 1px !important;border-left-width: 1px !important;border-left-color: #d6d6d6 !important;border-left-style: solid !important;border-right-color: #d6d6d6 !important;border-right-style: solid !important;border-top-color: #d6d6d6 !important;border-top-style: solid !important;border-bottom-color: #d6d6d6 !important;border-bottom-style: solid !important;border-radius: 1px !important;}&#8221;]<div id=\"ultimate-heading-844169d24ab40113a\" class=\"uvc-heading ult-adjust-bottom-margin ultimate-heading-844169d24ab40113a uvc-7214  uvc-heading-default-font-sizes\" data-hspacer=\"no_spacer\"  data-halign=\"left\" style=\"text-align:left\"><div class=\"uvc-heading-spacer no_spacer\" style=\"top\"><\/div><div class=\"uvc-main-heading ult-responsive\"  data-ultimate-target='.uvc-heading.ultimate-heading-844169d24ab40113a h3'  data-responsive-json-new='{\"font-size\":\"\",\"line-height\":\"\"}' ><h3 style=\"--font-weight:theme;\">Caracteristici principale:<\/h3><\/div><\/div>[vc_empty_space][vc_row_inner][vc_column_inner width=&#8221;1\/2&#8243;]<div class=\"standard-arrow list-divider bullet-top\"><ul>\n<li>Destinat pentru acoperiri din p\u00e2nz\u0103<\/li>\n<li>Luminozitate excelent\u0103 ziua \u0219i noaptea<\/li>\n<li>Capacitate de reflectare complet\u0103 pe timp de ploaie<\/li>\n<li>Previne accidentele \u0219i costurile asociate acestora<\/li>\n<li>Produs cu tehnologie f\u0103r\u0103 PVC \u0219i f\u0103r\u0103 solven\u021bi<\/li>\n<\/ul>\n<\/div>[\/vc_column_inner][vc_column_inner width=&#8221;1\/2&#8243;]<div class=\"standard-arrow list-divider bullet-top\"><ul>\n<li>Substrat u\u0219or de \u00eendep\u0103rtat<\/li>\n<li>Adeziv sensibil la presiune<\/li>\n<li>Aprobat de UN-ECE104 clasa C<\/li>\n<li>\u00ce\u0219i p\u0103streaz\u0103 propriet\u0103\u021bile p\u00e2n\u0103 la 3 ani<\/li>\n<li>\u00cembun\u0103t\u0103\u021be\u0219te imaginea corporativ\u0103, f\u0103c\u00e2ndu-v\u0103 mai proactivi \u00een ceea ce prive\u0219te siguran\u021ba<\/li>\n<\/ul>\n<\/div>[\/vc_column_inner][\/vc_row_inner][\/vc_column][\/vc_row][vc_row css=&#8221;.vc_custom_1662030959973{margin-top: 30px !important;border-top-width: 1px !important;border-right-width: 1px !important;border-bottom-width: 1px !important;border-left-width: 1px !important;border-left-color: #d6d6d6 !important;border-left-style: solid !important;border-right-color: #d6d6d6 !important;border-right-style: solid !important;border-top-color: #d6d6d6 !important;border-top-style: solid !important;border-bottom-color: #d6d6d6 !important;border-bottom-style: solid !important;border-radius: 1px !important;}&#8221;][vc_column]<div id=\"ultimate-heading-592469d24ab401207\" class=\"uvc-heading ult-adjust-bottom-margin ultimate-heading-592469d24ab401207 uvc-8399  uvc-heading-default-font-sizes\" data-hspacer=\"no_spacer\"  data-halign=\"left\" style=\"text-align:left\"><div class=\"uvc-heading-spacer no_spacer\" style=\"top\"><\/div><div class=\"uvc-main-heading ult-responsive\"  data-ultimate-target='.uvc-heading.ultimate-heading-592469d24ab401207 h3'  data-responsive-json-new='{\"font-size\":\"\",\"line-height\":\"\"}' ><h3 style=\"--font-weight:theme;margin-bottom:30px;\">Documente:<\/h3><\/div><\/div>[vc_row_inner css=&#8221;.vc_custom_1662031035718{margin-top: 30px !important;margin-bottom: 30px !important;}&#8221;][vc_column_inner width=&#8221;1\/4&#8243;][vc_column_text]<\/p>\n<p style=\"text-align: center;\">Bro\u0219ur\u0103<\/p>\n<p>[\/vc_column_text][vc_single_image image=&#8221;28795&#8243; img_size=&#8221;130&#215;180&#8243; alignment=&#8221;center&#8221; style=&#8221;vc_box_outline&#8221; onclick=&#8221;custom_link&#8221; img_link_target=&#8221;_blank&#8221; link=&#8221;\/wp-content\/uploads\/2022\/09\/Product-Information-Bulletin-3M_EU_957_2017.pdf&#8221;]<style type=\"text\/css\" data-type=\"the7_shortcodes-inline-css\">#default-btn-7de591bb83ed247296337390f5b3b321.ico-right-side > i {\n  margin-right: 0px;\n  margin-left: 8px;\n}\n#default-btn-7de591bb83ed247296337390f5b3b321 > i {\n  margin-right: 8px;\n}\n<\/style><div class=\"btn-align-center\"><a href=\"\/wp-content\/uploads\/2022\/09\/Product-Information-Bulletin-3M_EU_957_2017.pdf\" class=\"default-btn-shortcode dt-btn dt-btn-s link-hover-off \" target=\"_blank\" id=\"default-btn-7de591bb83ed247296337390f5b3b321\" rel=\"noopener\"><span>Descarc\u0103 PDF<\/span><\/a><\/div>[\/vc_column_inner][vc_column_inner width=&#8221;1\/4&#8243;][\/vc_column_inner][vc_column_inner width=&#8221;1\/4&#8243;][\/vc_column_inner][vc_column_inner width=&#8221;1\/4&#8243;][\/vc_column_inner][\/vc_row_inner][\/vc_column][\/vc_row]<\/p>\n<\/div>","protected":false},"excerpt":{"rendered":"<p>3M Metalized Conspicuity Vehicle Marking seria 957 sunt benzi reflectorizante metalizate, destinate aplic\u0103rii pe automobile \u0219i vehicule cu acoperiri din p\u00e2nz\u0103. Benzile sunt rezistente la delaminare \u0219i decolorare, p\u0103str\u00e2ndu-\u0219i propriet\u0103\u021bile p\u00e2n\u0103 la 3 ani, chiar \u0219i \u00een condi\u021bii de mediu nefavorabile.<\/p>\n<p>L\u0103\u021bime: 51mm. Lungime: 50m<\/p>\n","protected":false},"featured_media":28810,"comment_status":"open","ping_status":"closed","template":"","meta":[],"product_cat":[2685,2708],"product_tag":[],"_links":{"self":[{"href":"https:\/\/partners-ltd.com\/ro\/wp-json\/wp\/v2\/product\/41278"}],"collection":[{"href":"https:\/\/partners-ltd.com\/ro\/wp-json\/wp\/v2\/product"}],"about":[{"href":"https:\/\/partners-ltd.com\/ro\/wp-json\/wp\/v2\/types\/product"}],"replies":[{"embeddable":true,"href":"https:\/\/partners-ltd.com\/ro\/wp-json\/wp\/v2\/comments?post=41278"}],"wp:featuredmedia":[{"embeddable":true,"href":"https:\/\/partners-ltd.com\/ro\/wp-json\/wp\/v2\/media\/28810"}],"wp:attachment":[{"href":"https:\/\/partners-ltd.com\/ro\/wp-json\/wp\/v2\/media?parent=41278"}],"wp:term":[{"taxonomy":"product_cat","embeddable":true,"href":"https:\/\/partners-ltd.com\/ro\/wp-json\/wp\/v2\/product_cat?post=41278"},{"taxonomy":"product_tag","embeddable":true,"href":"https:\/\/partners-ltd.com\/ro\/wp-json\/wp\/v2\/product_tag?post=41278"}],"curies":[{"name":"wp","href":"https:\/\/api.w.org\/{rel}","templated":true}]}}