{"id":41267,"date":"2022-09-14T12:22:41","date_gmt":"2022-09-14T09:22:41","guid":{"rendered":"https:\/\/partners-ltd.com\/magazin\/fara-categorie\/3m-997s-diamond-grade-conspicuity-vehicle-marking-banda-reflectorizanta-necoroziva-pentru-panza-galbena-metru-liniar\/"},"modified":"2025-06-25T16:14:53","modified_gmt":"2025-06-25T13:14:53","slug":"3m-997s-diamond-grade-conspicuity-vehicle-marking-banda-reflectorizanta-necoroziva-pentru-panza-galbena-metru-liniar","status":"publish","type":"product","link":"https:\/\/partners-ltd.com\/ro\/e-shop\/folie-reflectorizanta\/folie-reflectorizanta-3m-pentru-autovehicule\/3m-997s-diamond-grade-conspicuity-vehicle-marking-banda-reflectorizanta-necoroziva-pentru-panza-galbena-metru-liniar\/","title":{"rendered":"3M 997S Diamond Grade Conspicuity Vehicle Marking &#8211; Band\u0103 reflectorizant\u0103 necoroziv\u0103 pentru p\u00e2nz\u0103, galben\u0103, metru liniar"},"content":{"rendered":"<div class=\"wpb-content-wrapper\"><p>[vc_row][vc_column css=&#8221;.vc_custom_1622812777467{margin-bottom: 30px !important;border-top-width: 1px !important;border-right-width: 1px !important;border-bottom-width: 1px !important;border-left-width: 1px !important;border-left-color: #d6d6d6 !important;border-left-style: solid !important;border-right-color: #d6d6d6 !important;border-right-style: solid !important;border-top-color: #d6d6d6 !important;border-top-style: solid !important;border-bottom-color: #d6d6d6 !important;border-bottom-style: solid !important;border-radius: 1px !important;}&#8221;]<div id=\"ultimate-heading-930769d26219ea47f\" class=\"uvc-heading ult-adjust-bottom-margin ultimate-heading-930769d26219ea47f uvc-9636  uvc-heading-default-font-sizes\" data-hspacer=\"no_spacer\"  data-halign=\"left\" style=\"text-align:left\"><div class=\"uvc-heading-spacer no_spacer\" style=\"top\"><\/div><div class=\"uvc-main-heading ult-responsive\"  data-ultimate-target='.uvc-heading.ultimate-heading-930769d26219ea47f h1'  data-responsive-json-new='{\"font-size\":\"\",\"line-height\":\"\"}' ><h1 style=\"--font-weight:theme;\">3M Band\u0103 reflectorizant\u0103 nemetalizat\u0103 pentru acoperiri din p\u00e2nz\u0103<\/h1><\/div><\/div>[vc_empty_space][vc_column_text]<strong><img loading=\"lazy\" decoding=\"async\" class=\"wp-image-13797 alignleft\" src=\"https:\/\/zalepi.eu\/wp-content\/uploads\/2022\/09\/3M-997-Diamond-Grade-Conspicuity-Vehicle-Marking-\u043d\u0435\u043a\u043e\u0440\u043e\u0437\u0438\u0440\u0430\u0449\u0438-\u0441\u0432\u0435\u0442\u043b\u043e\u043e\u0442\u0440\u0430\u0437\u0438\u0442\u0435\u043b\u043d\u0438-\u043b\u0435\u043d\u0438\u0442-\u043f\u0440\u0438\u043b\u043e\u0436\u0435\u043d\u0438\u0435-300x300.jpg\" alt=\"3M 997 Diamond Grade Conspicuity Vehicle Marking - benzi reflectorizante necorozive, aplica\u021bie\" width=\"189\" height=\"189\" \/>3M Diamond Grade Conspicuity Vehicle Marking 997S<\/strong> este o band\u0103 reflectorizant\u0103 nemetalizat\u0103, destinat\u0103 aplic\u0103rii pe automobile \u0219i vehicule pentru a crea o vizibilitate sporit\u0103. Benzile reflectorizante pentru automobile seria 997S reprezint\u0103 o band\u0103 autocolant\u0103 monostrat cu putere fotometric\u0103 ridicat\u0103 pentru conturarea dimensiunilor generale ale vehiculelor. Asigur\u0103 o capacitate de reflectare \u0219i luminozitate excelent\u0103.<\/p>\n<p>Produsul este u\u0219or de aplicat, rezistent la delaminare \u0219i decolorare, p\u0103str\u00e2ndu-\u0219i propriet\u0103\u021bile p\u00e2n\u0103 la 3 ani, chiar \u0219i \u00een condi\u021bii de mediu nefavorabile.<\/p>\n<p>3M ofer\u0103 o gam\u0103 de benzi reflectorizante omologate, care creeaz\u0103 marcajul obligatoriu &#8222;E-mark&#8221; \u0219i respect\u0103 toate reglement\u0103rile\u00a0<a href=\"https:\/\/partners-ltd.com\/ro\/benzi-de-vizibilitate-pentru-camioane-regulamentul-ece104\/\" target=\"_blank\" rel=\"noopener\"><strong>ECE 104 ale Uniunii Europene<\/strong><\/a>. Toate benzile de marcare <strong>3M Diamond Grade Conspicuity Vehicle Marking 997S<\/strong>\u00a0sunt clasificate ca fiind de clasa C, ceea ce \u00eenseamn\u0103 c\u0103 sunt cele mai str\u0103lucitoare marcaje permise de reglement\u0103ri.[\/vc_column_text][\/vc_column][\/vc_row][vc_row][vc_column css=&#8221;.vc_custom_1622812796914{margin-top: 0px !important;border-top-width: 1px !important;border-right-width: 1px !important;border-bottom-width: 1px !important;border-left-width: 1px !important;border-left-color: #d6d6d6 !important;border-left-style: solid !important;border-right-color: #d6d6d6 !important;border-right-style: solid !important;border-top-color: #d6d6d6 !important;border-top-style: solid !important;border-bottom-color: #d6d6d6 !important;border-bottom-style: solid !important;border-radius: 1px !important;}&#8221;]<div id=\"ultimate-heading-498169d26219ea4d2\" class=\"uvc-heading ult-adjust-bottom-margin ultimate-heading-498169d26219ea4d2 uvc-2071  uvc-heading-default-font-sizes\" data-hspacer=\"no_spacer\"  data-halign=\"left\" style=\"text-align:left\"><div class=\"uvc-heading-spacer no_spacer\" style=\"top\"><\/div><div class=\"uvc-main-heading ult-responsive\"  data-ultimate-target='.uvc-heading.ultimate-heading-498169d26219ea4d2 h4'  data-responsive-json-new='{\"font-size\":\"\",\"line-height\":\"\"}' ><h4 style=\"--font-weight:theme;\">Caracteristici principale:<\/h4><\/div><\/div>[vc_empty_space][vc_row_inner][vc_column_inner width=&#8221;1\/2&#8243;]<div class=\"standard-arrow list-divider bullet-top\"><ul>\n<li>Destinat pentru acoperiri din p\u00e2nz\u0103<\/li>\n<li>Band\u0103 nemetalizat\u0103, necoroziv\u0103<\/li>\n<li>Luminozitate excelent\u0103 ziua \u0219i noaptea<\/li>\n<li>Capacitate de reflectare complet\u0103 pe timp de ploaie<\/li>\n<li>Previne accidentele \u0219i costurile asociate acestora<\/li>\n<li>Produs cu tehnologie f\u0103r\u0103 PVC \u0219i f\u0103r\u0103 solven\u021bi<\/li>\n<\/ul>\n<\/div>[\/vc_column_inner][vc_column_inner width=&#8221;1\/2&#8243;]<div class=\"standard-arrow list-divider bullet-top\"><ul>\n<li>Substrat u\u0219or de \u00eendep\u0103rtat<\/li>\n<li>Adeziv sensibil la presiune<\/li>\n<li>Aprobat de UN-ECE104 clasa C<\/li>\n<li>\u00ce\u0219i p\u0103streaz\u0103 propriet\u0103\u021bile p\u00e2n\u0103 la 5 ani, chiar \u0219i \u00een condi\u021bii de mediu nefavorabile<\/li>\n<li>\u00cembun\u0103t\u0103\u021be\u0219te imaginea corporativ\u0103, f\u0103c\u00e2ndu-v\u0103 mai proactivi \u00een ceea ce prive\u0219te siguran\u021ba<\/li>\n<\/ul>\n<\/div>[\/vc_column_inner][\/vc_row_inner][\/vc_column][\/vc_row][vc_row css=&#8221;.vc_custom_1662030959973{margin-top: 30px !important;border-top-width: 1px !important;border-right-width: 1px !important;border-bottom-width: 1px !important;border-left-width: 1px !important;border-left-color: #d6d6d6 !important;border-left-style: solid !important;border-right-color: #d6d6d6 !important;border-right-style: solid !important;border-top-color: #d6d6d6 !important;border-top-style: solid !important;border-bottom-color: #d6d6d6 !important;border-bottom-style: solid !important;border-radius: 1px !important;}&#8221;][vc_column]<div id=\"ultimate-heading-926369d26219ea576\" class=\"uvc-heading ult-adjust-bottom-margin ultimate-heading-926369d26219ea576 uvc-8280  uvc-heading-default-font-sizes\" data-hspacer=\"no_spacer\"  data-halign=\"left\" style=\"text-align:left\"><div class=\"uvc-heading-spacer no_spacer\" style=\"top\"><\/div><div class=\"uvc-main-heading ult-responsive\"  data-ultimate-target='.uvc-heading.ultimate-heading-926369d26219ea576 h3'  data-responsive-json-new='{\"font-size\":\"\",\"line-height\":\"\"}' ><h3 style=\"--font-weight:theme;margin-bottom:30px;\">Documente:<\/h3><\/div><\/div>[vc_row_inner css=&#8221;.vc_custom_1662031035718{margin-top: 30px !important;margin-bottom: 30px !important;}&#8221;][vc_column_inner width=&#8221;1\/4&#8243;][vc_column_text]<\/p>\n<p style=\"text-align: center;\">Bro\u0219ur\u0103<\/p>\n<p>[\/vc_column_text][vc_single_image image=&#8221;28875&#8243; img_size=&#8221;130&#215;180&#8243; alignment=&#8221;center&#8221; style=&#8221;vc_box_outline&#8221; onclick=&#8221;custom_link&#8221; img_link_target=&#8221;_blank&#8221; link=&#8221;\/wp-content\/uploads\/2022\/09\/Conspicuity-Brochure.pdf&#8221;]<style type=\"text\/css\" data-type=\"the7_shortcodes-inline-css\">#default-btn-41d17513430be33266e94ebfead33f43.ico-right-side > i {\n  margin-right: 0px;\n  margin-left: 8px;\n}\n#default-btn-41d17513430be33266e94ebfead33f43 > i {\n  margin-right: 8px;\n}\n<\/style><div class=\"btn-align-center\"><a href=\"\/wp-content\/uploads\/2022\/09\/Conspicuity-Brochure.pdf\" class=\"default-btn-shortcode dt-btn dt-btn-s link-hover-off \" target=\"_blank\" id=\"default-btn-41d17513430be33266e94ebfead33f43\" rel=\"noopener\"><span>Descarc\u0103 PDF<\/span><\/a><\/div>[\/vc_column_inner][vc_column_inner width=&#8221;1\/4&#8243;][\/vc_column_inner][vc_column_inner width=&#8221;1\/4&#8243;][\/vc_column_inner][vc_column_inner width=&#8221;1\/4&#8243;][\/vc_column_inner][\/vc_row_inner][\/vc_column][\/vc_row]<\/p>\n<\/div>","protected":false},"excerpt":{"rendered":"<p>3M Diamond Grade Conspicuity Vehicle Marking seria 997S sunt benzi reflectorizante nemetalizate, destinate aplic\u0103rii pe automobile \u0219i vehicule cu acoperiri din p\u00e2nz\u0103. Benzile sunt rezistente la delaminare \u0219i decolorare, p\u0103str\u00e2ndu-\u0219i propriet\u0103\u021bile p\u00e2n\u0103 la 3 ani, chiar \u0219i \u00een condi\u021bii de mediu nefavorabile.<\/p>\n<p>L\u0103\u021bime: 51mm<\/p>\n","protected":false},"featured_media":28888,"comment_status":"open","ping_status":"closed","template":"","meta":[],"product_cat":[2685,2708],"product_tag":[],"_links":{"self":[{"href":"https:\/\/partners-ltd.com\/ro\/wp-json\/wp\/v2\/product\/41267"}],"collection":[{"href":"https:\/\/partners-ltd.com\/ro\/wp-json\/wp\/v2\/product"}],"about":[{"href":"https:\/\/partners-ltd.com\/ro\/wp-json\/wp\/v2\/types\/product"}],"replies":[{"embeddable":true,"href":"https:\/\/partners-ltd.com\/ro\/wp-json\/wp\/v2\/comments?post=41267"}],"wp:featuredmedia":[{"embeddable":true,"href":"https:\/\/partners-ltd.com\/ro\/wp-json\/wp\/v2\/media\/28888"}],"wp:attachment":[{"href":"https:\/\/partners-ltd.com\/ro\/wp-json\/wp\/v2\/media?parent=41267"}],"wp:term":[{"taxonomy":"product_cat","embeddable":true,"href":"https:\/\/partners-ltd.com\/ro\/wp-json\/wp\/v2\/product_cat?post=41267"},{"taxonomy":"product_tag","embeddable":true,"href":"https:\/\/partners-ltd.com\/ro\/wp-json\/wp\/v2\/product_tag?post=41267"}],"curies":[{"name":"wp","href":"https:\/\/api.w.org\/{rel}","templated":true}]}}