{"id":41264,"date":"2022-08-26T13:37:05","date_gmt":"2022-08-26T10:37:05","guid":{"rendered":"https:\/\/partners-ltd.com\/magazin\/fara-categorie\/3m-983-21-diamond-grade-banda-reflectorizanta-pentru-camioane-galben-fluorescent\/"},"modified":"2025-06-26T11:14:06","modified_gmt":"2025-06-26T08:14:06","slug":"3m-983-21-diamond-grade-banda-reflectorizanta-pentru-camioane-galben-fluorescent","status":"publish","type":"product","link":"https:\/\/partners-ltd.com\/ro\/e-shop\/folie-reflectorizanta\/folie-reflectorizanta-3m-pentru-camioane\/3m-983-21-diamond-grade-banda-reflectorizanta-pentru-camioane-galben-fluorescent\/","title":{"rendered":"3M 983-21 Diamond Grade \u2013 band\u0103 reflectorizant\u0103 pentru camioane, galben fluorescent"},"content":{"rendered":"<div class=\"wpb-content-wrapper\"><p>[vc_row css=&#8221;.vc_custom_1532072282826{margin-bottom: 20px !important;border-top-width: 1px !important;border-right-width: 1px !important;border-bottom-width: 1px !important;border-left-width: 1px !important;padding-right: 10px !important;padding-left: 10px !important;border-left-color: #e2e2e2 !important;border-left-style: dotted !important;border-right-color: #e2e2e2 !important;border-right-style: dotted !important;border-top-color: #e2e2e2 !important;border-top-style: dotted !important;border-bottom-color: #e2e2e2 !important;border-bottom-style: dotted !important;border-radius: 1px !important;}&#8221;][vc_column]<div id=\"ultimate-heading-881569dc3cd163886\" class=\"uvc-heading ult-adjust-bottom-margin ultimate-heading-881569dc3cd163886 uvc-2154 \" data-hspacer=\"no_spacer\"  data-halign=\"left\" style=\"text-align:left\"><div class=\"uvc-heading-spacer no_spacer\" style=\"top\"><\/div><div class=\"uvc-main-heading ult-responsive\"  data-ultimate-target='.uvc-heading.ultimate-heading-881569dc3cd163886 h2'  data-responsive-json-new='{\"font-size\":\"desktop:28px;\",\"line-height\":\"desktop:38px;\"}' ><h2 style=\"--font-weight:theme;margin-bottom:20px;\">3M 983-21 Diamond Grade Conspicuity Markings \u2013 benzi reflectorizante pentru camioane<\/h2><\/div><\/div>[vc_row_inner][vc_column_inner][vc_column_text]<strong>3M\u2122 Diamond Grade\u2122 Conspicuity Markings 983 <\/strong>sunt benzi reflectorizante de \u00eenalt\u0103 rezisten\u021b\u0103 pentru camioane, remorci, rulote, trenuri, autocare, ambulan\u021be, ma\u0219ini de pompieri \u0219i alte automobile.<\/p>\n<p>Destinate s\u0103 asigure o marcare suplimentar\u0103 pentru diverse vehicule, respect\u00e2nd toate <a href=\"https:\/\/partners-ltd.com\/ro\/benzi-de-vizibilitate-pentru-camioane-regulamentul-ece104\/\"><strong>reglement\u0103rile ECE 104<\/strong> <strong>ale Uniunii Europene<\/strong><\/a><strong>.<\/strong> Sunt compuse din lentile prismatice, formate ca o r\u0103\u0219in\u0103 sintetic\u0103 transparent\u0103, care face parte din stratul adeziv. Sunt extrem de <strong>rezistente<\/strong> \u0219i suport\u0103 condi\u021bii <strong>meteorologice variabile<\/strong>, <strong>vapori de benzin\u0103<\/strong>, <strong>chimicale<\/strong> \u0219i <strong>ap\u0103<\/strong>, f\u0103r\u0103 a afecta propriet\u0103\u021bile adezive sau reflectorizante.<\/p>\n<p><strong>Benzile fluorescente<\/strong> absorb lumin\u0103 solar\u0103 \u00een timpul zilei \u0219i o reflect\u0103 pe o durat\u0103 de 24 de ore. Sunt potrivite \u00een condi\u021bii de <strong>cea\u021b\u0103<\/strong>, <strong>furtun\u0103<\/strong> \u0219i <strong>ploaie<\/strong>.<\/p>\n<p>Aplicarea \u0219i \u00eendep\u0103rtarea benzilor se face u\u0219or, rapid \u0219i f\u0103r\u0103 probleme. <strong>Seria 983<\/strong> ofer\u0103 o selec\u021bie de <strong>5 culori diferite<\/strong>.[\/vc_column_text][\/vc_column_inner][\/vc_row_inner][\/vc_column][\/vc_row][vc_row css=&#8221;.vc_custom_1532072379976{margin-bottom: 20px !important;border-top-width: 1px !important;border-right-width: 1px !important;border-bottom-width: 1px !important;border-left-width: 1px !important;padding-right: 10px !important;padding-bottom: 20px !important;padding-left: 10px !important;border-left-color: #e2e2e2 !important;border-left-style: dotted !important;border-right-color: #e2e2e2 !important;border-right-style: dotted !important;border-top-color: #e2e2e2 !important;border-top-style: dotted !important;border-bottom-color: #e2e2e2 !important;border-bottom-style: dotted !important;border-radius: 1px !important;}&#8221;][vc_column width=&#8221;1\/2&#8243;]<div id=\"ultimate-heading-371569dc3cd1638c2\" class=\"uvc-heading ult-adjust-bottom-margin ultimate-heading-371569dc3cd1638c2 uvc-7999 \" data-hspacer=\"no_spacer\"  data-halign=\"left\" style=\"text-align:left\"><div class=\"uvc-heading-spacer no_spacer\" style=\"top\"><\/div><div class=\"uvc-main-heading ult-responsive\"  data-ultimate-target='.uvc-heading.ultimate-heading-371569dc3cd1638c2 h3'  data-responsive-json-new='{\"font-size\":\"desktop:24px;\",\"line-height\":\"desktop:34px;\"}' ><h3 style=\"--font-weight:theme;margin-bottom:20px;\">Caracteristici principale:<\/h3><\/div><\/div><div class=\"standard-arrow list-divider bullet-top\"><ul>\n<li>vizibilitate excelent\u0103<\/li>\n<li>foarte rezistente<\/li>\n<li>aplicare u\u0219oar\u0103<\/li>\n<li>selec\u021bie de 5 culori diferite<\/li>\n<li>benzi fluorescente pentru vizibilitate de 24 de ore<\/li>\n<li>rezistente la condi\u021bii meteorologice variabile<\/li>\n<\/ul>\n<\/div>[\/vc_column][vc_column width=&#8221;1\/2&#8243;][vc_empty_space height=&#8221;54px&#8221;][vc_single_image image=&#8221;16984&#8243; img_size=&#8221;full&#8221; alignment=&#8221;center&#8221;][\/vc_column][\/vc_row][vc_row css=&#8221;.vc_custom_1532072267931{border-top-width: 1px !important;border-right-width: 1px !important;border-bottom-width: 1px !important;border-left-width: 1px !important;padding-right: 10px !important;padding-bottom: 20px !important;padding-left: 10px !important;border-left-color: #e2e2e2 !important;border-left-style: dotted !important;border-right-color: #e2e2e2 !important;border-right-style: dotted !important;border-top-color: #e2e2e2 !important;border-top-style: dotted !important;border-bottom-color: #e2e2e2 !important;border-bottom-style: dotted !important;border-radius: 1px !important;}&#8221;][vc_column]<div id=\"ultimate-heading-305669dc3cd163925\" class=\"uvc-heading ult-adjust-bottom-margin ultimate-heading-305669dc3cd163925 uvc-2282 \" data-hspacer=\"no_spacer\"  data-halign=\"left\" style=\"text-align:left\"><div class=\"uvc-heading-spacer no_spacer\" style=\"top\"><\/div><div class=\"uvc-main-heading ult-responsive\"  data-ultimate-target='.uvc-heading.ultimate-heading-305669dc3cd163925 h3'  data-responsive-json-new='{\"font-size\":\"desktop:24px;\",\"line-height\":\"desktop:34px;\"}' ><h3 style=\"--font-weight:theme;margin-bottom:20px;\">Documente<\/h3><\/div><\/div>[vc_column_text]Buletin de produs \u0219i catalog pentru 3M\u2122 Diamond Grade\u2122 Conspicuity Tapes 983 &#8211; benzi reflectorizante pentru camioane[\/vc_column_text][vc_row_inner gap=&#8221;15&#8243;][vc_column_inner width=&#8221;1\/4&#8243;][vc_column_text]<\/p>\n<p style=\"text-align: center;\">Buletin de produs<\/p>\n<p>[\/vc_column_text][vc_single_image image=&#8221;16978&#8243; img_size=&#8221;130&#215;180&#8243; alignment=&#8221;center&#8221; style=&#8221;vc_box_outline&#8221; onclick=&#8221;custom_link&#8221; img_link_target=&#8221;_blank&#8221; link=&#8221;\/wp-content\/uploads\/2019\/02\/3M_Conspicuity_tape_product_bulletin_PDF.pdf&#8221;]<style type=\"text\/css\" data-type=\"the7_shortcodes-inline-css\">#default-btn-cf428e2af6df696ca746982f98151452.ico-right-side > i {\n  margin-right: 0px;\n  margin-left: 8px;\n}\n#default-btn-cf428e2af6df696ca746982f98151452 > i {\n  margin-right: 8px;\n}\n<\/style><div class=\"btn-align-center\"><a href=\"\/wp-content\/uploads\/2019\/02\/3M_Conspicuity_tape_product_bulletin_PDF.pdf\" class=\"default-btn-shortcode dt-btn dt-btn-s link-hover-off \" target=\"_blank\" id=\"default-btn-cf428e2af6df696ca746982f98151452\" rel=\"noopener\"><i class=\"fas fa-download\"><\/i><span>Descarc\u0103 PDF<\/span><\/a><\/div>[\/vc_column_inner][vc_column_inner width=&#8221;1\/4&#8243;][vc_column_text]<\/p>\n<p style=\"text-align: center;\">Catalog de produse<\/p>\n<p>[\/vc_column_text][vc_single_image image=&#8221;16979&#8243; img_size=&#8221;130&#215;180&#8243; alignment=&#8221;center&#8221; style=&#8221;vc_box_outline&#8221; onclick=&#8221;custom_link&#8221; img_link_target=&#8221;_blank&#8221; link=&#8221;\/wp-content\/uploads\/2019\/02\/3M_Conspicuity_Markings_983_32_PDF.pdf&#8221;]<style type=\"text\/css\" data-type=\"the7_shortcodes-inline-css\">#default-btn-1c336aa207bd30ac0a3217a5b5f6b102.ico-right-side > i {\n  margin-right: 0px;\n  margin-left: 8px;\n}\n#default-btn-1c336aa207bd30ac0a3217a5b5f6b102 > i {\n  margin-right: 8px;\n}\n<\/style><div class=\"btn-align-center\"><a href=\"\/wp-content\/uploads\/2019\/02\/3M_Conspicuity_Markings_983_32_PDF.pdf\" class=\"default-btn-shortcode dt-btn dt-btn-s link-hover-off \" target=\"_blank\" id=\"default-btn-1c336aa207bd30ac0a3217a5b5f6b102\" rel=\"noopener\"><i class=\"fas fa-download\"><\/i><span>Descarc\u0103 PDF<\/span><\/a><\/div>[\/vc_column_inner][vc_column_inner width=&#8221;1\/4&#8243;][vc_column_text]<\/p>\n<p style=\"text-align: center;\">Catalog de produse<\/p>\n<p>[\/vc_column_text][vc_single_image image=&#8221;16980&#8243; img_size=&#8221;130&#215;180&#8243; alignment=&#8221;center&#8221; style=&#8221;vc_box_outline&#8221; onclick=&#8221;custom_link&#8221; link=&#8221;\/wp-content\/uploads\/2019\/02\/3M_Conspicuity_-Marking-_Series_-983_PDF.pdf&#8221;]<style type=\"text\/css\" data-type=\"the7_shortcodes-inline-css\">#default-btn-e19c7ba47e682c8bcfdb40c9be95879e.ico-right-side > i {\n  margin-right: 0px;\n  margin-left: 8px;\n}\n#default-btn-e19c7ba47e682c8bcfdb40c9be95879e > i {\n  margin-right: 8px;\n}\n<\/style><div class=\"btn-align-center\"><a href=\"\/wp-content\/uploads\/2019\/02\/3M_Conspicuity_-Marking-_Series_-983_PDF.pdf\" class=\"default-btn-shortcode dt-btn dt-btn-s link-hover-off \" target=\"_blank\" id=\"default-btn-e19c7ba47e682c8bcfdb40c9be95879e\" rel=\"noopener\"><i class=\"fas fa-download\"><\/i><span>Descarc\u0103 PDF<\/span><\/a><\/div>[\/vc_column_inner][vc_column_inner width=&#8221;1\/4&#8243;][\/vc_column_inner][\/vc_row_inner][\/vc_column][\/vc_row]<\/p>\n<\/div>","protected":false},"excerpt":{"rendered":"<p>Band\u0103 reflectorizant\u0103 fluorescent\u0103 de \u00eenalt\u0103 rezisten\u021b\u0103, destinat\u0103 s\u0103 asigure o marcare suplimentar\u0103 pentru camioane, remorci, rulote, autocare, ambulan\u021be, ma\u0219ini de pompieri \u0219i alte automobile.<\/p>\n<div class=\"woocommerce-product-details__short-description\">\n<p>Lungime: 50 m, L\u0103\u021bime: 53,5 mm<\/p>\n<\/div>\n","protected":false},"featured_media":28707,"comment_status":"open","ping_status":"closed","template":"","meta":[],"product_cat":[2685,2709],"product_tag":[],"_links":{"self":[{"href":"https:\/\/partners-ltd.com\/ro\/wp-json\/wp\/v2\/product\/41264"}],"collection":[{"href":"https:\/\/partners-ltd.com\/ro\/wp-json\/wp\/v2\/product"}],"about":[{"href":"https:\/\/partners-ltd.com\/ro\/wp-json\/wp\/v2\/types\/product"}],"replies":[{"embeddable":true,"href":"https:\/\/partners-ltd.com\/ro\/wp-json\/wp\/v2\/comments?post=41264"}],"wp:featuredmedia":[{"embeddable":true,"href":"https:\/\/partners-ltd.com\/ro\/wp-json\/wp\/v2\/media\/28707"}],"wp:attachment":[{"href":"https:\/\/partners-ltd.com\/ro\/wp-json\/wp\/v2\/media?parent=41264"}],"wp:term":[{"taxonomy":"product_cat","embeddable":true,"href":"https:\/\/partners-ltd.com\/ro\/wp-json\/wp\/v2\/product_cat?post=41264"},{"taxonomy":"product_tag","embeddable":true,"href":"https:\/\/partners-ltd.com\/ro\/wp-json\/wp\/v2\/product_tag?post=41264"}],"curies":[{"name":"wp","href":"https:\/\/api.w.org\/{rel}","templated":true}]}}