{"id":41228,"date":"2021-03-12T14:20:48","date_gmt":"2021-03-12T12:20:48","guid":{"rendered":"https:\/\/partners-ltd.com\/magazin\/fara-categorie\/3m-blackboard-ps-008ar-folie-tabla-neagra\/"},"modified":"2025-06-25T09:09:25","modified_gmt":"2025-06-25T06:09:25","slug":"3m-blackboard-ps-008ar-folie-tabla-neagra","status":"publish","type":"product","link":"https:\/\/partners-ltd.com\/ro\/e-shop\/3m-folie-arhitecturala\/folie-3m-tabla-alba-si-neagra\/3m-blackboard-ps-008ar-folie-tabla-neagra\/","title":{"rendered":"3M Blackboard PS 008AR &#8211; folie tabl\u0103 neagr\u0103"},"content":{"rendered":"<div class=\"wpb-content-wrapper\"><p>[vc_row css=&#8221;.vc_custom_1614340926172{margin-bottom: 30px !important;border-top-width: 1px !important;border-right-width: 1px !important;border-bottom-width: 1px !important;border-left-width: 1px !important;border-left-color: #d8d8d8 !important;border-left-style: solid !important;border-right-color: #d8d8d8 !important;border-right-style: solid !important;border-top-color: #d8d8d8 !important;border-top-style: solid !important;border-bottom-color: #d8d8d8 !important;border-bottom-style: solid !important;border-radius: 1px !important;}&#8221;][vc_column]<div id=\"ultimate-heading-631269e4b4691af3b\" class=\"uvc-heading ult-adjust-bottom-margin ultimate-heading-631269e4b4691af3b uvc-8526  uvc-heading-default-font-sizes\" data-hspacer=\"no_spacer\"  data-halign=\"left\" style=\"text-align:left\"><div class=\"uvc-heading-spacer no_spacer\" style=\"top\"><\/div><div class=\"uvc-main-heading ult-responsive\"  data-ultimate-target='.uvc-heading.ultimate-heading-631269e4b4691af3b h3'  data-responsive-json-new='{\"font-size\":\"\",\"line-height\":\"\"}' ><h3 style=\"--font-weight:theme;\">3M Blackboard PS 008AR - folie tabl\u0103 neagr\u0103<\/h3><\/div><\/div>[vc_empty_space][vc_column_text]<strong>3M Blackboard<\/strong> v\u0103 ofer\u0103 posibilitatea de a transforma orice perete dorit \u00eentr-o <strong>tabl\u0103 neagr\u0103<\/strong>. Extrem de flexibil, tehnologie inovatoare a filmului este potrivit\u0103 pentru acoperirea <strong>birourilor, universit\u0103\u021bilor, \u0219colilor, gr\u0103dini\u021belor, magazinelor \u0219i centrelor comerciale<\/strong>. Se folosesc markere cu cret\u0103 lichid\u0103. Suprafa\u021b\u0103 se cur\u0103\u021b\u0103 u\u0219or.<\/p>\n<p>Folia autoadeziv\u0103 tip tabl\u0103 neagr\u0103\u00a0con\u021bine un adeziv puternic \u0219i poate fi aplicat\u0103 \u0219i pe <strong>suprafe\u021be 3D complexe<\/strong>. Are o excelent\u0103 rezisten\u021b\u0103 la zg\u00e2rieturi, ap\u0103, praf \u0219i murd\u0103rie. Tehnologia stratului adeziv con\u021bine sistemul <a href=\"https:\/\/partners-ltd.com\/ro\/ce-reprezinta-tehnologiile-comply-si-controltac-ale-adezivului\/\"><strong>3M Comply<\/strong><\/a>, care include mii de canale minuscule prin care aerul este eliminat, l\u0103s\u00e2nd suprafa\u021ba complet neted\u0103.[\/vc_column_text][\/vc_column][\/vc_row][vc_row css=&#8221;.vc_custom_1614340946766{margin-bottom: 30px !important;border-top-width: 1px !important;border-right-width: 1px !important;border-bottom-width: 1px !important;border-left-width: 1px !important;border-left-color: #d8d8d8 !important;border-left-style: solid !important;border-right-color: #d8d8d8 !important;border-right-style: solid !important;border-top-color: #d8d8d8 !important;border-top-style: solid !important;border-bottom-color: #d8d8d8 !important;border-bottom-style: solid !important;border-radius: 1px !important;}&#8221;][vc_column]<div id=\"ultimate-heading-369769e4b4691af73\" class=\"uvc-heading ult-adjust-bottom-margin ultimate-heading-369769e4b4691af73 uvc-7068  uvc-heading-default-font-sizes\" data-hspacer=\"no_spacer\"  data-halign=\"left\" style=\"text-align:left\"><div class=\"uvc-heading-spacer no_spacer\" style=\"top\"><\/div><div class=\"uvc-main-heading ult-responsive\"  data-ultimate-target='.uvc-heading.ultimate-heading-369769e4b4691af73 h3'  data-responsive-json-new='{\"font-size\":\"\",\"line-height\":\"\"}' ><h3 style=\"--font-weight:theme;\">Avantaje:<\/h3><\/div><\/div>[vc_empty_space][vc_row_inner][vc_column_inner width=&#8221;1\/2&#8243;][vc_empty_space height=&#8221;10px&#8221;]<div class=\"standard-arrow list-divider bullet-top\"><ul>\n<li>Folie autoadeziv\u0103<\/li>\n<li>Se lipe\u0219te excelent \u0219i pe suprafe\u021be 3D complexe<\/li>\n<li>Sistem\u0103 a stratului adeziv &#8211; 3M Comply<\/li>\n<li>Rezistent la ap\u0103, praf \u0219i murd\u0103rie<\/li>\n<li>U\u0219or de cur\u0103\u021bat<\/li>\n<li>Rezistent la foc \u0219i ignifug<\/li>\n<li>Durabilitate: 10 ani<\/li>\n<\/ul>\n<\/div>[\/vc_column_inner][vc_column_inner width=&#8221;1\/2&#8243;][vc_single_image image=&#8221;25340&#8243; img_size=&#8221;large&#8221;][\/vc_column_inner][\/vc_row_inner][\/vc_column][\/vc_row][vc_row css=&#8221;.vc_custom_1614340974723{border-top-width: 1px !important;border-right-width: 1px !important;border-bottom-width: 1px !important;border-left-width: 1px !important;border-left-color: #d8d8d8 !important;border-left-style: solid !important;border-right-color: #d8d8d8 !important;border-right-style: solid !important;border-top-color: #d8d8d8 !important;border-top-style: solid !important;border-bottom-color: #d8d8d8 !important;border-bottom-style: solid !important;border-radius: 1px !important;}&#8221;][vc_column]<div id=\"ultimate-heading-319769e4b4691afd4\" class=\"uvc-heading ult-adjust-bottom-margin ultimate-heading-319769e4b4691afd4 uvc-7118  uvc-heading-default-font-sizes\" data-hspacer=\"no_spacer\"  data-halign=\"left\" style=\"text-align:left\"><div class=\"uvc-heading-spacer no_spacer\" style=\"top\"><\/div><div class=\"uvc-main-heading ult-responsive\"  data-ultimate-target='.uvc-heading.ultimate-heading-319769e4b4691afd4 h3'  data-responsive-json-new='{\"font-size\":\"\",\"line-height\":\"\"}' ><h3 style=\"--font-weight:theme;\">Documente:<\/h3><\/div><\/div>[vc_empty_space][vc_row_inner css=&#8221;.vc_custom_1615549999109{margin-bottom: 30px !important;}&#8221;][vc_column_inner width=&#8221;1\/3&#8243;][vc_column_text]Bro\u0219ur\u0103[\/vc_column_text][vc_single_image image=&#8221;25346&#8243; style=&#8221;vc_box_border&#8221; onclick=&#8221;custom_link&#8221; img_link_target=&#8221;_blank&#8221; link=&#8221;\/wp-content\/uploads\/2021\/03\/3M-DI-NOC-Whiteboard-Blackboard.pdf&#8221;]<style type=\"text\/css\" data-type=\"the7_shortcodes-inline-css\">#default-btn-632ce95166e12dca82664a4918165eca.ico-right-side > i {\n  margin-right: 0px;\n  margin-left: 8px;\n}\n#default-btn-632ce95166e12dca82664a4918165eca > i {\n  margin-right: 8px;\n}\n<\/style><a href=\"\/wp-content\/uploads\/2021\/03\/3M-DI-NOC-Whiteboard-Blackboard.pdf\" class=\"default-btn-shortcode dt-btn dt-btn-s link-hover-off btn-inline-left \" target=\"_blank\" id=\"default-btn-632ce95166e12dca82664a4918165eca\" rel=\"noopener\"><span>Descarc\u0103 PDF<\/span><\/a>[\/vc_column_inner][vc_column_inner width=&#8221;1\/3&#8243;][\/vc_column_inner][vc_column_inner width=&#8221;1\/3&#8243;][\/vc_column_inner][\/vc_row_inner][\/vc_column][\/vc_row]<\/p>\n<\/div>","protected":false},"excerpt":{"rendered":"<p>3M Blackboard PS 008AR este un film arhitectural de \u00eenalt\u0103 calitate, care v\u0103 ofer\u0103 posibilitatea de a transforma orice perete dorit \u00eentr-o tabl\u0103 neagr\u0103. Extrem de flexibil, tehnologie inovatoare a filmului este potrivit\u0103 pentru acoperirea birourilor, universit\u0103\u021bilor, \u0219colilor, gr\u0103dini\u021belor, magazinelor \u0219i centrelor comerciale.<\/p>\n","protected":false},"featured_media":25343,"comment_status":"open","ping_status":"closed","template":"","meta":[],"product_cat":[1849,2675],"product_tag":[],"_links":{"self":[{"href":"https:\/\/partners-ltd.com\/ro\/wp-json\/wp\/v2\/product\/41228"}],"collection":[{"href":"https:\/\/partners-ltd.com\/ro\/wp-json\/wp\/v2\/product"}],"about":[{"href":"https:\/\/partners-ltd.com\/ro\/wp-json\/wp\/v2\/types\/product"}],"replies":[{"embeddable":true,"href":"https:\/\/partners-ltd.com\/ro\/wp-json\/wp\/v2\/comments?post=41228"}],"wp:featuredmedia":[{"embeddable":true,"href":"https:\/\/partners-ltd.com\/ro\/wp-json\/wp\/v2\/media\/25343"}],"wp:attachment":[{"href":"https:\/\/partners-ltd.com\/ro\/wp-json\/wp\/v2\/media?parent=41228"}],"wp:term":[{"taxonomy":"product_cat","embeddable":true,"href":"https:\/\/partners-ltd.com\/ro\/wp-json\/wp\/v2\/product_cat?post=41228"},{"taxonomy":"product_tag","embeddable":true,"href":"https:\/\/partners-ltd.com\/ro\/wp-json\/wp\/v2\/product_tag?post=41228"}],"curies":[{"name":"wp","href":"https:\/\/api.w.org\/{rel}","templated":true}]}}