{"id":41186,"date":"2018-07-13T11:45:08","date_gmt":"2018-07-13T08:45:08","guid":{"rendered":"https:\/\/partners-ltd.com\/magazin\/fara-categorie\/sloanled-prism-mini-white-mini-module-led-albe-12v\/"},"modified":"2025-06-24T09:17:52","modified_gmt":"2025-06-24T06:17:52","slug":"sloanled-prism-mini-white-mini-module-led-albe-12v","status":"publish","type":"product","link":"https:\/\/partners-ltd.com\/ro\/e-shop\/module-si-iluminare-led\/module-sloanled\/sloanled-prism-mini-white-mini-module-led-albe-12v\/","title":{"rendered":"SloanLED Prism Mini White \u2013 mini module LED albe 12V"},"content":{"rendered":"<div class=\"wpb-content-wrapper\"><p>[vc_row css=&#8221;.vc_custom_1530619279291{margin-bottom: 20px !important;border-top-width: 1px !important;border-right-width: 1px !important;border-bottom-width: 1px !important;border-left-width: 1px !important;padding-right: 10px !important;padding-left: 10px !important;border-left-color: #e2e2e2 !important;border-left-style: dotted !important;border-right-color: #e2e2e2 !important;border-right-style: dotted !important;border-top-color: #e2e2e2 !important;border-top-style: dotted !important;border-bottom-color: #e2e2e2 !important;border-bottom-style: dotted !important;border-radius: 1px !important;}&#8221;][vc_column][vc_single_image image=&#8221;15166&#8243; img_size=&#8221;full&#8221;]<div id=\"ultimate-heading-895469e648feae5a6\" class=\"uvc-heading ult-adjust-bottom-margin ultimate-heading-895469e648feae5a6 uvc-7107 \" data-hspacer=\"no_spacer\"  data-halign=\"left\" style=\"text-align:left\"><div class=\"uvc-heading-spacer no_spacer\" style=\"top\"><\/div><div class=\"uvc-main-heading ult-responsive\"  data-ultimate-target='.uvc-heading.ultimate-heading-895469e648feae5a6 h2'  data-responsive-json-new='{\"font-size\":\"desktop:28px;\",\"line-height\":\"desktop:38px;\"}' ><h2 style=\"--font-weight:theme;margin-bottom:20px;\">Module LED de mic\u0103 ad\u00e2ncime - SloanLED Prism Mini White<\/h2><\/div><\/div>[vc_row_inner][vc_column_inner][vc_column_text]SloanLED Prism Mini White sunt module LED de mic\u0103 ad\u00e2ncime cu culoare alb\u0103.\u00a0 Special proiectat pentru iluminarea literelor volumetrice \u00eenguste cu ad\u00e2ncimi mici.<\/p>\n<p>Lentila unic\u0103 cu un sistem\u0103 patentat de micro prisme asigur\u0103 un unghi de iluminare extrem de larg \u2013 180\u00b0, dispersie maxim\u0103 \u0219i luminozitate a luminii la o distan\u021b\u0103 minim\u0103 de modul. Acesta este \u00eenc\u0103 un progres remarcabil al SloanLED \u00een \u0219tiin\u021ba fizicii optice, combinat cu decenii de cercetare \u00een industria publicitar\u0103.<\/p>\n<p>Cu ajutorul SloanLED Prism Mini, pute\u021bi ilumina litere sau semne foarte sub\u021biri cu un num\u0103r minim de <a href=\"\/kategoriya\/led-moduli-osvetlenie\/sloanled-moduli\/\">module SloanLED<\/a>. Este ideal pentru iluminarea semnelor luminoase unilaterale, chiar \u0219i foarte plate. Modulele LED <a href=\"https:\/\/partners-ltd.com\/ro\/inceput\/led-moduli-osvetlenie\/\">de \u00eenalt\u0103 calitate \u0219i iluminatul<\/a> de la SloanLED asigur\u0103 o iluminare de durat\u0103 \u0219i uniform\u0103.<\/p>\n<p>Num\u0103rul maxim de module pe un circuit de 60W 12VDC este de 120 buc\u0103\u021bi.[\/vc_column_text][\/vc_column_inner][\/vc_row_inner][\/vc_column][\/vc_row][vc_row css=&#8221;.vc_custom_1531296600629{margin-bottom: 20px !important;border-top-width: 1px !important;border-right-width: 1px !important;border-bottom-width: 1px !important;border-left-width: 1px !important;padding-right: 10px !important;padding-left: 10px !important;border-left-color: #e2e2e2 !important;border-left-style: dotted !important;border-right-color: #e2e2e2 !important;border-right-style: dotted !important;border-top-color: #e2e2e2 !important;border-top-style: dotted !important;border-bottom-color: #e2e2e2 !important;border-bottom-style: dotted !important;border-radius: 2px !important;}&#8221;][vc_column width=&#8221;1\/2&#8243;]<div id=\"ultimate-heading-67469e648feae5d9\" class=\"uvc-heading ult-adjust-bottom-margin ultimate-heading-67469e648feae5d9 uvc-2652 \" data-hspacer=\"no_spacer\"  data-halign=\"left\" style=\"text-align:left\"><div class=\"uvc-heading-spacer no_spacer\" style=\"top\"><\/div><div class=\"uvc-main-heading ult-responsive\"  data-ultimate-target='.uvc-heading.ultimate-heading-67469e648feae5d9 h3'  data-responsive-json-new='{\"font-size\":\"desktop:28px;\",\"line-height\":\"desktop:38px;\"}' ><h3 style=\"--font-weight:theme;margin-bottom:20px;\">Caracteristici principale:<\/h3><\/div><\/div><div class=\"standard-arrow list-divider bullet-top\"><ul>\n<li>destinate ilumin\u0103rii literelor volumetrice sub\u021biri \u0219i semnelor plate<\/li>\n<li>unghi larg de iluminare &#8211;\u00a0180\u00b0<\/li>\n<li>lentil\u0103 cu un sistem\u0103 patentat de micro prisme<\/li>\n<\/ul>\n<\/div>[\/vc_column][vc_column width=&#8221;1\/2&#8243;][vc_empty_space height=&#8221;82px&#8221;]<div class=\"standard-arrow list-divider bullet-top\"><ul>\n<li>iluminare str\u0103lucitoare \u0219i uniform\u0103<\/li>\n<li>protec\u021bie la ap\u0103 &#8211; IP66 \u0219i IP68<\/li>\n<li>garan\u021bie &#8211; 10 ani<\/li>\n<\/ul>\n<\/div>[\/vc_column][\/vc_row][vc_row css=&#8221;.vc_custom_1531293008623{margin-bottom: 20px !important;border-top-width: 1px !important;border-right-width: 1px !important;border-bottom-width: 1px !important;border-left-width: 1px !important;padding-right: 10px !important;padding-left: 10px !important;border-left-color: #e2e2e2 !important;border-left-style: dotted !important;border-right-color: #e2e2e2 !important;border-right-style: dotted !important;border-top-color: #e2e2e2 !important;border-top-style: dotted !important;border-bottom-color: #e2e2e2 !important;border-bottom-style: dotted !important;border-radius: 2px !important;}&#8221;][vc_column]<div id=\"ultimate-heading-351569e648feae656\" class=\"uvc-heading ult-adjust-bottom-margin ultimate-heading-351569e648feae656 uvc-1787 \" data-hspacer=\"no_spacer\"  data-halign=\"left\" style=\"text-align:left\"><div class=\"uvc-heading-spacer no_spacer\" style=\"top\"><\/div><div class=\"uvc-main-heading ult-responsive\"  data-ultimate-target='.uvc-heading.ultimate-heading-351569e648feae656 h3'  data-responsive-json-new='{\"font-size\":\"desktop:28px;\",\"line-height\":\"desktop:38px;\"}' ><h3 style=\"--font-weight:theme;margin-bottom:30px;\">Documente<\/h3><\/div><\/div>[vc_column_text]Buletin de produs, ghid de instala\u021bie \u0219i bro\u0219ur\u0103 de produs pentru module LED SloanLED Prism Mini White.[\/vc_column_text][vc_row_inner gap=&#8221;20&#8243;][vc_column_inner width=&#8221;1\/4&#8243;][vc_column_text]<\/p>\n<p style=\"text-align: center;\">Buletin de produs<\/p>\n<p>[\/vc_column_text][vc_single_image image=&#8221;15168&#8243; img_size=&#8221;130&#215;180&#8243; alignment=&#8221;center&#8221; style=&#8221;vc_box_outline&#8221;]<style type=\"text\/css\" data-type=\"the7_shortcodes-inline-css\">#default-btn-c26ce0b54534cf80d15a5c38fc6d1b1b.ico-right-side > i {\n  margin-right: 0px;\n  margin-left: 8px;\n}\n#default-btn-c26ce0b54534cf80d15a5c38fc6d1b1b > i {\n  margin-right: 8px;\n}\n<\/style><div class=\"btn-align-center\"><a href=\"\/wp-content\/uploads\/2018\/07\/SloadLed-Prism-White-PDF.pdf\" class=\"default-btn-shortcode dt-btn dt-btn-s link-hover-off \" target=\"_blank\" id=\"default-btn-c26ce0b54534cf80d15a5c38fc6d1b1b\" rel=\"noopener\"><span>Descarc\u0103 PDF<\/span><\/a><\/div>[\/vc_column_inner][vc_column_inner width=&#8221;1\/4&#8243;][vc_column_text]<\/p>\n<p style=\"text-align: center;\">Ghid de instala\u021bie<\/p>\n<p>[\/vc_column_text][vc_single_image image=&#8221;15171&#8243; img_size=&#8221;130&#215;180&#8243; alignment=&#8221;center&#8221; style=&#8221;vc_box_outline&#8221;]<style type=\"text\/css\" data-type=\"the7_shortcodes-inline-css\">#default-btn-be9211653a2816758af5086a00c36f0d.ico-right-side > i {\n  margin-right: 0px;\n  margin-left: 8px;\n}\n#default-btn-be9211653a2816758af5086a00c36f0d > i {\n  margin-right: 8px;\n}\n<\/style><div class=\"btn-align-center\"><a href=\"\/wp-content\/uploads\/2018\/07\/SloanLED-Prism-White-Install-guide.pdf\" class=\"default-btn-shortcode dt-btn dt-btn-s link-hover-off \" target=\"_blank\" id=\"default-btn-be9211653a2816758af5086a00c36f0d\" rel=\"noopener\"><span>Descarc\u0103 PDF<\/span><\/a><\/div>[\/vc_column_inner][vc_column_inner width=&#8221;1\/4&#8243;][vc_column_text]<\/p>\n<p style=\"text-align: center;\">Bro\u0219ur\u0103 de produs<\/p>\n<p>[\/vc_column_text][vc_single_image image=&#8221;15172&#8243; img_size=&#8221;130&#215;180&#8243; alignment=&#8221;center&#8221; style=&#8221;vc_box_outline&#8221;]<style type=\"text\/css\" data-type=\"the7_shortcodes-inline-css\">#default-btn-ffcb465b109b0b8cc7cf64b17b072045.ico-right-side > i {\n  margin-right: 0px;\n  margin-left: 8px;\n}\n#default-btn-ffcb465b109b0b8cc7cf64b17b072045 > i {\n  margin-right: 8px;\n}\n<\/style><div class=\"btn-align-center\"><a href=\"\/wp-content\/uploads\/2018\/07\/SloanLED-Prism-White-Product-guide.pdf\" class=\"default-btn-shortcode dt-btn dt-btn-s link-hover-off \" target=\"_blank\" id=\"default-btn-ffcb465b109b0b8cc7cf64b17b072045\" rel=\"noopener\"><span>Descarc\u0103 PDF<\/span><\/a><\/div>[\/vc_column_inner][vc_column_inner width=&#8221;1\/4&#8243;][\/vc_column_inner][\/vc_row_inner][\/vc_column][\/vc_row]<\/p>\n<\/div>","protected":false},"excerpt":{"rendered":"<p>SloanLED Prism Mini White este un modul LED mini, special proiectat pentru iluminarea literelor volumetrice \u00eenguste cu ad\u00e2ncimi mici. Lentila unic\u0103 cu un sistem\u0103 patentat de micro prisme asigur\u0103 dispersie maxim\u0103 \u0219i luminozitate a luminii.<\/p>\n[dt_gap height=\"10\" \/]\n<p><img loading=\"lazy\" decoding=\"async\" class=\"alignleft size-full wp-image-4958\" src=\"\/wp-content\/uploads\/2018\/10\/180grad_10-god.png\" alt=\"180 de grade de iluminare, 10 ani garan\u021bie\" width=\"188\" height=\"35\" \/><\/p>\n","protected":false},"featured_media":15170,"comment_status":"open","ping_status":"closed","template":"","meta":[],"product_cat":[1852,2690],"product_tag":[],"_links":{"self":[{"href":"https:\/\/partners-ltd.com\/ro\/wp-json\/wp\/v2\/product\/41186"}],"collection":[{"href":"https:\/\/partners-ltd.com\/ro\/wp-json\/wp\/v2\/product"}],"about":[{"href":"https:\/\/partners-ltd.com\/ro\/wp-json\/wp\/v2\/types\/product"}],"replies":[{"embeddable":true,"href":"https:\/\/partners-ltd.com\/ro\/wp-json\/wp\/v2\/comments?post=41186"}],"wp:featuredmedia":[{"embeddable":true,"href":"https:\/\/partners-ltd.com\/ro\/wp-json\/wp\/v2\/media\/15170"}],"wp:attachment":[{"href":"https:\/\/partners-ltd.com\/ro\/wp-json\/wp\/v2\/media?parent=41186"}],"wp:term":[{"taxonomy":"product_cat","embeddable":true,"href":"https:\/\/partners-ltd.com\/ro\/wp-json\/wp\/v2\/product_cat?post=41186"},{"taxonomy":"product_tag","embeddable":true,"href":"https:\/\/partners-ltd.com\/ro\/wp-json\/wp\/v2\/product_tag?post=41186"}],"curies":[{"name":"wp","href":"https:\/\/api.w.org\/{rel}","templated":true}]}}