{"id":41185,"date":"2018-07-17T08:59:21","date_gmt":"2018-07-17T05:59:21","guid":{"rendered":"https:\/\/partners-ltd.com\/magazin\/fara-categorie\/sloanled-slimliner-1168mm-5000k-lampi-led\/"},"modified":"2025-06-23T17:07:17","modified_gmt":"2025-06-23T14:07:17","slug":"sloanled-slimliner-1168mm-5000k-lampi-led","status":"publish","type":"product","link":"https:\/\/partners-ltd.com\/ro\/e-shop\/module-si-iluminare-led\/corpuri-de-iluminat-cu-led\/sloanled-slimliner-1168mm-5000k-lampi-led\/","title":{"rendered":"SloanLED SlimLINER &#8211; 1168mm, 5000K, l\u0103mpi LED"},"content":{"rendered":"<div class=\"wpb-content-wrapper\"><p>[vc_row css=&#8221;.vc_custom_1530619279291{margin-bottom: 20px !important;border-top-width: 1px !important;border-right-width: 1px !important;border-bottom-width: 1px !important;border-left-width: 1px !important;padding-right: 10px !important;padding-left: 10px !important;border-left-color: #e2e2e2 !important;border-left-style: dotted !important;border-right-color: #e2e2e2 !important;border-right-style: dotted !important;border-top-color: #e2e2e2 !important;border-top-style: dotted !important;border-bottom-color: #e2e2e2 !important;border-bottom-style: dotted !important;border-radius: 1px !important;}&#8221;][vc_column][vc_single_image image=&#8221;15213&#8243; img_size=&#8221;full&#8221;]<div id=\"ultimate-heading-505669dbd2400a565\" class=\"uvc-heading ult-adjust-bottom-margin ultimate-heading-505669dbd2400a565 uvc-6955 \" data-hspacer=\"no_spacer\"  data-halign=\"left\" style=\"text-align:left\"><div class=\"uvc-heading-spacer no_spacer\" style=\"top\"><\/div><div class=\"uvc-main-heading ult-responsive\"  data-ultimate-target='.uvc-heading.ultimate-heading-505669dbd2400a565 h2'  data-responsive-json-new='{\"font-size\":\"desktop:28px;\",\"line-height\":\"desktop:38px;\"}' ><h2 style=\"--font-weight:theme;margin-bottom:20px;\">SloanLED SlimLINER 1168mm, 5000K - lamp\u0103 LED<\/h2><\/div><\/div>[vc_row_inner][vc_column_inner][vc_column_text]L\u0103mpi LED\u00a0&#8211; SloanLED SlimLINER sunt solu\u021bia ideal\u0103 pentru iluminarea copertinelor, acoperi\u0219urilor cl\u0103dirilor, spa\u021biilor comerciale, magazinelor \u0219i \u00eenc\u0103perilor. Potrivite pentru montaj exterior \u0219i interior, cu protec\u021bie IP68.<\/p>\n<p>L\u0103mpile LED SlimLINER sunt sub\u021biri \u0219i u\u0219oare \u0219i pot fi montate rapid \u0219i u\u0219or cu ajutorul band\u0103 dublu adezive de pe spate sau a clemelor de montaj.<\/p>\n<p>Special proiectate pentru \u00eenlocuirea elementar\u0103 a corpurilor de iluminat fluorescente sub\u021biri existente (T4 \u0219i T5). Garanteaz\u0103 o iluminare maxim\u0103 cu un consum minim de energie. Pot fi t\u0103iate la dimensiune. <a href=\"\/kategoriya\/led-moduli-osvetlenie\/osvetitelni-tela\/\">Corpurile de iluminat LED<\/a> nu se \u00eenc\u0103lzesc, ceea ce le face potrivite \u0219i pentru montaj pe izola\u021bii termice.<\/p>\n<p>Modulele LED de \u00eenalt\u0103 calitate\u00a0<a href=\"\/kategoriya\/led-moduli-osvetlenie\/sloanled-moduli\/\">\u0219i iluminatul<\/a>\u00a0de la SloanLED garanteaz\u0103 o iluminare str\u0103lucitoare \u0219i uniform\u0103.<\/p>\n<p>**\u00a0<strong>Cu un driver<\/strong>\u00a0<strong>de alimentare LED 100W 24VDC \/01895-24C\/ \u2013 p\u00e2n\u0103 la 6 l\u0103mpi<\/strong><\/p>\n<p><strong>Accesorii incluse \u00een set:<\/strong><\/p>\n<p>cleme de montaj: 4 buc., capace de \u00eenchidere: 2 buc., adeziv pentru capace: 1 buc. (pentru 25 de capace)[\/vc_column_text][\/vc_column_inner][\/vc_row_inner][\/vc_column][\/vc_row][vc_row css=&#8221;.vc_custom_1531296600629{margin-bottom: 20px !important;border-top-width: 1px !important;border-right-width: 1px !important;border-bottom-width: 1px !important;border-left-width: 1px !important;padding-right: 10px !important;padding-left: 10px !important;border-left-color: #e2e2e2 !important;border-left-style: dotted !important;border-right-color: #e2e2e2 !important;border-right-style: dotted !important;border-top-color: #e2e2e2 !important;border-top-style: dotted !important;border-bottom-color: #e2e2e2 !important;border-bottom-style: dotted !important;border-radius: 2px !important;}&#8221;][vc_column width=&#8221;1\/2&#8243;]<div id=\"ultimate-heading-227969dbd2400a5a0\" class=\"uvc-heading ult-adjust-bottom-margin ultimate-heading-227969dbd2400a5a0 uvc-3763 \" data-hspacer=\"no_spacer\"  data-halign=\"left\" style=\"text-align:left\"><div class=\"uvc-heading-spacer no_spacer\" style=\"top\"><\/div><div class=\"uvc-main-heading ult-responsive\"  data-ultimate-target='.uvc-heading.ultimate-heading-227969dbd2400a5a0 h3'  data-responsive-json-new='{\"font-size\":\"desktop:28px;\",\"line-height\":\"desktop:38px;\"}' ><h3 style=\"--font-weight:theme;margin-bottom:20px;\">Caracteristici principale:<\/h3><\/div><\/div><div class=\"standard-arrow list-divider bullet-top\"><ul>\n<li>pentru iluminarea copertinelor \u0219i acoperi\u0219urilor cl\u0103dirilor<\/li>\n<li>pentru iluminarea\u00a0 spa\u021biilor comerciale, magazinelor \u0219i \u00eenc\u0103perilor<\/li>\n<li>montaj rapid \u0219i u\u0219or<\/li>\n<\/ul>\n<\/div>[\/vc_column][vc_column width=&#8221;1\/2&#8243;][vc_empty_space height=&#8221;58px&#8221;]<div class=\"standard-arrow list-divider bullet-top\"><ul>\n<li>iluminare maxim\u0103 cu consum minim de energie<\/li>\n<li>pot fi t\u0103iate la dimensiune.<\/li>\n<li>garan\u021bie &#8211; 5 ani<\/li>\n<\/ul>\n<\/div>[\/vc_column][\/vc_row][vc_row css=&#8221;.vc_custom_1531293008623{margin-bottom: 20px !important;border-top-width: 1px !important;border-right-width: 1px !important;border-bottom-width: 1px !important;border-left-width: 1px !important;padding-right: 10px !important;padding-left: 10px !important;border-left-color: #e2e2e2 !important;border-left-style: dotted !important;border-right-color: #e2e2e2 !important;border-right-style: dotted !important;border-top-color: #e2e2e2 !important;border-top-style: dotted !important;border-bottom-color: #e2e2e2 !important;border-bottom-style: dotted !important;border-radius: 2px !important;}&#8221;][vc_column]<div id=\"ultimate-heading-780669dbd2400a62a\" class=\"uvc-heading ult-adjust-bottom-margin ultimate-heading-780669dbd2400a62a uvc-4345 \" data-hspacer=\"no_spacer\"  data-halign=\"left\" style=\"text-align:left\"><div class=\"uvc-heading-spacer no_spacer\" style=\"top\"><\/div><div class=\"uvc-main-heading ult-responsive\"  data-ultimate-target='.uvc-heading.ultimate-heading-780669dbd2400a62a h3'  data-responsive-json-new='{\"font-size\":\"desktop:28px;\",\"line-height\":\"desktop:38px;\"}' ><h3 style=\"--font-weight:theme;margin-bottom:30px;\">Documente<\/h3><\/div><\/div>[vc_column_text]Buletin de produs, ghid de instala\u021bie, bro\u0219ur\u0103 de produs \u0219i ofert\u0103 de pre\u021b pentru SloanLED SlimLINER.[\/vc_column_text][vc_row_inner gap=&#8221;20&#8243;][vc_column_inner width=&#8221;1\/4&#8243;][vc_column_text]<\/p>\n<p style=\"text-align: center;\">Buletin de produs<\/p>\n<p>[\/vc_column_text][vc_single_image image=&#8221;15223&#8243; img_size=&#8221;130&#215;180&#8243; alignment=&#8221;center&#8221; style=&#8221;vc_box_outline&#8221;]<style type=\"text\/css\" data-type=\"the7_shortcodes-inline-css\">#default-btn-9051ad4e09715f9a515a6be76685c45e.ico-right-side > i {\n  margin-right: 0px;\n  margin-left: 8px;\n}\n#default-btn-9051ad4e09715f9a515a6be76685c45e > i {\n  margin-right: 8px;\n}\n<\/style><div class=\"btn-align-center\"><a href=\"\/wp-content\/uploads\/2018\/07\/DataSheet-SlimLINER-US-Canada-1.pdf\" class=\"default-btn-shortcode dt-btn dt-btn-s link-hover-off \" target=\"_blank\" id=\"default-btn-9051ad4e09715f9a515a6be76685c45e\" rel=\"noopener\"><span>Descarc\u0103 PDF<\/span><\/a><\/div>[\/vc_column_inner][vc_column_inner width=&#8221;1\/4&#8243;][vc_column_text]<\/p>\n<p style=\"text-align: center;\">Ghid de instala\u021bie<\/p>\n<p>[\/vc_column_text][vc_single_image image=&#8221;15224&#8243; img_size=&#8221;130&#215;180&#8243; alignment=&#8221;center&#8221; style=&#8221;vc_box_outline&#8221;]<style type=\"text\/css\" data-type=\"the7_shortcodes-inline-css\">#default-btn-e3b2ad9d59d5e93e7b32be388f7bb6e8.ico-right-side > i {\n  margin-right: 0px;\n  margin-left: 8px;\n}\n#default-btn-e3b2ad9d59d5e93e7b32be388f7bb6e8 > i {\n  margin-right: 8px;\n}\n<\/style><div class=\"btn-align-center\"><a href=\"\/wp-content\/uploads\/2018\/07\/InstallGuide-SlimLINER.pdf\" class=\"default-btn-shortcode dt-btn dt-btn-s link-hover-off \" target=\"_blank\" id=\"default-btn-e3b2ad9d59d5e93e7b32be388f7bb6e8\" rel=\"noopener\"><span>Descarc\u0103 PDF<\/span><\/a><\/div>[\/vc_column_inner][vc_column_inner width=&#8221;1\/4&#8243;][vc_column_text]<\/p>\n<p style=\"text-align: center;\">Bro\u0219ur\u0103 de produs<\/p>\n<p>[\/vc_column_text][vc_single_image image=&#8221;15225&#8243; img_size=&#8221;130&#215;180&#8243; alignment=&#8221;center&#8221; style=&#8221;vc_box_outline&#8221;]<style type=\"text\/css\" data-type=\"the7_shortcodes-inline-css\">#default-btn-267f043db3a0d58124070ff0d60cec88.ico-right-side > i {\n  margin-right: 0px;\n  margin-left: 8px;\n}\n#default-btn-267f043db3a0d58124070ff0d60cec88 > i {\n  margin-right: 8px;\n}\n<\/style><div class=\"btn-align-center\"><a href=\"\/wp-content\/uploads\/2018\/07\/SloanLEDProductGuide-US-Canada-1.pdf\" class=\"default-btn-shortcode dt-btn dt-btn-s link-hover-off \" target=\"_blank\" id=\"default-btn-267f043db3a0d58124070ff0d60cec88\" rel=\"noopener\"><span>Descarc\u0103 PDF<\/span><\/a><\/div>[\/vc_column_inner][vc_column_inner width=&#8221;1\/4&#8243;][vc_column_text]<\/p>\n<p style=\"text-align: center;\">Ofert\u0103 de pre\u021b<\/p>\n<p>[\/vc_column_text][vc_single_image image=&#8221;15228&#8243; img_size=&#8221;130&#215;180&#8243; alignment=&#8221;center&#8221; style=&#8221;vc_box_outline&#8221;]<style type=\"text\/css\" data-type=\"the7_shortcodes-inline-css\">#default-btn-8ef7440aa2a747d24bab9fbeea525334.ico-right-side > i {\n  margin-right: 0px;\n  margin-left: 8px;\n}\n#default-btn-8ef7440aa2a747d24bab9fbeea525334 > i {\n  margin-right: 8px;\n}\n<\/style><div class=\"btn-align-center\"><a href=\"\/wp-content\/uploads\/2018\/07\/Partners_SloanLED_Slimliner_Pricelist.pdf\" class=\"default-btn-shortcode dt-btn dt-btn-s link-hover-off \" target=\"_blank\" id=\"default-btn-8ef7440aa2a747d24bab9fbeea525334\" rel=\"noopener\"><span>Descarc\u0103 PDF<\/span><\/a><\/div>[\/vc_column_inner][\/vc_row_inner][\/vc_column][\/vc_row]<\/p>\n<\/div>","protected":false},"excerpt":{"rendered":"<p>L\u0103mpile LED SloanLED SlimLINER sunt solu\u021bia ideal\u0103 pentru iluminarea spa\u021biilor comerciale \u0219i a \u00eenc\u0103perilor. Potrivite pentru montaj exterior \u0219i interior. Garanteaz\u0103 o iluminare maxim\u0103 cu un consum minim de energie. Pot fi t\u0103iate la dimensiune.<\/p>\n<p><img loading=\"lazy\" decoding=\"async\" class=\"alignleft size-full wp-image-9262\" src=\"\/wp-content\/uploads\/2018\/09\/5god-garantsiya.png\" alt=\"Garan\u021bie de 5 ani pentru module LED\" width=\"96\" height=\"35\" \/><\/p>\n","protected":false},"featured_media":15209,"comment_status":"open","ping_status":"closed","template":"","meta":[],"product_cat":[1852,2687],"product_tag":[],"_links":{"self":[{"href":"https:\/\/partners-ltd.com\/ro\/wp-json\/wp\/v2\/product\/41185"}],"collection":[{"href":"https:\/\/partners-ltd.com\/ro\/wp-json\/wp\/v2\/product"}],"about":[{"href":"https:\/\/partners-ltd.com\/ro\/wp-json\/wp\/v2\/types\/product"}],"replies":[{"embeddable":true,"href":"https:\/\/partners-ltd.com\/ro\/wp-json\/wp\/v2\/comments?post=41185"}],"wp:featuredmedia":[{"embeddable":true,"href":"https:\/\/partners-ltd.com\/ro\/wp-json\/wp\/v2\/media\/15209"}],"wp:attachment":[{"href":"https:\/\/partners-ltd.com\/ro\/wp-json\/wp\/v2\/media?parent=41185"}],"wp:term":[{"taxonomy":"product_cat","embeddable":true,"href":"https:\/\/partners-ltd.com\/ro\/wp-json\/wp\/v2\/product_cat?post=41185"},{"taxonomy":"product_tag","embeddable":true,"href":"https:\/\/partners-ltd.com\/ro\/wp-json\/wp\/v2\/product_tag?post=41185"}],"curies":[{"name":"wp","href":"https:\/\/api.w.org\/{rel}","templated":true}]}}