{"id":41182,"date":"2018-07-16T11:06:18","date_gmt":"2018-07-16T08:06:18","guid":{"rendered":"https:\/\/partners-ltd.com\/magazin\/fara-categorie\/lampa-led-pentru-benzinarii-sloanled-pdl3-modus-35w-51w-66w\/"},"modified":"2025-06-27T11:55:20","modified_gmt":"2025-06-27T08:55:20","slug":"lampa-led-pentru-benzinarii-sloanled-pdl3-modus-35w-51w-66w","status":"publish","type":"product","link":"https:\/\/partners-ltd.com\/ro\/e-shop\/module-si-iluminare-led\/corpuri-de-iluminat-cu-led\/lampa-led-pentru-benzinarii-sloanled-pdl3-modus-35w-51w-66w\/","title":{"rendered":"Lamp\u0103 LED pentru benzin\u0103rii SloanLED PDL3 Modus 35W, 51W, 66W"},"content":{"rendered":"<div class=\"wpb-content-wrapper\"><p>[vc_row css=&#8221;.vc_custom_1530619279291{margin-bottom: 20px !important;border-top-width: 1px !important;border-right-width: 1px !important;border-bottom-width: 1px !important;border-left-width: 1px !important;padding-right: 10px !important;padding-left: 10px !important;border-left-color: #e2e2e2 !important;border-left-style: dotted !important;border-right-color: #e2e2e2 !important;border-right-style: dotted !important;border-top-color: #e2e2e2 !important;border-top-style: dotted !important;border-bottom-color: #e2e2e2 !important;border-bottom-style: dotted !important;border-radius: 1px !important;}&#8221;][vc_column][vc_single_image image=&#8221;15361&#8243; img_size=&#8221;full&#8221;]<div id=\"ultimate-heading-574269d883a37f336\" class=\"uvc-heading ult-adjust-bottom-margin ultimate-heading-574269d883a37f336 uvc-6934 \" data-hspacer=\"no_spacer\"  data-halign=\"left\" style=\"text-align:left\"><div class=\"uvc-heading-spacer no_spacer\" style=\"top\"><\/div><div class=\"uvc-main-heading ult-responsive\"  data-ultimate-target='.uvc-heading.ultimate-heading-574269d883a37f336 h2'  data-responsive-json-new='{\"font-size\":\"desktop:28px;\",\"line-height\":\"desktop:38px;\"}' ><h2 style=\"--font-weight:theme;margin-bottom:20px;\">SloanLED PDL3 Modus - LED pentru benzin\u0103rie<\/h2><\/div><\/div>[vc_row_inner][vc_column_inner][vc_column_text]Corp de iluminat <a href=\"\/kategoriya\/led-moduli-osvetlenie\/osvetitelni-tela\/\">LED de \u00eenalt\u0103 calitate<\/a> de la SloanLED.<\/p>\n<p>PDL3 Modus \u0219i driverul Mod1 (35W, 51W \u0219i 66W) sunt create cu cea mai recent\u0103 tehnologie de la SloanLED. PDL3 Modus are o construc\u021bie extrem de u\u0219oar\u0103, care permite montarea cu u\u0219urin\u021b\u0103 de c\u0103tre o singur\u0103 persoan\u0103. Eficient\u0103 \u0219i rezistent\u0103 la condi\u021bii meteorologice variabile. Dezvoltat\u0103 \u00een conformitate cu cel mai \u00eenalt standard de protec\u021bie la ap\u0103 &#8211; IP68. Special creat\u0103 <a href=\"https:\/\/partners-ltd.com\/led-lampi\/\">lamp\u0103 LED pentru benzin\u0103rii<\/a>, potrivit\u0103 \u0219i pentru hipermarketuri, hale, acoperi\u0219uri \u0219i altele. Datorit\u0103 gamei sale largi de tensiune de intrare (100\u2011277 VAC), driverul Mod1 elimin\u0103 orice fluctua\u021bii de tensiune \u0219i garanteaz\u0103<strong> o iluminare uniform\u0103 a instala\u021biilor.<\/strong><\/p>\n<p><strong>Puterea<\/strong> corpului de iluminat <strong>poate fi reglat\u0103<\/strong> de driverul de alimentare.\u00a0PDL3 Modus este destinat\u0103 utiliz\u0103rii \u00een combina\u021bie cu driverul de alimentare &#8211; MOD1 75W PSU pentru 36\/51\/66 W. Alimentarea este oferit\u0103 \u00een pachet cu un modul special (cutie de conexiuni), care permite<strong> alegerea \u00eentre 3 moduri de iluminare<\/strong>.<\/p>\n<p>Modulele LED de \u00eenalt\u0103 calitate\u00a0<a href=\"https:\/\/partners-ltd.com\/ro\/inceput\/led-moduli-osvetlenie\/\">\u0219i iluminatul<\/a>\u00a0de la SloanLED garanteaz\u0103 o iluminare str\u0103lucitoare \u0219i uniform\u0103.[\/vc_column_text][\/vc_column_inner][\/vc_row_inner][\/vc_column][\/vc_row][vc_row css=&#8221;.vc_custom_1531293008623{margin-bottom: 20px !important;border-top-width: 1px !important;border-right-width: 1px !important;border-bottom-width: 1px !important;border-left-width: 1px !important;padding-right: 10px !important;padding-left: 10px !important;border-left-color: #e2e2e2 !important;border-left-style: dotted !important;border-right-color: #e2e2e2 !important;border-right-style: dotted !important;border-top-color: #e2e2e2 !important;border-top-style: dotted !important;border-bottom-color: #e2e2e2 !important;border-bottom-style: dotted !important;border-radius: 2px !important;}&#8221;][vc_column]<div id=\"ultimate-heading-599569d883a37f3a3\" class=\"uvc-heading ult-adjust-bottom-margin ultimate-heading-599569d883a37f3a3 uvc-3610 \" data-hspacer=\"no_spacer\"  data-halign=\"left\" style=\"text-align:left\"><div class=\"uvc-heading-spacer no_spacer\" style=\"top\"><\/div><div class=\"uvc-main-heading ult-responsive\"  data-ultimate-target='.uvc-heading.ultimate-heading-599569d883a37f3a3 h3'  data-responsive-json-new='{\"font-size\":\"desktop:28px;\",\"line-height\":\"desktop:38px;\"}' ><h3 style=\"--font-weight:theme;margin-bottom:30px;\">SloanLED MOD1 75W PSU<\/h3><\/div><\/div>[vc_column_text]Caracteristici de func\u021bionare ale PDL3 Modus cu driverul de alimentare SloanLED MOD1 75W PSU.[\/vc_column_text][vc_row_inner gap=&#8221;20&#8243;][vc_column_inner width=&#8221;1\/3&#8243;]<div class=\"ult_pricing_table_wrap ult_info_table ult_design_2  ult-cs-custom \">\n\t\t\t\t\t<div class=\"ult_pricing_table \" style=\"background:#f7f7f7; \"><div id=\"Info-table-wrap-6320\" class=\"ult_pricing_heading\" style=\"background:#666666;color:#ffffff;\">\n\t\t\t\t\t\t\t<h3 class=\"ult-responsive\"  data-ultimate-target='#Info-table-wrap-6320 h3'  data-responsive-json-new='{\"font-size\":\"\",\"line-height\":\"\"}'  style=\"font-weight:normal;color:#ffffff;\">Electrice<\/h3><\/div><!--ult_pricing_heading--><div id=\"info_table_features_wrap-2818\"  data-ultimate-target='#info_table_features_wrap-2818.ult_price_features'  data-responsive-json-new='{\"font-size\":\"\",\"line-height\":\"\"}'  class=\"ult-responsive ult_price_features\" style=\"font-weight:normal;\">\n\t\t\t\t\t\t\t<table>\n<tbody>\n<tr>\n<td>Alimentare<\/td>\n<td>36 W, 51 W, 66 W<\/td>\n<\/tr>\n<tr>\n<td>Eficien\u021b\u0103<\/td>\n<td>140 lm\/W (36 W)<br \/>\n137 lm\/W (51 W)<br \/>\n136 lm\/W (66 W)<\/td>\n<\/tr>\n<tr>\n<td>Tensiune de intrare<\/td>\n<td>100\u2011277 VAC, 50\u201160 Hz<\/td>\n<\/tr>\n<\/tbody>\n<\/table>\n\n\t\t\t\t\t\t<\/div><!--ult_price_features--><div class=\"ult_clr\"><\/div>\n\t\t\t<\/div><!--pricing_table-->\n\t\t<\/div><!--pricing_table_wrap-->[\/vc_column_inner][vc_column_inner width=&#8221;1\/3&#8243;]<div class=\"ult_pricing_table_wrap ult_info_table ult_design_2  ult-cs-custom \">\n\t\t\t\t\t<div class=\"ult_pricing_table \" style=\"background:#f7f7f7; \"><div id=\"Info-table-wrap-2625\" class=\"ult_pricing_heading\" style=\"background:#666666;color:#ffffff;\">\n\t\t\t\t\t\t\t<h3 class=\"ult-responsive\"  data-ultimate-target='#Info-table-wrap-2625 h3'  data-responsive-json-new='{\"font-size\":\"\",\"line-height\":\"\"}'  style=\"font-weight:normal;color:#ffffff;\">Iluminat<\/h3><\/div><!--ult_pricing_heading--><div id=\"info_table_features_wrap-8962\"  data-ultimate-target='#info_table_features_wrap-8962.ult_price_features'  data-responsive-json-new='{\"font-size\":\"\",\"line-height\":\"\"}'  class=\"ult-responsive ult_price_features\" style=\"font-weight:normal;\">\n\t\t\t\t\t\t\t<table>\n<tbody>\n<tr>\n<td>Temperatur\u0103 de culoare<\/td>\n<td>5000 K<\/td>\n<\/tr>\n<tr>\n<td>Iluminare(lm\/W)<\/td>\n<td>5.000 Lm (36 W)<br \/>\n7.000 Lm (51 W)<br \/>\n9.000 Lm (66 W)<\/td>\n<\/tr>\n<tr style=\"height: 60px;\">\n<td>CRI<\/td>\n<td>70<\/td>\n<\/tr>\n<\/tbody>\n<\/table>\n\n\t\t\t\t\t\t<\/div><!--ult_price_features--><div class=\"ult_clr\"><\/div>\n\t\t\t<\/div><!--pricing_table-->\n\t\t<\/div><!--pricing_table_wrap-->[\/vc_column_inner][vc_column_inner width=&#8221;1\/3&#8243;]<div class=\"ult_pricing_table_wrap ult_info_table ult_design_2  ult-cs-custom \">\n\t\t\t\t\t<div class=\"ult_pricing_table \" style=\"background:#f7f7f7; \"><div id=\"Info-table-wrap-6655\" class=\"ult_pricing_heading\" style=\"background:#666666;color:#ffffff;\">\n\t\t\t\t\t\t\t<h3 class=\"ult-responsive\"  data-ultimate-target='#Info-table-wrap-6655 h3'  data-responsive-json-new='{\"font-size\":\"\",\"line-height\":\"\"}'  style=\"font-weight:normal;color:#ffffff;\">Performan\u021b\u0103<\/h3><\/div><!--ult_pricing_heading--><div id=\"info_table_features_wrap-3713\"  data-ultimate-target='#info_table_features_wrap-3713.ult_price_features'  data-responsive-json-new='{\"font-size\":\"\",\"line-height\":\"\"}'  class=\"ult-responsive ult_price_features\" style=\"font-weight:normal;\">\n\t\t\t\t\t\t\t<table>\n<tbody>\n<tr>\n<td>Protec\u021bie<\/td>\n<td>IP68<\/td>\n<\/tr>\n<tr>\n<td style=\"width: 40%;\">Temperatur\u0103 de lucru<\/td>\n<td style=\"width: 60%;\">\u201140\u00b0 p\u00e2n\u0103 la 60\u00b0C(36 W)<br \/>\n\u201140\u00b0 p\u00e2n\u0103 la 55\u00b0C(51 W)<br \/>\n\u201140\u00b0 p\u00e2n\u0103 la 50\u00b0C(66 W)<\/td>\n<\/tr>\n<tr style=\"height: 62px;\">\n<td>Ore de via\u021b\u0103<\/td>\n<td>100.000 ore (L<sub>70<\/sub>)2<\/td>\n<\/tr>\n<\/tbody>\n<\/table>\n\n\t\t\t\t\t\t<\/div><!--ult_price_features--><div class=\"ult_clr\"><\/div>\n\t\t\t<\/div><!--pricing_table-->\n\t\t<\/div><!--pricing_table_wrap-->[\/vc_column_inner][\/vc_row_inner][\/vc_column][\/vc_row][vc_row css=&#8221;.vc_custom_1531293008623{margin-bottom: 20px !important;border-top-width: 1px !important;border-right-width: 1px !important;border-bottom-width: 1px !important;border-left-width: 1px !important;padding-right: 10px !important;padding-left: 10px !important;border-left-color: #e2e2e2 !important;border-left-style: dotted !important;border-right-color: #e2e2e2 !important;border-right-style: dotted !important;border-top-color: #e2e2e2 !important;border-top-style: dotted !important;border-bottom-color: #e2e2e2 !important;border-bottom-style: dotted !important;border-radius: 2px !important;}&#8221;][vc_column]<div id=\"ultimate-heading-8069d883a37f985\" class=\"uvc-heading ult-adjust-bottom-margin ultimate-heading-8069d883a37f985 uvc-1174 \" data-hspacer=\"no_spacer\"  data-halign=\"left\" style=\"text-align:left\"><div class=\"uvc-heading-spacer no_spacer\" style=\"top\"><\/div><div class=\"uvc-main-heading ult-responsive\"  data-ultimate-target='.uvc-heading.ultimate-heading-8069d883a37f985 h3'  data-responsive-json-new='{\"font-size\":\"desktop:28px;\",\"line-height\":\"desktop:38px;\"}' ><h3 style=\"--font-weight:theme;margin-bottom:30px;\">Documente<\/h3><\/div><\/div>[vc_column_text]Buletin de produs, ghid de instala\u021bie \u0219i bro\u0219ur\u0103 de produs pentru lampa SloanLED PDL3 Modus \u0219i driver de alimentare Mod1.[\/vc_column_text][vc_row_inner gap=&#8221;20&#8243;][vc_column_inner width=&#8221;1\/4&#8243;][vc_column_text]<\/p>\n<p style=\"text-align: center;\">Buletin de produs<\/p>\n<p>[\/vc_column_text][vc_single_image image=&#8221;15355&#8243; img_size=&#8221;130&#215;180&#8243; alignment=&#8221;center&#8221; style=&#8221;vc_box_outline&#8221;]<style type=\"text\/css\" data-type=\"the7_shortcodes-inline-css\">#default-btn-c07064c58b809d30990af5f9eb8399a7.ico-right-side > i {\n  margin-right: 0px;\n  margin-left: 8px;\n}\n#default-btn-c07064c58b809d30990af5f9eb8399a7 > i {\n  margin-right: 8px;\n}\n<\/style><div class=\"btn-align-center\"><a href=\"\/wp-content\/uploads\/2018\/07\/DataSheet-PDL3MODUS-Global.pdf\" class=\"default-btn-shortcode dt-btn dt-btn-s link-hover-off \" target=\"_blank\" id=\"default-btn-c07064c58b809d30990af5f9eb8399a7\" rel=\"noopener\"><i class=\"fas fa-download\"><\/i><span>Descarc\u0103 PDF<\/span><\/a><\/div>[\/vc_column_inner][vc_column_inner width=&#8221;1\/4&#8243;][vc_column_text]<\/p>\n<p style=\"text-align: center;\">Ghid de instala\u021bie<\/p>\n<p>[\/vc_column_text][vc_single_image image=&#8221;15357&#8243; img_size=&#8221;130&#215;180&#8243; alignment=&#8221;center&#8221; style=&#8221;vc_box_outline&#8221;]<style type=\"text\/css\" data-type=\"the7_shortcodes-inline-css\">#default-btn-637a35f88ccbc52dc1c8ec8ad21e0525.ico-right-side > i {\n  margin-right: 0px;\n  margin-left: 8px;\n}\n#default-btn-637a35f88ccbc52dc1c8ec8ad21e0525 > i {\n  margin-right: 8px;\n}\n<\/style><div class=\"btn-align-center\"><a href=\"\/wp-content\/uploads\/2018\/07\/InstallGuide-PDL3MODUS.pdf\" class=\"default-btn-shortcode dt-btn dt-btn-s link-hover-off \" target=\"_blank\" id=\"default-btn-637a35f88ccbc52dc1c8ec8ad21e0525\" rel=\"noopener\"><i class=\"fas fa-download\"><\/i><span>Descarc\u0103 PDF<\/span><\/a><\/div>[\/vc_column_inner][vc_column_inner width=&#8221;1\/4&#8243;][vc_column_text]<\/p>\n<p style=\"text-align: center;\">Bro\u0219ur\u0103 de produs<\/p>\n<p>[\/vc_column_text][vc_single_image image=&#8221;15359&#8243; img_size=&#8221;130&#215;180&#8243; alignment=&#8221;center&#8221; style=&#8221;vc_box_outline&#8221;]<style type=\"text\/css\" data-type=\"the7_shortcodes-inline-css\">#default-btn-ab5dcc6d2fc5d1f44fe24ce048e87826.ico-right-side > i {\n  margin-right: 0px;\n  margin-left: 8px;\n}\n#default-btn-ab5dcc6d2fc5d1f44fe24ce048e87826 > i {\n  margin-right: 8px;\n}\n<\/style><div class=\"btn-align-center\"><a href=\"\/wp-content\/uploads\/2018\/07\/SloanLED-Product-brochure.pdf\" class=\"default-btn-shortcode dt-btn dt-btn-s link-hover-off \" target=\"_blank\" id=\"default-btn-ab5dcc6d2fc5d1f44fe24ce048e87826\" rel=\"noopener\"><i class=\"fas fa-download\"><\/i><span>Descarc\u0103 PDF<\/span><\/a><\/div>[\/vc_column_inner][vc_column_inner width=&#8221;1\/4&#8243;][\/vc_column_inner][\/vc_row_inner][\/vc_column][\/vc_row]<\/p>\n<\/div>","protected":false},"excerpt":{"rendered":"<p>Corp de iluminat LED \u0219i driver de alimentare dezvoltate \u00een conformitate cu cel mai \u00eenalt standard de protec\u021bie la ap\u0103 &#8211; IP68. Special create pentru utilizare exterioar\u0103, potrivite pentru benzin\u0103rii, hale, copertine. Pentru \u00een\u0103l\u021bimi de la 4 la 6 metri.<\/p>\n<p><img loading=\"lazy\" decoding=\"async\" class=\"alignnone wp-image-16404 size-full\" src=\"https:\/\/partners-ltd.com\/wp-content\/uploads\/2018\/09\/10god-warranty.png\" alt=\"garan\u021bie de 10 ani\" width=\"116\" height=\"35\" \/><\/p>\n","protected":false},"featured_media":15354,"comment_status":"open","ping_status":"closed","template":"","meta":[],"product_cat":[1852,2687],"product_tag":[],"_links":{"self":[{"href":"https:\/\/partners-ltd.com\/ro\/wp-json\/wp\/v2\/product\/41182"}],"collection":[{"href":"https:\/\/partners-ltd.com\/ro\/wp-json\/wp\/v2\/product"}],"about":[{"href":"https:\/\/partners-ltd.com\/ro\/wp-json\/wp\/v2\/types\/product"}],"replies":[{"embeddable":true,"href":"https:\/\/partners-ltd.com\/ro\/wp-json\/wp\/v2\/comments?post=41182"}],"wp:featuredmedia":[{"embeddable":true,"href":"https:\/\/partners-ltd.com\/ro\/wp-json\/wp\/v2\/media\/15354"}],"wp:attachment":[{"href":"https:\/\/partners-ltd.com\/ro\/wp-json\/wp\/v2\/media?parent=41182"}],"wp:term":[{"taxonomy":"product_cat","embeddable":true,"href":"https:\/\/partners-ltd.com\/ro\/wp-json\/wp\/v2\/product_cat?post=41182"},{"taxonomy":"product_tag","embeddable":true,"href":"https:\/\/partners-ltd.com\/ro\/wp-json\/wp\/v2\/product_tag?post=41182"}],"curies":[{"name":"wp","href":"https:\/\/api.w.org\/{rel}","templated":true}]}}