{"id":41178,"date":"2018-07-10T14:46:59","date_gmt":"2018-07-10T11:46:59","guid":{"rendered":"https:\/\/partners-ltd.com\/magazin\/fara-categorie\/sloanled-prism-12v-culori\/"},"modified":"2025-06-24T09:14:38","modified_gmt":"2025-06-24T06:14:38","slug":"sloanled-prism-12v-culori","status":"publish","type":"product","link":"https:\/\/partners-ltd.com\/ro\/e-shop\/module-si-iluminare-led\/module-sloanled\/sloanled-prism-12v-culori\/","title":{"rendered":"SloanLED Prism 12V &#8211; culori"},"content":{"rendered":"<div class=\"wpb-content-wrapper\"><p>[vc_row css=&#8221;.vc_custom_1530619279291{margin-bottom: 20px !important;border-top-width: 1px !important;border-right-width: 1px !important;border-bottom-width: 1px !important;border-left-width: 1px !important;padding-right: 10px !important;padding-left: 10px !important;border-left-color: #e2e2e2 !important;border-left-style: dotted !important;border-right-color: #e2e2e2 !important;border-right-style: dotted !important;border-top-color: #e2e2e2 !important;border-top-style: dotted !important;border-bottom-color: #e2e2e2 !important;border-bottom-style: dotted !important;border-radius: 1px !important;}&#8221;][vc_column][vc_single_image image=&#8221;15166&#8243; img_size=&#8221;full&#8221;]<div id=\"ultimate-heading-328669d8679c0b924\" class=\"uvc-heading ult-adjust-bottom-margin ultimate-heading-328669d8679c0b924 uvc-6492 \" data-hspacer=\"no_spacer\"  data-halign=\"left\" style=\"text-align:left\"><div class=\"uvc-heading-spacer no_spacer\" style=\"top\"><\/div><div class=\"uvc-main-heading ult-responsive\"  data-ultimate-target='.uvc-heading.ultimate-heading-328669d8679c0b924 h2'  data-responsive-json-new='{\"font-size\":\"desktop:28px;\",\"line-height\":\"desktop:38px;\"}' ><h2 style=\"--font-weight:theme;margin-bottom:20px;\">SloanLED Prism Colors - diode colorate<\/h2><\/div><\/div>[vc_row_inner][vc_column_inner][vc_column_text]SloanLED Prism Colors sunt diode colorate, special proiectate pentru iluminarea literelor volumetrice.<\/p>\n<p>Lentilele unice cu un sistem\u0103 patentat de micro prisme asigur\u0103 un unghi de iluminare extrem de larg \u2013 180\u00b0, dispersie maxim\u0103 \u0219i luminozitate a luminii la o distan\u021b\u0103 minim\u0103 de modul. Acesta este \u00eenc\u0103 un progres remarcabil al SloanLED \u00een \u0219tiin\u021ba fizicii optice, combinat cu decenii de cercetare \u00een industria publicitar\u0103.<\/p>\n<p>Cu ajutorul SloanLED Prism, pute\u021bi ilumina litere sau semne foarte sub\u021biri cu un num\u0103r minim de <a href=\"\/kategoriya\/led-moduli-osvetlenie\/sloanled-moduli\/\">module SloanLED<\/a>. Este ideal pentru iluminarea semnelor luminoase unilaterale, chiar \u0219i foarte plate \u2013 5 cm. Modulele LED <a href=\"https:\/\/partners-ltd.com\/ro\/inceput\/led-moduli-osvetlenie\/\">de \u00eenalt\u0103 calitate \u0219i iluminatul<\/a> de la SloanLED asigur\u0103 o iluminare de durat\u0103 \u0219i efectiv\u0103.<\/p>\n<p>Num\u0103rul maxim de module pe un circuit de 60W 12DVC este de 75 buc\u0103\u021bi.[\/vc_column_text][\/vc_column_inner][\/vc_row_inner][\/vc_column][\/vc_row][vc_row css=&#8221;.vc_custom_1531296600629{margin-bottom: 20px !important;border-top-width: 1px !important;border-right-width: 1px !important;border-bottom-width: 1px !important;border-left-width: 1px !important;padding-right: 10px !important;padding-left: 10px !important;border-left-color: #e2e2e2 !important;border-left-style: dotted !important;border-right-color: #e2e2e2 !important;border-right-style: dotted !important;border-top-color: #e2e2e2 !important;border-top-style: dotted !important;border-bottom-color: #e2e2e2 !important;border-bottom-style: dotted !important;border-radius: 2px !important;}&#8221;][vc_column width=&#8221;1\/2&#8243;]<div id=\"ultimate-heading-826169d8679c0b95e\" class=\"uvc-heading ult-adjust-bottom-margin ultimate-heading-826169d8679c0b95e uvc-2933 \" data-hspacer=\"no_spacer\"  data-halign=\"left\" style=\"text-align:left\"><div class=\"uvc-heading-spacer no_spacer\" style=\"top\"><\/div><div class=\"uvc-main-heading ult-responsive\"  data-ultimate-target='.uvc-heading.ultimate-heading-826169d8679c0b95e h3'  data-responsive-json-new='{\"font-size\":\"desktop:28px;\",\"line-height\":\"desktop:38px;\"}' ><h3 style=\"--font-weight:theme;margin-bottom:20px;\">Caracteristici principale:<\/h3><\/div><\/div><div class=\"standard-arrow list-divider bullet-top\"><ul>\n<li>pentru iluminarea semnelor luminoase \u0219i literelor volumetrice<\/li>\n<li>lentile cu un sistem\u0103 patentat de micro prisme<\/li>\n<li>unghi de iluminare \u2013 180\u00b0<\/li>\n<\/ul>\n<\/div>[\/vc_column][vc_column width=&#8221;1\/2&#8243;][vc_empty_space height=&#8221;58px&#8221;]<div class=\"standard-arrow list-divider bullet-top\"><ul>\n<li>alegere din patru culori<\/li>\n<li>100.000(L<sub>70<\/sub>) ore de via\u021b\u0103<\/li>\n<li>garan\u021bie &#8211; 10 ani<\/li>\n<\/ul>\n<\/div>[\/vc_column][\/vc_row][vc_row css=&#8221;.vc_custom_1531293008623{margin-bottom: 20px !important;border-top-width: 1px !important;border-right-width: 1px !important;border-bottom-width: 1px !important;border-left-width: 1px !important;padding-right: 10px !important;padding-left: 10px !important;border-left-color: #e2e2e2 !important;border-left-style: dotted !important;border-right-color: #e2e2e2 !important;border-right-style: dotted !important;border-top-color: #e2e2e2 !important;border-top-style: dotted !important;border-bottom-color: #e2e2e2 !important;border-bottom-style: dotted !important;border-radius: 2px !important;}&#8221;][vc_column]<div id=\"ultimate-heading-921269d8679c0b9e8\" class=\"uvc-heading ult-adjust-bottom-margin ultimate-heading-921269d8679c0b9e8 uvc-3634 \" data-hspacer=\"no_spacer\"  data-halign=\"left\" style=\"text-align:left\"><div class=\"uvc-heading-spacer no_spacer\" style=\"top\"><\/div><div class=\"uvc-main-heading ult-responsive\"  data-ultimate-target='.uvc-heading.ultimate-heading-921269d8679c0b9e8 h3'  data-responsive-json-new='{\"font-size\":\"desktop:28px;\",\"line-height\":\"desktop:38px;\"}' ><h3 style=\"--font-weight:theme;margin-bottom:30px;\">Documente<\/h3><\/div><\/div>[vc_column_text]Buletin de produs, ghid de instala\u021bie \u0219i bro\u0219ur\u0103 de produs pentru module LED SloanLED Prism Colors.<\/p>\n<p>[\/vc_column_text][vc_row_inner gap=&#8221;20&#8243;][vc_column_inner width=&#8221;1\/4&#8243;][vc_column_text]<\/p>\n<p style=\"text-align: center;\">Buletin de produs<\/p>\n<p>[\/vc_column_text][vc_single_image image=&#8221;15168&#8243; img_size=&#8221;130&#215;180&#8243; alignment=&#8221;center&#8221; style=&#8221;vc_box_outline&#8221;]<style type=\"text\/css\" data-type=\"the7_shortcodes-inline-css\">#default-btn-73ba787ac0b741c0aa320d8f7384d477.ico-right-side > i {\n  margin-right: 0px;\n  margin-left: 8px;\n}\n#default-btn-73ba787ac0b741c0aa320d8f7384d477 > i {\n  margin-right: 8px;\n}\n<\/style><div class=\"btn-align-center\"><a href=\"\/wp-content\/uploads\/2018\/07\/SloadLed-Prism-White-PDF.pdf\" class=\"default-btn-shortcode dt-btn dt-btn-s link-hover-off \" target=\"_blank\" id=\"default-btn-73ba787ac0b741c0aa320d8f7384d477\" rel=\"noopener\"><i class=\"fas fa-download\"><\/i><span>Descarc\u0103 PDF<\/span><\/a><\/div>[\/vc_column_inner][vc_column_inner width=&#8221;1\/4&#8243;][vc_column_text]<\/p>\n<p style=\"text-align: center;\">Ghid de instala\u021bie<\/p>\n<p>[\/vc_column_text][vc_single_image image=&#8221;15171&#8243; img_size=&#8221;130&#215;180&#8243; alignment=&#8221;center&#8221; style=&#8221;vc_box_outline&#8221;]<style type=\"text\/css\" data-type=\"the7_shortcodes-inline-css\">#default-btn-599ac6c18094b6f675b4d8778cf18063.ico-right-side > i {\n  margin-right: 0px;\n  margin-left: 8px;\n}\n#default-btn-599ac6c18094b6f675b4d8778cf18063 > i {\n  margin-right: 8px;\n}\n<\/style><div class=\"btn-align-center\"><a href=\"\/wp-content\/uploads\/2018\/07\/SloanLED-Prism-White-Install-guide.pdf\" class=\"default-btn-shortcode dt-btn dt-btn-s link-hover-off \" target=\"_blank\" id=\"default-btn-599ac6c18094b6f675b4d8778cf18063\" rel=\"noopener\"><i class=\"fas fa-download\"><\/i><span>Descarc\u0103 PDF<\/span><\/a><\/div>[\/vc_column_inner][vc_column_inner width=&#8221;1\/4&#8243;][vc_column_text]<\/p>\n<p style=\"text-align: center;\">Bro\u0219ur\u0103 de produs<\/p>\n<p>[\/vc_column_text][vc_single_image image=&#8221;15172&#8243; img_size=&#8221;130&#215;180&#8243; alignment=&#8221;center&#8221; style=&#8221;vc_box_outline&#8221;]<style type=\"text\/css\" data-type=\"the7_shortcodes-inline-css\">#default-btn-4838514d32028e88a7b3e3af07d0ad9a.ico-right-side > i {\n  margin-right: 0px;\n  margin-left: 8px;\n}\n#default-btn-4838514d32028e88a7b3e3af07d0ad9a > i {\n  margin-right: 8px;\n}\n<\/style><div class=\"btn-align-center\"><a href=\"\/wp-content\/uploads\/2018\/07\/SloanLED-Prism-White-Product-guide.pdf\" class=\"default-btn-shortcode dt-btn dt-btn-s link-hover-off \" target=\"_blank\" id=\"default-btn-4838514d32028e88a7b3e3af07d0ad9a\" rel=\"noopener\"><i class=\"fas fa-download\"><\/i><span>Descarc\u0103 PDF<\/span><\/a><\/div>[\/vc_column_inner][vc_column_inner width=&#8221;1\/4&#8243;][\/vc_column_inner][\/vc_row_inner][\/vc_column][\/vc_row]<\/p>\n<\/div>","protected":false},"excerpt":{"rendered":"<p>SloanLED Prism Colors sunt module LED, special proiectate pentru iluminarea literelor volumetrice. Lentilele inovatoare cu un sistem\u0103 patentat de micro prisme asigur\u0103 iluminare str\u0103lucitoare \u0219i uniform\u0103. Cu 10 ani garan\u021bie complet\u0103 \u0219i 100.000(L<sub>70<\/sub>) ore de via\u021b\u0103.<\/p>\n[dt_gap height=\"10\" \/]\n<p><img loading=\"lazy\" decoding=\"async\" class=\"alignleft size-full wp-image-4958\" src=\"\/wp-content\/uploads\/2018\/10\/180grad_10-god.png\" alt=\"180 de grade de iluminare, 10 ani garan\u021bie\" width=\"188\" height=\"35\" \/><\/p>\n","protected":false},"featured_media":15177,"comment_status":"open","ping_status":"closed","template":"","meta":[],"product_cat":[1852,2690],"product_tag":[],"_links":{"self":[{"href":"https:\/\/partners-ltd.com\/ro\/wp-json\/wp\/v2\/product\/41178"}],"collection":[{"href":"https:\/\/partners-ltd.com\/ro\/wp-json\/wp\/v2\/product"}],"about":[{"href":"https:\/\/partners-ltd.com\/ro\/wp-json\/wp\/v2\/types\/product"}],"replies":[{"embeddable":true,"href":"https:\/\/partners-ltd.com\/ro\/wp-json\/wp\/v2\/comments?post=41178"}],"wp:featuredmedia":[{"embeddable":true,"href":"https:\/\/partners-ltd.com\/ro\/wp-json\/wp\/v2\/media\/15177"}],"wp:attachment":[{"href":"https:\/\/partners-ltd.com\/ro\/wp-json\/wp\/v2\/media?parent=41178"}],"wp:term":[{"taxonomy":"product_cat","embeddable":true,"href":"https:\/\/partners-ltd.com\/ro\/wp-json\/wp\/v2\/product_cat?post=41178"},{"taxonomy":"product_tag","embeddable":true,"href":"https:\/\/partners-ltd.com\/ro\/wp-json\/wp\/v2\/product_tag?post=41178"}],"curies":[{"name":"wp","href":"https:\/\/api.w.org\/{rel}","templated":true}]}}