{"id":41176,"date":"2018-07-12T09:36:44","date_gmt":"2018-07-12T06:36:44","guid":{"rendered":"https:\/\/partners-ltd.com\/magazin\/fara-categorie\/sloanled-prism-white-12v-diode-albe-cu-garantie-de-10-ani\/"},"modified":"2025-06-27T12:03:58","modified_gmt":"2025-06-27T09:03:58","slug":"sloanled-prism-white-12v-diode-albe-cu-garantie-de-10-ani","status":"publish","type":"product","link":"https:\/\/partners-ltd.com\/ro\/e-shop\/module-si-iluminare-led\/module-sloanled\/sloanled-prism-white-12v-diode-albe-cu-garantie-de-10-ani\/","title":{"rendered":"SloanLED Prism White 12V &#8211; diode albe cu garan\u021bie de 10 ani"},"content":{"rendered":"<div class=\"wpb-content-wrapper\"><p>[vc_row css=&#8221;.vc_custom_1530619279291{margin-bottom: 20px !important;border-top-width: 1px !important;border-right-width: 1px !important;border-bottom-width: 1px !important;border-left-width: 1px !important;padding-right: 10px !important;padding-left: 10px !important;border-left-color: #e2e2e2 !important;border-left-style: dotted !important;border-right-color: #e2e2e2 !important;border-right-style: dotted !important;border-top-color: #e2e2e2 !important;border-top-style: dotted !important;border-bottom-color: #e2e2e2 !important;border-bottom-style: dotted !important;border-radius: 1px !important;}&#8221;][vc_column][vc_single_image image=&#8221;15166&#8243; img_size=&#8221;full&#8221;]<div id=\"ultimate-heading-684169dea21f84c06\" class=\"uvc-heading ult-adjust-bottom-margin ultimate-heading-684169dea21f84c06 uvc-3349 \" data-hspacer=\"no_spacer\"  data-halign=\"left\" style=\"text-align:left\"><div class=\"uvc-heading-spacer no_spacer\" style=\"top\"><\/div><div class=\"uvc-main-heading ult-responsive\"  data-ultimate-target='.uvc-heading.ultimate-heading-684169dea21f84c06 h2'  data-responsive-json-new='{\"font-size\":\"desktop:28px;\",\"line-height\":\"desktop:38px;\"}' ><h2 style=\"--font-weight:theme;margin-bottom:20px;\">Module LED SloanLED Prism White<\/h2><\/div><\/div>[vc_row_inner][vc_column_inner][vc_column_text]<img loading=\"lazy\" decoding=\"async\" class=\"size-medium wp-image-9628 alignright\" src=\"https:\/\/partners-ltd.com\/wp-content\/uploads\/2018\/07\/DSAwAQ2WsAALqBv-300x150.jpg\" alt=\"\" width=\"300\" height=\"150\" srcset=\"https:\/\/partners-ltd.com\/wp-content\/uploads\/2018\/07\/DSAwAQ2WsAALqBv-300x150.jpg 300w, https:\/\/partners-ltd.com\/wp-content\/uploads\/2018\/07\/DSAwAQ2WsAALqBv-768x384.jpg 768w, https:\/\/partners-ltd.com\/wp-content\/uploads\/2018\/07\/DSAwAQ2WsAALqBv-1024x512.jpg 1024w, https:\/\/partners-ltd.com\/wp-content\/uploads\/2018\/07\/DSAwAQ2WsAALqBv-425x213.jpg 425w, https:\/\/partners-ltd.com\/wp-content\/uploads\/2018\/07\/DSAwAQ2WsAALqBv.jpg 1200w\" sizes=\"(max-width: 300px) 100vw, 300px\" \/>SloanLED Prism White sunt diode cu garan\u021bie de 10 ani, special proiectate pentru iluminarea literelor volumetrice \u0219i a semnelor luminoase.<\/p>\n<p>Lentilele unice cu un sistem\u0103 patentat de micro prisme asigur\u0103 un unghi de iluminare extrem de larg \u2013 180\u00b0, dispersie maxim\u0103 \u0219i luminozitate a luminii la o distan\u021b\u0103 minim\u0103 de modul. Acesta este \u00eenc\u0103 un progres remarcabil al SloanLED \u00een \u0219tiin\u021ba fizicii optice, combinat cu decenii de cercetare \u00een industria publicitar\u0103.<\/p>\n<p>Cu ajutorul <a href=\"https:\/\/sloanled.com\/collection\/signage\/channel-letter-signage\/sloanled-prism\/\">SloanLED Prism<\/a>, pute\u021bi ilumina litere volumetrice foarte sub\u021biri sau semne plate cu un num\u0103r minim de module LED. Sunt ideale pentru iluminarea semnelor luminoase unilaterale, chiar \u0219i cu un volum de 5 cm. Modulele LED <a href=\"https:\/\/partners-ltd.com\/ro\/inceput\/led-moduli-osvetlenie\/\">de \u00eenalt\u0103 calitate \u0219i iluminatul<\/a> de la SloanLED asigur\u0103 o iluminare de durat\u0103 \u0219i efectiv\u0103.[\/vc_column_text][\/vc_column_inner][\/vc_row_inner][vc_column_text]<\/p>\n<h2>Cum ob\u021binem calitate \u0219i garan\u021bie de 10 ani?<\/h2>\n<p>\u00cen produc\u021bia de cipuri LED, mai pu\u021bin de 10% au o calitate extrem de \u00eenalt\u0103 \u0219i sunt separate \u00een loturi speciale. \u00cen modulele SloanLED se folosesc cipuri LED din aceste loturi.<\/p>\n<p>Al doilea component\u0103 serios care ofer\u0103 un avantaj enorm este integrarea unui driver de curent constant \u00een fiecare modul. Astfel se rezolv\u0103 unul dintre principalele dezavantaje ale modulelor LED v\u00e2ndute \u00een mas\u0103. La acestea, din motive de buget, acest driver lipse\u0219te. De aceea apare situa\u021bia \u00een care intensitatea luminii primului modul este cea mai mare \u0219i scade treptat de-a lungul lan\u021bului. Acest efect se observ\u0103 ca litere sau semne iluminate neuniform \u0219i se accentueaz\u0103 \u00een timp.<\/p>\n<p><a href=\"\/kategoriya\/led-moduli-osvetlenie\/sloanled-moduli\/\">Modulele SloanLED<\/a> sunt proiectate pentru instalare \u00eentr-un lan\u021b cu un curent maxim de 5A, astfel \u00eenc\u00e2t num\u0103rul maxim de module \u00eentr-un lan\u021b este\u00a0<a href=\"https:\/\/partners-ltd.com\/ro\/e-shop\/module-si-iluminare-led\/drivere-led\/sloanled-60w3-60w-12v-driver-de-alimentare\/\">60W 12DVC<\/a> driver este de 48 de module.[\/vc_column_text][\/vc_column][\/vc_row][vc_row css=&#8221;.vc_custom_1531296600629{margin-bottom: 20px !important;border-top-width: 1px !important;border-right-width: 1px !important;border-bottom-width: 1px !important;border-left-width: 1px !important;padding-right: 10px !important;padding-left: 10px !important;border-left-color: #e2e2e2 !important;border-left-style: dotted !important;border-right-color: #e2e2e2 !important;border-right-style: dotted !important;border-top-color: #e2e2e2 !important;border-top-style: dotted !important;border-bottom-color: #e2e2e2 !important;border-bottom-style: dotted !important;border-radius: 2px !important;}&#8221;][vc_column width=&#8221;1\/2&#8243;]<div id=\"ultimate-heading-763169dea21f84c45\" class=\"uvc-heading ult-adjust-bottom-margin ultimate-heading-763169dea21f84c45 uvc-3215 \" data-hspacer=\"no_spacer\"  data-halign=\"left\" style=\"text-align:left\"><div class=\"uvc-heading-spacer no_spacer\" style=\"top\"><\/div><div class=\"uvc-main-heading ult-responsive\"  data-ultimate-target='.uvc-heading.ultimate-heading-763169dea21f84c45 h3'  data-responsive-json-new='{\"font-size\":\"desktop:28px;\",\"line-height\":\"desktop:38px;\"}' ><h3 style=\"--font-weight:theme;margin-bottom:20px;\">Diode cu garan\u021bie de 10 ani<\/h3><\/div><\/div><div class=\"standard-arrow list-divider bullet-top\"><ul>\n<li>pentru iluminarea semnelor luminoase \u0219i literelor volumetrice<\/li>\n<li>lentile cu un sistem\u0103 patentat de micro prisme<\/li>\n<li>unghi de iluminare &#8211; 180\u00b0<\/li>\n<li>Alegere din 6 temperaturi de culoare 7100K, 6500K, 5700K, 5000K, 4000K\u00a0 3000K<\/li>\n<\/ul>\n<\/div>[\/vc_column][vc_column width=&#8221;1\/2&#8243;][vc_empty_space height=&#8221;58px&#8221;]<div class=\"standard-arrow list-divider bullet-top\"><ul>\n<li>iluminare str\u0103lucitoare \u0219i uniform\u0103<\/li>\n<li>3,3\u00a0 \u0219i 4,9 module pe metru<\/li>\n<li>100.000(L<sub>70<\/sub>) ore de via\u021b\u0103<\/li>\n<li>Temperatur\u0103 de lucru p\u00e2n\u0103 la +70\u00b0<\/li>\n<li>garan\u021bie &#8211; 10 ani<\/li>\n<\/ul>\n<\/div>[\/vc_column][\/vc_row][vc_row css=&#8221;.vc_custom_1531728028441{border-top-width: 1px !important;border-right-width: 1px !important;border-bottom-width: 1px !important;border-left-width: 1px !important;padding-right: 10px !important;padding-bottom: 20px !important;padding-left: 10px !important;border-left-color: #e2e2e2 !important;border-left-style: dotted !important;border-right-color: #e2e2e2 !important;border-right-style: dotted !important;border-top-color: #e2e2e2 !important;border-top-style: dotted !important;border-bottom-color: #e2e2e2 !important;border-bottom-style: dotted !important;border-radius: 2px !important;}&#8221;][vc_column][vc_video link=&#8221;https:\/\/youtu.be\/gFDDUS7ZTQ4&#8243;]<div id=\"ultimate-heading-592069dea21f84cd5\" class=\"uvc-heading ult-adjust-bottom-margin ultimate-heading-592069dea21f84cd5 uvc-3695 \" data-hspacer=\"no_spacer\"  data-halign=\"left\" style=\"text-align:left\"><div class=\"uvc-heading-spacer no_spacer\" style=\"top\"><\/div><div class=\"uvc-main-heading ult-responsive\"  data-ultimate-target='.uvc-heading.ultimate-heading-592069dea21f84cd5 h3'  data-responsive-json-new='{\"font-size\":\"desktop:28px;\",\"line-height\":\"desktop:38px;\"}' ><h3 style=\"--font-weight:theme;margin-bottom:30px;\">Documente<\/h3><\/div><\/div>[vc_row_inner gap=&#8221;10&#8243;][vc_column_inner width=&#8221;1\/6&#8243;][vc_column_text]<\/p>\n<p style=\"text-align: center;\">Buletin de produs<\/p>\n<p>[\/vc_column_text][vc_single_image image=&#8221;15168&#8243; img_size=&#8221;130&#215;180&#8243; alignment=&#8221;center&#8221; style=&#8221;vc_box_outline&#8221;]<style type=\"text\/css\" data-type=\"the7_shortcodes-inline-css\">#default-btn-73ba787ac0b741c0aa320d8f7384d477.ico-right-side > i {\n  margin-right: 0px;\n  margin-left: 8px;\n}\n#default-btn-73ba787ac0b741c0aa320d8f7384d477 > i {\n  margin-right: 8px;\n}\n<\/style><div class=\"btn-align-center\"><a href=\"\/wp-content\/uploads\/2018\/07\/SloadLed-Prism-White-PDF.pdf\" class=\"default-btn-shortcode dt-btn dt-btn-s link-hover-off \" target=\"_blank\" id=\"default-btn-73ba787ac0b741c0aa320d8f7384d477\" rel=\"noopener\"><i class=\"fas fa-download\"><\/i><span>Descarc\u0103 PDF<\/span><\/a><\/div>[\/vc_column_inner][vc_column_inner width=&#8221;1\/6&#8243;][vc_column_text]<\/p>\n<p style=\"text-align: center;\">Ghid de instala\u021bie<\/p>\n<p>[\/vc_column_text][vc_single_image image=&#8221;15171&#8243; img_size=&#8221;130&#215;180&#8243; alignment=&#8221;center&#8221; style=&#8221;vc_box_outline&#8221;]<style type=\"text\/css\" data-type=\"the7_shortcodes-inline-css\">#default-btn-599ac6c18094b6f675b4d8778cf18063.ico-right-side > i {\n  margin-right: 0px;\n  margin-left: 8px;\n}\n#default-btn-599ac6c18094b6f675b4d8778cf18063 > i {\n  margin-right: 8px;\n}\n<\/style><div class=\"btn-align-center\"><a href=\"\/wp-content\/uploads\/2018\/07\/SloanLED-Prism-White-Install-guide.pdf\" class=\"default-btn-shortcode dt-btn dt-btn-s link-hover-off \" target=\"_blank\" id=\"default-btn-599ac6c18094b6f675b4d8778cf18063\" rel=\"noopener\"><i class=\"fas fa-download\"><\/i><span>Descarc\u0103 PDF<\/span><\/a><\/div>[\/vc_column_inner][vc_column_inner width=&#8221;1\/6&#8243;][vc_column_text]<\/p>\n<p style=\"text-align: center;\">Bro\u0219ur\u0103 de produs<\/p>\n<p>[\/vc_column_text][vc_single_image image=&#8221;15172&#8243; img_size=&#8221;130&#215;180&#8243; alignment=&#8221;center&#8221; style=&#8221;vc_box_outline&#8221;]<style type=\"text\/css\" data-type=\"the7_shortcodes-inline-css\">#default-btn-4838514d32028e88a7b3e3af07d0ad9a.ico-right-side > i {\n  margin-right: 0px;\n  margin-left: 8px;\n}\n#default-btn-4838514d32028e88a7b3e3af07d0ad9a > i {\n  margin-right: 8px;\n}\n<\/style><div class=\"btn-align-center\"><a href=\"\/wp-content\/uploads\/2018\/07\/SloanLED-Prism-White-Product-guide.pdf\" class=\"default-btn-shortcode dt-btn dt-btn-s link-hover-off \" target=\"_blank\" id=\"default-btn-4838514d32028e88a7b3e3af07d0ad9a\" rel=\"noopener\"><i class=\"fas fa-download\"><\/i><span>Descarc\u0103 PDF<\/span><\/a><\/div>[\/vc_column_inner][vc_column_inner width=&#8221;1\/6&#8243;][vc_column_text]<\/p>\n<p style=\"text-align: center;\">Aranjarea modulelor<\/p>\n<p>[\/vc_column_text][vc_single_image image=&#8221;16436&#8243; img_size=&#8221;130&#215;180&#8243; alignment=&#8221;center&#8221; style=&#8221;vc_box_outline&#8221;]<style type=\"text\/css\" data-type=\"the7_shortcodes-inline-css\">#default-btn-709ec6892b21f68fd5112716d9b40bc4.ico-right-side > i {\n  margin-right: 0px;\n  margin-left: 8px;\n}\n#default-btn-709ec6892b21f68fd5112716d9b40bc4 > i {\n  margin-right: 8px;\n}\n<\/style><div class=\"btn-align-center\"><a href=\"\/wp-content\/uploads\/2018\/10\/SloanLED-Prism-Density-Guidelines.pdf\" class=\"default-btn-shortcode dt-btn dt-btn-s link-hover-off \" target=\"_blank\" id=\"default-btn-709ec6892b21f68fd5112716d9b40bc4\" rel=\"noopener\"><i class=\"fas fa-download\"><\/i><span>Descarc\u0103 PDF<\/span><\/a><\/div>[\/vc_column_inner][vc_column_inner width=&#8221;1\/6&#8243;][vc_column_text]<\/p>\n<p style=\"text-align: center;\">Teste fotometrice<\/p>\n<p>[\/vc_column_text][vc_single_image image=&#8221;16437&#8243; img_size=&#8221;130&#215;180&#8243; alignment=&#8221;center&#8221; style=&#8221;vc_box_outline&#8221;]<style type=\"text\/css\" data-type=\"the7_shortcodes-inline-css\">#default-btn-59b831d86b0cf38449c3d853a9cd6c2e.ico-right-side > i {\n  margin-right: 0px;\n  margin-left: 8px;\n}\n#default-btn-59b831d86b0cf38449c3d853a9cd6c2e > i {\n  margin-right: 8px;\n}\n<\/style><div class=\"btn-align-center\"><a href=\"\/wp-content\/uploads\/2018\/10\/SloanLED-Prism-Test-Data.pdf\" class=\"default-btn-shortcode dt-btn dt-btn-s link-hover-off \" target=\"_blank\" id=\"default-btn-59b831d86b0cf38449c3d853a9cd6c2e\" rel=\"noopener\"><i class=\"fas fa-download\"><\/i><span>Descarc\u0103 PDF<\/span><\/a><\/div>[\/vc_column_inner][vc_column_inner width=&#8221;1\/6&#8243;][vc_column_text css=&#8221;.vc_custom_1538738255385{padding-bottom: 23px !important;}&#8221;]<\/p>\n<p style=\"text-align: center;\">Garan\u021bie<\/p>\n<p>[\/vc_column_text][vc_single_image image=&#8221;16438&#8243; img_size=&#8221;130&#215;180&#8243; alignment=&#8221;center&#8221; style=&#8221;vc_box_outline&#8221;]<style type=\"text\/css\" data-type=\"the7_shortcodes-inline-css\">#default-btn-29abbc686158a80d5954e6d87077eeaf.ico-right-side > i {\n  margin-right: 0px;\n  margin-left: 8px;\n}\n#default-btn-29abbc686158a80d5954e6d87077eeaf > i {\n  margin-right: 8px;\n}\n<\/style><div class=\"btn-align-center\"><a href=\"\/wp-content\/uploads\/2018\/10\/SloanLED-Prism-Warranty.pdf\" class=\"default-btn-shortcode dt-btn dt-btn-s link-hover-off \" target=\"_blank\" id=\"default-btn-29abbc686158a80d5954e6d87077eeaf\" rel=\"noopener\"><i class=\"fas fa-download\"><\/i><span>Descarc\u0103 PDF<\/span><\/a><\/div>[\/vc_column_inner][\/vc_row_inner][\/vc_column][\/vc_row]<\/p>\n<\/div>","protected":false},"excerpt":{"rendered":"<p>Cu un sistem\u0103 patentat de micro prisme, aceste LED-uri asigur\u0103 o iluminare str\u0103lucitoare \u0219i uniform\u0103 cu un unghi de iluminare de 180\u00b0\u00a0<strong>Ideale pentru litere \u0219i semne plate<\/strong>.\u00a010 ani garan\u021bie\u00a0 IP68<\/p>\n[dt_gap height=\"10\" \/]\n<p><img loading=\"lazy\" decoding=\"async\" class=\"alignnone wp-image-16427 size-full\" src=\"https:\/\/partners-ltd.com\/wp-content\/uploads\/2018\/10\/180deg-10years.png\" alt=\"\" width=\"188\" height=\"35\" \/><\/p>\n","protected":false},"featured_media":15167,"comment_status":"open","ping_status":"closed","template":"","meta":[],"product_cat":[1852,2690],"product_tag":[],"_links":{"self":[{"href":"https:\/\/partners-ltd.com\/ro\/wp-json\/wp\/v2\/product\/41176"}],"collection":[{"href":"https:\/\/partners-ltd.com\/ro\/wp-json\/wp\/v2\/product"}],"about":[{"href":"https:\/\/partners-ltd.com\/ro\/wp-json\/wp\/v2\/types\/product"}],"replies":[{"embeddable":true,"href":"https:\/\/partners-ltd.com\/ro\/wp-json\/wp\/v2\/comments?post=41176"}],"wp:featuredmedia":[{"embeddable":true,"href":"https:\/\/partners-ltd.com\/ro\/wp-json\/wp\/v2\/media\/15167"}],"wp:attachment":[{"href":"https:\/\/partners-ltd.com\/ro\/wp-json\/wp\/v2\/media?parent=41176"}],"wp:term":[{"taxonomy":"product_cat","embeddable":true,"href":"https:\/\/partners-ltd.com\/ro\/wp-json\/wp\/v2\/product_cat?post=41176"},{"taxonomy":"product_tag","embeddable":true,"href":"https:\/\/partners-ltd.com\/ro\/wp-json\/wp\/v2\/product_tag?post=41176"}],"curies":[{"name":"wp","href":"https:\/\/api.w.org\/{rel}","templated":true}]}}