{"id":41174,"date":"2018-07-08T10:25:15","date_gmt":"2018-07-08T07:25:15","guid":{"rendered":"https:\/\/partners-ltd.com\/magazin\/fara-categorie\/sloanled-posterbox-3-short-module-led-albe-scurte\/"},"modified":"2025-06-24T09:03:20","modified_gmt":"2025-06-24T06:03:20","slug":"sloanled-posterbox-3-short-module-led-albe-scurte","status":"publish","type":"product","link":"https:\/\/partners-ltd.com\/ro\/e-shop\/module-si-iluminare-led\/module-sloanled\/sloanled-posterbox-3-short-module-led-albe-scurte\/","title":{"rendered":"SloanLED PosterBox 3 Short &#8211; module LED albe scurte"},"content":{"rendered":"<div class=\"wpb-content-wrapper\"><p>[vc_row css=&#8221;.vc_custom_1530619279291{margin-bottom: 20px !important;border-top-width: 1px !important;border-right-width: 1px !important;border-bottom-width: 1px !important;border-left-width: 1px !important;padding-right: 10px !important;padding-left: 10px !important;border-left-color: #e2e2e2 !important;border-left-style: dotted !important;border-right-color: #e2e2e2 !important;border-right-style: dotted !important;border-top-color: #e2e2e2 !important;border-top-style: dotted !important;border-bottom-color: #e2e2e2 !important;border-bottom-style: dotted !important;border-radius: 1px !important;}&#8221;][vc_column][vc_single_image image=&#8221;15166&#8243; img_size=&#8221;full&#8221;]<div id=\"ultimate-heading-378169dea16f8fd59\" class=\"uvc-heading ult-adjust-bottom-margin ultimate-heading-378169dea16f8fd59 uvc-7750 \" data-hspacer=\"no_spacer\"  data-halign=\"left\" style=\"text-align:left\"><div class=\"uvc-heading-spacer no_spacer\" style=\"top\"><\/div><div class=\"uvc-main-heading ult-responsive\"  data-ultimate-target='.uvc-heading.ultimate-heading-378169dea16f8fd59 h2'  data-responsive-json-new='{\"font-size\":\"desktop:28px;\",\"line-height\":\"desktop:38px;\"}' ><h2 style=\"--font-weight:theme;margin-bottom:20px;\">SloanLED PosterBox 3 Short - diode scurte pentru iluminare lateral\u0103<\/h2><\/div><\/div>[vc_row_inner][vc_column_inner][vc_column_text]SloanLED PosterBOX 3 Short este proiectat pentru iluminarea panourilor mari cu fa\u021b\u0103 din vinil sau p\u00e2nz\u0103. <a href=\"\/kategoriya\/led-moduli-osvetlenie\/sloanled-moduli\/\">Modulele SloanLED<\/a> din aceast\u0103 serie sunt echipate cu lentile special dezvoltate care direc\u021bioneaz\u0103 lumina \u00eentr-un unghi foarte \u00eengust. Dezvoltarea a fost realizat\u0103 \u00een principal pentru o mai bun\u0103 iluminare a semnelor iluminate pe ambele p\u0103r\u021bi. Datorit\u0103 ilumin\u0103rii excelente, fa\u021ba panoului str\u0103luce\u0219te puternic \u0219i uniform. Puternicul PosterBOX 3 genereaz\u0103 suficient\u0103 lumin\u0103 pentru a ilumina \u00eentre 1 \u0219i 2 mp.<\/p>\n<p>Carcasa sub\u021bire \u0219i compact\u0103 a modulelor LED PosterBOX 3 face ca instalarea lor s\u0103 fie mult mai rapid\u0103 \u0219i mai u\u0219oar\u0103. Sunt potrivite pentru iluminarea panourilor sub\u021biri \u2013 5cm pentru semne unilaterale \u0219i 10cm pentru semne bilaterale. Modulele LED <a href=\"https:\/\/partners-ltd.com\/ro\/inceput\/led-moduli-osvetlenie\/\">de \u00eenalt\u0103 calitate \u0219i iluminatul<\/a> de la SloanLED asigur\u0103 o iluminare de durat\u0103 \u0219i efectiv\u0103.<\/p>\n<p>Num\u0103rul maxim de module pe un circuit de 100W 24VDC este de 6 buc\u0103\u021bi.[\/vc_column_text][\/vc_column_inner][\/vc_row_inner][\/vc_column][\/vc_row][vc_row css=&#8221;.vc_custom_1531296600629{margin-bottom: 20px !important;border-top-width: 1px !important;border-right-width: 1px !important;border-bottom-width: 1px !important;border-left-width: 1px !important;padding-right: 10px !important;padding-left: 10px !important;border-left-color: #e2e2e2 !important;border-left-style: dotted !important;border-right-color: #e2e2e2 !important;border-right-style: dotted !important;border-top-color: #e2e2e2 !important;border-top-style: dotted !important;border-bottom-color: #e2e2e2 !important;border-bottom-style: dotted !important;border-radius: 2px !important;}&#8221;][vc_column width=&#8221;1\/2&#8243;]<div id=\"ultimate-heading-585369dea16f8fdae\" class=\"uvc-heading ult-adjust-bottom-margin ultimate-heading-585369dea16f8fdae uvc-4548 \" data-hspacer=\"no_spacer\"  data-halign=\"left\" style=\"text-align:left\"><div class=\"uvc-heading-spacer no_spacer\" style=\"top\"><\/div><div class=\"uvc-main-heading ult-responsive\"  data-ultimate-target='.uvc-heading.ultimate-heading-585369dea16f8fdae h3'  data-responsive-json-new='{\"font-size\":\"desktop:28px;\",\"line-height\":\"desktop:38px;\"}' ><h3 style=\"--font-weight:theme;margin-bottom:20px;\">Caracteristici principale:<\/h3><\/div><\/div><div class=\"standard-arrow list-divider bullet-top\"><ul>\n<li>iluminarea panourilor<\/li>\n<li>instala\u021bie rapid\u0103 \u0219i u\u0219oar\u0103<\/li>\n<li>direc\u021bioneaz\u0103 lumina \u00eentr-un unghi foarte \u00eengust<\/li>\n<\/ul>\n<\/div>[\/vc_column][vc_column width=&#8221;1\/2&#8243;][vc_empty_space height=&#8221;58px&#8221;]<div class=\"standard-arrow list-divider bullet-top\"><ul>\n<li>module LED puternice \u0219i fiabile<\/li>\n<li>genereaz\u0103 lumin\u0103 pe distan\u021be lungi<\/li>\n<li>garan\u021bie &#8211; 10 ani<\/li>\n<\/ul>\n<\/div>[\/vc_column][\/vc_row][vc_row css=&#8221;.vc_custom_1531293008623{margin-bottom: 20px !important;border-top-width: 1px !important;border-right-width: 1px !important;border-bottom-width: 1px !important;border-left-width: 1px !important;padding-right: 10px !important;padding-left: 10px !important;border-left-color: #e2e2e2 !important;border-left-style: dotted !important;border-right-color: #e2e2e2 !important;border-right-style: dotted !important;border-top-color: #e2e2e2 !important;border-top-style: dotted !important;border-bottom-color: #e2e2e2 !important;border-bottom-style: dotted !important;border-radius: 2px !important;}&#8221;][vc_column]<div id=\"ultimate-heading-914969dea16f8fe7b\" class=\"uvc-heading ult-adjust-bottom-margin ultimate-heading-914969dea16f8fe7b uvc-7387 \" data-hspacer=\"no_spacer\"  data-halign=\"left\" style=\"text-align:left\"><div class=\"uvc-heading-spacer no_spacer\" style=\"top\"><\/div><div class=\"uvc-main-heading ult-responsive\"  data-ultimate-target='.uvc-heading.ultimate-heading-914969dea16f8fe7b h3'  data-responsive-json-new='{\"font-size\":\"desktop:28px;\",\"line-height\":\"desktop:38px;\"}' ><h3 style=\"--font-weight:theme;margin-bottom:30px;\">Documente<\/h3><\/div><\/div>[vc_column_text]Buletin de produs, ghid de instala\u021bie \u0219i bro\u0219ur\u0103 de produs pentru module LED SloanLED PosterBox 3 Short.[\/vc_column_text][vc_row_inner gap=&#8221;20&#8243;][vc_column_inner width=&#8221;1\/4&#8243;][vc_column_text]<\/p>\n<p style=\"text-align: center;\">Buletin de produs<\/p>\n<p>[\/vc_column_text][vc_single_image image=&#8221;15187&#8243; img_size=&#8221;130&#215;180&#8243; alignment=&#8221;center&#8221; style=&#8221;vc_box_outline&#8221;]<style type=\"text\/css\" data-type=\"the7_shortcodes-inline-css\">#default-btn-ae75f197ff1c5bb1733b139186a35d81.ico-right-side > i {\n  margin-right: 0px;\n  margin-left: 8px;\n}\n#default-btn-ae75f197ff1c5bb1733b139186a35d81 > i {\n  margin-right: 8px;\n}\n<\/style><div class=\"btn-align-center\"><a href=\"\/wp-content\/uploads\/2018\/07\/SloanLED-PosterBox-3-PDF-Product-bulletin.pdf\" class=\"default-btn-shortcode dt-btn dt-btn-s link-hover-off \" target=\"_blank\" id=\"default-btn-ae75f197ff1c5bb1733b139186a35d81\" rel=\"noopener\"><i class=\"fas fa-download\"><\/i><span>Descarc\u0103 PDF<\/span><\/a><\/div>[\/vc_column_inner][vc_column_inner width=&#8221;1\/4&#8243;][vc_column_text]<\/p>\n<p style=\"text-align: center;\">Ghid de instala\u021bie<\/p>\n<p>[\/vc_column_text][vc_single_image image=&#8221;15195&#8243; img_size=&#8221;130&#215;180&#8243; alignment=&#8221;center&#8221; style=&#8221;vc_box_outline&#8221;]<style type=\"text\/css\" data-type=\"the7_shortcodes-inline-css\">#default-btn-2ea55be025bebc1c37e0252bb9de7519.ico-right-side > i {\n  margin-right: 0px;\n  margin-left: 8px;\n}\n#default-btn-2ea55be025bebc1c37e0252bb9de7519 > i {\n  margin-right: 8px;\n}\n<\/style><div class=\"btn-align-center\"><a href=\"\/wp-content\/uploads\/2018\/07\/SloanLED-PosterBox-3-PDF-Install-guide.pdf\" class=\"default-btn-shortcode dt-btn dt-btn-s link-hover-off \" target=\"_blank\" id=\"default-btn-2ea55be025bebc1c37e0252bb9de7519\" rel=\"noopener\"><i class=\"fas fa-download\"><\/i><span>Descarc\u0103 PDF<\/span><\/a><\/div>[\/vc_column_inner][vc_column_inner width=&#8221;1\/4&#8243;][vc_column_text]<\/p>\n<p style=\"text-align: center;\">Bro\u0219ur\u0103 de produs<\/p>\n<p>[\/vc_column_text][vc_single_image image=&#8221;15197&#8243; img_size=&#8221;130&#215;180&#8243; alignment=&#8221;center&#8221; style=&#8221;vc_box_outline&#8221;]<style type=\"text\/css\" data-type=\"the7_shortcodes-inline-css\">#default-btn-b336fca7657e038b18f4787ca957f9e9.ico-right-side > i {\n  margin-right: 0px;\n  margin-left: 8px;\n}\n#default-btn-b336fca7657e038b18f4787ca957f9e9 > i {\n  margin-right: 8px;\n}\n<\/style><div class=\"btn-align-center\"><a href=\"\/wp-content\/uploads\/2018\/07\/SloanLED-PosterBox-3-PDF-Product-guide.pdf\" class=\"default-btn-shortcode dt-btn dt-btn-s link-hover-off \" target=\"_blank\" id=\"default-btn-b336fca7657e038b18f4787ca957f9e9\" rel=\"noopener\"><i class=\"fas fa-download\"><\/i><span>Descarc\u0103 PDF<\/span><\/a><\/div>[\/vc_column_inner][vc_column_inner width=&#8221;1\/4&#8243;][\/vc_column_inner][\/vc_row_inner][\/vc_column][\/vc_row]<\/p>\n<\/div>","protected":false},"excerpt":{"rendered":"<p>SloanLED PosterBox 3 Short este proiectat pentru iluminarea panourilor mari cu fa\u021b\u0103 din vinil sau p\u00e2nz\u0103. Dezvoltat cu lentile speciale care direc\u021bioneaz\u0103 lumina \u00eentr-un unghi foarte \u00eengust. Cu protec\u021bie ridicat\u0103 la ap\u0103 &#8211; IP66.<br \/>\n[dt_gap height=\"5\" \/]<img loading=\"lazy\" decoding=\"async\" class=\"alignleft size-full wp-image-4953\" src=\"\/wp-content\/uploads\/2018\/09\/10god-garanciya.png\" alt=\"Garan\u021bie de 10 ani pentru module LED\" width=\"116\" height=\"35\" \/><\/p>\n","protected":false},"featured_media":15186,"comment_status":"open","ping_status":"closed","template":"","meta":[],"product_cat":[1852,2690],"product_tag":[],"_links":{"self":[{"href":"https:\/\/partners-ltd.com\/ro\/wp-json\/wp\/v2\/product\/41174"}],"collection":[{"href":"https:\/\/partners-ltd.com\/ro\/wp-json\/wp\/v2\/product"}],"about":[{"href":"https:\/\/partners-ltd.com\/ro\/wp-json\/wp\/v2\/types\/product"}],"replies":[{"embeddable":true,"href":"https:\/\/partners-ltd.com\/ro\/wp-json\/wp\/v2\/comments?post=41174"}],"wp:featuredmedia":[{"embeddable":true,"href":"https:\/\/partners-ltd.com\/ro\/wp-json\/wp\/v2\/media\/15186"}],"wp:attachment":[{"href":"https:\/\/partners-ltd.com\/ro\/wp-json\/wp\/v2\/media?parent=41174"}],"wp:term":[{"taxonomy":"product_cat","embeddable":true,"href":"https:\/\/partners-ltd.com\/ro\/wp-json\/wp\/v2\/product_cat?post=41174"},{"taxonomy":"product_tag","embeddable":true,"href":"https:\/\/partners-ltd.com\/ro\/wp-json\/wp\/v2\/product_tag?post=41174"}],"curies":[{"name":"wp","href":"https:\/\/api.w.org\/{rel}","templated":true}]}}