{"id":41169,"date":"2018-07-11T11:10:34","date_gmt":"2018-07-11T08:10:34","guid":{"rendered":"https:\/\/partners-ltd.com\/magazin\/fara-categorie\/sloanled-pml3-paladin-90w-lampa-pentru-iluminat-stradal-si-parcari\/"},"modified":"2025-11-11T10:15:54","modified_gmt":"2025-11-11T08:15:54","slug":"sloanled-pml3-paladin-90w-lampa-pentru-iluminat-stradal-si-parcari","status":"publish","type":"product","link":"https:\/\/partners-ltd.com\/ro\/e-shop\/module-si-iluminare-led\/corpuri-de-iluminat-cu-led\/sloanled-pml3-paladin-90w-lampa-pentru-iluminat-stradal-si-parcari\/","title":{"rendered":"SloanLED PML3 Paladin 90W &#8211; lamp\u0103 pentru iluminat stradal \u0219i parc\u0103ri"},"content":{"rendered":"<div class=\"wpb-content-wrapper\"><p>[vc_row css=&#8221;.vc_custom_1530619279291{margin-bottom: 20px !important;border-top-width: 1px !important;border-right-width: 1px !important;border-bottom-width: 1px !important;border-left-width: 1px !important;padding-right: 10px !important;padding-left: 10px !important;border-left-color: #e2e2e2 !important;border-left-style: dotted !important;border-right-color: #e2e2e2 !important;border-right-style: dotted !important;border-top-color: #e2e2e2 !important;border-top-style: dotted !important;border-bottom-color: #e2e2e2 !important;border-bottom-style: dotted !important;border-radius: 1px !important;}&#8221;][vc_column][vc_single_image image=&#8221;15363&#8243; img_size=&#8221;full&#8221;]<div id=\"ultimate-heading-175269e004f4550b5\" class=\"uvc-heading ult-adjust-bottom-margin ultimate-heading-175269e004f4550b5 uvc-3850 \" data-hspacer=\"no_spacer\"  data-halign=\"left\" style=\"text-align:left\"><div class=\"uvc-heading-spacer no_spacer\" style=\"top\"><\/div><div class=\"uvc-main-heading ult-responsive\"  data-ultimate-target='.uvc-heading.ultimate-heading-175269e004f4550b5 h2'  data-responsive-json-new='{\"font-size\":\"desktop:28px;\",\"line-height\":\"desktop:38px;\"}' ><h2 style=\"--font-weight:theme;margin-bottom:20px;\">SloanLED PML3 Paladin 90W lamp\u0103 LED<\/h2><\/div><\/div>[vc_row_inner][vc_column_inner][vc_column_text]L\u0103mpile LED SloanLED Pole-Mount Light 3 Paladin (PML3) sunt special proiectate pentru a \u00eenlocui l\u0103mpile halogene de 400W pentru iluminat stradal. Economisesc p\u00e2n\u0103 la 80% mai mult\u0103 energie electric\u0103 comparativ cu l\u0103mpile halogene. Sunt proiectate pentru un montaj elementar pe st\u00e2lpi rotunzi \u0219i p\u0103tra\u021bi sau pe pere\u021bi \u00een locurile de parcare. <a href=\"\/kategoriya\/led-moduli-osvetlenie\/osvetitelni-tela\/\">Corpurile de iluminat LED<\/a> din aceast\u0103 serie se monteaz\u0103 extern, f\u0103r\u0103 a necesita prelucrare suplimentar\u0103 a st\u00e2lpilor.<\/p>\n<p>Corpul l\u0103mpilor PML3 Paladin include \u0219i un driver de alimentare integrat, ceea ce determin\u0103 montajul \u0219i \u00eentre\u021binerea lor u\u0219oar\u0103. Opticile de tip III \u0219i tip V asigur\u0103 o distribu\u021bie optim\u0103 a luminii la diferite \u00een\u0103l\u021bimi de montare a l\u0103mpii.<\/p>\n<p>Sunt potrivite pentru iluminarea parc\u0103rilor, str\u0103zilor \u0219i zonelor de trecere a pietonilor, garant\u00e2nd o iluminare excelent\u0103. <a href=\"https:\/\/partners-ltd.com\/led-lampi\/\">L\u0103mpile LED<\/a> &#8211; PML3 Paladin sunt disponibile cu diferite puteri &#8211; de la 30W la 200W, oferind solu\u021bia ideal\u0103 conform nevoilor de iluminat ale proiectelor de diferite dimensiuni.<\/p>\n<p><span id=\"result_box\" class=\"\" lang=\"ro\" tabindex=\"-1\"><span class=\"\">SloanLED PML3 Paladin are o rezisten\u021b\u0103 excelent\u0103 la intemperii \u0219i rezisten\u021b\u0103 la impact pentru o func\u021bionare fiabil\u0103 ani de zile.<br \/>\n<\/span><\/span><\/p>\n<p>Modulele LED de \u00eenalt\u0103 calitate\u00a0<a href=\"https:\/\/partners-ltd.com\/ro\/inceput\/led-moduli-osvetlenie\/\">\u0219i iluminatul<\/a>\u00a0de la SloanLED garanteaz\u0103 o iluminare str\u0103lucitoare \u0219i uniform\u0103.<\/p>\n<p>Cu 10 ani garan\u021bie complet\u0103 &#8211; 70.000(L<sub>70<\/sub> ) ore de via\u021b\u0103.[\/vc_column_text][\/vc_column_inner][\/vc_row_inner][\/vc_column][\/vc_row][vc_row css=&#8221;.vc_custom_1531296600629{margin-bottom: 20px !important;border-top-width: 1px !important;border-right-width: 1px !important;border-bottom-width: 1px !important;border-left-width: 1px !important;padding-right: 10px !important;padding-left: 10px !important;border-left-color: #e2e2e2 !important;border-left-style: dotted !important;border-right-color: #e2e2e2 !important;border-right-style: dotted !important;border-top-color: #e2e2e2 !important;border-top-style: dotted !important;border-bottom-color: #e2e2e2 !important;border-bottom-style: dotted !important;border-radius: 2px !important;}&#8221;][vc_column width=&#8221;1\/2&#8243;]<div id=\"ultimate-heading-663469e004f4550f9\" class=\"uvc-heading ult-adjust-bottom-margin ultimate-heading-663469e004f4550f9 uvc-9040 \" data-hspacer=\"no_spacer\"  data-halign=\"left\" style=\"text-align:left\"><div class=\"uvc-heading-spacer no_spacer\" style=\"top\"><\/div><div class=\"uvc-main-heading ult-responsive\"  data-ultimate-target='.uvc-heading.ultimate-heading-663469e004f4550f9 h3'  data-responsive-json-new='{\"font-size\":\"desktop:28px;\",\"line-height\":\"desktop:38px;\"}' ><h3 style=\"--font-weight:theme;margin-bottom:20px;\">Caracteristici principale:<\/h3><\/div><\/div><div class=\"standard-arrow list-divider bullet-top\"><ul>\n<li>pentru iluminarea parc\u0103rilor, iluminat stradal, propriet\u0103\u021bi private<\/li>\n<li>instala\u021bie rapid\u0103 \u0219i u\u0219oar\u0103<\/li>\n<li>p\u00e2n\u0103 la 80% economie de electricitate comparativ cu l\u0103mpile halogene<\/li>\n<li>lampa se demonteaz\u0103 rapid \u0219i \u00een siguran\u021b\u0103 pentru o \u00eentre\u021binere mai u\u0219oar\u0103<\/li>\n<\/ul>\n<\/div>[\/vc_column][vc_column width=&#8221;1\/2&#8243;][vc_empty_space height=&#8221;58px&#8221;]<div class=\"standard-arrow list-divider bullet-top\"><ul>\n<li>eficien\u021b\u0103 ridicat\u0103<\/li>\n<li>garan\u021bie \u2013 10 ani<\/li>\n<li>construc\u021bie durabil\u0103 din aluminiu<\/li>\n<li>posibilitate de reglare a unghiului de iluminare cu 15\u00b0 \u00een sus \u0219i \u00een jos<\/li>\n<\/ul>\n<\/div>[\/vc_column][\/vc_row][vc_row css=&#8221;.vc_custom_1531293008623{margin-bottom: 20px !important;border-top-width: 1px !important;border-right-width: 1px !important;border-bottom-width: 1px !important;border-left-width: 1px !important;padding-right: 10px !important;padding-left: 10px !important;border-left-color: #e2e2e2 !important;border-left-style: dotted !important;border-right-color: #e2e2e2 !important;border-right-style: dotted !important;border-top-color: #e2e2e2 !important;border-top-style: dotted !important;border-bottom-color: #e2e2e2 !important;border-bottom-style: dotted !important;border-radius: 2px !important;}&#8221;][vc_column]<div id=\"ultimate-heading-676869e004f455190\" class=\"uvc-heading ult-adjust-bottom-margin ultimate-heading-676869e004f455190 uvc-5087 \" data-hspacer=\"no_spacer\"  data-halign=\"left\" style=\"text-align:left\"><div class=\"uvc-heading-spacer no_spacer\" style=\"top\"><\/div><div class=\"uvc-main-heading ult-responsive\"  data-ultimate-target='.uvc-heading.ultimate-heading-676869e004f455190 h4'  data-responsive-json-new='{\"font-size\":\"desktop:28px;\",\"line-height\":\"desktop:38px;\"}' ><h4 style=\"--font-weight:theme;margin-bottom:30px;\">SloanLED PML3 Paladin 90W specifica\u021bii<\/h4><\/div><\/div>[vc_row_inner gap=&#8221;20&#8243;][vc_column_inner width=&#8221;1\/3&#8243;]<div class=\"ult_pricing_table_wrap ult_info_table ult_design_2  ult-cs-custom \">\n\t\t\t\t\t<div class=\"ult_pricing_table \" style=\"background:#f7f7f7; \"><div id=\"Info-table-wrap-8015\" class=\"ult_pricing_heading\" style=\"background:#666666;color:#ffffff;\">\n\t\t\t\t\t\t\t<h3 class=\"ult-responsive\"  data-ultimate-target='#Info-table-wrap-8015 h3'  data-responsive-json-new='{\"font-size\":\"\",\"line-height\":\"\"}'  style=\"font-weight:normal;color:#ffffff;\">Electrice<\/h3><\/div><!--ult_pricing_heading--><div id=\"info_table_features_wrap-8398\"  data-ultimate-target='#info_table_features_wrap-8398.ult_price_features'  data-responsive-json-new='{\"font-size\":\"\",\"line-height\":\"\"}'  class=\"ult-responsive ult_price_features\" style=\"font-weight:normal;\">\n\t\t\t\t\t\t\t<table>\n<tbody>\n<tr>\n<td>Alimentare<\/td>\n<td>90W<\/td>\n<\/tr>\n<tr>\n<td>Eficien\u021b\u0103<\/td>\n<td>103.7 lm\/W<\/td>\n<\/tr>\n<tr>\n<td>Tensiune de intrare<\/td>\n<td>100-240 VAC, 50-60 Hz<\/td>\n<\/tr>\n<\/tbody>\n<\/table>\n\n\t\t\t\t\t\t<\/div><!--ult_price_features--><div class=\"ult_clr\"><\/div>\n\t\t\t<\/div><!--pricing_table-->\n\t\t<\/div><!--pricing_table_wrap-->[\/vc_column_inner][vc_column_inner width=&#8221;1\/3&#8243;]<div class=\"ult_pricing_table_wrap ult_info_table ult_design_2  ult-cs-custom \">\n\t\t\t\t\t<div class=\"ult_pricing_table \" style=\"background:#f7f7f7; \"><div id=\"Info-table-wrap-9443\" class=\"ult_pricing_heading\" style=\"background:#666666;color:#ffffff;\">\n\t\t\t\t\t\t\t<h3 class=\"ult-responsive\"  data-ultimate-target='#Info-table-wrap-9443 h3'  data-responsive-json-new='{\"font-size\":\"\",\"line-height\":\"\"}'  style=\"font-weight:normal;color:#ffffff;\">Iluminat<\/h3><\/div><!--ult_pricing_heading--><div id=\"info_table_features_wrap-6836\"  data-ultimate-target='#info_table_features_wrap-6836.ult_price_features'  data-responsive-json-new='{\"font-size\":\"\",\"line-height\":\"\"}'  class=\"ult-responsive ult_price_features\" style=\"font-weight:normal;\">\n\t\t\t\t\t\t\t<table>\n<tbody>\n<tr>\n<td>Temperatur\u0103 de culoare<\/td>\n<td>5000 K<\/td>\n<\/tr>\n<tr>\n<td style=\"width: 40%;\">Iluminare<\/td>\n<td style=\"width: 60%;\">9.283 Lm<\/td>\n<\/tr>\n<tr style=\"height: 60px;\">\n<td>CRI<\/td>\n<td>&gt;75<\/td>\n<\/tr>\n<\/tbody>\n<\/table>\n\n\t\t\t\t\t\t<\/div><!--ult_price_features--><div class=\"ult_clr\"><\/div>\n\t\t\t<\/div><!--pricing_table-->\n\t\t<\/div><!--pricing_table_wrap-->[\/vc_column_inner][vc_column_inner width=&#8221;1\/3&#8243;]<div class=\"ult_pricing_table_wrap ult_info_table ult_design_2  ult-cs-custom \">\n\t\t\t\t\t<div class=\"ult_pricing_table \" style=\"background:#f7f7f7; \"><div id=\"Info-table-wrap-9401\" class=\"ult_pricing_heading\" style=\"background:#666666;color:#ffffff;\">\n\t\t\t\t\t\t\t<h3 class=\"ult-responsive\"  data-ultimate-target='#Info-table-wrap-9401 h3'  data-responsive-json-new='{\"font-size\":\"\",\"line-height\":\"\"}'  style=\"font-weight:normal;color:#ffffff;\">Performan\u021b\u0103<\/h3><\/div><!--ult_pricing_heading--><div id=\"info_table_features_wrap-1543\"  data-ultimate-target='#info_table_features_wrap-1543.ult_price_features'  data-responsive-json-new='{\"font-size\":\"\",\"line-height\":\"\"}'  class=\"ult-responsive ult_price_features\" style=\"font-weight:normal;\">\n\t\t\t\t\t\t\t<table>\n<tbody>\n<tr>\n<td>Protec\u021bie<\/td>\n<td>IP66<\/td>\n<\/tr>\n<tr>\n<td style=\"width: 40%;\">Temperatur\u0103 de lucru<\/td>\n<td style=\"width: 60%;\">-35\u00b0 p\u00e2n\u0103 la 50\u00b0C<\/td>\n<\/tr>\n<tr style=\"height: 80px;\">\n<td>Ore de via\u021b\u0103<\/td>\n<td>70.000 ore(L<sub>70<\/sub>)<\/td>\n<\/tr>\n<\/tbody>\n<\/table>\n\n\t\t\t\t\t\t<\/div><!--ult_price_features--><div class=\"ult_clr\"><\/div>\n\t\t\t<\/div><!--pricing_table-->\n\t\t<\/div><!--pricing_table_wrap-->[\/vc_column_inner][\/vc_row_inner][\/vc_column][\/vc_row][vc_row css=&#8221;.vc_custom_1533041631082{margin-bottom: 20px !important;border-top-width: 1px !important;border-right-width: 1px !important;border-bottom-width: 1px !important;border-left-width: 1px !important;padding-right: 10px !important;padding-left: 10px !important;border-left-color: #e2e2e2 !important;border-left-style: dotted !important;border-right-color: #e2e2e2 !important;border-right-style: dotted !important;border-top-color: #e2e2e2 !important;border-top-style: dotted !important;border-bottom-color: #e2e2e2 !important;border-bottom-style: dotted !important;border-radius: 2px !important;}&#8221;][vc_column]<div id=\"ultimate-heading-521069e004f455545\" class=\"uvc-heading ult-adjust-bottom-margin ultimate-heading-521069e004f455545 uvc-7939 \" data-hspacer=\"no_spacer\"  data-halign=\"left\" style=\"text-align:left\"><div class=\"uvc-heading-spacer no_spacer\" style=\"top\"><\/div><div class=\"uvc-main-heading ult-responsive\"  data-ultimate-target='.uvc-heading.ultimate-heading-521069e004f455545 h4'  data-responsive-json-new='{\"font-size\":\"desktop:28px;\",\"line-height\":\"desktop:38px;\"}' ><h4 style=\"--font-weight:theme;margin-bottom:20px;\">Alte op\u021biuni disponibile pentru puterea de ie\u0219ire a PML3 Paladin:<\/h4><\/div><\/div>[vc_row_inner][vc_column_inner width=&#8221;1\/2&#8243;]<div class=\"standard-arrow list-divider bullet-top\"><ul>\n<li><a href=\"https:\/\/partners-ltd.com\/magazin\/led-moduli-osvetlenie\/osvetitelni-tela\/sloanled-pml3-paladin-30w-lampa\/\">SloanLED PML3 Paladin 30W<\/a><\/li>\n<li><a href=\"https:\/\/partners-ltd.com\/magazin\/led-moduli-osvetlenie\/osvetitelni-tela\/sloanled-pml3-paladin-40w-lampa\/\">SloanLED PML3 Paladin 40W<\/a><\/li>\n<li><a href=\"https:\/\/partners-ltd.com\/magazin\/led-moduli-osvetlenie\/osvetitelni-tela\/sloanled-pml3-paladin-60w-lampa\/\">SloanLED PML3 Paladin 60W<\/a><\/li>\n<\/ul>\n<\/div>[\/vc_column_inner][vc_column_inner width=&#8221;1\/2&#8243;]<div class=\"standard-arrow list-divider bullet-top\"><ul>\n<li><a href=\"https:\/\/partners-ltd.com\/ro\/e-shop\/module-si-iluminare-led\/corpuri-de-iluminat-cu-led\/sloanled-pml3-paladin-120w-lampa-pentru-iluminat-stradal-si-parcari\/\">SloanLED PML3 Paladin 120W<\/a><\/li>\n<li><a href=\"https:\/\/partners-ltd.com\/ro\/e-shop\/module-si-iluminare-led\/corpuri-de-iluminat-cu-led\/sloanled-pml3-paladin-160w-lampa-pentru-iluminat-stradal-si-parcari\/\">SloanLED PML3 Paladin 160W<\/a><\/li>\n<li><a href=\"https:\/\/partners-ltd.com\/magazin\/led-moduli-osvetlenie\/osvetitelni-tela\/sloanled-pml3-paladin-200w-lampa\/\">SloanLED PML3 Paladin 200W<\/a><\/li>\n<\/ul>\n<\/div>[\/vc_column_inner][\/vc_row_inner][\/vc_column][\/vc_row][vc_row css=&#8221;.vc_custom_1531293008623{margin-bottom: 20px !important;border-top-width: 1px !important;border-right-width: 1px !important;border-bottom-width: 1px !important;border-left-width: 1px !important;padding-right: 10px !important;padding-left: 10px !important;border-left-color: #e2e2e2 !important;border-left-style: dotted !important;border-right-color: #e2e2e2 !important;border-right-style: dotted !important;border-top-color: #e2e2e2 !important;border-top-style: dotted !important;border-bottom-color: #e2e2e2 !important;border-bottom-style: dotted !important;border-radius: 2px !important;}&#8221;][vc_column]<div id=\"ultimate-heading-593069e004f4555b7\" class=\"uvc-heading ult-adjust-bottom-margin ultimate-heading-593069e004f4555b7 uvc-6674 \" data-hspacer=\"no_spacer\"  data-halign=\"left\" style=\"text-align:left\"><div class=\"uvc-heading-spacer no_spacer\" style=\"top\"><\/div><div class=\"uvc-main-heading ult-responsive\"  data-ultimate-target='.uvc-heading.ultimate-heading-593069e004f4555b7 h4'  data-responsive-json-new='{\"font-size\":\"desktop:28px;\",\"line-height\":\"desktop:38px;\"}' ><h4 style=\"--font-weight:theme;margin-bottom:30px;\">Documente<\/h4><\/div><\/div>[vc_column_text]Buletin de produs, ghid de instala\u021bie \u0219i bro\u0219ur\u0103 de produs pentru lamp\u0103 LED SloanLED PML3 Paladin 90W.[\/vc_column_text][vc_row_inner gap=&#8221;20&#8243;][vc_column_inner width=&#8221;1\/4&#8243;][vc_column_text]<\/p>\n<p style=\"text-align: center;\">Buletin de produs<\/p>\n<p>[\/vc_column_text][vc_single_image image=&#8221;15365&#8243; img_size=&#8221;130&#215;180&#8243; alignment=&#8221;center&#8221; style=&#8221;vc_box_outline&#8221;]<style type=\"text\/css\" data-type=\"the7_shortcodes-inline-css\">#default-btn-b19c8dac431ae66475186435a88f495a.ico-right-side > i {\n  margin-right: 0px;\n  margin-left: 8px;\n}\n#default-btn-b19c8dac431ae66475186435a88f495a > i {\n  margin-right: 8px;\n}\n<\/style><div class=\"btn-align-center\"><a href=\"\/wp-content\/uploads\/2018\/07\/PML3Paladin-DataSheet.pdf\" class=\"default-btn-shortcode dt-btn dt-btn-s link-hover-off \" target=\"_blank\" id=\"default-btn-b19c8dac431ae66475186435a88f495a\" rel=\"noopener\"><i class=\"fas fa-download\"><\/i><span>Descarc\u0103 PDF<\/span><\/a><\/div>[\/vc_column_inner][vc_column_inner width=&#8221;1\/4&#8243;][vc_column_text]<\/p>\n<p style=\"text-align: center;\">Ghid de instala\u021bie 1<\/p>\n<p>[\/vc_column_text][vc_single_image image=&#8221;15364&#8243; img_size=&#8221;130&#215;180&#8243; alignment=&#8221;center&#8221; style=&#8221;vc_box_outline&#8221;]<style type=\"text\/css\" data-type=\"the7_shortcodes-inline-css\">#default-btn-b46ddf3b827d47b4ca7039ce4ead170a.ico-right-side > i {\n  margin-right: 0px;\n  margin-left: 8px;\n}\n#default-btn-b46ddf3b827d47b4ca7039ce4ead170a > i {\n  margin-right: 8px;\n}\n<\/style><div class=\"btn-align-center\"><a href=\"\/wp-content\/uploads\/2018\/07\/PML3Paladin-Medium-Small-InstallGuide.pdf\" class=\"default-btn-shortcode dt-btn dt-btn-s link-hover-off \" target=\"_blank\" id=\"default-btn-b46ddf3b827d47b4ca7039ce4ead170a\" rel=\"noopener\"><i class=\"fas fa-download\"><\/i><span>Descarc\u0103 PDF<\/span><\/a><\/div>[\/vc_column_inner][vc_column_inner width=&#8221;1\/4&#8243;][vc_column_text]<\/p>\n<p style=\"text-align: center;\">Bro\u0219ur\u0103 de produs<\/p>\n<p>[\/vc_column_text][vc_single_image image=&#8221;15359&#8243; img_size=&#8221;130&#215;180&#8243; alignment=&#8221;center&#8221; style=&#8221;vc_box_outline&#8221;]<style type=\"text\/css\" data-type=\"the7_shortcodes-inline-css\">#default-btn-ab5dcc6d2fc5d1f44fe24ce048e87826.ico-right-side > i {\n  margin-right: 0px;\n  margin-left: 8px;\n}\n#default-btn-ab5dcc6d2fc5d1f44fe24ce048e87826 > i {\n  margin-right: 8px;\n}\n<\/style><div class=\"btn-align-center\"><a href=\"\/wp-content\/uploads\/2018\/07\/SloanLED-Product-brochure.pdf\" class=\"default-btn-shortcode dt-btn dt-btn-s link-hover-off \" target=\"_blank\" id=\"default-btn-ab5dcc6d2fc5d1f44fe24ce048e87826\" rel=\"noopener\"><i class=\"fas fa-download\"><\/i><span>Descarc\u0103 PDF<\/span><\/a><\/div>[\/vc_column_inner][vc_column_inner width=&#8221;1\/4&#8243;][\/vc_column_inner][\/vc_row_inner][\/vc_column][\/vc_row]<\/p>\n<\/div>","protected":false},"excerpt":{"rendered":"<p>Lamp\u0103 LED cu driver LED integrat pentru iluminarea parc\u0103rilor, str\u0103zilor \u0219i propriet\u0103\u021bilor private. Putere de ie\u0219ire 90W. Asigur\u0103 o iluminare excelent\u0103 cu distribu\u021bie optim\u0103 a luminii la diferite \u00een\u0103l\u021bimi de montare. Cu un nivel ridicat de protec\u021bie la ap\u0103 \u0219i eficien\u021b\u0103 energetic\u0103.<\/p>\n<p><img loading=\"lazy\" decoding=\"async\" class=\"alignleft size-full wp-image-9262\" src=\"\/wp-content\/uploads\/2018\/09\/10god-garanciya.png\" alt=\"Garan\u021bie de 5 ani pentru l\u0103mpile LED\" width=\"116\" height=\"35\" \/><\/p>\n","protected":false},"featured_media":16375,"comment_status":"open","ping_status":"closed","template":"","meta":[],"product_cat":[1852,2687],"product_tag":[],"_links":{"self":[{"href":"https:\/\/partners-ltd.com\/ro\/wp-json\/wp\/v2\/product\/41169"}],"collection":[{"href":"https:\/\/partners-ltd.com\/ro\/wp-json\/wp\/v2\/product"}],"about":[{"href":"https:\/\/partners-ltd.com\/ro\/wp-json\/wp\/v2\/types\/product"}],"replies":[{"embeddable":true,"href":"https:\/\/partners-ltd.com\/ro\/wp-json\/wp\/v2\/comments?post=41169"}],"wp:featuredmedia":[{"embeddable":true,"href":"https:\/\/partners-ltd.com\/ro\/wp-json\/wp\/v2\/media\/16375"}],"wp:attachment":[{"href":"https:\/\/partners-ltd.com\/ro\/wp-json\/wp\/v2\/media?parent=41169"}],"wp:term":[{"taxonomy":"product_cat","embeddable":true,"href":"https:\/\/partners-ltd.com\/ro\/wp-json\/wp\/v2\/product_cat?post=41169"},{"taxonomy":"product_tag","embeddable":true,"href":"https:\/\/partners-ltd.com\/ro\/wp-json\/wp\/v2\/product_tag?post=41169"}],"curies":[{"name":"wp","href":"https:\/\/api.w.org\/{rel}","templated":true}]}}