{"id":41164,"date":"2018-07-16T15:20:58","date_gmt":"2018-07-16T12:20:58","guid":{"rendered":"https:\/\/partners-ltd.com\/magazin\/fara-categorie\/sloanled-lcg-cp-surflite1-65w-lampa-led-pentru-tavane-si-copertine\/"},"modified":"2025-06-23T17:15:05","modified_gmt":"2025-06-23T14:15:05","slug":"sloanled-lcg-cp-surflite1-65w-lampa-led-pentru-tavane-si-copertine","status":"publish","type":"product","link":"https:\/\/partners-ltd.com\/ro\/e-shop\/module-si-iluminare-led\/corpuri-de-iluminat-cu-led\/sloanled-lcg-cp-surflite1-65w-lampa-led-pentru-tavane-si-copertine\/","title":{"rendered":"SloanLED LCG-CP SurfLite1 65W \u2013 lamp\u0103 LED pentru tavane \u0219i copertine"},"content":{"rendered":"<div class=\"wpb-content-wrapper\"><p>[vc_row css=&#8221;.vc_custom_1530619279291{margin-bottom: 20px !important;border-top-width: 1px !important;border-right-width: 1px !important;border-bottom-width: 1px !important;border-left-width: 1px !important;padding-right: 10px !important;padding-left: 10px !important;border-left-color: #e2e2e2 !important;border-left-style: dotted !important;border-right-color: #e2e2e2 !important;border-right-style: dotted !important;border-top-color: #e2e2e2 !important;border-top-style: dotted !important;border-bottom-color: #e2e2e2 !important;border-bottom-style: dotted !important;border-radius: 1px !important;}&#8221;][vc_column][vc_single_image image=&#8221;20499&#8243; img_size=&#8221;full&#8221;]<div id=\"ultimate-heading-545469e214fe6595b\" class=\"uvc-heading ult-adjust-bottom-margin ultimate-heading-545469e214fe6595b uvc-1487 \" data-hspacer=\"no_spacer\"  data-halign=\"left\" style=\"text-align:left\"><div class=\"uvc-heading-spacer no_spacer\" style=\"top\"><\/div><div class=\"uvc-main-heading ult-responsive\"  data-ultimate-target='.uvc-heading.ultimate-heading-545469e214fe6595b h2'  data-responsive-json-new='{\"font-size\":\"desktop:28px;\",\"line-height\":\"desktop:38px;\"}' ><h2 style=\"--font-weight:theme;margin-bottom:20px;\">Lamp\u0103 LED pentru sp\u0103l\u0103torii auto \u0219i parc\u0103ri acoperite - SloanLED SurfLite1 65W<\/h2><\/div><\/div>[vc_row_inner][vc_column_inner][vc_column_text]Corp de iluminat <a href=\"\/kategoriya\/led-moduli-osvetlenie\/osvetitelni-tela\/\">LED de \u00eenalt\u0103 calitate<\/a> de la SloanLED.<\/p>\n<p>SloanLED SurfLite1 este o lamp\u0103 LED <strong>pentru \u00eencorporare \u00een tavane, copertine \u0219i sub strea\u0219ina cl\u0103dirilor<\/strong>, cu corp din aluminiu (turnare monolitic\u0103 din aluminiu) \u0219i lentile din policarbonat. <strong>Carcasa din aluminiu<\/strong> a acestei l\u0103mpi LED pentru sp\u0103l\u0103torii auto ajut\u0103<strong> la o mai bun\u0103 r\u0103cire <\/strong>\u0219i durabilitate a l\u0103mpii. Cu un design optic unic pentru<strong> reflexii minime<\/strong> \u0219i <strong>distribu\u021bie uniform\u0103 a luminii<\/strong>.<\/p>\n<p>LED-urile integrate \u00een lamp\u0103 sunt de cea mai \u00eenalt\u0103 clas\u0103 (Tier 1) pentru<strong> eficien\u021b\u0103 ridicat\u0103 \u0219i via\u021b\u0103 lung\u0103<\/strong>. Corpul SloanLED SurfLite1 este foarte sub\u021bire, doar 83,7 mm, ceea ce \u00eel face o solu\u021bie practic\u0103 pentru multe aplica\u021bii, inclusiv la instalarea \u00een tavane mai joase. Lampa LED este dezvoltat\u0103 cu un grad foarte bun de <strong>protec\u021bie \u00eempotriva umidit\u0103\u021bii \u2013 IP65.<\/strong> Se monteaz\u0103 u\u0219or cu ajutorul unei cutii J-Box. SurfLite1\u00a0Lampa LED pentru sp\u0103l\u0103torii auto este dimabil\u0103 (1-10 VDC), cu posibilitatea de reglare a intensit\u0103\u021bii luminii.<\/p>\n<p>Modulele LED de \u00eenalt\u0103 calitate\u00a0<a href=\"https:\/\/partners-ltd.com\/ro\/inceput\/led-moduli-osvetlenie\/\">\u0219i iluminatul<\/a>\u00a0de la SloanLED garanteaz\u0103 o iluminare str\u0103lucitoare \u0219i uniform\u0103.[\/vc_column_text][\/vc_column_inner][\/vc_row_inner][\/vc_column][\/vc_row][vc_row css=&#8221;.vc_custom_1531293008623{margin-bottom: 20px !important;border-top-width: 1px !important;border-right-width: 1px !important;border-bottom-width: 1px !important;border-left-width: 1px !important;padding-right: 10px !important;padding-left: 10px !important;border-left-color: #e2e2e2 !important;border-left-style: dotted !important;border-right-color: #e2e2e2 !important;border-right-style: dotted !important;border-top-color: #e2e2e2 !important;border-top-style: dotted !important;border-bottom-color: #e2e2e2 !important;border-bottom-style: dotted !important;border-radius: 2px !important;}&#8221;][vc_column]<div id=\"ultimate-heading-229569e214fe65993\" class=\"uvc-heading ult-adjust-bottom-margin ultimate-heading-229569e214fe65993 uvc-9531 \" data-hspacer=\"no_spacer\"  data-halign=\"left\" style=\"text-align:left\"><div class=\"uvc-heading-spacer no_spacer\" style=\"top\"><\/div><div class=\"uvc-main-heading ult-responsive\"  data-ultimate-target='.uvc-heading.ultimate-heading-229569e214fe65993 h3'  data-responsive-json-new='{\"font-size\":\"desktop:28px;\",\"line-height\":\"desktop:38px;\"}' ><h3 style=\"--font-weight:theme;margin-bottom:30px;\">Lamp\u0103 LED SloanLED SurfLite1 65W - specifica\u021bii:<\/h3><\/div><\/div>[vc_row_inner gap=&#8221;20&#8243;][vc_column_inner width=&#8221;1\/3&#8243;]<div class=\"ult_pricing_table_wrap ult_info_table ult_design_2  ult-cs-custom \">\n\t\t\t\t\t<div class=\"ult_pricing_table \" style=\"background:#f7f7f7; \"><div id=\"Info-table-wrap-6350\" class=\"ult_pricing_heading\" style=\"background:#666666;color:#ffffff;\">\n\t\t\t\t\t\t\t<h3 class=\"ult-responsive\"  data-ultimate-target='#Info-table-wrap-6350 h3'  data-responsive-json-new='{\"font-size\":\"\",\"line-height\":\"\"}'  style=\"font-weight:normal;color:#ffffff;\">Electrice<\/h3><\/div><!--ult_pricing_heading--><div id=\"info_table_features_wrap-4090\"  data-ultimate-target='#info_table_features_wrap-4090.ult_price_features'  data-responsive-json-new='{\"font-size\":\"\",\"line-height\":\"\"}'  class=\"ult-responsive ult_price_features\" style=\"font-weight:normal;\">\n\t\t\t\t\t\t\t<table>\n<tbody>\n<tr>\n<td>Alimentare<\/td>\n<td>65 W<\/td>\n<\/tr>\n<tr>\n<td>Eficien\u021b\u0103<\/td>\n<td>130 lm\/W<\/td>\n<\/tr>\n<tr>\n<td>Tensiune de intrare<\/td>\n<td>100-277 VAC, 50-60 Hz<\/td>\n<\/tr>\n<\/tbody>\n<\/table>\n\n\t\t\t\t\t\t<\/div><!--ult_price_features--><div class=\"ult_clr\"><\/div>\n\t\t\t<\/div><!--pricing_table-->\n\t\t<\/div><!--pricing_table_wrap-->[\/vc_column_inner][vc_column_inner width=&#8221;1\/3&#8243;]<div class=\"ult_pricing_table_wrap ult_info_table ult_design_2  ult-cs-custom \">\n\t\t\t\t\t<div class=\"ult_pricing_table \" style=\"background:#f7f7f7; \"><div id=\"Info-table-wrap-2862\" class=\"ult_pricing_heading\" style=\"background:#666666;color:#ffffff;\">\n\t\t\t\t\t\t\t<h3 class=\"ult-responsive\"  data-ultimate-target='#Info-table-wrap-2862 h3'  data-responsive-json-new='{\"font-size\":\"\",\"line-height\":\"\"}'  style=\"font-weight:normal;color:#ffffff;\">Iluminat<\/h3><\/div><!--ult_pricing_heading--><div id=\"info_table_features_wrap-3303\"  data-ultimate-target='#info_table_features_wrap-3303.ult_price_features'  data-responsive-json-new='{\"font-size\":\"\",\"line-height\":\"\"}'  class=\"ult-responsive ult_price_features\" style=\"font-weight:normal;\">\n\t\t\t\t\t\t\t<table>\n<tbody>\n<tr>\n<td>Temperatur\u0103 de culoare<\/td>\n<td>5000 K<\/td>\n<\/tr>\n<tr>\n<td>Iluminare(lm\/W)<\/td>\n<td>8.450 Lm<\/td>\n<\/tr>\n<tr style=\"height: 60px;\">\n<td>CRI<\/td>\n<td>&gt;70<\/td>\n<\/tr>\n<\/tbody>\n<\/table>\n\n\t\t\t\t\t\t<\/div><!--ult_price_features--><div class=\"ult_clr\"><\/div>\n\t\t\t<\/div><!--pricing_table-->\n\t\t<\/div><!--pricing_table_wrap-->[\/vc_column_inner][vc_column_inner width=&#8221;1\/3&#8243;]<div class=\"ult_pricing_table_wrap ult_info_table ult_design_2  ult-cs-custom \">\n\t\t\t\t\t<div class=\"ult_pricing_table \" style=\"background:#f7f7f7; \"><div id=\"Info-table-wrap-6816\" class=\"ult_pricing_heading\" style=\"background:#666666;color:#ffffff;\">\n\t\t\t\t\t\t\t<h3 class=\"ult-responsive\"  data-ultimate-target='#Info-table-wrap-6816 h3'  data-responsive-json-new='{\"font-size\":\"\",\"line-height\":\"\"}'  style=\"font-weight:normal;color:#ffffff;\">Performan\u021b\u0103<\/h3><\/div><!--ult_pricing_heading--><div id=\"info_table_features_wrap-4487\"  data-ultimate-target='#info_table_features_wrap-4487.ult_price_features'  data-responsive-json-new='{\"font-size\":\"\",\"line-height\":\"\"}'  class=\"ult-responsive ult_price_features\" style=\"font-weight:normal;\">\n\t\t\t\t\t\t\t<table>\n<tbody>\n<tr>\n<td>Protec\u021bie<\/td>\n<td>IP65<\/td>\n<\/tr>\n<tr>\n<td style=\"width: 40%;\">Temperatur\u0103 de lucru<\/td>\n<td style=\"width: 60%;\">\u201130\u00b0 p\u00e2n\u0103 la 45\u00b0C<\/td>\n<\/tr>\n<tr style=\"height: 62px;\">\n<td>Ore de via\u021b\u0103<\/td>\n<td>50.000 ore<\/td>\n<\/tr>\n<\/tbody>\n<\/table>\n\n\t\t\t\t\t\t<\/div><!--ult_price_features--><div class=\"ult_clr\"><\/div>\n\t\t\t<\/div><!--pricing_table-->\n\t\t<\/div><!--pricing_table_wrap-->[\/vc_column_inner][\/vc_row_inner][vc_column_text]<strong>Vezi alte variante de lamp\u0103 LED pentru sp\u0103l\u0103torii auto:<\/strong><\/p>\n<ul>\n<li>SloanLED SurfLite1 35W<\/li>\n<li>SloanLED SurfLite1 45W<\/li>\n<\/ul>\n<p>[\/vc_column_text][\/vc_column][\/vc_row][vc_row css=&#8221;.vc_custom_1531293008623{margin-bottom: 20px !important;border-top-width: 1px !important;border-right-width: 1px !important;border-bottom-width: 1px !important;border-left-width: 1px !important;padding-right: 10px !important;padding-left: 10px !important;border-left-color: #e2e2e2 !important;border-left-style: dotted !important;border-right-color: #e2e2e2 !important;border-right-style: dotted !important;border-top-color: #e2e2e2 !important;border-top-style: dotted !important;border-bottom-color: #e2e2e2 !important;border-bottom-style: dotted !important;border-radius: 2px !important;}&#8221;][vc_column]<div id=\"ultimate-heading-949869e214fe65cf9\" class=\"uvc-heading ult-adjust-bottom-margin ultimate-heading-949869e214fe65cf9 uvc-597 \" data-hspacer=\"no_spacer\"  data-halign=\"left\" style=\"text-align:left\"><div class=\"uvc-heading-spacer no_spacer\" style=\"top\"><\/div><div class=\"uvc-main-heading ult-responsive\"  data-ultimate-target='.uvc-heading.ultimate-heading-949869e214fe65cf9 h3'  data-responsive-json-new='{\"font-size\":\"desktop:28px;\",\"line-height\":\"desktop:38px;\"}' ><h3 style=\"--font-weight:theme;margin-bottom:30px;\">Documente<\/h3><\/div><\/div>[vc_column_text]Buletin de produs pentru lamp\u0103 LED SloanLED SurfLite1 65W \u0219i catalogul de produse SloanLED.[\/vc_column_text][vc_row_inner gap=&#8221;20&#8243;][vc_column_inner width=&#8221;1\/4&#8243;][vc_column_text]<\/p>\n<p style=\"text-align: center;\">Buletin de produs<\/p>\n<p>[\/vc_column_text][vc_single_image image=&#8221;20554&#8243; img_size=&#8221;130&#215;180&#8243; alignment=&#8221;center&#8221; style=&#8221;vc_box_outline&#8221;]<style type=\"text\/css\" data-type=\"the7_shortcodes-inline-css\">#default-btn-2db965a66d23e967608434dab637022c.ico-right-side > i {\n  margin-right: 0px;\n  margin-left: 8px;\n}\n#default-btn-2db965a66d23e967608434dab637022c > i {\n  margin-right: 8px;\n}\n<\/style><div class=\"btn-align-center\"><a href=\"\/wp-content\/uploads\/2019\/11\/SpecSheet-SloanLED-SurfLite1-canopy-fixture.pdf\" class=\"default-btn-shortcode dt-btn dt-btn-s link-hover-off \" target=\"_blank\" id=\"default-btn-2db965a66d23e967608434dab637022c\" rel=\"noopener\"><i class=\"fas fa-download\"><\/i><span>Descarc\u0103 PDF<\/span><\/a><\/div>[\/vc_column_inner][vc_column_inner width=&#8221;1\/4&#8243;][vc_column_text]<\/p>\n<p style=\"text-align: center;\">Catalog<\/p>\n<p>[\/vc_column_text][vc_single_image image=&#8221;20454&#8243; img_size=&#8221;130&#215;180&#8243; alignment=&#8221;center&#8221; style=&#8221;vc_box_outline&#8221;]<style type=\"text\/css\" data-type=\"the7_shortcodes-inline-css\">#default-btn-232473998dae6462c8b062babec62b0b.ico-right-side > i {\n  margin-right: 0px;\n  margin-left: 8px;\n}\n#default-btn-232473998dae6462c8b062babec62b0b > i {\n  margin-right: 8px;\n}\n<\/style><div class=\"btn-align-center\"><a href=\"\/wp-content\/uploads\/2019\/11\/SloanLED-Product-Catalog-2019.pdf\" class=\"default-btn-shortcode dt-btn dt-btn-s link-hover-off \" target=\"_blank\" id=\"default-btn-232473998dae6462c8b062babec62b0b\" rel=\"noopener\"><i class=\"fas fa-download\"><\/i><span>Descarc\u0103 PDF<\/span><\/a><\/div>[\/vc_column_inner][vc_column_inner width=&#8221;1\/4&#8243;][\/vc_column_inner][vc_column_inner width=&#8221;1\/4&#8243;][\/vc_column_inner][\/vc_row_inner][\/vc_column][\/vc_row]<\/p>\n<\/div>","protected":false},"excerpt":{"rendered":"<p>Lamp\u0103 LED 65W pentru montaj exterior pe tavane, copertine \u0219i sub strea\u0219ina cl\u0103dirilor. Potrivit\u0103 pentru parc\u0103ri \u0219i sp\u0103l\u0103torii auto. Carcas\u0103 sub\u021bire din aluminiu pentru multiple aplica\u021bii, inclusiv pentru montaj \u00een tavane mai joase. R\u0103cire excelent\u0103 \u0219i durabilitate \u0219i eficien\u021b\u0103 ridicat\u0103. Nivel de protec\u021bie la ap\u0103 \u2013 IP65.<\/p>\n<p><img loading=\"lazy\" decoding=\"async\" class=\"alignleft size-full wp-image-9262\" src=\"\/wp-content\/uploads\/2018\/09\/5god-garantsiya.png\" alt=\"Garan\u021bie de 5 ani pentru lampa LED\" width=\"96\" height=\"35\" \/><\/p>\n","protected":false},"featured_media":20566,"comment_status":"open","ping_status":"closed","template":"","meta":[],"product_cat":[1852,2687],"product_tag":[],"_links":{"self":[{"href":"https:\/\/partners-ltd.com\/ro\/wp-json\/wp\/v2\/product\/41164"}],"collection":[{"href":"https:\/\/partners-ltd.com\/ro\/wp-json\/wp\/v2\/product"}],"about":[{"href":"https:\/\/partners-ltd.com\/ro\/wp-json\/wp\/v2\/types\/product"}],"replies":[{"embeddable":true,"href":"https:\/\/partners-ltd.com\/ro\/wp-json\/wp\/v2\/comments?post=41164"}],"wp:featuredmedia":[{"embeddable":true,"href":"https:\/\/partners-ltd.com\/ro\/wp-json\/wp\/v2\/media\/20566"}],"wp:attachment":[{"href":"https:\/\/partners-ltd.com\/ro\/wp-json\/wp\/v2\/media?parent=41164"}],"wp:term":[{"taxonomy":"product_cat","embeddable":true,"href":"https:\/\/partners-ltd.com\/ro\/wp-json\/wp\/v2\/product_cat?post=41164"},{"taxonomy":"product_tag","embeddable":true,"href":"https:\/\/partners-ltd.com\/ro\/wp-json\/wp\/v2\/product_tag?post=41164"}],"curies":[{"name":"wp","href":"https:\/\/api.w.org\/{rel}","templated":true}]}}