{"id":41161,"date":"2020-10-22T15:50:31","date_gmt":"2020-10-22T12:50:31","guid":{"rendered":"https:\/\/partners-ltd.com\/magazin\/fara-categorie\/sloanled-brightline-2-placi-led-albe-lungi-pentru-iluminarea-panourilor-plate-unilaterale\/"},"modified":"2025-06-24T08:55:03","modified_gmt":"2025-06-24T05:55:03","slug":"sloanled-brightline-2-placi-led-albe-lungi-pentru-iluminarea-panourilor-plate-unilaterale","status":"publish","type":"product","link":"https:\/\/partners-ltd.com\/ro\/e-shop\/module-si-iluminare-led\/module-sloanled\/sloanled-brightline-2-placi-led-albe-lungi-pentru-iluminarea-panourilor-plate-unilaterale\/","title":{"rendered":"SloanLED BrightLINE 2 &#8211; pl\u0103ci LED albe lungi pentru iluminarea panourilor plate unilaterale"},"content":{"rendered":"<div class=\"wpb-content-wrapper\"><p>[vc_row css=&#8221;.vc_custom_1530619279291{margin-bottom: 20px !important;border-top-width: 1px !important;border-right-width: 1px !important;border-bottom-width: 1px !important;border-left-width: 1px !important;padding-right: 10px !important;padding-left: 10px !important;border-left-color: #e2e2e2 !important;border-left-style: dotted !important;border-right-color: #e2e2e2 !important;border-right-style: dotted !important;border-top-color: #e2e2e2 !important;border-top-style: dotted !important;border-bottom-color: #e2e2e2 !important;border-bottom-style: dotted !important;border-radius: 1px !important;}&#8221;][vc_column][vc_single_image image=&#8221;15166&#8243; img_size=&#8221;full&#8221; alignment=&#8221;center&#8221;]<div id=\"ultimate-heading-381769dea28a5f1a9\" class=\"uvc-heading ult-adjust-bottom-margin ultimate-heading-381769dea28a5f1a9 uvc-8298 \" data-hspacer=\"no_spacer\"  data-halign=\"left\" style=\"text-align:left\"><div class=\"uvc-heading-spacer no_spacer\" style=\"top\"><\/div><div class=\"uvc-main-heading ult-responsive\"  data-ultimate-target='.uvc-heading.ultimate-heading-381769dea28a5f1a9 h2'  data-responsive-json-new='{\"font-size\":\"desktop:28px;\",\"line-height\":\"desktop:38px;\"}' ><h2 style=\"--font-weight:theme;margin-bottom:20px;\">SloanLED BrightLINE 2 - pl\u0103ci LED lungi pentru iluminarea panourilor plate unilaterale<\/h2><\/div><\/div>[vc_row_inner][vc_column_inner][vc_column_text]<strong><a class=\"dt-pswp-item\" href=\"https:\/\/partners-ltd.com\/wp-content\/uploads\/2020\/10\/BrightLine.png\" data-dt-img-description=\"\" data-large_image_width=\"331\" data-large_image_height=\"204\"><img loading=\"lazy\" decoding=\"async\" class=\" wp-image-23250 alignleft\" src=\"https:\/\/partners-ltd.com\/wp-content\/uploads\/2020\/10\/BrightLine.png\" alt=\"SloanLED BrightLINE - module LED albe scurte pentru panouri unilaterale\" width=\"372\" height=\"229\" srcset=\"https:\/\/partners-ltd.com\/wp-content\/uploads\/2020\/10\/BrightLine.png 331w, https:\/\/partners-ltd.com\/wp-content\/uploads\/2020\/10\/BrightLine-300x185.png 300w\" sizes=\"(max-width: 372px) 100vw, 372px\" \/><\/a>SloanLED BrightLINE<\/strong> <strong>2<\/strong> este un produs nou, \u00eembun\u0103t\u0103\u021bit, proiectat pentru iluminarea panourilor cu fa\u021b\u0103 din vinil sau p\u00e2nz\u0103. <strong><a href=\"\/kategoriya\/led-moduli-osvetlenie\/sloanled-moduli\/\">Modulele SloanLED<\/a><\/strong> din aceast\u0103 serie asigur\u0103 o iluminare str\u0103lucitoare, uniform\u0103 \u0219i un montaj rapid \u0219i u\u0219or \u00een panouri plate, <strong>unilaterale<\/strong>. Creeaz\u0103 reclame str\u0103lucitoare \u0219i atr\u0103g\u0103toare \u0219i ofer\u0103\u00a0iluminare de lung\u0103 durat\u0103 \u0219i efectiv\u0103. Pentru utilizare \u00een locuri uscate, interioare.<\/p>\n<p><strong>SloanLED<\/strong> este un produc\u0103tor \u0219i furnizor dovedit \u00een industria LED de <strong>peste 20 de ani<\/strong>. Solu\u021biile lor de \u00eenalt\u0103 eficien\u021b\u0103 \u0219i durabilitate nu doar c\u0103 ilumineaz\u0103 produsele dumneavoastr\u0103 publicitare, ci reduc semnificativ costurile de energie \u0219i \u00eentre\u021binere. Aceasta, la r\u00e2ndul s\u0103u, duce la <strong>o recuperare mai rapid\u0103<\/strong> a investi\u021biilor. Sistem\u0103 de joas\u0103 tensiune <strong>24 VDC<\/strong> al <strong>SloanLED BrightLINE<\/strong> ofer\u0103 o eficien\u021b\u0103 excep\u021bional\u0103 \u0219i dep\u0103\u0219e\u0219te a\u0219tept\u0103rile, utiliz\u00e2nd cu p\u00e2n\u0103 la 20% mai pu\u021bin\u0103 putere dec\u00e2t benzile obi\u0219nuite.\u00a0Reduce semnificativ timpul \u0219i costurile de produc\u021bie pentru montaj.<\/p>\n<p>Se vinde \u00een seturi de 18 buc.<br \/>\nDimensiuni: 479 mm \u00d7 18 mm \u00d7 8 mm[\/vc_column_text][\/vc_column_inner][\/vc_row_inner][\/vc_column][\/vc_row][vc_row css=&#8221;.vc_custom_1531296600629{margin-bottom: 20px !important;border-top-width: 1px !important;border-right-width: 1px !important;border-bottom-width: 1px !important;border-left-width: 1px !important;padding-right: 10px !important;padding-left: 10px !important;border-left-color: #e2e2e2 !important;border-left-style: dotted !important;border-right-color: #e2e2e2 !important;border-right-style: dotted !important;border-top-color: #e2e2e2 !important;border-top-style: dotted !important;border-bottom-color: #e2e2e2 !important;border-bottom-style: dotted !important;border-radius: 2px !important;}&#8221;][vc_column width=&#8221;1\/2&#8243;]<div id=\"ultimate-heading-725869dea28a5f1e3\" class=\"uvc-heading ult-adjust-bottom-margin ultimate-heading-725869dea28a5f1e3 uvc-5319 \" data-hspacer=\"no_spacer\"  data-halign=\"left\" style=\"text-align:left\"><div class=\"uvc-heading-spacer no_spacer\" style=\"top\"><\/div><div class=\"uvc-main-heading ult-responsive\"  data-ultimate-target='.uvc-heading.ultimate-heading-725869dea28a5f1e3 h3'  data-responsive-json-new='{\"font-size\":\"desktop:28px;\",\"line-height\":\"desktop:38px;\"}' ><h3 style=\"--font-weight:theme;margin-bottom:20px;\">Caracteristici principale:<\/h3><\/div><\/div><div class=\"standard-arrow list-divider bullet-top\"><ul>\n<li>Iluminarea panourilor plate, unilaterale<\/li>\n<li>Tehnologie inovatoare a lentilelor pentru o iluminare str\u0103lucitoare \u0219i uniform\u0103.<\/li>\n<li>De la 30 mm la 120 mm ad\u00e2ncime<\/li>\n<\/ul>\n<\/div>[\/vc_column][vc_column width=&#8221;1\/2&#8243;][vc_empty_space height=&#8221;58px&#8221;]<div class=\"standard-arrow list-divider bullet-top\"><ul>\n<li>Acum disponibil \u00een 6500K \u0219i 4000K<\/li>\n<li>Montaj rapid \u0219i u\u0219or, f\u0103r\u0103 lipire.<\/li>\n<li>Garan\u021bie de 5 ani<\/li>\n<\/ul>\n<\/div>[\/vc_column][\/vc_row][vc_row css=&#8221;.vc_custom_1674027646288{margin-bottom: 20px !important;border-top-width: 1px !important;border-right-width: 1px !important;border-bottom-width: 1px !important;border-left-width: 1px !important;padding-right: 10px !important;padding-left: 10px !important;border-left-color: #e2e2e2 !important;border-left-style: dotted !important;border-right-color: #e2e2e2 !important;border-right-style: dotted !important;border-top-color: #e2e2e2 !important;border-top-style: dotted !important;border-bottom-color: #e2e2e2 !important;border-bottom-style: dotted !important;border-radius: 2px !important;}&#8221;][vc_column]<div id=\"ultimate-heading-305769dea28a5f272\" class=\"uvc-heading ult-adjust-bottom-margin ultimate-heading-305769dea28a5f272 uvc-7285 \" data-hspacer=\"no_spacer\"  data-halign=\"left\" style=\"text-align:left\"><div class=\"uvc-heading-spacer no_spacer\" style=\"top\"><\/div><div class=\"uvc-main-heading ult-responsive\"  data-ultimate-target='.uvc-heading.ultimate-heading-305769dea28a5f272 h3'  data-responsive-json-new='{\"font-size\":\"desktop:28px;\",\"line-height\":\"desktop:38px;\"}' ><h3 style=\"--font-weight:theme;margin-bottom:30px;\">Documente<\/h3><\/div><\/div>[vc_column_text]Buletin de produs, ghid de instala\u021bie \u0219i specifica\u021bii tehnice pentru SloanLED BrightLINE.[\/vc_column_text][vc_row_inner gap=&#8221;20&#8243; css=&#8221;.vc_custom_1674027737070{margin-bottom: 20px !important;}&#8221;][vc_column_inner width=&#8221;1\/4&#8243;][vc_column_text]<\/p>\n<p style=\"text-align: center;\">Buletin de produs<\/p>\n<p>[\/vc_column_text][vc_single_image image=&#8221;23261&#8243; img_size=&#8221;130&#215;180&#8243; alignment=&#8221;center&#8221; style=&#8221;vc_box_outline&#8221; onclick=&#8221;custom_link&#8221; img_link_target=&#8221;_blank&#8221; link=&#8221;\/wp-content\/uploads\/2020\/10\/ProductBrochure-SloanLEDBrightLINE2-Global.pdf&#8221;]<style type=\"text\/css\" data-type=\"the7_shortcodes-inline-css\">#default-btn-4a86f46b5c32875167b476c6da396829.ico-right-side > i {\n  margin-right: 0px;\n  margin-left: 8px;\n}\n#default-btn-4a86f46b5c32875167b476c6da396829 > i {\n  margin-right: 8px;\n}\n<\/style><div class=\"btn-align-center\"><a href=\"\/wp-content\/uploads\/2020\/10\/ProductBrochure-SloanLEDBrightLINE2-Global.pdf\" class=\"default-btn-shortcode dt-btn dt-btn-s link-hover-off \" target=\"_blank\" id=\"default-btn-4a86f46b5c32875167b476c6da396829\" rel=\"noopener\"><i class=\"fas fa-download\"><\/i><span>Descarc\u0103 PDF<\/span><\/a><\/div>[\/vc_column_inner][vc_column_inner width=&#8221;1\/4&#8243;][vc_column_text]<\/p>\n<p style=\"text-align: center;\">Ghid de instala\u021bie<\/p>\n<p>[\/vc_column_text][vc_single_image image=&#8221;23258&#8243; img_size=&#8221;130&#215;180&#8243; alignment=&#8221;center&#8221; style=&#8221;vc_box_outline&#8221; onclick=&#8221;custom_link&#8221; img_link_target=&#8221;_blank&#8221; link=&#8221;\/wp-content\/uploads\/2020\/10\/InstallGuide-SloanLEDBrightLINE2.pdf&#8221;]<style type=\"text\/css\" data-type=\"the7_shortcodes-inline-css\">#default-btn-3baf5740bb9c00388a7e66c8c3434056.ico-right-side > i {\n  margin-right: 0px;\n  margin-left: 8px;\n}\n#default-btn-3baf5740bb9c00388a7e66c8c3434056 > i {\n  margin-right: 8px;\n}\n<\/style><div class=\"btn-align-center\"><a href=\"\/wp-content\/uploads\/2020\/10\/InstallGuide-SloanLEDBrightLINE2.pdf\" class=\"default-btn-shortcode dt-btn dt-btn-s link-hover-off \" target=\"_blank\" id=\"default-btn-3baf5740bb9c00388a7e66c8c3434056\" rel=\"noopener\"><i class=\"fas fa-download\"><\/i><span>Descarc\u0103 PDF<\/span><\/a><\/div>[\/vc_column_inner][vc_column_inner width=&#8221;1\/4&#8243;][vc_column_text]<\/p>\n<p style=\"text-align: center;\">Caracteristici tehnice<\/p>\n<p>[\/vc_column_text][vc_single_image image=&#8221;23264&#8243; img_size=&#8221;130&#215;180&#8243; alignment=&#8221;center&#8221; style=&#8221;vc_box_outline&#8221; onclick=&#8221;custom_link&#8221; img_link_target=&#8221;_blank&#8221; link=&#8221;\/wp-content\/uploads\/2020\/10\/SpecSheet-SloanLEDBrightLINE2-Global.pdf&#8221;]<style type=\"text\/css\" data-type=\"the7_shortcodes-inline-css\">#default-btn-e2d1fa20c3abd6bb99cee21da70f856b.ico-right-side > i {\n  margin-right: 0px;\n  margin-left: 8px;\n}\n#default-btn-e2d1fa20c3abd6bb99cee21da70f856b > i {\n  margin-right: 8px;\n}\n<\/style><div class=\"btn-align-center\"><a href=\"\/wp-content\/uploads\/2020\/10\/SpecSheet-SloanLEDBrightLINE2-Global.pdf\" class=\"default-btn-shortcode dt-btn dt-btn-s link-hover-off \" target=\"_blank\" id=\"default-btn-e2d1fa20c3abd6bb99cee21da70f856b\" rel=\"noopener\"><i class=\"fas fa-download\"><\/i><span>Descarc\u0103 PDF<\/span><\/a><\/div>[\/vc_column_inner][vc_column_inner width=&#8221;1\/4&#8243;][\/vc_column_inner][\/vc_row_inner][\/vc_column][\/vc_row]<\/p>\n<\/div>","protected":false},"excerpt":{"rendered":"<p><strong>SloanLED BrightLINE<\/strong> <strong>2<\/strong> este un produs nou, \u00eembun\u0103t\u0103\u021bit, proiectat pentru iluminarea panourilor cu fa\u021b\u0103 din vinil sau p\u00e2nz\u0103. <strong>Modulele SloanLED<\/strong> din aceast\u0103 serie asigur\u0103 o iluminare str\u0103lucitoare, uniform\u0103 \u0219i un montaj rapid \u0219i u\u0219or \u00een panouri plate, <strong>unilaterale<\/strong>. Eficien\u021b\u0103 excep\u021bional\u0103, dep\u0103\u0219ind a\u0219tept\u0103rile, utiliz\u00e2nd cu p\u00e2n\u0103 la 20% mai pu\u021bin\u0103 putere dec\u00e2t benzile obi\u0219nuite.<\/p>\n<p>Se vinde \u00een seturi multiplu de 6 buc.<br \/>\nDimensiuni: 479 mm \u00d7 18 mm \u00d7 8 mm<\/p>\n[dt_gap height=\"5\" \/]\n<p><a class=\"dt-pswp-item\" href=\"https:\/\/partners-ltd.com\/wp-content\/uploads\/2018\/09\/5god-garantsiya.png\" data-dt-img-description=\"\" data-large_image_width=\"96\" data-large_image_height=\"35\"><img loading=\"lazy\" decoding=\"async\" class=\"size-full wp-image-9262 alignleft\" src=\"https:\/\/partners-ltd.com\/wp-content\/uploads\/2018\/09\/5god-garantsiya.png\" alt=\"Garan\u021bie de 5 ani pentru module LED\" width=\"96\" height=\"35\" \/><\/a><\/p>\n","protected":false},"featured_media":23255,"comment_status":"open","ping_status":"closed","template":"","meta":[],"product_cat":[1852,2690],"product_tag":[],"_links":{"self":[{"href":"https:\/\/partners-ltd.com\/ro\/wp-json\/wp\/v2\/product\/41161"}],"collection":[{"href":"https:\/\/partners-ltd.com\/ro\/wp-json\/wp\/v2\/product"}],"about":[{"href":"https:\/\/partners-ltd.com\/ro\/wp-json\/wp\/v2\/types\/product"}],"replies":[{"embeddable":true,"href":"https:\/\/partners-ltd.com\/ro\/wp-json\/wp\/v2\/comments?post=41161"}],"wp:featuredmedia":[{"embeddable":true,"href":"https:\/\/partners-ltd.com\/ro\/wp-json\/wp\/v2\/media\/23255"}],"wp:attachment":[{"href":"https:\/\/partners-ltd.com\/ro\/wp-json\/wp\/v2\/media?parent=41161"}],"wp:term":[{"taxonomy":"product_cat","embeddable":true,"href":"https:\/\/partners-ltd.com\/ro\/wp-json\/wp\/v2\/product_cat?post=41161"},{"taxonomy":"product_tag","embeddable":true,"href":"https:\/\/partners-ltd.com\/ro\/wp-json\/wp\/v2\/product_tag?post=41161"}],"curies":[{"name":"wp","href":"https:\/\/api.w.org\/{rel}","templated":true}]}}