{"id":41152,"date":"2019-02-18T09:44:01","date_gmt":"2019-02-18T07:44:01","guid":{"rendered":"https:\/\/partners-ltd.com\/magazin\/fara-categorie\/sloanled-vista-60-12-lampa-led\/"},"modified":"2025-06-23T17:25:48","modified_gmt":"2025-06-23T14:25:48","slug":"sloanled-vista-60-12-lampa-led","status":"publish","type":"product","link":"https:\/\/partners-ltd.com\/ro\/e-shop\/module-si-iluminare-led\/corpuri-de-iluminat-cu-led\/sloanled-vista-60-12-lampa-led\/","title":{"rendered":"SloanLED Vista 60\/12 lamp\u0103 LED"},"content":{"rendered":"<div class=\"wpb-content-wrapper\"><p>[vc_row css=&#8221;.vc_custom_1530619279291{margin-bottom: 20px !important;border-top-width: 1px !important;border-right-width: 1px !important;border-bottom-width: 1px !important;border-left-width: 1px !important;padding-right: 10px !important;padding-left: 10px !important;border-left-color: #e2e2e2 !important;border-left-style: dotted !important;border-right-color: #e2e2e2 !important;border-right-style: dotted !important;border-top-color: #e2e2e2 !important;border-top-style: dotted !important;border-bottom-color: #e2e2e2 !important;border-bottom-style: dotted !important;border-radius: 1px !important;}&#8221;][vc_column]<div id=\"ultimate-heading-735469e006ff56057\" class=\"uvc-heading ult-adjust-bottom-margin ultimate-heading-735469e006ff56057 uvc-7650 \" data-hspacer=\"no_spacer\"  data-halign=\"left\" style=\"text-align:left\"><div class=\"uvc-heading-spacer no_spacer\" style=\"top\"><\/div><div class=\"uvc-main-heading ult-responsive\"  data-ultimate-target='.uvc-heading.ultimate-heading-735469e006ff56057 h2'  data-responsive-json-new='{\"font-size\":\"desktop:28px;\",\"line-height\":\"desktop:38px;\"}' ><h2 style=\"--font-weight:theme;margin-bottom:20px;\">SloanLED Vista 50W - lamp\u0103 LED pentru birouri<\/h2><\/div><\/div>[vc_row_inner][vc_column_inner width=&#8221;2\/3&#8243;][vc_column_text]Lamp\u0103 LED pentru birouri &#8211;\u00a0<strong>SloanLED Vista 50W,<\/strong>\u00a0special proiectate pentru a \u00eenlocui l\u0103mpile fluorescente. Sunt destinate birourilor, unit\u0103\u021bilor comerciale, institu\u021biilor de s\u0103n\u0103tate, universit\u0103\u021bilor \u0219i altora. Corpurile de iluminat LED economisesc p\u00e2n\u0103 la 50% mai mult\u0103 energie electric\u0103 comparativ cu l\u0103mpile fluorescente. Montarea lor se face u\u0219or \u0219i rapid, nu necesit\u0103 \u00eentre\u021binere suplimentar\u0103. Corpul <a href=\"\/kategoriya\/led-moduli-osvetlenie\/osvetitelni-tela\/\">l\u0103mpilor LED<\/a> nu se crap\u0103 sau \u00eeng\u0103lbene\u0219te \u00een timp. Tehnologie cu care sunt dezvoltate minimizeaz\u0103 semnificativ reflexiile. Garanteaz\u0103 iluminarea pe \u00eentreaga suprafa\u021b\u0103 a l\u0103mpii, fiind potrivite pentru \u00eenc\u0103peri cu tavane joase. Confer\u0103 \u00eenc\u0103perilor o atmosfer\u0103 primitoare.<\/p>\n<p>L\u0103mpile SloanLED Vista sunt de \u00eenalt\u0103 durabilitate \u0219i rezisten\u021b\u0103. Sunt create doar pentru utilizare interioar\u0103.<\/p>\n<p>Modulele LED de \u00eenalt\u0103 calitate\u00a0<a href=\"https:\/\/partners-ltd.com\/ro\/inceput\/led-moduli-osvetlenie\/\">\u0219i iluminatul<\/a>\u00a0de la SloanLED garanteaz\u0103 o iluminare str\u0103lucitoare \u0219i uniform\u0103.<\/p>\n<p>Cu 5 ani garan\u021bie &#8211; 60.000(L<sub>70<\/sub> ) ore de via\u021b\u0103.[\/vc_column_text][\/vc_column_inner][vc_column_inner width=&#8221;1\/3&#8243;][vc_single_image image=&#8221;17017&#8243; img_size=&#8221;full&#8221; alignment=&#8221;center&#8221; onclick=&#8221;link_image&#8221;][\/vc_column_inner][\/vc_row_inner][\/vc_column][\/vc_row][vc_row css=&#8221;.vc_custom_1531296600629{margin-bottom: 20px !important;border-top-width: 1px !important;border-right-width: 1px !important;border-bottom-width: 1px !important;border-left-width: 1px !important;padding-right: 10px !important;padding-left: 10px !important;border-left-color: #e2e2e2 !important;border-left-style: dotted !important;border-right-color: #e2e2e2 !important;border-right-style: dotted !important;border-top-color: #e2e2e2 !important;border-top-style: dotted !important;border-bottom-color: #e2e2e2 !important;border-bottom-style: dotted !important;border-radius: 2px !important;}&#8221;][vc_column width=&#8221;1\/2&#8243;]<div id=\"ultimate-heading-661169e006ff56095\" class=\"uvc-heading ult-adjust-bottom-margin ultimate-heading-661169e006ff56095 uvc-680 \" data-hspacer=\"no_spacer\"  data-halign=\"left\" style=\"text-align:left\"><div class=\"uvc-heading-spacer no_spacer\" style=\"top\"><\/div><div class=\"uvc-main-heading ult-responsive\"  data-ultimate-target='.uvc-heading.ultimate-heading-661169e006ff56095 h3'  data-responsive-json-new='{\"font-size\":\"desktop:28px;\",\"line-height\":\"desktop:38px;\"}' ><h3 style=\"--font-weight:theme;margin-bottom:20px;\">Caracteristici principale:<\/h3><\/div><\/div><div class=\"standard-arrow list-divider bullet-top\"><ul>\n<li>minimizeaz\u0103 reflexiile<\/li>\n<li>economise\u0219te p\u00e2n\u0103 la 50% din energia electric\u0103<\/li>\n<li>pentru aplica\u021bii interioare<\/li>\n<\/ul>\n<\/div>[\/vc_column][vc_column width=&#8221;1\/2&#8243;][vc_empty_space height=&#8221;58px&#8221;]<div class=\"standard-arrow list-divider bullet-top\"><ul>\n<li>durabilitate ridicat\u0103<\/li>\n<li>pentru birouri, institu\u021bii de s\u0103n\u0103tate, unit\u0103\u021bi comerciale \u0219i altele<\/li>\n<li>5 ani garan\u021bie<\/li>\n<\/ul>\n<\/div>[\/vc_column][\/vc_row][vc_row css=&#8221;.vc_custom_1531293008623{margin-bottom: 20px !important;border-top-width: 1px !important;border-right-width: 1px !important;border-bottom-width: 1px !important;border-left-width: 1px !important;padding-right: 10px !important;padding-left: 10px !important;border-left-color: #e2e2e2 !important;border-left-style: dotted !important;border-right-color: #e2e2e2 !important;border-right-style: dotted !important;border-top-color: #e2e2e2 !important;border-top-style: dotted !important;border-bottom-color: #e2e2e2 !important;border-bottom-style: dotted !important;border-radius: 2px !important;}&#8221;][vc_column]<div id=\"ultimate-heading-727669e006ff5611b\" class=\"uvc-heading ult-adjust-bottom-margin ultimate-heading-727669e006ff5611b uvc-5375 \" data-hspacer=\"no_spacer\"  data-halign=\"left\" style=\"text-align:left\"><div class=\"uvc-heading-spacer no_spacer\" style=\"top\"><\/div><div class=\"uvc-main-heading ult-responsive\"  data-ultimate-target='.uvc-heading.ultimate-heading-727669e006ff5611b h4'  data-responsive-json-new='{\"font-size\":\"desktop:28px;\",\"line-height\":\"desktop:38px;\"}' ><h4 style=\"--font-weight:theme;margin-bottom:30px;\">SloanLED Vista 50W specifica\u021bii<\/h4><\/div><\/div>[vc_row_inner gap=&#8221;20&#8243;][vc_column_inner width=&#8221;1\/3&#8243;]<div class=\"ult_pricing_table_wrap ult_info_table ult_design_2  ult-cs-custom \">\n\t\t\t\t\t<div class=\"ult_pricing_table \" style=\"background:#f7f7f7; \"><div id=\"Info-table-wrap-2496\" class=\"ult_pricing_heading\" style=\"background:#666666;color:#ffffff;\">\n\t\t\t\t\t\t\t<h3 class=\"ult-responsive\"  data-ultimate-target='#Info-table-wrap-2496 h3'  data-responsive-json-new='{\"font-size\":\"\",\"line-height\":\"\"}'  style=\"font-weight:normal;color:#ffffff;\">Electrice<\/h3><\/div><!--ult_pricing_heading--><div id=\"info_table_features_wrap-2905\"  data-ultimate-target='#info_table_features_wrap-2905.ult_price_features'  data-responsive-json-new='{\"font-size\":\"\",\"line-height\":\"\"}'  class=\"ult-responsive ult_price_features\" style=\"font-weight:normal;\">\n\t\t\t\t\t\t\t<table>\n<tbody>\n<tr>\n<td>Alimentare<\/td>\n<td>50W<\/td>\n<\/tr>\n<tr>\n<td>Eficien\u021b\u0103<\/td>\n<td>125 lm\/W<\/td>\n<\/tr>\n<tr>\n<td>Tensiune de intrare<\/td>\n<td>220-230 VAC, 50-60 Hz<\/td>\n<\/tr>\n<\/tbody>\n<\/table>\n\n\t\t\t\t\t\t<\/div><!--ult_price_features--><div class=\"ult_clr\"><\/div>\n\t\t\t<\/div><!--pricing_table-->\n\t\t<\/div><!--pricing_table_wrap-->[\/vc_column_inner][vc_column_inner width=&#8221;1\/3&#8243;]<div class=\"ult_pricing_table_wrap ult_info_table ult_design_2  ult-cs-custom \">\n\t\t\t\t\t<div class=\"ult_pricing_table \" style=\"background:#f7f7f7; \"><div id=\"Info-table-wrap-7112\" class=\"ult_pricing_heading\" style=\"background:#666666;color:#ffffff;\">\n\t\t\t\t\t\t\t<h3 class=\"ult-responsive\"  data-ultimate-target='#Info-table-wrap-7112 h3'  data-responsive-json-new='{\"font-size\":\"\",\"line-height\":\"\"}'  style=\"font-weight:normal;color:#ffffff;\">Iluminat<\/h3><\/div><!--ult_pricing_heading--><div id=\"info_table_features_wrap-2484\"  data-ultimate-target='#info_table_features_wrap-2484.ult_price_features'  data-responsive-json-new='{\"font-size\":\"\",\"line-height\":\"\"}'  class=\"ult-responsive ult_price_features\" style=\"font-weight:normal;\">\n\t\t\t\t\t\t\t<table>\n<tbody>\n<tr>\n<td>Temperatur\u0103 de culoare<\/td>\n<td>4000 K<\/td>\n<\/tr>\n<tr>\n<td style=\"width: 40%;\">Iluminare<\/td>\n<td style=\"width: 60%;\">6250 Lm<\/td>\n<\/tr>\n<tr style=\"height: 60px;\">\n<td>CRI<\/td>\n<td>80<\/td>\n<\/tr>\n<\/tbody>\n<\/table>\n\n\t\t\t\t\t\t<\/div><!--ult_price_features--><div class=\"ult_clr\"><\/div>\n\t\t\t<\/div><!--pricing_table-->\n\t\t<\/div><!--pricing_table_wrap-->[\/vc_column_inner][vc_column_inner width=&#8221;1\/3&#8243;]<div class=\"ult_pricing_table_wrap ult_info_table ult_design_2  ult-cs-custom \">\n\t\t\t\t\t<div class=\"ult_pricing_table \" style=\"background:#f7f7f7; \"><div id=\"Info-table-wrap-6988\" class=\"ult_pricing_heading\" style=\"background:#666666;color:#ffffff;\">\n\t\t\t\t\t\t\t<h3 class=\"ult-responsive\"  data-ultimate-target='#Info-table-wrap-6988 h3'  data-responsive-json-new='{\"font-size\":\"\",\"line-height\":\"\"}'  style=\"font-weight:normal;color:#ffffff;\">Performan\u021b\u0103<\/h3><\/div><!--ult_pricing_heading--><div id=\"info_table_features_wrap-3749\"  data-ultimate-target='#info_table_features_wrap-3749.ult_price_features'  data-responsive-json-new='{\"font-size\":\"\",\"line-height\":\"\"}'  class=\"ult-responsive ult_price_features\" style=\"font-weight:normal;\">\n\t\t\t\t\t\t\t<table>\n<tbody>\n<tr>\n<td>Protec\u021bie<\/td>\n<td>IP40<\/td>\n<\/tr>\n<tr>\n<td style=\"width: 40%;\">Temperatur\u0103 de lucru<\/td>\n<td style=\"width: 60%;\">-20\u00b0 p\u00e2n\u0103 la 40\u00b0C<\/td>\n<\/tr>\n<tr style=\"height: 80px;\">\n<td>Ore de via\u021b\u0103<\/td>\n<td>60.000 ore(L<sub>70<\/sub>)<\/td>\n<\/tr>\n<\/tbody>\n<\/table>\n\n\t\t\t\t\t\t<\/div><!--ult_price_features--><div class=\"ult_clr\"><\/div>\n\t\t\t<\/div><!--pricing_table-->\n\t\t<\/div><!--pricing_table_wrap-->[\/vc_column_inner][\/vc_row_inner][\/vc_column][\/vc_row][vc_row css=&#8221;.vc_custom_1531293008623{margin-bottom: 20px !important;border-top-width: 1px !important;border-right-width: 1px !important;border-bottom-width: 1px !important;border-left-width: 1px !important;padding-right: 10px !important;padding-left: 10px !important;border-left-color: #e2e2e2 !important;border-left-style: dotted !important;border-right-color: #e2e2e2 !important;border-right-style: dotted !important;border-top-color: #e2e2e2 !important;border-top-style: dotted !important;border-bottom-color: #e2e2e2 !important;border-bottom-style: dotted !important;border-radius: 2px !important;}&#8221;][vc_column]<div id=\"ultimate-heading-318469e006ff56491\" class=\"uvc-heading ult-adjust-bottom-margin ultimate-heading-318469e006ff56491 uvc-2021 \" data-hspacer=\"no_spacer\"  data-halign=\"left\" style=\"text-align:left\"><div class=\"uvc-heading-spacer no_spacer\" style=\"top\"><\/div><div class=\"uvc-main-heading ult-responsive\"  data-ultimate-target='.uvc-heading.ultimate-heading-318469e006ff56491 h4'  data-responsive-json-new='{\"font-size\":\"desktop:28px;\",\"line-height\":\"desktop:38px;\"}' ><h4 style=\"--font-weight:theme;margin-bottom:30px;\">Documente<\/h4><\/div><\/div>[vc_column_text]Buletin de produs, ghid de instala\u021bie \u0219i bro\u0219ur\u0103 de produs pentru lamp\u0103 LED SloanLED Vista 50W.[\/vc_column_text][vc_row_inner gap=&#8221;20&#8243;][vc_column_inner width=&#8221;1\/4&#8243;][vc_column_text]<\/p>\n<p style=\"text-align: center;\">Buletin de produs<\/p>\n<p>[\/vc_column_text][vc_single_image image=&#8221;17013&#8243; img_size=&#8221;130&#215;180&#8243; alignment=&#8221;center&#8221; style=&#8221;vc_box_outline&#8221;]<style type=\"text\/css\" data-type=\"the7_shortcodes-inline-css\">#default-btn-db91f51b210e26d5b0d977b296fa0686.ico-right-side > i {\n  margin-right: 0px;\n  margin-left: 8px;\n}\n#default-btn-db91f51b210e26d5b0d977b296fa0686 > i {\n  margin-right: 8px;\n}\n<\/style><div class=\"btn-align-center\"><a href=\"\/wp-content\/uploads\/2019\/02\/DataSheet-SloanLEDVista-Global.pdf\" class=\"default-btn-shortcode dt-btn dt-btn-s link-hover-off \" target=\"_blank\" id=\"default-btn-db91f51b210e26d5b0d977b296fa0686\" rel=\"noopener\"><i class=\"fas fa-download\"><\/i><span>Descarc\u0103 PDF<\/span><\/a><\/div>[\/vc_column_inner][vc_column_inner width=&#8221;1\/4&#8243;][vc_column_text]<\/p>\n<p style=\"text-align: center;\">Ghid de instala\u021bie<\/p>\n<p>[\/vc_column_text][vc_single_image image=&#8221;17015&#8243; img_size=&#8221;130&#215;180&#8243; alignment=&#8221;center&#8221; style=&#8221;vc_box_outline&#8221;]<style type=\"text\/css\" data-type=\"the7_shortcodes-inline-css\">#default-btn-fe7385da5a5e2bab7756d564be548a87.ico-right-side > i {\n  margin-right: 0px;\n  margin-left: 8px;\n}\n#default-btn-fe7385da5a5e2bab7756d564be548a87 > i {\n  margin-right: 8px;\n}\n<\/style><div class=\"btn-align-center\"><a href=\"\/wp-content\/uploads\/2019\/02\/InstallGuide-SloanLEDVista.pdf\" class=\"default-btn-shortcode dt-btn dt-btn-s link-hover-off \" target=\"_blank\" id=\"default-btn-fe7385da5a5e2bab7756d564be548a87\" rel=\"noopener\"><i class=\"fas fa-download\"><\/i><span>Descarc\u0103 PDF<\/span><\/a><\/div>[\/vc_column_inner][vc_column_inner width=&#8221;1\/4&#8243;][vc_column_text]<\/p>\n<p style=\"text-align: center;\">Bro\u0219ur\u0103 de produs<\/p>\n<p>[\/vc_column_text][vc_single_image image=&#8221;15359&#8243; img_size=&#8221;130&#215;180&#8243; alignment=&#8221;center&#8221; style=&#8221;vc_box_outline&#8221;]<style type=\"text\/css\" data-type=\"the7_shortcodes-inline-css\">#default-btn-ab5dcc6d2fc5d1f44fe24ce048e87826.ico-right-side > i {\n  margin-right: 0px;\n  margin-left: 8px;\n}\n#default-btn-ab5dcc6d2fc5d1f44fe24ce048e87826 > i {\n  margin-right: 8px;\n}\n<\/style><div class=\"btn-align-center\"><a href=\"\/wp-content\/uploads\/2018\/07\/SloanLED-Product-brochure.pdf\" class=\"default-btn-shortcode dt-btn dt-btn-s link-hover-off \" target=\"_blank\" id=\"default-btn-ab5dcc6d2fc5d1f44fe24ce048e87826\" rel=\"noopener\"><i class=\"fas fa-download\"><\/i><span>Descarc\u0103 PDF<\/span><\/a><\/div>[\/vc_column_inner][vc_column_inner width=&#8221;1\/4&#8243;][vc_column_text]<\/p>\n<p style=\"text-align: center;\">Catalog de produse<\/p>\n<p>[\/vc_column_text][vc_single_image image=&#8221;15172&#8243; img_size=&#8221;130&#215;180&#8243; alignment=&#8221;center&#8221; style=&#8221;vc_box_outline&#8221;]<style type=\"text\/css\" data-type=\"the7_shortcodes-inline-css\">#default-btn-404e4c1c0ec92b17dc022142c3a132c4.ico-right-side > i {\n  margin-right: 0px;\n  margin-left: 8px;\n}\n#default-btn-404e4c1c0ec92b17dc022142c3a132c4 > i {\n  margin-right: 8px;\n}\n<\/style><div class=\"btn-align-center\"><a href=\"\/wp-content\/uploads\/2018\/07\/SloanLED-LEDStripe-PDF-File-Product-guide.pdf\" class=\"default-btn-shortcode dt-btn dt-btn-s link-hover-off \" target=\"_blank\" id=\"default-btn-404e4c1c0ec92b17dc022142c3a132c4\" rel=\"noopener\"><i class=\"fas fa-download\"><\/i><span>Descarc\u0103 PDF<\/span><\/a><\/div>[\/vc_column_inner][\/vc_row_inner][\/vc_column][\/vc_row][vc_row][vc_column][vc_cta h2=&#8221;Accesorii pentru SloanLED Vista 60\/12&#8243; color=&#8221;black&#8221; add_button=&#8221;bottom&#8221; btn_title=&#8221;Contacte&#8221; btn_color=&#8221;warning&#8221; btn_link=&#8221;url:https%3A%2F%2Fpartners-ltd.com%2Fro%2Fcontacte%2F|&#8221;]<\/p>\n<table>\n<tbody>\n<tr>\n<td>Vista Baterie de rezerv\u0103 8W<\/td>\n<td>275,20 BGN cu TVA<\/td>\n<\/tr>\n<tr>\n<td>Vista Set de asamblare<\/td>\n<td>35,30 BGN cu TVA<\/td>\n<\/tr>\n<tr>\n<td>Vista Cablu de 1,5 m + adaptor pentru priz\u0103 euro<\/td>\n<td>35,30 BGN cu TVA<\/td>\n<\/tr>\n<tr>\n<td>Vista Ram\u0103 panou<\/td>\n<td>75,30 BGN cu TVA<\/td>\n<\/tr>\n<\/tbody>\n<\/table>\n<p><strong>Pentru mai multe informa\u021bii \u0219i comenzi, v\u0103 rug\u0103m s\u0103 contacta\u021bi un reprezentant de v\u00e2nz\u0103ri.<\/strong>[\/vc_cta][\/vc_column][\/vc_row]<\/p>\n<\/div>","protected":false},"excerpt":{"rendered":"<p>Lamp\u0103 LED \u2013 SloanLED Vista 50W, special proiectate pentru a \u00eenlocui l\u0103mpile fluorescente. Dezvoltate pentru birouri, universit\u0103\u021bi, institu\u021bii de s\u0103n\u0103tate, unit\u0103\u021bi comerciale \u0219i altele.<\/p>\n<p><img loading=\"lazy\" decoding=\"async\" class=\"alignleft size-full wp-image-9262\" src=\"\/wp-content\/uploads\/2018\/09\/5god-garantsiya.png\" alt=\"Garan\u021bie de 5 ani pentru module LED\" width=\"96\" height=\"35\" \/><\/p>\n","protected":false},"featured_media":17029,"comment_status":"open","ping_status":"closed","template":"","meta":[],"product_cat":[2687],"product_tag":[],"_links":{"self":[{"href":"https:\/\/partners-ltd.com\/ro\/wp-json\/wp\/v2\/product\/41152"}],"collection":[{"href":"https:\/\/partners-ltd.com\/ro\/wp-json\/wp\/v2\/product"}],"about":[{"href":"https:\/\/partners-ltd.com\/ro\/wp-json\/wp\/v2\/types\/product"}],"replies":[{"embeddable":true,"href":"https:\/\/partners-ltd.com\/ro\/wp-json\/wp\/v2\/comments?post=41152"}],"wp:featuredmedia":[{"embeddable":true,"href":"https:\/\/partners-ltd.com\/ro\/wp-json\/wp\/v2\/media\/17029"}],"wp:attachment":[{"href":"https:\/\/partners-ltd.com\/ro\/wp-json\/wp\/v2\/media?parent=41152"}],"wp:term":[{"taxonomy":"product_cat","embeddable":true,"href":"https:\/\/partners-ltd.com\/ro\/wp-json\/wp\/v2\/product_cat?post=41152"},{"taxonomy":"product_tag","embeddable":true,"href":"https:\/\/partners-ltd.com\/ro\/wp-json\/wp\/v2\/product_tag?post=41152"}],"curies":[{"name":"wp","href":"https:\/\/api.w.org\/{rel}","templated":true}]}}