{"id":41113,"date":"2018-07-19T09:40:28","date_gmt":"2018-07-19T06:40:28","guid":{"rendered":"https:\/\/partners-ltd.com\/magazin\/fara-categorie\/sloanled-highliner-2-lampi-led-304mm\/"},"modified":"2025-06-27T11:44:59","modified_gmt":"2025-06-27T08:44:59","slug":"sloanled-highliner-2-lampi-led-304mm","status":"publish","type":"product","link":"https:\/\/partners-ltd.com\/ro\/e-shop\/module-si-iluminare-led\/corpuri-de-iluminat-cu-led\/sloanled-highliner-2-lampi-led-304mm\/","title":{"rendered":"SloanLED HighLINER 2 \u2013 l\u0103mpi LED 304mm"},"content":{"rendered":"<div class=\"wpb-content-wrapper\"><p>[vc_row css=&#8221;.vc_custom_1530619279291{margin-bottom: 20px !important;border-top-width: 1px !important;border-right-width: 1px !important;border-bottom-width: 1px !important;border-left-width: 1px !important;padding-right: 10px !important;padding-left: 10px !important;border-left-color: #e2e2e2 !important;border-left-style: dotted !important;border-right-color: #e2e2e2 !important;border-right-style: dotted !important;border-top-color: #e2e2e2 !important;border-top-style: dotted !important;border-bottom-color: #e2e2e2 !important;border-bottom-style: dotted !important;border-radius: 1px !important;}&#8221;][vc_column][vc_single_image image=&#8221;15212&#8243; img_size=&#8221;full&#8221;]<div id=\"ultimate-heading-142969d9f213f30e7\" class=\"uvc-heading ult-adjust-bottom-margin ultimate-heading-142969d9f213f30e7 uvc-5425 \" data-hspacer=\"no_spacer\"  data-halign=\"left\" style=\"text-align:left\"><div class=\"uvc-heading-spacer no_spacer\" style=\"top\"><\/div><div class=\"uvc-main-heading ult-responsive\"  data-ultimate-target='.uvc-heading.ultimate-heading-142969d9f213f30e7 h2'  data-responsive-json-new='{\"font-size\":\"desktop:28px;\",\"line-height\":\"desktop:38px;\"}' ><h2 style=\"--font-weight:theme;margin-bottom:20px;\">Corpuri de iluminat LED - SloanLED HighLINER 2<\/h2><\/div><\/div>[vc_row_inner][vc_column_inner][vc_column_text]<a href=\"\/kategoriya\/led-moduli-osvetlenie\/osvetitelni-tela\/\">Corpurile de iluminat LED<\/a> SloanLED HighLINER 2 304mm sunt solu\u021bia ideal\u0103 pentru iluminarea copertinelor cl\u0103dirilor, spa\u021biilor comerciale, magazinelor, benzin\u0103riilor, spa\u021biilor de lucru, camerelor frigorifice \u0219i locurilor umede (sp\u0103l\u0103torii auto). L\u0103mpile LED HighLINER 2 sunt destinate s\u0103 \u00eenlocuiasc\u0103 corpurile de iluminat fluorescente sau halogene existente. Se monteaz\u0103 rapid \u0219i u\u0219or. Au o durabilitate ridicat\u0103, economisind astfel costuri de \u00eentre\u021binere (spre deosebire de l\u0103mpile fluorescente). Nu se \u00eenc\u0103lzesc, pot fi montate chiar \u0219i pe izola\u021bii termice. Pot fi montate \u0219i \u00een camere frigorifice, chiar \u0219i la -25\u00b0C.<\/p>\n<p>Extrudate hibrid din dou\u0103 materiale: alb opac pentru spate \u0219i difuzor pentru fa\u021b\u0103. Nu este nevoie de garnituri suplimentare pentru a preveni p\u0103trunderea apei. Au un corp rezistent la ap\u0103 cu protec\u021bie \u00eenalt\u0103 IP66 \u0219i IP68. Sunt potrivite pentru montaj exterior \u0219i interior.<\/p>\n<p>Modulele LED de \u00eenalt\u0103 calitate\u00a0<a href=\"https:\/\/partners-ltd.com\/ro\/inceput\/led-moduli-osvetlenie\/\">\u0219i iluminatul<\/a>\u00a0de la SloanLED garanteaz\u0103 o iluminare str\u0103lucitoare \u0219i uniform\u0103.<\/p>\n<p><strong>** Cu un driver de alimentare LED 100W 24VDC \/01895-24C\/ \u2013 p\u00e2n\u0103 la 6 l\u0103mpi<\/strong><\/p>\n<p><strong>Accesorii incluse \u00een set:<\/strong><br \/>\ncleme de montaj \u2013 3 buc\u0103\u021bi\/lamp\u0103;<br \/>\ncapace de protec\u021bie pentru cabluri \u2013 2 buc\u0103\u021bi\/lamp\u0103[\/vc_column_text][\/vc_column_inner][\/vc_row_inner][\/vc_column][\/vc_row][vc_row css=&#8221;.vc_custom_1531296600629{margin-bottom: 20px !important;border-top-width: 1px !important;border-right-width: 1px !important;border-bottom-width: 1px !important;border-left-width: 1px !important;padding-right: 10px !important;padding-left: 10px !important;border-left-color: #e2e2e2 !important;border-left-style: dotted !important;border-right-color: #e2e2e2 !important;border-right-style: dotted !important;border-top-color: #e2e2e2 !important;border-top-style: dotted !important;border-bottom-color: #e2e2e2 !important;border-bottom-style: dotted !important;border-radius: 2px !important;}&#8221;][vc_column width=&#8221;1\/2&#8243;]<div id=\"ultimate-heading-801769d9f213f3124\" class=\"uvc-heading ult-adjust-bottom-margin ultimate-heading-801769d9f213f3124 uvc-4928 \" data-hspacer=\"no_spacer\"  data-halign=\"left\" style=\"text-align:left\"><div class=\"uvc-heading-spacer no_spacer\" style=\"top\"><\/div><div class=\"uvc-main-heading ult-responsive\"  data-ultimate-target='.uvc-heading.ultimate-heading-801769d9f213f3124 h3'  data-responsive-json-new='{\"font-size\":\"desktop:28px;\",\"line-height\":\"desktop:38px;\"}' ><h3 style=\"--font-weight:theme;margin-bottom:20px;\">Caracteristici principale:<\/h3><\/div><\/div><div class=\"standard-arrow list-divider bullet-top\"><ul>\n<li>pentru iluminarea copertinelor cl\u0103dirilor, spa\u021biilor comerciale, magazinelor \u0219i benzin\u0103riilor<\/li>\n<li>pentru spa\u021bii de lucru, camere frigorifice \u0219i locuri umede (sp\u0103l\u0103torii auto)<\/li>\n<li>economisesc p\u00e2n\u0103 la 64% energie electric\u0103 comparativ cu l\u0103mpile fluorescente<\/li>\n<\/ul>\n<\/div>[\/vc_column][vc_column width=&#8221;1\/2&#8243;][vc_empty_space height=&#8221;82px&#8221;]<div class=\"standard-arrow list-divider bullet-top\"><ul>\n<li>destinate s\u0103 \u00eenlocuiasc\u0103 l\u0103mpile fluorescente \u0219i halogene<\/li>\n<li>montaj rapid \u0219i u\u0219or<\/li>\n<li>garan\u021bie &#8211; 5 ani<\/li>\n<\/ul>\n<\/div>[\/vc_column][\/vc_row][vc_row css=&#8221;.vc_custom_1531293008623{margin-bottom: 20px !important;border-top-width: 1px !important;border-right-width: 1px !important;border-bottom-width: 1px !important;border-left-width: 1px !important;padding-right: 10px !important;padding-left: 10px !important;border-left-color: #e2e2e2 !important;border-left-style: dotted !important;border-right-color: #e2e2e2 !important;border-right-style: dotted !important;border-top-color: #e2e2e2 !important;border-top-style: dotted !important;border-bottom-color: #e2e2e2 !important;border-bottom-style: dotted !important;border-radius: 2px !important;}&#8221;][vc_column]<div id=\"ultimate-heading-215169d9f213f31bc\" class=\"uvc-heading ult-adjust-bottom-margin ultimate-heading-215169d9f213f31bc uvc-6785 \" data-hspacer=\"no_spacer\"  data-halign=\"left\" style=\"text-align:left\"><div class=\"uvc-heading-spacer no_spacer\" style=\"top\"><\/div><div class=\"uvc-main-heading ult-responsive\"  data-ultimate-target='.uvc-heading.ultimate-heading-215169d9f213f31bc h3'  data-responsive-json-new='{\"font-size\":\"desktop:28px;\",\"line-height\":\"desktop:38px;\"}' ><h3 style=\"--font-weight:theme;margin-bottom:30px;\">Documente<\/h3><\/div><\/div>[vc_column_text]Buletin de produs, ghid de instala\u021bie, bro\u0219ur\u0103 \u0219i ofert\u0103 de pre\u021b pentru l\u0103mpile LED SloanLED HighLINER 2 &#8211; 304mm.[\/vc_column_text][vc_row_inner gap=&#8221;20&#8243;][vc_column_inner width=&#8221;1\/4&#8243;][vc_column_text]<\/p>\n<p style=\"text-align: center;\">Buletin de produs<\/p>\n<p>[\/vc_column_text][vc_single_image image=&#8221;15220&#8243; img_size=&#8221;130&#215;180&#8243; alignment=&#8221;center&#8221; style=&#8221;vc_box_outline&#8221;]<style type=\"text\/css\" data-type=\"the7_shortcodes-inline-css\">#default-btn-62f95804f1e206c102725a9f9136ad0f.ico-right-side > i {\n  margin-right: 0px;\n  margin-left: 8px;\n}\n#default-btn-62f95804f1e206c102725a9f9136ad0f > i {\n  margin-right: 8px;\n}\n<\/style><div class=\"btn-align-center\"><a href=\"\/wp-content\/uploads\/2018\/07\/HighLINER2-Global-DataSheet.pdf\" class=\"default-btn-shortcode dt-btn dt-btn-s link-hover-off \" target=\"_blank\" id=\"default-btn-62f95804f1e206c102725a9f9136ad0f\" rel=\"noopener\"><span>Descarc\u0103 PDF<\/span><\/a><\/div>[\/vc_column_inner][vc_column_inner width=&#8221;1\/4&#8243;][vc_column_text]<\/p>\n<p style=\"text-align: center;\">Ghid de instala\u021bie<\/p>\n<p>[\/vc_column_text][vc_single_image image=&#8221;15217&#8243; img_size=&#8221;130&#215;180&#8243; alignment=&#8221;center&#8221; style=&#8221;vc_box_outline&#8221;]<style type=\"text\/css\" data-type=\"the7_shortcodes-inline-css\">#default-btn-53db9b8ab4929c3919ec82ebaef1f281.ico-right-side > i {\n  margin-right: 0px;\n  margin-left: 8px;\n}\n#default-btn-53db9b8ab4929c3919ec82ebaef1f281 > i {\n  margin-right: 8px;\n}\n<\/style><div class=\"btn-align-center\"><a href=\"\/wp-content\/uploads\/2018\/07\/InstallGuide-HighLINER2.pdf\" class=\"default-btn-shortcode dt-btn dt-btn-s link-hover-off \" target=\"_blank\" id=\"default-btn-53db9b8ab4929c3919ec82ebaef1f281\" rel=\"noopener\"><span>Descarc\u0103 PDF<\/span><\/a><\/div>[\/vc_column_inner][vc_column_inner width=&#8221;1\/4&#8243;][vc_column_text]<\/p>\n<p style=\"text-align: center;\">Bro\u0219ur\u0103 de produs<\/p>\n<p>[\/vc_column_text][vc_single_image image=&#8221;15256&#8243; img_size=&#8221;130&#215;180&#8243; alignment=&#8221;center&#8221; style=&#8221;vc_box_outline&#8221;]<style type=\"text\/css\" data-type=\"the7_shortcodes-inline-css\">#default-btn-ae9ecdf7fc593f95494aeeff8a40b7bf.ico-right-side > i {\n  margin-right: 0px;\n  margin-left: 8px;\n}\n#default-btn-ae9ecdf7fc593f95494aeeff8a40b7bf > i {\n  margin-right: 8px;\n}\n<\/style><div class=\"btn-align-center\"><a href=\"\/wp-content\/uploads\/2018\/07\/SloanLED-PosterBox-3-PDF-Product-guide.pdf\" class=\"default-btn-shortcode dt-btn dt-btn-s link-hover-off \" target=\"_blank\" id=\"default-btn-ae9ecdf7fc593f95494aeeff8a40b7bf\" rel=\"noopener\"><span>Descarc\u0103 PDF<\/span><\/a><\/div>[\/vc_column_inner][vc_column_inner width=&#8221;1\/4&#8243;][vc_column_text]<\/p>\n<p style=\"text-align: center;\">Ofert\u0103 de pre\u021b<\/p>\n<p>[\/vc_column_text][vc_single_image image=&#8221;15239&#8243; img_size=&#8221;130&#215;180&#8243; alignment=&#8221;center&#8221; style=&#8221;vc_box_outline&#8221;]<style type=\"text\/css\" data-type=\"the7_shortcodes-inline-css\">#default-btn-cce443e7241b23b27e80445ec26eaef2.ico-right-side > i {\n  margin-right: 0px;\n  margin-left: 8px;\n}\n#default-btn-cce443e7241b23b27e80445ec26eaef2 > i {\n  margin-right: 8px;\n}\n<\/style><div class=\"btn-align-center\"><a href=\"\/wp-content\/uploads\/2018\/07\/Partners_SloanLED_Highliner2_Pricelist.pdf\" class=\"default-btn-shortcode dt-btn dt-btn-s link-hover-off \" target=\"_blank\" id=\"default-btn-cce443e7241b23b27e80445ec26eaef2\" rel=\"noopener\"><span>Descarc\u0103 PDF<\/span><\/a><\/div>[\/vc_column_inner][\/vc_row_inner][\/vc_column][\/vc_row]<\/p>\n<\/div>","protected":false},"excerpt":{"rendered":"<p>Corpurile de iluminat LED SloanLED HighLINER 2 304mm sunt o solu\u021bie ideal\u0103 \u0219i eficient\u0103\u00a0 pentru iluminarea copertinelor cl\u0103dirilor, spa\u021biilor comerciale, magazinelor \u0219i benzin\u0103riilor. Montaj rapid \u0219i u\u0219or \u0219i via\u021b\u0103 lung\u0103 de exploatare.<\/p>\n<p><img loading=\"lazy\" decoding=\"async\" class=\"alignnone wp-image-16395 size-full\" src=\"https:\/\/partners-ltd.com\/wp-content\/uploads\/2018\/09\/5_Year-Warranty.png\" alt=\"5 ani garan\u021bie pentru modulele LED\" width=\"96\" height=\"35\" \/><\/p>\n","protected":false},"featured_media":15222,"comment_status":"open","ping_status":"closed","template":"","meta":[],"product_cat":[1852,2687],"product_tag":[],"_links":{"self":[{"href":"https:\/\/partners-ltd.com\/ro\/wp-json\/wp\/v2\/product\/41113"}],"collection":[{"href":"https:\/\/partners-ltd.com\/ro\/wp-json\/wp\/v2\/product"}],"about":[{"href":"https:\/\/partners-ltd.com\/ro\/wp-json\/wp\/v2\/types\/product"}],"replies":[{"embeddable":true,"href":"https:\/\/partners-ltd.com\/ro\/wp-json\/wp\/v2\/comments?post=41113"}],"wp:featuredmedia":[{"embeddable":true,"href":"https:\/\/partners-ltd.com\/ro\/wp-json\/wp\/v2\/media\/15222"}],"wp:attachment":[{"href":"https:\/\/partners-ltd.com\/ro\/wp-json\/wp\/v2\/media?parent=41113"}],"wp:term":[{"taxonomy":"product_cat","embeddable":true,"href":"https:\/\/partners-ltd.com\/ro\/wp-json\/wp\/v2\/product_cat?post=41113"},{"taxonomy":"product_tag","embeddable":true,"href":"https:\/\/partners-ltd.com\/ro\/wp-json\/wp\/v2\/product_tag?post=41113"}],"curies":[{"name":"wp","href":"https:\/\/api.w.org\/{rel}","templated":true}]}}