{"id":41112,"date":"2018-07-08T11:49:53","date_gmt":"2018-07-08T08:49:53","guid":{"rendered":"https:\/\/partners-ltd.com\/magazin\/fara-categorie\/proiector-led-20w-gri-inchis\/"},"modified":"2025-06-20T15:32:21","modified_gmt":"2025-06-20T12:32:21","slug":"proiector-led-20w-gri-inchis","status":"publish","type":"product","link":"https:\/\/partners-ltd.com\/ro\/e-shop\/module-si-iluminare-led\/corpuri-de-iluminat-cu-led\/proiector-led-20w-gri-inchis\/","title":{"rendered":"Proiector LED 20W &#8211; gri \u00eenchis"},"content":{"rendered":"<div class=\"wpb-content-wrapper\"><p>[vc_row css=&#8221;.vc_custom_1530619279291{margin-bottom: 20px !important;border-top-width: 1px !important;border-right-width: 1px !important;border-bottom-width: 1px !important;border-left-width: 1px !important;padding-right: 10px !important;padding-left: 10px !important;border-left-color: #e2e2e2 !important;border-left-style: dotted !important;border-right-color: #e2e2e2 !important;border-right-style: dotted !important;border-top-color: #e2e2e2 !important;border-top-style: dotted !important;border-bottom-color: #e2e2e2 !important;border-bottom-style: dotted !important;border-radius: 1px !important;}&#8221;][vc_column][vc_single_image image=&#8221;17293&#8243; img_size=&#8221;full&#8221;]<div id=\"ultimate-heading-483769e573d688f5f\" class=\"uvc-heading ult-adjust-bottom-margin ultimate-heading-483769e573d688f5f uvc-1156 \" data-hspacer=\"no_spacer\"  data-halign=\"left\" style=\"text-align:left\"><div class=\"uvc-heading-spacer no_spacer\" style=\"top\"><\/div><div class=\"uvc-main-heading ult-responsive\"  data-ultimate-target='.uvc-heading.ultimate-heading-483769e573d688f5f h2'  data-responsive-json-new='{\"font-size\":\"desktop:28px;\",\"line-height\":\"desktop:38px;\"}' ><h2 style=\"--font-weight:theme;margin-bottom:20px;\">Proiectoare LED puternice de 20W<\/h2><\/div><\/div>[vc_row_inner][vc_column_inner][vc_column_text]Proiectoare LED puternice \u0219i durabile de 20W pentru aplica\u021bie exterioare.<\/p>\n<p>Proiectoarele LED au o carcas\u0103 robust\u0103 din aluminiu, care le protejeaz\u0103 \u0219i le ofer\u0103 durabilitate suplimentar\u0103. Deoarece sunt destinate instala\u021biilor exterioare, acestea sunt dezvoltate cu un standard \u00eenalt de protec\u021bie la ap\u0103 &#8211; IP65. Sunt rezistente la condi\u021bii meteorologice variabile, v\u00e2nt puternic \u0219i umiditate. Extrem de u\u0219or de montaj. Acest tip de <a href=\"\/kategoriya\/led-moduli-osvetlenie\/osvetitelni-tela\/\">corpuri de iluminat LED<\/a> sunt destinate ilumin\u0103rii unor suprafe\u021be mari \u0219i spa\u021bioase. Disponibile \u00een <a href=\"https:\/\/partners-ltd.com\/ro\/e-shop\/module-si-iluminare-led\/corpuri-de-iluminat-cu-led\/proiector-led-20w-gri-deschis\/\">culoare gri deschis.<\/a><\/p>\n<p>Module LED <a href=\"https:\/\/partners-ltd.com\/ro\/inceput\/led-moduli-osvetlenie\/\">de \u00eenalt\u0103 calitate \u0219i iluminat<\/a> &#8211; garan\u021bie pentru iluminare str\u0103lucitoare \u0219i eficient\u0103.[\/vc_column_text][\/vc_column_inner][\/vc_row_inner][\/vc_column][\/vc_row][vc_row css=&#8221;.vc_custom_1531296600629{margin-bottom: 20px !important;border-top-width: 1px !important;border-right-width: 1px !important;border-bottom-width: 1px !important;border-left-width: 1px !important;padding-right: 10px !important;padding-left: 10px !important;border-left-color: #e2e2e2 !important;border-left-style: dotted !important;border-right-color: #e2e2e2 !important;border-right-style: dotted !important;border-top-color: #e2e2e2 !important;border-top-style: dotted !important;border-bottom-color: #e2e2e2 !important;border-bottom-style: dotted !important;border-radius: 2px !important;}&#8221;][vc_column width=&#8221;1\/2&#8243;]<div id=\"ultimate-heading-181969e573d688f95\" class=\"uvc-heading ult-adjust-bottom-margin ultimate-heading-181969e573d688f95 uvc-3009 \" data-hspacer=\"no_spacer\"  data-halign=\"left\" style=\"text-align:left\"><div class=\"uvc-heading-spacer no_spacer\" style=\"top\"><\/div><div class=\"uvc-main-heading ult-responsive\"  data-ultimate-target='.uvc-heading.ultimate-heading-181969e573d688f95 h3'  data-responsive-json-new='{\"font-size\":\"desktop:28px;\",\"line-height\":\"desktop:38px;\"}' ><h3 style=\"--font-weight:theme;margin-bottom:20px;\">Caracteristici principale:<\/h3><\/div><\/div><div class=\"standard-arrow list-divider bullet-top\"><ul>\n<li>cu profil de aluminiu<\/li>\n<li>protec\u021bie la ap\u0103 &#8211; IP65<\/li>\n<li>foarte rezistente<\/li>\n<li>pentru iluminarea unor suprafe\u021be mari \u0219i spa\u021bioase<\/li>\n<\/ul>\n<\/div>[\/vc_column][vc_column width=&#8221;1\/2&#8243;][\/vc_column][\/vc_row]<\/p>\n<\/div>","protected":false},"excerpt":{"rendered":"<p>Proiectoare LED puternice \u0219i durabile cu carcas\u0103 de aluminiu \u0219i protec\u021bie la ap\u0103 IP65. Destinate ilumin\u0103rii unor suprafe\u021be mari \u0219i spa\u021bioase.<br \/>\n<img loading=\"lazy\" decoding=\"async\" class=\"alignleft wp-image-4931 size-full\" src=\"\/wp-content\/uploads\/2019\/03\/powered_by_samsung.png\" alt=\"Module LED cu cip Samsung, unghi de vizibilitate de 160 de grade, 3 ani garan\u021bie\" width=\"100\" height=\"35\"\/><\/p>\n","protected":false},"featured_media":17318,"comment_status":"open","ping_status":"closed","template":"","meta":[],"product_cat":[2687],"product_tag":[],"_links":{"self":[{"href":"https:\/\/partners-ltd.com\/ro\/wp-json\/wp\/v2\/product\/41112"}],"collection":[{"href":"https:\/\/partners-ltd.com\/ro\/wp-json\/wp\/v2\/product"}],"about":[{"href":"https:\/\/partners-ltd.com\/ro\/wp-json\/wp\/v2\/types\/product"}],"replies":[{"embeddable":true,"href":"https:\/\/partners-ltd.com\/ro\/wp-json\/wp\/v2\/comments?post=41112"}],"wp:featuredmedia":[{"embeddable":true,"href":"https:\/\/partners-ltd.com\/ro\/wp-json\/wp\/v2\/media\/17318"}],"wp:attachment":[{"href":"https:\/\/partners-ltd.com\/ro\/wp-json\/wp\/v2\/media?parent=41112"}],"wp:term":[{"taxonomy":"product_cat","embeddable":true,"href":"https:\/\/partners-ltd.com\/ro\/wp-json\/wp\/v2\/product_cat?post=41112"},{"taxonomy":"product_tag","embeddable":true,"href":"https:\/\/partners-ltd.com\/ro\/wp-json\/wp\/v2\/product_tag?post=41112"}],"curies":[{"name":"wp","href":"https:\/\/api.w.org\/{rel}","templated":true}]}}