{"id":41111,"date":"2021-01-20T14:42:09","date_gmt":"2021-01-20T12:42:09","guid":{"rendered":"https:\/\/partners-ltd.com\/magazin\/fara-categorie\/sloanled-24vdc-power-supply-100l1-driver-de-alimentare-100w\/"},"modified":"2025-06-20T16:02:46","modified_gmt":"2025-06-20T13:02:46","slug":"sloanled-24vdc-power-supply-100l1-driver-de-alimentare-100w","status":"publish","type":"product","link":"https:\/\/partners-ltd.com\/ro\/e-shop\/module-si-iluminare-led\/drivere-led\/sloanled-24vdc-power-supply-100l1-driver-de-alimentare-100w\/","title":{"rendered":"SloanLED 24VDC Power Supply 100L1 &#8211; driver de alimentare 100W"},"content":{"rendered":"<div class=\"wpb-content-wrapper\"><p>[vc_row css=&#8221;.vc_custom_1530619279291{margin-bottom: 20px !important;border-top-width: 1px !important;border-right-width: 1px !important;border-bottom-width: 1px !important;border-left-width: 1px !important;padding-right: 10px !important;padding-left: 10px !important;border-left-color: #e2e2e2 !important;border-left-style: dotted !important;border-right-color: #e2e2e2 !important;border-right-style: dotted !important;border-top-color: #e2e2e2 !important;border-top-style: dotted !important;border-bottom-color: #e2e2e2 !important;border-bottom-style: dotted !important;border-radius: 1px !important;}&#8221;][vc_column]<div id=\"ultimate-heading-195769e08b839f5e7\" class=\"uvc-heading ult-adjust-bottom-margin ultimate-heading-195769e08b839f5e7 uvc-9490 \" data-hspacer=\"no_spacer\"  data-halign=\"left\" style=\"text-align:left\"><div class=\"uvc-heading-spacer no_spacer\" style=\"top\"><\/div><div class=\"uvc-main-heading ult-responsive\"  data-ultimate-target='.uvc-heading.ultimate-heading-195769e08b839f5e7 h2'  data-responsive-json-new='{\"font-size\":\"desktop:28px;\",\"line-height\":\"desktop:38px;\"}' ><h2 style=\"--font-weight:theme;margin-bottom:20px;\">SloanLED 24VDC Power Supply 100L1 - driver de alimentare 100W<\/h2><\/div><\/div>[vc_row_inner][vc_column_inner][vc_column_text]Driver de alimentare <strong><a href=\"\/kategoriya\/led-moduli-osvetlenie\/led-draiveri\/\">LED<\/a><\/strong> de \u00eenalt\u0103 calitate \u0219i fiabil de la SloanLED.<\/p>\n<p>SloanLED 24VDC Power Supply 100L1, 100W este un driver de alimentare, proiectat special pentru industria de reclam\u0103 exterioar\u0103 \u0219i \u00een special pentru iluminarea semnelor. Con\u021bine tehnici inovatoare care accelereaz\u0103 montajul \u0219i garanteaz\u0103 func\u021bionarea fiabil\u0103 \u00een aplica\u021bii dure \u00een aer liber.<\/p>\n<p>Tensiune de intrare: 120-277 VAC, 50-60 Hz<\/p>\n<p>SloanLED 24VDC Power Supply 100L1 are protec\u021bie la praf \u0219i ap\u0103 IP68 \u0219i este recunoscut de UL pentru locuri uscate, umede \u0219i ude.<\/p>\n<p>Alimentarea include toleran\u021b\u0103 \u00eembun\u0103t\u0103\u021bit\u0103 la tensiune \u00een componentele \u0219i subsistemele sensibile la c\u0103ldur\u0103, cu \u00eembun\u0103t\u0103\u021biri de design care \u00eent\u0103resc conexiunile electrice, permi\u021b\u00e2nd \u00een acela\u0219i timp componentelor cheie s\u0103 se \u00eendoaie pentru a face fa\u021b\u0103 expansiunii cauzate de temperatur\u0103.<\/p>\n<p>Tehnologie patentat\u0103 a driverelor SloanLED permite utilizarea lor 24 de ore, f\u0103r\u0103 a afecta durabilitatea \u0219i func\u021bionarea acestora.[\/vc_column_text][\/vc_column_inner][\/vc_row_inner][\/vc_column][\/vc_row][vc_row][vc_column]<div id=\"ultimate-heading-25269e08b839f627\" class=\"uvc-heading ult-adjust-bottom-margin ultimate-heading-25269e08b839f627 uvc-9322 \" data-hspacer=\"no_spacer\"  data-halign=\"left\" style=\"text-align:left\"><div class=\"uvc-heading-spacer no_spacer\" style=\"top\"><\/div><div class=\"uvc-main-heading ult-responsive\"  data-ultimate-target='.uvc-heading.ultimate-heading-25269e08b839f627 h3'  data-responsive-json-new='{\"font-size\":\"desktop:28px;\",\"line-height\":\"desktop:38px;\"}' ><h3 style=\"--font-weight:theme;margin-bottom:20px;\">Caracteristici principale:<\/h3><\/div><\/div>[\/vc_column][\/vc_row][vc_row css=&#8221;.vc_custom_1531296600629{margin-bottom: 20px !important;border-top-width: 1px !important;border-right-width: 1px !important;border-bottom-width: 1px !important;border-left-width: 1px !important;padding-right: 10px !important;padding-left: 10px !important;border-left-color: #e2e2e2 !important;border-left-style: dotted !important;border-right-color: #e2e2e2 !important;border-right-style: dotted !important;border-top-color: #e2e2e2 !important;border-top-style: dotted !important;border-bottom-color: #e2e2e2 !important;border-bottom-style: dotted !important;border-radius: 2px !important;}&#8221;][vc_column width=&#8221;1\/2&#8243;]<div class=\"standard-arrow list-divider bullet-top\"><ul>\n<li>fiabil \u0219i rezistent<\/li>\n<li>design alb, compact<\/li>\n<li>Protec\u021bie &#8211; IP64<\/li>\n<\/ul>\n<\/div>[\/vc_column][vc_column width=&#8221;1\/2&#8243;]<div class=\"standard-arrow list-divider bullet-top\"><ul>\n<li>design patentat pentru conexiuni electrice u\u0219oare \u0219i montaj<\/li>\n<li>potrivit pentru instala\u021bii exterioare<\/li>\n<li>recunoscut de UL pentru aplica\u021bie \u00een locuri uscate, umede \u0219i ude<\/li>\n<\/ul>\n<\/div>[\/vc_column][\/vc_row][vc_row][vc_column]<div id=\"ultimate-heading-143669e08b839f6b3\" class=\"uvc-heading ult-adjust-bottom-margin ultimate-heading-143669e08b839f6b3 uvc-1808 \" data-hspacer=\"no_spacer\"  data-halign=\"left\" style=\"text-align:left\"><div class=\"uvc-heading-spacer no_spacer\" style=\"top\"><\/div><div class=\"uvc-main-heading ult-responsive\"  data-ultimate-target='.uvc-heading.ultimate-heading-143669e08b839f6b3 h3'  data-responsive-json-new='{\"font-size\":\"desktop:28px;\",\"line-height\":\"desktop:38px;\"}' ><h3 style=\"--font-weight:theme;margin-bottom:30px;\">Documente:<\/h3><\/div><\/div>[\/vc_column][\/vc_row][vc_row css=&#8221;.vc_custom_1634892389027{border-top-width: 1px !important;border-right-width: 1px !important;border-bottom-width: 1px !important;border-left-width: 1px !important;padding-right: 10px !important;padding-left: 10px !important;border-left-color: #d6d6d6 !important;border-left-style: dotted !important;border-right-color: #d6d6d6 !important;border-right-style: dotted !important;border-top-color: #d6d6d6 !important;border-top-style: dotted !important;border-bottom-color: #d6d6d6 !important;border-bottom-style: dotted !important;border-radius: 1px !important;}&#8221;][vc_column width=&#8221;1\/3&#8243;][vc_column_text]<\/p>\n<p style=\"text-align: center;\">Produs<br \/>\nbuletin<\/p>\n<p>[\/vc_column_text][vc_single_image image=&#8221;26679&#8243; img_size=&#8221;130&#215;180&#8243; add_caption=&#8221;yes&#8221; alignment=&#8221;center&#8221; style=&#8221;vc_box_outline&#8221; onclick=&#8221;custom_link&#8221; img_link_target=&#8221;_blank&#8221; css=&#8221;.vc_custom_1634905159864{border-top-width: 1px !important;border-right-width: 1px !important;border-bottom-width: 1px !important;border-left-width: 1px !important;}&#8221; link=&#8221;\/wp-content\/uploads\/2021\/10\/SloanLED-24VDC-Power-Supply-100L1-Tecnic-Specification.pdf&#8221;]<style type=\"text\/css\" data-type=\"the7_shortcodes-inline-css\">#default-btn-218ed8cb3a0b2a344cac1c88ce3dc41f.ico-right-side > i {\n  margin-right: 0px;\n  margin-left: 8px;\n}\n#default-btn-218ed8cb3a0b2a344cac1c88ce3dc41f > i {\n  margin-right: 8px;\n}\n<\/style><div class=\"btn-align-center\"><a href=\"\/wp-content\/uploads\/2021\/10\/SloanLED-24VDC-Power-Supply-100L1-\u0422\u0435\u0445\u043d\u0438\u0447\u0435\u0441\u043a\u0430-\u0441\u043f\u0435\u0446\u0438\u0444\u0438\u043a\u0430\u0446\u0438\u044f.pdf\" class=\"default-btn-shortcode dt-btn dt-btn-s link-hover-off \" target=\"_blank\" id=\"default-btn-218ed8cb3a0b2a344cac1c88ce3dc41f\" rel=\"noopener\"><i class=\"fas fa-download\"><\/i><span>Descarc\u0103 PDF<\/span><\/a><\/div>[vc_empty_space][\/vc_column][vc_column width=&#8221;1\/3&#8243;][vc_column_text]<\/p>\n<p style=\"text-align: center;\">Ghid de<br \/>\ninstala\u021bie<\/p>\n<p>[\/vc_column_text][vc_single_image image=&#8221;26685&#8243; img_size=&#8221;130&#215;180&#8243; alignment=&#8221;center&#8221; style=&#8221;vc_box_outline&#8221; onclick=&#8221;custom_link&#8221; img_link_target=&#8221;_blank&#8221; css=&#8221;.vc_custom_1634905873887{border-top-width: 1px !important;border-right-width: 1px !important;border-bottom-width: 1px !important;border-left-width: 1px !important;}&#8221; link=&#8221;\/wp-content\/uploads\/2021\/10\/SloanLED-24VDC-Power-Supply-100L1-Ghid-de-instalare.pdf&#8221;]<style type=\"text\/css\" data-type=\"the7_shortcodes-inline-css\">#default-btn-40ec1c1ec24831b028f5667b9b4fbf43.ico-right-side > i {\n  margin-right: 0px;\n  margin-left: 8px;\n}\n#default-btn-40ec1c1ec24831b028f5667b9b4fbf43 > i {\n  margin-right: 8px;\n}\n<\/style><div class=\"btn-align-center\"><a href=\"\/wp-content\/uploads\/2021\/10\/SloanLED-24VDC-Power-Supply-100L1-\u0420\u044a\u043a\u043e\u0432\u043e\u0434\u0441\u0442\u0432\u043e-\u0437\u0430-\u0438\u043d\u0441\u0442\u0430\u043b\u0430\u0446\u0438\u044f.pdf\" class=\"default-btn-shortcode dt-btn dt-btn-s link-hover-off \" target=\"_blank\" id=\"default-btn-40ec1c1ec24831b028f5667b9b4fbf43\" rel=\"noopener\"><i class=\"fas fa-download\"><\/i><span>Descarc\u0103 PDF<\/span><\/a><\/div>[vc_empty_space][\/vc_column][vc_column width=&#8221;1\/3&#8243;][vc_column_text]<\/p>\n<p style=\"text-align: center;\">Bro\u0219ur\u0103 de<br \/>\nBro\u0219ur\u0103<\/p>\n<p>[\/vc_column_text][vc_single_image image=&#8221;26691&#8243; img_size=&#8221;130&#215;180&#8243; alignment=&#8221;center&#8221; style=&#8221;vc_box_outline&#8221; onclick=&#8221;custom_link&#8221; img_link_target=&#8221;_blank&#8221; css=&#8221;.vc_custom_1634905255528{border-top-width: 1px !important;border-right-width: 1px !important;border-bottom-width: 1px !important;border-left-width: 1px !important;}&#8221; link=&#8221;\/wp-content\/uploads\/2021\/10\/SloanLED-24VDC-Power-Supply-100L1-Catalog-de-produs.pdf&#8221;]<style type=\"text\/css\" data-type=\"the7_shortcodes-inline-css\">#default-btn-006d190c39dab285aabe751d2ca0a501.ico-right-side > i {\n  margin-right: 0px;\n  margin-left: 8px;\n}\n#default-btn-006d190c39dab285aabe751d2ca0a501 > i {\n  margin-right: 8px;\n}\n<\/style><div class=\"btn-align-center\"><a href=\"\/wp-content\/uploads\/2021\/10\/SloanLED-24VDC-Power-Supply-100L1-\u041f\u0440\u043e\u0434\u0443\u043a\u0442\u043e\u0432-\u043a\u0430\u0442\u0430\u043b\u043e\u0433.pdf\" class=\"default-btn-shortcode dt-btn dt-btn-s link-hover-off \" target=\"_blank\" id=\"default-btn-006d190c39dab285aabe751d2ca0a501\" rel=\"noopener\"><i class=\"fas fa-download\"><\/i><span>Descarc\u0103 PDF<\/span><\/a><\/div>[vc_empty_space][\/vc_column][\/vc_row]<\/p>\n<\/div>","protected":false},"excerpt":{"rendered":"<p>SloanLED 24VDC Power Supply 100L1, 100W este un driver de alimentare, proiectat special pentru industria de reclam\u0103 exterioar\u0103 \u0219i \u00een special pentru iluminarea semnelor. Con\u021bine tehnologie inovatoare care accelereaz\u0103 montajul \u0219i garanteaz\u0103 func\u021bionarea fiabil\u0103 \u00een aplica\u021bii dure \u00een aer liber.<\/p>\n","protected":false},"featured_media":26673,"comment_status":"open","ping_status":"closed","template":"","meta":[],"product_cat":[1852,2688],"product_tag":[],"_links":{"self":[{"href":"https:\/\/partners-ltd.com\/ro\/wp-json\/wp\/v2\/product\/41111"}],"collection":[{"href":"https:\/\/partners-ltd.com\/ro\/wp-json\/wp\/v2\/product"}],"about":[{"href":"https:\/\/partners-ltd.com\/ro\/wp-json\/wp\/v2\/types\/product"}],"replies":[{"embeddable":true,"href":"https:\/\/partners-ltd.com\/ro\/wp-json\/wp\/v2\/comments?post=41111"}],"wp:featuredmedia":[{"embeddable":true,"href":"https:\/\/partners-ltd.com\/ro\/wp-json\/wp\/v2\/media\/26673"}],"wp:attachment":[{"href":"https:\/\/partners-ltd.com\/ro\/wp-json\/wp\/v2\/media?parent=41111"}],"wp:term":[{"taxonomy":"product_cat","embeddable":true,"href":"https:\/\/partners-ltd.com\/ro\/wp-json\/wp\/v2\/product_cat?post=41111"},{"taxonomy":"product_tag","embeddable":true,"href":"https:\/\/partners-ltd.com\/ro\/wp-json\/wp\/v2\/product_tag?post=41111"}],"curies":[{"name":"wp","href":"https:\/\/api.w.org\/{rel}","templated":true}]}}