{"id":41108,"date":"2018-07-16T12:02:39","date_gmt":"2018-07-16T09:02:39","guid":{"rendered":"https:\/\/partners-ltd.com\/magazin\/fara-categorie\/sloanled-ledstripe-margini-led-pentru-cladiri-galbene\/"},"modified":"2025-06-27T11:37:22","modified_gmt":"2025-06-27T08:37:22","slug":"sloanled-ledstripe-margini-led-pentru-cladiri-galbene","status":"publish","type":"product","link":"https:\/\/partners-ltd.com\/ro\/e-shop\/module-si-iluminare-led\/iluminat-led-arhitectural-pentru-cladiri\/sloanled-ledstripe-margini-led-pentru-cladiri-galbene\/","title":{"rendered":"SloanLED LEDStripe\u00ae \u2013 margini LED pentru cl\u0103diri \/galbene\/"},"content":{"rendered":"<div class=\"wpb-content-wrapper\"><p>[vc_row css=&#8221;.vc_custom_1530619279291{margin-bottom: 20px !important;border-top-width: 1px !important;border-right-width: 1px !important;border-bottom-width: 1px !important;border-left-width: 1px !important;padding-right: 10px !important;padding-left: 10px !important;border-left-color: #e2e2e2 !important;border-left-style: dotted !important;border-right-color: #e2e2e2 !important;border-right-style: dotted !important;border-top-color: #e2e2e2 !important;border-top-style: dotted !important;border-bottom-color: #e2e2e2 !important;border-bottom-style: dotted !important;border-radius: 1px !important;}&#8221;][vc_column][vc_single_image image=&#8221;15214&#8243; img_size=&#8221;full&#8221;]<div id=\"ultimate-heading-496269e7610bab45d\" class=\"uvc-heading ult-adjust-bottom-margin ultimate-heading-496269e7610bab45d uvc-1109 \" data-hspacer=\"no_spacer\"  data-halign=\"left\" style=\"text-align:left\"><div class=\"uvc-heading-spacer no_spacer\" style=\"top\"><\/div><div class=\"uvc-main-heading ult-responsive\"  data-ultimate-target='.uvc-heading.ultimate-heading-496269e7610bab45d h2'  data-responsive-json-new='{\"font-size\":\"desktop:28px;\",\"line-height\":\"desktop:38px;\"}' ><h2 style=\"--font-weight:theme;margin-bottom:20px;\">LEDStripe - margini LED galbene cu efect pentru cl\u0103diri<\/h2><\/div><\/div>[vc_row_inner][vc_column_inner][vc_column_text]LEDStripe<sup>\u00ae<\/sup> este un \u201eLED neon\u201d, special conceput pentru a \u00eenlocui conturarea tradi\u021bional\u0103 a cl\u0103dirilor cu tuburi de neon. Tehnologie neonului este laborioas\u0103 \u0219i nesigur\u0103, prezent\u00e2nd un risc ridicat de incendii.<\/p>\n<p><a href=\"\/kategoriya\/led-moduli-osvetlenie\/led-kantove-sgradi\/\">Marginile LED pentru cl\u0103diri<\/a> sunt dezvoltate cu\u00a0LED-uri integrate, care asigur\u0103 o fiabilitate \u0219i durabilitate ridicat\u0103 \u00een condi\u021bii exterioare. Tensiunea de lucru sc\u0103zut\u0103 de 24V previne riscul de sc\u00e2ntei, care sunt frecvent \u00eent\u00e2lnite \u0219i cauzeaz\u0103 incendii \u00een instala\u021biile de neon cu tensiune alternativ\u0103 peste 10000V.<\/p>\n<p>De peste 20 de ani, marginile LED SloanLED LEDStripe<sup>\u00ae<\/sup> adaug\u0103 elegan\u021b\u0103 iluminatului din \u00eentreaga lume, eviden\u021biind clar cl\u0103dirile conturate cu ele. Acest sistem\u0103 patentat, bazat pe LED-uri, este preferat pentru iluminarea efectiv\u0103 a multor loca\u021bii comerciale, restaurante, hoteluri, sta\u021bii de benzin\u0103 \u0219i altele.<\/p>\n<p>Modulele LED <a href=\"https:\/\/partners-ltd.com\/ro\/inceput\/led-moduli-osvetlenie\/\">de \u00eenalt\u0103 calitate \u0219i iluminatul<\/a> de la SloanLED garanteaz\u0103 iluminare str\u0103lucitoare \u0219i uniform\u0103.[\/vc_column_text][\/vc_column_inner][\/vc_row_inner][\/vc_column][\/vc_row][vc_row css=&#8221;.vc_custom_1531296600629{margin-bottom: 20px !important;border-top-width: 1px !important;border-right-width: 1px !important;border-bottom-width: 1px !important;border-left-width: 1px !important;padding-right: 10px !important;padding-left: 10px !important;border-left-color: #e2e2e2 !important;border-left-style: dotted !important;border-right-color: #e2e2e2 !important;border-right-style: dotted !important;border-top-color: #e2e2e2 !important;border-top-style: dotted !important;border-bottom-color: #e2e2e2 !important;border-bottom-style: dotted !important;border-radius: 2px !important;}&#8221;][vc_column width=&#8221;1\/2&#8243;]<div id=\"ultimate-heading-142169e7610bab493\" class=\"uvc-heading ult-adjust-bottom-margin ultimate-heading-142169e7610bab493 uvc-3656 \" data-hspacer=\"no_spacer\"  data-halign=\"left\" style=\"text-align:left\"><div class=\"uvc-heading-spacer no_spacer\" style=\"top\"><\/div><div class=\"uvc-main-heading ult-responsive\"  data-ultimate-target='.uvc-heading.ultimate-heading-142169e7610bab493 h3'  data-responsive-json-new='{\"font-size\":\"desktop:28px;\",\"line-height\":\"desktop:38px;\"}' ><h3 style=\"--font-weight:theme;margin-bottom:20px;\">Accesorii incluse \u00een set:<\/h3><\/div><\/div><div class=\"standard-arrow list-divider bullet-top\"><ul>\n<li>Capace de \u00eenchidere: 1buc.\/4 module<\/li>\n<li>Capace de tranzi\u021bie de conectare: 1buc.\/4 module<\/li>\n<\/ul>\n<\/div>[\/vc_column][vc_column width=&#8221;1\/2&#8243;][vc_empty_space height=&#8221;58px&#8221;]<div class=\"standard-arrow list-divider bullet-top\"><ul>\n<li>Elemente de fixare pentru montaj:3buc.\/0,63m; 3buc.\/1,24m; 4buc.\/1,82m; 5buc.\/2,47m<\/li>\n<li>Adeziv pentru capace: 1buc.\/modul (pentru 25 de capace)<\/li>\n<\/ul>\n<\/div>[\/vc_column][\/vc_row][vc_row css=&#8221;.vc_custom_1531296600629{margin-bottom: 20px !important;border-top-width: 1px !important;border-right-width: 1px !important;border-bottom-width: 1px !important;border-left-width: 1px !important;padding-right: 10px !important;padding-left: 10px !important;border-left-color: #e2e2e2 !important;border-left-style: dotted !important;border-right-color: #e2e2e2 !important;border-right-style: dotted !important;border-top-color: #e2e2e2 !important;border-top-style: dotted !important;border-bottom-color: #e2e2e2 !important;border-bottom-style: dotted !important;border-radius: 2px !important;}&#8221;][vc_column width=&#8221;1\/2&#8243;]<div id=\"ultimate-heading-346869e7610bab50e\" class=\"uvc-heading ult-adjust-bottom-margin ultimate-heading-346869e7610bab50e uvc-5065 \" data-hspacer=\"no_spacer\"  data-halign=\"left\" style=\"text-align:left\"><div class=\"uvc-heading-spacer no_spacer\" style=\"top\"><\/div><div class=\"uvc-main-heading ult-responsive\"  data-ultimate-target='.uvc-heading.ultimate-heading-346869e7610bab50e h3'  data-responsive-json-new='{\"font-size\":\"desktop:28px;\",\"line-height\":\"desktop:38px;\"}' ><h3 style=\"--font-weight:theme;margin-bottom:20px;\">Accesorii suplimentare:<\/h3><\/div><\/div><div class=\"standard-arrow list-divider bullet-top\"><ul>\n<li><a href=\"https:\/\/partners-ltd.com\/ro\/e-shop\/module-si-iluminare-led\/iluminat-led-arhitectural-pentru-cladiri\/capace-de-tranzitie-si-colturi-pentru-margini-led-sloanled-ledstripe-pentru-cladiri\/\">Capace de tranzi\u021bie \u0219i col\u021buri<\/a><\/li>\n<li><a href=\"https:\/\/partners-ltd.com\/ro\/e-shop\/module-si-iluminare-led\/iluminat-led-arhitectural-pentru-cladiri\/set-pentru-lipirea-capetelor-pentru-margini-led-sloanled-ledstripe-pentru-cladiri\/\">Set pentru lipirea capetelor<\/a><\/li>\n<\/ul>\n<\/div>[\/vc_column][vc_column width=&#8221;1\/2&#8243;][vc_empty_space height=&#8221;58px&#8221;]<div class=\"standard-arrow list-divider bullet-top\"><ul>\n<li><a href=\"https:\/\/partners-ltd.com\/ro\/e-shop\/module-si-iluminare-led\/iluminat-led-arhitectural-pentru-cladiri\/butoane-pentru-montaj-pentru-margini-led-sloanled-ledstripe-pentru-cladiri\/\">Butoane pentru montaj<\/a><\/li>\n<li><a href=\"https:\/\/partners-ltd.com\/ro\/e-shop\/module-si-iluminare-led\/iluminat-led-arhitectural-pentru-cladiri\/conectori-pentru-margini-led-sloanled-ledstripe-pentru-cladiri\/\">Conectori<\/a><\/li>\n<\/ul>\n<\/div>[\/vc_column][\/vc_row][vc_row css=&#8221;.vc_custom_1531819687100{border-top-width: 1px !important;border-right-width: 1px !important;border-bottom-width: 1px !important;border-left-width: 1px !important;padding-right: 10px !important;padding-bottom: 20px !important;padding-left: 10px !important;border-left-color: #e2e2e2 !important;border-left-style: dotted !important;border-right-color: #e2e2e2 !important;border-right-style: dotted !important;border-top-color: #e2e2e2 !important;border-top-style: dotted !important;border-bottom-color: #e2e2e2 !important;border-bottom-style: dotted !important;border-radius: 2px !important;}&#8221;][vc_column]<div id=\"ultimate-heading-456169e7610bab564\" class=\"uvc-heading ult-adjust-bottom-margin ultimate-heading-456169e7610bab564 uvc-6661 \" data-hspacer=\"no_spacer\"  data-halign=\"left\" style=\"text-align:left\"><div class=\"uvc-heading-spacer no_spacer\" style=\"top\"><\/div><div class=\"uvc-main-heading ult-responsive\"  data-ultimate-target='.uvc-heading.ultimate-heading-456169e7610bab564 h3'  data-responsive-json-new='{\"font-size\":\"desktop:28px;\",\"line-height\":\"desktop:38px;\"}' ><h3 style=\"--font-weight:theme;margin-bottom:30px;\">Documente<\/h3><\/div><\/div>[vc_column_text]Buletin de produs, ghid de instala\u021bie \u0219i bro\u0219ur\u0103 de produs pentru LEDStripe<sup>\u00ae<\/sup>.[\/vc_column_text][vc_row_inner][vc_column_inner width=&#8221;1\/4&#8243;][vc_column_text]<\/p>\n<p style=\"text-align: center;\">Buletin de produs<\/p>\n<p>[\/vc_column_text][vc_single_image image=&#8221;15203&#8243; img_size=&#8221;130&#215;180&#8243; alignment=&#8221;center&#8221; style=&#8221;vc_box_outline&#8221;]<style type=\"text\/css\" data-type=\"the7_shortcodes-inline-css\">#default-btn-7341900d11653d54a89174b0d4182dd9.ico-right-side > i {\n  margin-right: 0px;\n  margin-left: 8px;\n}\n#default-btn-7341900d11653d54a89174b0d4182dd9 > i {\n  margin-right: 8px;\n}\n<\/style><div class=\"btn-align-center\"><a href=\"\/wp-content\/uploads\/2018\/07\/SloanLED-LEDStripe-PDF-File-Product-bulletin.pdf\" class=\"default-btn-shortcode dt-btn dt-btn-s link-hover-off \" target=\"_blank\" id=\"default-btn-7341900d11653d54a89174b0d4182dd9\" rel=\"noopener\"><i class=\"fas fa-download\"><\/i><span>Descarc\u0103 PDF<\/span><\/a><\/div>[\/vc_column_inner][vc_column_inner width=&#8221;1\/4&#8243;][vc_column_text]<\/p>\n<p style=\"text-align: center;\">Ghid de instala\u021bie<\/p>\n<p>[\/vc_column_text][vc_single_image image=&#8221;15205&#8243; img_size=&#8221;130&#215;180&#8243; alignment=&#8221;center&#8221; style=&#8221;vc_box_outline&#8221;]<style type=\"text\/css\" data-type=\"the7_shortcodes-inline-css\">#default-btn-d45871890b2e06026bb823fb28723408.ico-right-side > i {\n  margin-right: 0px;\n  margin-left: 8px;\n}\n#default-btn-d45871890b2e06026bb823fb28723408 > i {\n  margin-right: 8px;\n}\n<\/style><div class=\"btn-align-center\"><a href=\"\/wp-content\/uploads\/2018\/07\/SloanLED-LEDStripe-PDF-File-Install-guide.pdf\" class=\"default-btn-shortcode dt-btn dt-btn-s link-hover-off \" target=\"_blank\" id=\"default-btn-d45871890b2e06026bb823fb28723408\" rel=\"noopener\"><i class=\"fas fa-download\"><\/i><span>Descarc\u0103 PDF<\/span><\/a><\/div>[\/vc_column_inner][vc_column_inner width=&#8221;1\/4&#8243;][vc_column_text]<\/p>\n<p style=\"text-align: center;\">Bro\u0219ur\u0103 de produs<\/p>\n<p>[\/vc_column_text][vc_single_image image=&#8221;15207&#8243; img_size=&#8221;130&#215;180&#8243; alignment=&#8221;center&#8221; style=&#8221;vc_box_outline&#8221;]<style type=\"text\/css\" data-type=\"the7_shortcodes-inline-css\">#default-btn-404e4c1c0ec92b17dc022142c3a132c4.ico-right-side > i {\n  margin-right: 0px;\n  margin-left: 8px;\n}\n#default-btn-404e4c1c0ec92b17dc022142c3a132c4 > i {\n  margin-right: 8px;\n}\n<\/style><div class=\"btn-align-center\"><a href=\"\/wp-content\/uploads\/2018\/07\/SloanLED-LEDStripe-PDF-File-Product-guide.pdf\" class=\"default-btn-shortcode dt-btn dt-btn-s link-hover-off \" target=\"_blank\" id=\"default-btn-404e4c1c0ec92b17dc022142c3a132c4\" rel=\"noopener\"><i class=\"fas fa-download\"><\/i><span>Descarc\u0103 PDF<\/span><\/a><\/div>[\/vc_column_inner][vc_column_inner width=&#8221;1\/4&#8243;][\/vc_column_inner][\/vc_row_inner][\/vc_column][\/vc_row]<\/p>\n<\/div>","protected":false},"excerpt":{"rendered":"<p>LEDStripe sunt margini LED galbene de \u00eenalt\u0103 calitate pentru cl\u0103diri. Cu LED-uri integrate, care asigur\u0103 o fiabilitate \u0219i durabilitate ridicat\u0103 \u00een condi\u021bii exterioare. Potrivit pentru conturarea sta\u021biilor de benzin\u0103, hotelurilor, restaurantelor \u0219i altele.<\/p>\n<p><img loading=\"lazy\" decoding=\"async\" class=\"alignnone wp-image-16395 size-full\" src=\"https:\/\/partners-ltd.com\/wp-content\/uploads\/2018\/09\/5_Year-Warranty.png\" alt=\"5 ani garan\u021bie pentru modulele LED\" width=\"96\" height=\"35\" \/><\/p>\n","protected":false},"featured_media":15250,"comment_status":"open","ping_status":"closed","template":"","meta":[],"product_cat":[1852,2689],"product_tag":[],"_links":{"self":[{"href":"https:\/\/partners-ltd.com\/ro\/wp-json\/wp\/v2\/product\/41108"}],"collection":[{"href":"https:\/\/partners-ltd.com\/ro\/wp-json\/wp\/v2\/product"}],"about":[{"href":"https:\/\/partners-ltd.com\/ro\/wp-json\/wp\/v2\/types\/product"}],"replies":[{"embeddable":true,"href":"https:\/\/partners-ltd.com\/ro\/wp-json\/wp\/v2\/comments?post=41108"}],"wp:featuredmedia":[{"embeddable":true,"href":"https:\/\/partners-ltd.com\/ro\/wp-json\/wp\/v2\/media\/15250"}],"wp:attachment":[{"href":"https:\/\/partners-ltd.com\/ro\/wp-json\/wp\/v2\/media?parent=41108"}],"wp:term":[{"taxonomy":"product_cat","embeddable":true,"href":"https:\/\/partners-ltd.com\/ro\/wp-json\/wp\/v2\/product_cat?post=41108"},{"taxonomy":"product_tag","embeddable":true,"href":"https:\/\/partners-ltd.com\/ro\/wp-json\/wp\/v2\/product_tag?post=41108"}],"curies":[{"name":"wp","href":"https:\/\/api.w.org\/{rel}","templated":true}]}}