{"id":41107,"date":"2021-02-02T11:52:04","date_gmt":"2021-02-02T09:52:04","guid":{"rendered":"https:\/\/partners-ltd.com\/magazin\/fara-categorie\/sloanled-quantum-power-supplies-12-v-driver-de-alimentare-60w\/"},"modified":"2025-06-20T16:14:50","modified_gmt":"2025-06-20T13:14:50","slug":"sloanled-quantum-power-supplies-12-v-driver-de-alimentare-60w","status":"publish","type":"product","link":"https:\/\/partners-ltd.com\/ro\/e-shop\/module-si-iluminare-led\/drivere-led\/sloanled-quantum-power-supplies-12-v-driver-de-alimentare-60w\/","title":{"rendered":"SloanLED Quantum Power Supplies 12 V &#8211; driver de alimentare 60W"},"content":{"rendered":"<div class=\"wpb-content-wrapper\"><p>[vc_row css=&#8221;.vc_custom_1530619279291{margin-bottom: 20px !important;border-top-width: 1px !important;border-right-width: 1px !important;border-bottom-width: 1px !important;border-left-width: 1px !important;padding-right: 10px !important;padding-left: 10px !important;border-left-color: #e2e2e2 !important;border-left-style: dotted !important;border-right-color: #e2e2e2 !important;border-right-style: dotted !important;border-top-color: #e2e2e2 !important;border-top-style: dotted !important;border-bottom-color: #e2e2e2 !important;border-bottom-style: dotted !important;border-radius: 1px !important;}&#8221;][vc_column][vc_single_image image=&#8221;15341&#8243; img_size=&#8221;full&#8221;]<div id=\"ultimate-heading-770769dbb819c11c5\" class=\"uvc-heading ult-adjust-bottom-margin ultimate-heading-770769dbb819c11c5 uvc-9967 \" data-hspacer=\"no_spacer\"  data-halign=\"left\" style=\"text-align:left\"><div class=\"uvc-heading-spacer no_spacer\" style=\"top\"><\/div><div class=\"uvc-main-heading ult-responsive\"  data-ultimate-target='.uvc-heading.ultimate-heading-770769dbb819c11c5 h2'  data-responsive-json-new='{\"font-size\":\"desktop:28px;\",\"line-height\":\"desktop:38px;\"}' ><h2 style=\"--font-weight:theme;margin-bottom:20px;\">SloanLED Quantum Power Supplies 12 V - driver cu protec\u021bie la ap\u0103 IP68<\/h2><\/div><\/div>[vc_row_inner][vc_column_inner][vc_column_text]Driver de alimentare <strong><a href=\"\/kategoriya\/led-moduli-osvetlenie\/led-draiveri\/\">LED<\/a><\/strong> de \u00eenalt\u0103 calitate \u0219i fiabil de la SloanLED.<\/p>\n<p>Seria <strong>Quantum<\/strong> de la SloanLED este un set complet de dispozitive de alimentare cu clas\u0103 de protec\u021bie IP68, proiectate pentru a oferi calitate, putere \u0219i fiabilitate \u00een aplica\u021bii semnificative de toate dimensiunile.<\/p>\n<p>Puteri disponibile: 30 W, 60 W, 100 W (doar 24 VDC), 150 W<br \/>\nTensiune de intrare european\u0103: 200-240 VAC, 50-60 Hz<\/p>\n<p>Asigur\u0103 o fiabilitate ridicat\u0103 a fluxului de energie. Creat cu o protec\u021bie excelent\u0103 \u00eempotriva prafului \u0219i apei, ceea ce \u00eel face potrivit pentru medii solicitante cu umiditate ridicat\u0103. Protec\u021bie integrat\u0103 \u00eempotriva scurtcircuitului \u0219i suprasarcinii \u0219i resetare automat\u0103. Potrivit pentru utilizare exterioar\u0103 (la alimentarea <strong><a href=\"https:\/\/partners-ltd.com\/ro\/inceput\/led-moduli-osvetlenie\/\">modulelor LED \u0219i iluminatului<\/a>,<\/strong> benzilor LED \u0219i altor sisteme de iluminat). Nu este necesar\u0103 sarcin\u0103 minim\u0103 sau echilibrarea sarcinii.<\/p>\n<p>Carcas\u0103 alb\u0103 \u0219i design compact pentru u\u0219urin\u021b\u0103 \u0219i flexibilitate la instalarea semnelor.<\/p>\n<p>Tehnologie patentat\u0103 a driverelor SloanLED permite utilizarea lor 24 de ore, f\u0103r\u0103 a afecta durabilitatea \u0219i func\u021bionarea acestora.[\/vc_column_text][\/vc_column_inner][\/vc_row_inner][\/vc_column][\/vc_row][vc_row css=&#8221;.vc_custom_1531296600629{margin-bottom: 20px !important;border-top-width: 1px !important;border-right-width: 1px !important;border-bottom-width: 1px !important;border-left-width: 1px !important;padding-right: 10px !important;padding-left: 10px !important;border-left-color: #e2e2e2 !important;border-left-style: dotted !important;border-right-color: #e2e2e2 !important;border-right-style: dotted !important;border-top-color: #e2e2e2 !important;border-top-style: dotted !important;border-bottom-color: #e2e2e2 !important;border-bottom-style: dotted !important;border-radius: 2px !important;}&#8221;][vc_column width=&#8221;1\/2&#8243;]<div id=\"ultimate-heading-966369dbb819c1228\" class=\"uvc-heading ult-adjust-bottom-margin ultimate-heading-966369dbb819c1228 uvc-5127 \" data-hspacer=\"no_spacer\"  data-halign=\"left\" style=\"text-align:left\"><div class=\"uvc-heading-spacer no_spacer\" style=\"top\"><\/div><div class=\"uvc-main-heading ult-responsive\"  data-ultimate-target='.uvc-heading.ultimate-heading-966369dbb819c1228 h3'  data-responsive-json-new='{\"font-size\":\"desktop:28px;\",\"line-height\":\"desktop:38px;\"}' ><h3 style=\"--font-weight:theme;margin-bottom:20px;\">Caracteristici principale:<\/h3><\/div><\/div><div class=\"standard-arrow list-divider bullet-top\"><ul>\n<li>fiabil \u0219i rezistent<\/li>\n<li>design alb, compact<\/li>\n<li>protec\u021bie la ap\u0103 &#8211; IP68<\/li>\n<li>resetare automat\u0103<\/li>\n<\/ul>\n<\/div>[\/vc_column][vc_column width=&#8221;1\/2&#8243;][vc_empty_space height=&#8221;58px&#8221;]<div class=\"standard-arrow list-divider bullet-top\"><ul>\n<li>potrivit pentru instala\u021bii exterioare<\/li>\n<li>protec\u021bie integrat\u0103 la scurtcircuit<\/li>\n<li>garan\u021bie &#8211; 5 ani<\/li>\n<\/ul>\n<\/div>[\/vc_column][\/vc_row][vc_row css=&#8221;.vc_custom_1531293008623{margin-bottom: 20px !important;border-top-width: 1px !important;border-right-width: 1px !important;border-bottom-width: 1px !important;border-left-width: 1px !important;padding-right: 10px !important;padding-left: 10px !important;border-left-color: #e2e2e2 !important;border-left-style: dotted !important;border-right-color: #e2e2e2 !important;border-right-style: dotted !important;border-top-color: #e2e2e2 !important;border-top-style: dotted !important;border-bottom-color: #e2e2e2 !important;border-bottom-style: dotted !important;border-radius: 2px !important;}&#8221;][vc_column]<div id=\"ultimate-heading-553069dbb819c1308\" class=\"uvc-heading ult-adjust-bottom-margin ultimate-heading-553069dbb819c1308 uvc-9208 \" data-hspacer=\"no_spacer\"  data-halign=\"left\" style=\"text-align:left\"><div class=\"uvc-heading-spacer no_spacer\" style=\"top\"><\/div><div class=\"uvc-main-heading ult-responsive\"  data-ultimate-target='.uvc-heading.ultimate-heading-553069dbb819c1308 h3'  data-responsive-json-new='{\"font-size\":\"desktop:28px;\",\"line-height\":\"desktop:38px;\"}' ><h3 style=\"--font-weight:theme;margin-bottom:30px;\">Documente<\/h3><\/div><\/div>[vc_column_text]Buletin de produs, ghid de instala\u021bie \u0219i bro\u0219ur\u0103 de produs pentru seria SloanLED Quantum Power Supplies[\/vc_column_text][vc_row_inner gap=&#8221;20&#8243;][vc_column_inner width=&#8221;1\/4&#8243;][vc_column_text]<\/p>\n<p style=\"text-align: center;\">Buletin de produs<\/p>\n<p>[\/vc_column_text][vc_single_image image=&#8221;26570&#8243; img_size=&#8221;130&#215;180&#8243; add_caption=&#8221;yes&#8221; alignment=&#8221;center&#8221; style=&#8221;vc_box_outline&#8221; onclick=&#8221;custom_link&#8221; img_link_target=&#8221;_blank&#8221; css=&#8221;.vc_custom_1634716619696{border-top-width: 1px !important;border-right-width: 1px !important;border-bottom-width: 1px !important;border-left-width: 1px !important;}&#8221; link=&#8221;\/wp-content\/uploads\/2021\/10\/ProductBrochure-QuantumPowerSupplies-Global.pdf&#8221;]<style type=\"text\/css\" data-type=\"the7_shortcodes-inline-css\">#default-btn-7c382a29fa100998dc6bbfeb480634c5.ico-right-side > i {\n  margin-right: 0px;\n  margin-left: 8px;\n}\n#default-btn-7c382a29fa100998dc6bbfeb480634c5 > i {\n  margin-right: 8px;\n}\n<\/style><div class=\"btn-align-center\"><a href=\"\/wp-content\/uploads\/2021\/10\/ProductBrochure-QuantumPowerSupplies-Global.pdf\" class=\"default-btn-shortcode dt-btn dt-btn-s link-hover-off \" target=\"_blank\" id=\"default-btn-7c382a29fa100998dc6bbfeb480634c5\" rel=\"noopener\"><i class=\"fas fa-download\"><\/i><span>Descarc\u0103 PDF<\/span><\/a><\/div>[\/vc_column_inner][vc_column_inner width=&#8221;1\/4&#8243;][vc_column_text]<\/p>\n<p style=\"text-align: center;\">Ghid de instala\u021bie<\/p>\n<p>[\/vc_column_text][vc_single_image image=&#8221;26576&#8243; img_size=&#8221;130&#215;180&#8243; alignment=&#8221;center&#8221; style=&#8221;vc_box_outline&#8221; onclick=&#8221;custom_link&#8221; img_link_target=&#8221;_blank&#8221; css=&#8221;.vc_custom_1634716716905{border-top-width: 1px !important;border-right-width: 1px !important;border-bottom-width: 1px !important;border-left-width: 1px !important;}&#8221; link=&#8221;\/wp-content\/uploads\/2021\/10\/InstallGuide-PowerSupply-Quantum1230.pdf&#8221;]<style type=\"text\/css\" data-type=\"the7_shortcodes-inline-css\">#default-btn-77c8b9bb138f8f5b4f25f8f470fb434d.ico-right-side > i {\n  margin-right: 0px;\n  margin-left: 8px;\n}\n#default-btn-77c8b9bb138f8f5b4f25f8f470fb434d > i {\n  margin-right: 8px;\n}\n<\/style><div class=\"btn-align-center\"><a href=\"\/wp-content\/uploads\/2021\/10\/InstallGuide-PowerSupply-Quantum1230.pdf\" class=\"default-btn-shortcode dt-btn dt-btn-s link-hover-off \" target=\"_blank\" id=\"default-btn-77c8b9bb138f8f5b4f25f8f470fb434d\" rel=\"noopener\"><i class=\"fas fa-download\"><\/i><span>Descarc\u0103 PDF<\/span><\/a><\/div>[\/vc_column_inner][vc_column_inner width=&#8221;1\/4&#8243;][vc_column_text]<\/p>\n<p style=\"text-align: center;\">Bro\u0219ur\u0103 de produs<\/p>\n<p>[\/vc_column_text][vc_single_image image=&#8221;26582&#8243; img_size=&#8221;130&#215;180&#8243; alignment=&#8221;center&#8221; style=&#8221;vc_box_outline&#8221; onclick=&#8221;custom_link&#8221; img_link_target=&#8221;_blank&#8221; css=&#8221;.vc_custom_1634719510643{border-top-width: 1px !important;border-right-width: 1px !important;border-bottom-width: 1px !important;border-left-width: 1px !important;}&#8221; link=&#8221;\/wp-content\/uploads\/2021\/10\/ProductGuide-PowerSupplies-Global-1.pdf&#8221;]<style type=\"text\/css\" data-type=\"the7_shortcodes-inline-css\">#default-btn-d67db290cd61371bfc66ea7d0968b9f2.ico-right-side > i {\n  margin-right: 0px;\n  margin-left: 8px;\n}\n#default-btn-d67db290cd61371bfc66ea7d0968b9f2 > i {\n  margin-right: 8px;\n}\n<\/style><div class=\"btn-align-center\"><a href=\"\/wp-content\/uploads\/2021\/10\/ProductGuide-PowerSupplies-Global-1.pdf\" class=\"default-btn-shortcode dt-btn dt-btn-s link-hover-off \" target=\"_blank\" id=\"default-btn-d67db290cd61371bfc66ea7d0968b9f2\" rel=\"noopener\"><i class=\"fas fa-download\"><\/i><span>Descarc\u0103 PDF<\/span><\/a><\/div>[\/vc_column_inner][vc_column_inner width=&#8221;1\/4&#8243;][\/vc_column_inner][\/vc_row_inner][\/vc_column][\/vc_row]<\/p>\n<\/div>","protected":false},"excerpt":{"rendered":"<p>SloanLED Quantum Power Supplies 12 V 60W este un dispozitiv de alimentare cu clas\u0103 de protec\u021bie IP68, proiectat pentru a oferi calitate, putere \u0219i fiabilitate. Ofer\u0103 protec\u021bie integrat\u0103 \u00eempotriva scurtcircuitului \u0219i suprasarcinii \u0219i resetare automat\u0103.<\/p>\n","protected":false},"featured_media":26564,"comment_status":"open","ping_status":"closed","template":"","meta":[],"product_cat":[1852,2688],"product_tag":[],"_links":{"self":[{"href":"https:\/\/partners-ltd.com\/ro\/wp-json\/wp\/v2\/product\/41107"}],"collection":[{"href":"https:\/\/partners-ltd.com\/ro\/wp-json\/wp\/v2\/product"}],"about":[{"href":"https:\/\/partners-ltd.com\/ro\/wp-json\/wp\/v2\/types\/product"}],"replies":[{"embeddable":true,"href":"https:\/\/partners-ltd.com\/ro\/wp-json\/wp\/v2\/comments?post=41107"}],"wp:featuredmedia":[{"embeddable":true,"href":"https:\/\/partners-ltd.com\/ro\/wp-json\/wp\/v2\/media\/26564"}],"wp:attachment":[{"href":"https:\/\/partners-ltd.com\/ro\/wp-json\/wp\/v2\/media?parent=41107"}],"wp:term":[{"taxonomy":"product_cat","embeddable":true,"href":"https:\/\/partners-ltd.com\/ro\/wp-json\/wp\/v2\/product_cat?post=41107"},{"taxonomy":"product_tag","embeddable":true,"href":"https:\/\/partners-ltd.com\/ro\/wp-json\/wp\/v2\/product_tag?post=41107"}],"curies":[{"name":"wp","href":"https:\/\/api.w.org\/{rel}","templated":true}]}}