{"id":41105,"date":"2018-07-08T11:47:34","date_gmt":"2018-07-08T08:47:34","guid":{"rendered":"https:\/\/partners-ltd.com\/magazin\/fara-categorie\/proiector-led-standard-40w\/"},"modified":"2025-06-20T15:32:18","modified_gmt":"2025-06-20T12:32:18","slug":"proiector-led-standard-40w","status":"publish","type":"product","link":"https:\/\/partners-ltd.com\/ro\/e-shop\/module-si-iluminare-led\/corpuri-de-iluminat-cu-led\/proiector-led-standard-40w\/","title":{"rendered":"Proiector LED standard 40W"},"content":{"rendered":"<div class=\"wpb-content-wrapper\"><p>[vc_row css=&#8221;.vc_custom_1530619279291{margin-bottom: 20px !important;border-top-width: 1px !important;border-right-width: 1px !important;border-bottom-width: 1px !important;border-left-width: 1px !important;padding-right: 10px !important;padding-left: 10px !important;border-left-color: #e2e2e2 !important;border-left-style: dotted !important;border-right-color: #e2e2e2 !important;border-right-style: dotted !important;border-top-color: #e2e2e2 !important;border-top-style: dotted !important;border-bottom-color: #e2e2e2 !important;border-bottom-style: dotted !important;border-radius: 1px !important;}&#8221;][vc_column][vc_single_image image=&#8221;17293&#8243; img_size=&#8221;full&#8221;]<div id=\"ultimate-heading-815969d9c9c01d335\" class=\"uvc-heading ult-adjust-bottom-margin ultimate-heading-815969d9c9c01d335 uvc-3532 \" data-hspacer=\"no_spacer\"  data-halign=\"left\" style=\"text-align:left\"><div class=\"uvc-heading-spacer no_spacer\" style=\"top\"><\/div><div class=\"uvc-main-heading ult-responsive\"  data-ultimate-target='.uvc-heading.ultimate-heading-815969d9c9c01d335 h2'  data-responsive-json-new='{\"font-size\":\"desktop:28px;\",\"line-height\":\"desktop:38px;\"}' ><h2 style=\"--font-weight:theme;margin-bottom:20px;\">Proiector LED standard 40W<\/h2><\/div><\/div>[vc_row_inner][vc_column_inner][vc_column_text]Proiectoare LED standard de \u00eenalt\u0103 calitate pentru iluminarea spa\u021biilor exterioare.<\/p>\n<p>Proiectoarele LED au o carcas\u0103 robust\u0103 din aluminiu, care le ofer\u0103 protec\u021bie \u0219i durabilitate suplimentar\u0103. Deoarece sunt destinate instala\u021biilor exterioare, sunt dezvoltate cu un standard \u00eenalt de protec\u021bie la ap\u0103 &#8211; IP65. Sunt rezistente la condi\u021bii meteorologice variabile, v\u00e2nt puternic \u0219i umiditate. Extrem de u\u0219or de montaj. Acest tip de <a href=\"\/kategoriya\/led-moduli-osvetlenie\/osvetitelni-tela\/\">corpuri de iluminat LED<\/a> sunt destinate ilumin\u0103rii reclamelor, panourilor publicitare \u0219i altor mari instala\u021bii publicitare. Disponibile \u0219i cu&nbsp;<a href=\"https:\/\/partners-ltd.com\/ro\/e-shop\/module-si-iluminare-led\/corpuri-de-iluminat-cu-led\/proiector-led-standard-20w\/\">putere de 20W<\/a>.<\/p>\n<p>Module LED <a href=\"https:\/\/partners-ltd.com\/ro\/inceput\/led-moduli-osvetlenie\/\">de \u00eenalt\u0103 calitate \u0219i iluminat<\/a> &#8211; garan\u021bie pentru iluminare str\u0103lucitoare \u0219i uniform\u0103.[\/vc_column_text][\/vc_column_inner][\/vc_row_inner][\/vc_column][\/vc_row][vc_row css=&#8221;.vc_custom_1531296600629{margin-bottom: 20px !important;border-top-width: 1px !important;border-right-width: 1px !important;border-bottom-width: 1px !important;border-left-width: 1px !important;padding-right: 10px !important;padding-left: 10px !important;border-left-color: #e2e2e2 !important;border-left-style: dotted !important;border-right-color: #e2e2e2 !important;border-right-style: dotted !important;border-top-color: #e2e2e2 !important;border-top-style: dotted !important;border-bottom-color: #e2e2e2 !important;border-bottom-style: dotted !important;border-radius: 2px !important;}&#8221;][vc_column width=&#8221;1\/2&#8243;]<div id=\"ultimate-heading-619769d9c9c01d378\" class=\"uvc-heading ult-adjust-bottom-margin ultimate-heading-619769d9c9c01d378 uvc-2466 \" data-hspacer=\"no_spacer\"  data-halign=\"left\" style=\"text-align:left\"><div class=\"uvc-heading-spacer no_spacer\" style=\"top\"><\/div><div class=\"uvc-main-heading ult-responsive\"  data-ultimate-target='.uvc-heading.ultimate-heading-619769d9c9c01d378 h3'  data-responsive-json-new='{\"font-size\":\"desktop:28px;\",\"line-height\":\"desktop:38px;\"}' ><h3 style=\"--font-weight:theme;margin-bottom:20px;\">Caracteristici principale:<\/h3><\/div><\/div><div class=\"standard-arrow list-divider bullet-top\"><ul>\n<li>cu profil de aluminiu<\/li>\n<li>protec\u021bie la ap\u0103 IP65<\/li>\n<li>foarte rezistente<\/li>\n<li>pentru iluminarea reclamelor, panourilor publicitare \u0219i altele.<\/li>\n<\/ul>\n<\/div>[\/vc_column][vc_column width=&#8221;1\/2&#8243;][\/vc_column][\/vc_row]<\/p>\n<\/div>","protected":false},"excerpt":{"rendered":"<p>Proiectoare LED de \u00eenalt\u0103 calitate cu profil de aluminiu \u0219i protec\u021bie la ap\u0103 &#8211; IP65. Destinate ilumin\u0103rii reclamelor, panourilor publicitare \u0219i altor instala\u021bii exterioare.<br \/>\n<img loading=\"lazy\" decoding=\"async\" class=\"alignleft wp-image-4931 size-full\" src=\"\/wp-content\/uploads\/2019\/03\/powered_by_samsung.png\" alt=\"Module LED cu cip Samsung, unghi de vizibilitate de 160 de grade, 3 ani garan\u021bie\" width=\"100\" height=\"35\"\/><\/p>\n","protected":false},"featured_media":17324,"comment_status":"open","ping_status":"closed","template":"","meta":[],"product_cat":[2687],"product_tag":[],"_links":{"self":[{"href":"https:\/\/partners-ltd.com\/ro\/wp-json\/wp\/v2\/product\/41105"}],"collection":[{"href":"https:\/\/partners-ltd.com\/ro\/wp-json\/wp\/v2\/product"}],"about":[{"href":"https:\/\/partners-ltd.com\/ro\/wp-json\/wp\/v2\/types\/product"}],"replies":[{"embeddable":true,"href":"https:\/\/partners-ltd.com\/ro\/wp-json\/wp\/v2\/comments?post=41105"}],"wp:featuredmedia":[{"embeddable":true,"href":"https:\/\/partners-ltd.com\/ro\/wp-json\/wp\/v2\/media\/17324"}],"wp:attachment":[{"href":"https:\/\/partners-ltd.com\/ro\/wp-json\/wp\/v2\/media?parent=41105"}],"wp:term":[{"taxonomy":"product_cat","embeddable":true,"href":"https:\/\/partners-ltd.com\/ro\/wp-json\/wp\/v2\/product_cat?post=41105"},{"taxonomy":"product_tag","embeddable":true,"href":"https:\/\/partners-ltd.com\/ro\/wp-json\/wp\/v2\/product_tag?post=41105"}],"curies":[{"name":"wp","href":"https:\/\/api.w.org\/{rel}","templated":true}]}}