{"id":41104,"date":"2018-07-18T11:05:03","date_gmt":"2018-07-18T08:05:03","guid":{"rendered":"https:\/\/partners-ltd.com\/magazin\/fara-categorie\/sloanled-highliner-2-lampi-led-1161mm\/"},"modified":"2025-06-27T11:43:19","modified_gmt":"2025-06-27T08:43:19","slug":"sloanled-highliner-2-lampi-led-1161mm","status":"publish","type":"product","link":"https:\/\/partners-ltd.com\/ro\/e-shop\/module-si-iluminare-led\/corpuri-de-iluminat-cu-led\/sloanled-highliner-2-lampi-led-1161mm\/","title":{"rendered":"SloanLED HighLINER 2 &#8211; l\u0103mpi LED 1161mm"},"content":{"rendered":"<div class=\"wpb-content-wrapper\"><p>[vc_row css=&#8221;.vc_custom_1530619279291{margin-bottom: 20px !important;border-top-width: 1px !important;border-right-width: 1px !important;border-bottom-width: 1px !important;border-left-width: 1px !important;padding-right: 10px !important;padding-left: 10px !important;border-left-color: #e2e2e2 !important;border-left-style: dotted !important;border-right-color: #e2e2e2 !important;border-right-style: dotted !important;border-top-color: #e2e2e2 !important;border-top-style: dotted !important;border-bottom-color: #e2e2e2 !important;border-bottom-style: dotted !important;border-radius: 1px !important;}&#8221;][vc_column][vc_single_image image=&#8221;15212&#8243; img_size=&#8221;full&#8221;]<div id=\"ultimate-heading-742169de009c54b76\" class=\"uvc-heading ult-adjust-bottom-margin ultimate-heading-742169de009c54b76 uvc-9279 \" data-hspacer=\"no_spacer\"  data-halign=\"left\" style=\"text-align:left\"><div class=\"uvc-heading-spacer no_spacer\" style=\"top\"><\/div><div class=\"uvc-main-heading ult-responsive\"  data-ultimate-target='.uvc-heading.ultimate-heading-742169de009c54b76 h2'  data-responsive-json-new='{\"font-size\":\"desktop:28px;\",\"line-height\":\"desktop:38px;\"}' ><h2 style=\"--font-weight:theme;margin-bottom:20px;\">SloanLED HighLINER 2 - lamp\u0103 LED etan\u0219\u0103<\/h2><\/div><\/div>[vc_row_inner][vc_column_inner][vc_column_text]Corpurile de iluminat LED SloanLED HighLINER 2 1161mm sunt solu\u021bia ideal\u0103 pentru iluminarea copertinelor cl\u0103dirilor, spa\u021biilor comerciale, magazinelor, benzin\u0103riilor, spa\u021biilor de lucru, camerelor frigorifice \u0219i locurilor umede (sp\u0103l\u0103torii auto). <a href=\"https:\/\/partners-ltd.com\/led-lampi\/\">L\u0103mpile LED<\/a>\u00a0HighLINER 2 sunt special proiectate pentru \u00eenlocuirea elementar\u0103 a corpurilor de iluminat fluorescente sau halogene existente. Se monteaz\u0103 rapid \u0219i u\u0219or \u0219i au o durabilitate ridicat\u0103, economisind astfel costuri de \u00eentre\u021binere (spre deosebire de l\u0103mpile fluorescente). Nu se \u00eenc\u0103lzesc, pot fi montate chiar \u0219i pe izola\u021bii termice. Pot fi montate \u0219i \u00een camere frigorifice, chiar \u0219i la -25\u00b0C.<\/p>\n<p>Extrudate hibrid din dou\u0103 materiale: alb opac pentru spate \u0219i difuzor pentru fa\u021b\u0103. Nu este nevoie de garnituri suplimentare pentru a preveni p\u0103trunderea apei. Au un corp rezistent la ap\u0103 cu protec\u021bie \u00eenalt\u0103 IP66 \u0219i IP68. Sunt potrivite pentru montaj exterior \u0219i interior.<\/p>\n<p>Modulele LED <a href=\"https:\/\/partners-ltd.com\/ro\/inceput\/led-moduli-osvetlenie\/\">de \u00eenalt\u0103 calitate \u0219i iluminatul<\/a> de la SloanLED garanteaz\u0103 iluminare str\u0103lucitoare \u0219i uniform\u0103.<\/p>\n<p>** <strong>Cu un<\/strong> <strong>driver de alimentare LED 100W 24VDC \/01895-24C\/ &#8211; p\u00e2n\u0103 la 6 l\u0103mpi<\/strong><\/p>\n<p><strong>Accesorii incluse \u00een set:<\/strong><br \/>\ncleme de montaj &#8211; 3 buc\u0103\u021bi\/lamp\u0103;<br \/>\ncapace de protec\u021bie pentru cabluri &#8211; 2 buc\u0103\u021bi\/lamp\u0103[\/vc_column_text][\/vc_column_inner][\/vc_row_inner][\/vc_column][\/vc_row][vc_row css=&#8221;.vc_custom_1531296600629{margin-bottom: 20px !important;border-top-width: 1px !important;border-right-width: 1px !important;border-bottom-width: 1px !important;border-left-width: 1px !important;padding-right: 10px !important;padding-left: 10px !important;border-left-color: #e2e2e2 !important;border-left-style: dotted !important;border-right-color: #e2e2e2 !important;border-right-style: dotted !important;border-top-color: #e2e2e2 !important;border-top-style: dotted !important;border-bottom-color: #e2e2e2 !important;border-bottom-style: dotted !important;border-radius: 2px !important;}&#8221;][vc_column width=&#8221;1\/2&#8243;]<div id=\"ultimate-heading-41969de009c54bb9\" class=\"uvc-heading ult-adjust-bottom-margin ultimate-heading-41969de009c54bb9 uvc-6705 \" data-hspacer=\"no_spacer\"  data-halign=\"left\" style=\"text-align:left\"><div class=\"uvc-heading-spacer no_spacer\" style=\"top\"><\/div><div class=\"uvc-main-heading ult-responsive\"  data-ultimate-target='.uvc-heading.ultimate-heading-41969de009c54bb9 h3'  data-responsive-json-new='{\"font-size\":\"desktop:28px;\",\"line-height\":\"desktop:38px;\"}' ><h3 style=\"--font-weight:theme;margin-bottom:20px;\">Caracteristici principale:<\/h3><\/div><\/div><div class=\"standard-arrow list-divider bullet-top\"><ul>\n<li>destinate s\u0103 \u00eenlocuiasc\u0103 l\u0103mpile fluorescente \u0219i halogene<\/li>\n<li>pentru montaj exterior \u0219i interior<\/li>\n<li>pentru iluminarea copertinelor cl\u0103dirilor, spa\u021biilor comerciale, magazinelor, benzin\u0103riilor<\/li>\n<\/ul>\n<\/div>[\/vc_column][vc_column width=&#8221;1\/2&#8243;][vc_empty_space height=&#8221;58px&#8221;]<div class=\"standard-arrow list-divider bullet-top\"><ul>\n<li>pentru spa\u021bii de lucru, camere frigorifice \u0219i locuri umede (sp\u0103l\u0103torii auto)<\/li>\n<li>se integreaz\u0103 \u00een interiorul \u0219i exteriorul oric\u0103rui tip de cl\u0103diri<\/li>\n<li>economisesc p\u00e2n\u0103 la 64% energie electric\u0103 comparativ cu l\u0103mpile fluorescente<\/li>\n<\/ul>\n<\/div>[\/vc_column][\/vc_row][vc_row css=&#8221;.vc_custom_1531293008623{margin-bottom: 20px !important;border-top-width: 1px !important;border-right-width: 1px !important;border-bottom-width: 1px !important;border-left-width: 1px !important;padding-right: 10px !important;padding-left: 10px !important;border-left-color: #e2e2e2 !important;border-left-style: dotted !important;border-right-color: #e2e2e2 !important;border-right-style: dotted !important;border-top-color: #e2e2e2 !important;border-top-style: dotted !important;border-bottom-color: #e2e2e2 !important;border-bottom-style: dotted !important;border-radius: 2px !important;}&#8221;][vc_column]<div id=\"ultimate-heading-822669de009c54c52\" class=\"uvc-heading ult-adjust-bottom-margin ultimate-heading-822669de009c54c52 uvc-5142 \" data-hspacer=\"no_spacer\"  data-halign=\"left\" style=\"text-align:left\"><div class=\"uvc-heading-spacer no_spacer\" style=\"top\"><\/div><div class=\"uvc-main-heading ult-responsive\"  data-ultimate-target='.uvc-heading.ultimate-heading-822669de009c54c52 h3'  data-responsive-json-new='{\"font-size\":\"desktop:28px;\",\"line-height\":\"desktop:38px;\"}' ><h3 style=\"--font-weight:theme;margin-bottom:30px;\">Documente<\/h3><\/div><\/div>[vc_column_text]Buletin de produs, ghid de instala\u021bie, bro\u0219ur\u0103 \u0219i ofert\u0103 de pre\u021b pentru l\u0103mpile LED SloanLED HighLINER 2.[\/vc_column_text][vc_row_inner gap=&#8221;20&#8243;][vc_column_inner width=&#8221;1\/4&#8243;][vc_column_text]<\/p>\n<p style=\"text-align: center;\">Buletin de produs<\/p>\n<p>[\/vc_column_text][vc_single_image image=&#8221;15220&#8243; img_size=&#8221;130&#215;180&#8243; alignment=&#8221;center&#8221; style=&#8221;vc_box_outline&#8221;]<style type=\"text\/css\" data-type=\"the7_shortcodes-inline-css\">#default-btn-d3dbb3dfe639f306145dbdbcc1624924.ico-right-side > i {\n  margin-right: 0px;\n  margin-left: 8px;\n}\n#default-btn-d3dbb3dfe639f306145dbdbcc1624924 > i {\n  margin-right: 8px;\n}\n<\/style><div class=\"btn-align-center\"><a href=\"\/wp-content\/uploads\/2018\/07\/HighLINER2-Global-DataSheet.pdf\" class=\"default-btn-shortcode dt-btn dt-btn-s link-hover-off \" target=\"_blank\" id=\"default-btn-d3dbb3dfe639f306145dbdbcc1624924\" rel=\"noopener\"><i class=\"fas fa-download\"><\/i><span>Descarc\u0103 PDF<\/span><\/a><\/div>[\/vc_column_inner][vc_column_inner width=&#8221;1\/4&#8243;][vc_column_text]<\/p>\n<p style=\"text-align: center;\">Ghid de instala\u021bie<\/p>\n<p>[\/vc_column_text][vc_single_image image=&#8221;15217&#8243; img_size=&#8221;130&#215;180&#8243; alignment=&#8221;center&#8221; style=&#8221;vc_box_outline&#8221;]<style type=\"text\/css\" data-type=\"the7_shortcodes-inline-css\">#default-btn-1c215a34252152b15afd87d6ca2b118d.ico-right-side > i {\n  margin-right: 0px;\n  margin-left: 8px;\n}\n#default-btn-1c215a34252152b15afd87d6ca2b118d > i {\n  margin-right: 8px;\n}\n<\/style><div class=\"btn-align-center\"><a href=\"\/wp-content\/uploads\/2018\/07\/InstallGuide-HighLINER2.pdf\" class=\"default-btn-shortcode dt-btn dt-btn-s link-hover-off \" target=\"_blank\" id=\"default-btn-1c215a34252152b15afd87d6ca2b118d\" rel=\"noopener\"><i class=\"fas fa-download\"><\/i><span>Descarc\u0103 PDF<\/span><\/a><\/div>[\/vc_column_inner][vc_column_inner width=&#8221;1\/4&#8243;][vc_column_text]<\/p>\n<p style=\"text-align: center;\">Bro\u0219ur\u0103 de produs<\/p>\n<p>[\/vc_column_text][vc_single_image image=&#8221;15256&#8243; img_size=&#8221;130&#215;180&#8243; alignment=&#8221;center&#8221; style=&#8221;vc_box_outline&#8221;]<style type=\"text\/css\" data-type=\"the7_shortcodes-inline-css\">#default-btn-b336fca7657e038b18f4787ca957f9e9.ico-right-side > i {\n  margin-right: 0px;\n  margin-left: 8px;\n}\n#default-btn-b336fca7657e038b18f4787ca957f9e9 > i {\n  margin-right: 8px;\n}\n<\/style><div class=\"btn-align-center\"><a href=\"\/wp-content\/uploads\/2018\/07\/SloanLED-PosterBox-3-PDF-Product-guide.pdf\" class=\"default-btn-shortcode dt-btn dt-btn-s link-hover-off \" target=\"_blank\" id=\"default-btn-b336fca7657e038b18f4787ca957f9e9\" rel=\"noopener\"><i class=\"fas fa-download\"><\/i><span>Descarc\u0103 PDF<\/span><\/a><\/div>[\/vc_column_inner][vc_column_inner width=&#8221;1\/4&#8243;][vc_column_text]<\/p>\n<p style=\"text-align: center;\">Ofert\u0103 de pre\u021b.<\/p>\n<p>[\/vc_column_text][vc_single_image image=&#8221;15239&#8243; img_size=&#8221;130&#215;180&#8243; alignment=&#8221;center&#8221; style=&#8221;vc_box_outline&#8221;]<style type=\"text\/css\" data-type=\"the7_shortcodes-inline-css\">#default-btn-cce443e7241b23b27e80445ec26eaef2.ico-right-side > i {\n  margin-right: 0px;\n  margin-left: 8px;\n}\n#default-btn-cce443e7241b23b27e80445ec26eaef2 > i {\n  margin-right: 8px;\n}\n<\/style><div class=\"btn-align-center\"><a href=\"\/wp-content\/uploads\/2018\/07\/Partners_SloanLED_Highliner2_Pricelist.pdf\" class=\"default-btn-shortcode dt-btn dt-btn-s link-hover-off \" target=\"_blank\" id=\"default-btn-cce443e7241b23b27e80445ec26eaef2\" rel=\"noopener\"><span>Descarc\u0103 PDF<\/span><\/a><\/div>[\/vc_column_inner][\/vc_row_inner][\/vc_column][\/vc_row]<\/p>\n<\/div>","protected":false},"excerpt":{"rendered":"<p>Corpurile de iluminat LED SloanLED HighLINER 2 1161mm sunt solu\u021bia ideal\u0103 pentru iluminarea copertinelor cl\u0103dirilor, spa\u021biilor comerciale, magazinelor \u0219i benzin\u0103riilor. Montaj rapid \u0219i u\u0219or \u0219i via\u021b\u0103 lung\u0103 de exploatare.<\/p>\n<p><img loading=\"lazy\" decoding=\"async\" class=\"alignnone wp-image-16395 size-full\" src=\"https:\/\/partners-ltd.com\/wp-content\/uploads\/2018\/09\/5_Year-Warranty.png\" alt=\"5 ani garan\u021bie pentru modulele LED\" width=\"96\" height=\"35\" \/><\/p>\n","protected":false},"featured_media":15221,"comment_status":"open","ping_status":"closed","template":"","meta":[],"product_cat":[1852,2687],"product_tag":[],"_links":{"self":[{"href":"https:\/\/partners-ltd.com\/ro\/wp-json\/wp\/v2\/product\/41104"}],"collection":[{"href":"https:\/\/partners-ltd.com\/ro\/wp-json\/wp\/v2\/product"}],"about":[{"href":"https:\/\/partners-ltd.com\/ro\/wp-json\/wp\/v2\/types\/product"}],"replies":[{"embeddable":true,"href":"https:\/\/partners-ltd.com\/ro\/wp-json\/wp\/v2\/comments?post=41104"}],"wp:featuredmedia":[{"embeddable":true,"href":"https:\/\/partners-ltd.com\/ro\/wp-json\/wp\/v2\/media\/15221"}],"wp:attachment":[{"href":"https:\/\/partners-ltd.com\/ro\/wp-json\/wp\/v2\/media?parent=41104"}],"wp:term":[{"taxonomy":"product_cat","embeddable":true,"href":"https:\/\/partners-ltd.com\/ro\/wp-json\/wp\/v2\/product_cat?post=41104"},{"taxonomy":"product_tag","embeddable":true,"href":"https:\/\/partners-ltd.com\/ro\/wp-json\/wp\/v2\/product_tag?post=41104"}],"curies":[{"name":"wp","href":"https:\/\/api.w.org\/{rel}","templated":true}]}}