{"id":41098,"date":"2022-03-08T16:03:13","date_gmt":"2022-03-08T14:03:13","guid":{"rendered":"https:\/\/partners-ltd.com\/magazin\/fara-categorie\/3m-sj5312-bumpon-picioare-din-silicon-autocolante-transparente\/"},"modified":"2026-04-01T15:06:45","modified_gmt":"2026-04-01T12:06:45","slug":"3m-sj5312-bumpon-picioare-din-silicon-autocolante-transparente","status":"publish","type":"product","link":"https:\/\/partners-ltd.com\/ro\/e-shop\/banda-dublu-adeziva-si-adezivi\/tampoane-adezive-din-silicon\/3m-sj5312-bumpon-picioare-din-silicon-autocolante-transparente\/","title":{"rendered":"3M SJ5312 Bumpon picioare din silicon autocolante, transparente"},"content":{"rendered":"<div class=\"wpb-content-wrapper\"><p>[vc_row css=&#8221;.vc_custom_1614340926172{margin-bottom: 30px !important;border-top-width: 1px !important;border-right-width: 1px !important;border-bottom-width: 1px !important;border-left-width: 1px !important;border-left-color: #d8d8d8 !important;border-left-style: solid !important;border-right-color: #d8d8d8 !important;border-right-style: solid !important;border-top-color: #d8d8d8 !important;border-top-style: solid !important;border-bottom-color: #d8d8d8 !important;border-bottom-style: solid !important;border-radius: 1px !important;}&#8221;][vc_column]<div id=\"ultimate-heading-547469f25a044d278\" class=\"uvc-heading ult-adjust-bottom-margin ultimate-heading-547469f25a044d278 uvc-9981  uvc-heading-default-font-sizes\" data-hspacer=\"no_spacer\"  data-halign=\"left\" style=\"text-align:left\"><div class=\"uvc-heading-spacer no_spacer\" style=\"top\"><\/div><div class=\"uvc-main-heading ult-responsive\"  data-ultimate-target='.uvc-heading.ultimate-heading-547469f25a044d278 h3'  data-responsive-json-new='{\"font-size\":\"\",\"line-height\":\"\"}' ><h3 style=\"--font-weight:theme;margin-bottom:30px;\">Picioare din silicon transparente 3M SJ5312 Bumpon<\/h3><\/div><\/div>[vc_column_text]3M SJ5312 picioare din silicon autocolante sunt fabricate din poliuretan special \u0219i adeziv acrilat. Sunt transparente \u0219i pot fi aplicate ca picioare pe obiecte din sticl\u0103. Scopul lor principal este utilizarea ca picioare, opritoare, separatoare sau protectoare pentru a proteja obiectele \u00een timpul transportului. Forma lor cilindric\u0103 \u0219i structur\u0103 din elastomer special ajut\u0103 suprafe\u021bele s\u0103 nu alunece, s\u0103 reduc\u0103 zgomotul la impact \u0219i s\u0103 elimine vibra\u021biile. 3M SJ5312 picioare autocolante ader\u0103 rapid \u0219i u\u0219or la suprafe\u021be, deoarece sunt foarte sensibile la presiune.<\/p>\n<p>Cu ajutorul picioarelor din silicon autocolante se economise\u0219te timp, necesar \u00een cazul \u00een care ar trebui s\u0103 se perforeze cu nituri, \u0219uruburi \u0219i alte mijloace de fixare a materialelor. 3M SJ5312 picioare din silicon au o mare rezisten\u021b\u0103 la uzur\u0103, \u00een plus nu zg\u00e2rie obiectele. Picioarele sunt foarte durabile \u2013 nu se crap\u0103 \u0219i nu se \u00eent\u0103resc \u00een timp. Ele ader\u0103 la materiale cu diferite baz\u0103 \u2013 sticl\u0103, metal, plastice, ABS, pl\u0103ci, lemn etc.<\/p>\n<p>Ambalajul con\u021bine 8 buc.[\/vc_column_text][\/vc_column][\/vc_row][vc_row css=&#8221;.vc_custom_1614340946766{margin-bottom: 30px !important;border-top-width: 1px !important;border-right-width: 1px !important;border-bottom-width: 1px !important;border-left-width: 1px !important;border-left-color: #d8d8d8 !important;border-left-style: solid !important;border-right-color: #d8d8d8 !important;border-right-style: solid !important;border-top-color: #d8d8d8 !important;border-top-style: solid !important;border-bottom-color: #d8d8d8 !important;border-bottom-style: solid !important;border-radius: 1px !important;}&#8221;][vc_column]<div id=\"ultimate-heading-192869f25a044d2b1\" class=\"uvc-heading ult-adjust-bottom-margin ultimate-heading-192869f25a044d2b1 uvc-3588  uvc-heading-default-font-sizes\" data-hspacer=\"no_spacer\"  data-halign=\"left\" style=\"text-align:left\"><div class=\"uvc-heading-spacer no_spacer\" style=\"top\"><\/div><div class=\"uvc-main-heading ult-responsive\"  data-ultimate-target='.uvc-heading.ultimate-heading-192869f25a044d2b1 h3'  data-responsive-json-new='{\"font-size\":\"\",\"line-height\":\"\"}' ><h3 style=\"--font-weight:theme;margin-bottom:30px;\">Aplicatii:<\/h3><\/div><\/div>[vc_row_inner][vc_column_inner width=&#8221;1\/2&#8243;]<div class=\"standard-arrow list-divider bullet-top\"><ul>\n<li>tastaturi<\/li>\n<li>computere portabile \u0219i sta\u021bionare<\/li>\n<li>telefoane<\/li>\n<li>suporturi din sticl\u0103<\/li>\n<li>aparate electrocasnice mici<\/li>\n<\/ul>\n<\/div>[\/vc_column_inner][vc_column_inner width=&#8221;1\/2&#8243;]<div class=\"standard-arrow list-divider bullet-top\"><ul>\n<li>organizatoare<\/li>\n<li>aparate electrocasnice mici<\/li>\n<li>echipamente de birou<\/li>\n<li>c\u00e2ntare<\/li>\n<li>ceasuri<\/li>\n<\/ul>\n<\/div>[\/vc_column_inner][\/vc_row_inner][\/vc_column][\/vc_row][vc_row css=&#8221;.vc_custom_1614340946766{margin-bottom: 30px !important;border-top-width: 1px !important;border-right-width: 1px !important;border-bottom-width: 1px !important;border-left-width: 1px !important;border-left-color: #d8d8d8 !important;border-left-style: solid !important;border-right-color: #d8d8d8 !important;border-right-style: solid !important;border-top-color: #d8d8d8 !important;border-top-style: solid !important;border-bottom-color: #d8d8d8 !important;border-bottom-style: solid !important;border-radius: 1px !important;}&#8221;][vc_column]<div id=\"ultimate-heading-514569f25a044d337\" class=\"uvc-heading ult-adjust-bottom-margin ultimate-heading-514569f25a044d337 uvc-1488  uvc-heading-default-font-sizes\" data-hspacer=\"no_spacer\"  data-halign=\"left\" style=\"text-align:left\"><div class=\"uvc-heading-spacer no_spacer\" style=\"top\"><\/div><div class=\"uvc-main-heading ult-responsive\"  data-ultimate-target='.uvc-heading.ultimate-heading-514569f25a044d337 h3'  data-responsive-json-new='{\"font-size\":\"\",\"line-height\":\"\"}' ><h3 style=\"--font-weight:theme;margin-bottom:30px;\">Avantaje:<\/h3><\/div><\/div>[vc_row_inner][vc_column_inner width=&#8221;1\/2&#8243;]<div class=\"standard-arrow list-divider bullet-top\"><ul>\n<li>Sensibile la presiune \u2013 ader\u0103 rapid \u0219i u\u0219or<\/li>\n<li>Nu zg\u00e2rie suprafe\u021bele<\/li>\n<li>Reduc sunetul de impact<\/li>\n<\/ul>\n<\/div>[\/vc_column_inner][vc_column_inner width=&#8221;1\/2&#8243;]<div class=\"standard-arrow list-divider bullet-top\"><ul>\n<li>Absorb vibra\u021biile<\/li>\n<li>Nu este nevoie de mijloace de fixare<\/li>\n<li>Nu alunec\u0103 pe suprafa\u021ba produselor<\/li>\n<\/ul>\n<\/div>[\/vc_column_inner][\/vc_row_inner][\/vc_column][\/vc_row][vc_row css=&#8221;.vc_custom_1646747087022{border-top-width: 1px !important;border-right-width: 1px !important;border-bottom-width: 1px !important;border-left-width: 1px !important;border-left-color: #d8d8d8 !important;border-left-style: solid !important;border-right-color: #d8d8d8 !important;border-right-style: solid !important;border-top-color: #d8d8d8 !important;border-top-style: solid !important;border-bottom-color: #d8d8d8 !important;border-bottom-style: solid !important;border-radius: 1px !important;}&#8221;][vc_column]<div id=\"ultimate-heading-7769f25a044d38c\" class=\"uvc-heading ult-adjust-bottom-margin ultimate-heading-7769f25a044d38c uvc-6345  uvc-heading-default-font-sizes\" data-hspacer=\"no_spacer\"  data-halign=\"left\" style=\"text-align:left\"><div class=\"uvc-heading-spacer no_spacer\" style=\"top\"><\/div><div class=\"uvc-main-heading ult-responsive\"  data-ultimate-target='.uvc-heading.ultimate-heading-7769f25a044d38c h3'  data-responsive-json-new='{\"font-size\":\"\",\"line-height\":\"\"}' ><h3 style=\"--font-weight:theme;margin-bottom:20px;\">Tehnica de lipire:<\/h3><\/div><\/div>[vc_row_inner][vc_column_inner][vc_column_text]Pentru a ob\u021bine o leg\u0103tur\u0103 c\u00e2t mai puternic\u0103 \u00eentre material \u0219i picioarele de silicon, este necesar s\u0103 se cure\u021be bine suprafa\u021ba.<br \/>\nPentru o leg\u0103tur\u0103 puternic\u0103 \u0219i durabil\u0103, respecta\u021bi urm\u0103toarele indica\u021bii:<\/p>\n<ol>\n<li>Cur\u0103\u021ba\u021bi baza materialului cu alcool izopropilic diluat cu 50% ap\u0103.<\/li>\n<li>Ap\u0103sa\u021bi u\u0219or pentru a elimina aerul dintre picioare \u0219i suprafa\u021b\u0103. Astfel se ob\u021bine o leg\u0103tur\u0103 mai puternic\u0103.<\/li>\n<li>A\u0219tepta\u021bi c\u00e2teva minute pentru o mai bun\u0103 aderare a picioarelor de silicon la obiect.<\/li>\n<\/ol>\n<p>[\/vc_column_text][\/vc_column_inner][\/vc_row_inner][\/vc_column][\/vc_row]<\/p>\n<\/div>","protected":false},"excerpt":{"rendered":"<p>Picioarele autocolante sunt foarte durabile \u2013 nu se crap\u0103 \u0219i nu se \u00eent\u0103resc \u00een timp. Ele ader\u0103 la materiale cu diferite baz\u0103.<\/p>\n<p>Ambalajul con\u021bine 8 buc.<\/p>\n","protected":false},"featured_media":27802,"comment_status":"open","ping_status":"closed","template":"","meta":[],"product_cat":[1855,2670],"product_tag":[],"_links":{"self":[{"href":"https:\/\/partners-ltd.com\/ro\/wp-json\/wp\/v2\/product\/41098"}],"collection":[{"href":"https:\/\/partners-ltd.com\/ro\/wp-json\/wp\/v2\/product"}],"about":[{"href":"https:\/\/partners-ltd.com\/ro\/wp-json\/wp\/v2\/types\/product"}],"replies":[{"embeddable":true,"href":"https:\/\/partners-ltd.com\/ro\/wp-json\/wp\/v2\/comments?post=41098"}],"wp:featuredmedia":[{"embeddable":true,"href":"https:\/\/partners-ltd.com\/ro\/wp-json\/wp\/v2\/media\/27802"}],"wp:attachment":[{"href":"https:\/\/partners-ltd.com\/ro\/wp-json\/wp\/v2\/media?parent=41098"}],"wp:term":[{"taxonomy":"product_cat","embeddable":true,"href":"https:\/\/partners-ltd.com\/ro\/wp-json\/wp\/v2\/product_cat?post=41098"},{"taxonomy":"product_tag","embeddable":true,"href":"https:\/\/partners-ltd.com\/ro\/wp-json\/wp\/v2\/product_tag?post=41098"}],"curies":[{"name":"wp","href":"https:\/\/api.w.org\/{rel}","templated":true}]}}