{"id":41047,"date":"2022-03-17T14:00:24","date_gmt":"2022-03-17T12:00:24","guid":{"rendered":"https:\/\/partners-ltd.com\/magazin\/fara-categorie\/banda-dublu-adeziva-termoconductoare-3m-8810-alba\/"},"modified":"2025-06-19T15:55:24","modified_gmt":"2025-06-19T12:55:24","slug":"banda-dublu-adeziva-termoconductoare-3m-8810-alba","status":"publish","type":"product","link":"https:\/\/partners-ltd.com\/ro\/e-shop\/banda-dublu-adeziva-si-adezivi\/benzi-specializate\/banda-dublu-adeziva-termoconductoare-3m-8810-alba\/","title":{"rendered":"Band\u0103 dublu adeziv\u0103 termoconductoare 3M 8810, alb\u0103"},"content":{"rendered":"<div class=\"wpb-content-wrapper\"><p>[vc_row css=&#8221;.vc_custom_1614340926172{margin-bottom: 30px !important;border-top-width: 1px !important;border-right-width: 1px !important;border-bottom-width: 1px !important;border-left-width: 1px !important;border-left-color: #d8d8d8 !important;border-left-style: solid !important;border-right-color: #d8d8d8 !important;border-right-style: solid !important;border-top-color: #d8d8d8 !important;border-top-style: solid !important;border-bottom-color: #d8d8d8 !important;border-bottom-style: solid !important;border-radius: 1px !important;}&#8221;][vc_column]<div id=\"ultimate-heading-785769fcb2cb886ad\" class=\"uvc-heading ult-adjust-bottom-margin ultimate-heading-785769fcb2cb886ad uvc-1864  uvc-heading-default-font-sizes\" data-hspacer=\"no_spacer\"  data-halign=\"left\" style=\"text-align:left\"><div class=\"uvc-heading-spacer no_spacer\" style=\"top\"><\/div><div class=\"uvc-main-heading ult-responsive\"  data-ultimate-target='.uvc-heading.ultimate-heading-785769fcb2cb886ad h3'  data-responsive-json-new='{\"font-size\":\"\",\"line-height\":\"\"}' ><h3 style=\"--font-weight:theme;margin-bottom:20px;\">Eficien\u021b\u0103 ridicat\u0103 \u00een transferul de c\u0103ldur\u0103 \u0219i izola\u021bie electric\u0103 excelent\u0103 cu 3M 8810<\/h3><\/div><\/div>[vc_column_text]<strong>3M 8810 Thermally Conductive Adhesive Transfer Tape<\/strong> sunt benzi dublu adezive termoconductoare pentru transferul de c\u0103ldur\u0103. Aplica\u021bie principal\u0103 a benzilor termice este transferul de c\u0103ldur\u0103 \u00eentre elementele care se \u00eenc\u0103lzesc \u0219i radiatoarele de r\u0103cire. Ader\u0103 excelent la plastic, metal, cauciuc \u0219i altele. Benzile termice dublu adezive 3M 8810 garanteaz\u0103 o eficien\u021b\u0103 ridicat\u0103 a transferului de c\u0103ldur\u0103 \u0219i o izola\u021bie electric\u0103 excelent\u0103. Se lipesc instantaneu, cu o presiune foarte u\u0219oar\u0103 asupra suprafe\u021belor. <strong>3M 8810 Transfer Tape<\/strong> sunt o combina\u021bie \u00eentre un adeziv acrilat \u0219i microsfere ceramice termoconductoare. Sunt proiectate astfel \u00eenc\u00e2t s\u0103 asigure un transfer excelent \u00eentre suprafe\u021be. \u00cen plus, benzile termice dublu adezive sunt foarte rezistente la \u0219ocuri \u0219i vibra\u021bii.<\/p>\n<p>Ambalaj de 5 foi 45mm x 45mm[\/vc_column_text][\/vc_column][\/vc_row][vc_row css=&#8221;.vc_custom_1614340946766{margin-bottom: 30px !important;border-top-width: 1px !important;border-right-width: 1px !important;border-bottom-width: 1px !important;border-left-width: 1px !important;border-left-color: #d8d8d8 !important;border-left-style: solid !important;border-right-color: #d8d8d8 !important;border-right-style: solid !important;border-top-color: #d8d8d8 !important;border-top-style: solid !important;border-bottom-color: #d8d8d8 !important;border-bottom-style: solid !important;border-radius: 1px !important;}&#8221;][vc_column]<div id=\"ultimate-heading-400569fcb2cb886e7\" class=\"uvc-heading ult-adjust-bottom-margin ultimate-heading-400569fcb2cb886e7 uvc-301  uvc-heading-default-font-sizes\" data-hspacer=\"no_spacer\"  data-halign=\"left\" style=\"text-align:left\"><div class=\"uvc-heading-spacer no_spacer\" style=\"top\"><\/div><div class=\"uvc-main-heading ult-responsive\"  data-ultimate-target='.uvc-heading.ultimate-heading-400569fcb2cb886e7 h3'  data-responsive-json-new='{\"font-size\":\"\",\"line-height\":\"\"}' ><h3 style=\"--font-weight:theme;margin-bottom:20px;\">Aplica\u021bii:<\/h3><\/div><\/div>[vc_row_inner][vc_column_inner width=&#8221;1\/2&#8243;]<div class=\"standard-arrow list-divider bullet-top\"><ul>\n<li>dioduri de mare putere (LED)<\/li>\n<li>procesoare<\/li>\n<li>panouri electrice<\/li>\n<\/ul>\n<\/div>[\/vc_column_inner][vc_column_inner width=&#8221;1\/2&#8243;]<div class=\"standard-arrow list-divider bullet-top\"><ul>\n<li>elemente \u00een aparate, supuse la c\u0103ldur\u0103<\/li>\n<li>tranzistori<\/li>\n<\/ul>\n<\/div>[\/vc_column_inner][\/vc_row_inner][\/vc_column][\/vc_row][vc_row css=&#8221;.vc_custom_1614340946766{margin-bottom: 30px !important;border-top-width: 1px !important;border-right-width: 1px !important;border-bottom-width: 1px !important;border-left-width: 1px !important;border-left-color: #d8d8d8 !important;border-left-style: solid !important;border-right-color: #d8d8d8 !important;border-right-style: solid !important;border-top-color: #d8d8d8 !important;border-top-style: solid !important;border-bottom-color: #d8d8d8 !important;border-bottom-style: solid !important;border-radius: 1px !important;}&#8221;][vc_column]<div id=\"ultimate-heading-299069fcb2cb88763\" class=\"uvc-heading ult-adjust-bottom-margin ultimate-heading-299069fcb2cb88763 uvc-6631  uvc-heading-default-font-sizes\" data-hspacer=\"no_spacer\"  data-halign=\"left\" style=\"text-align:left\"><div class=\"uvc-heading-spacer no_spacer\" style=\"top\"><\/div><div class=\"uvc-main-heading ult-responsive\"  data-ultimate-target='.uvc-heading.ultimate-heading-299069fcb2cb88763 h3'  data-responsive-json-new='{\"font-size\":\"\",\"line-height\":\"\"}' ><h3 style=\"--font-weight:theme;margin-bottom:20px;\">Avantaje:<\/h3><\/div><\/div>[vc_row_inner][vc_column_inner width=&#8221;1\/2&#8243;]<div class=\"standard-arrow list-divider bullet-top\"><ul>\n<li>rezisten\u021b\u0103 mecanic\u0103 ridicat\u0103<\/li>\n<li>rezisten\u021b\u0103 la vibra\u021bii \u0219i \u0219ocuri<\/li>\n<li>izola\u021bie electric\u0103 ridicat\u0103<\/li>\n<\/ul>\n<\/div>[\/vc_column_inner][vc_column_inner width=&#8221;1\/2&#8243;]<div class=\"standard-arrow list-divider bullet-top\"><ul>\n<li>\u00eembun\u0103t\u0103\u021be\u0219te conductivitatea termic\u0103 \u00eentre elemente<\/li>\n<li>nu are suport \u0219i este convenabil\u0103 pentru lipire<\/li>\n<li>se taie u\u0219or<\/li>\n<\/ul>\n<\/div>[\/vc_column_inner][\/vc_row_inner][\/vc_column][\/vc_row][vc_row css=&#8221;.vc_custom_1614340974723{border-top-width: 1px !important;border-right-width: 1px !important;border-bottom-width: 1px !important;border-left-width: 1px !important;border-left-color: #d8d8d8 !important;border-left-style: solid !important;border-right-color: #d8d8d8 !important;border-right-style: solid !important;border-top-color: #d8d8d8 !important;border-top-style: solid !important;border-bottom-color: #d8d8d8 !important;border-bottom-style: solid !important;border-radius: 1px !important;}&#8221;][vc_column]<div id=\"ultimate-heading-23969fcb2cb887b9\" class=\"uvc-heading ult-adjust-bottom-margin ultimate-heading-23969fcb2cb887b9 uvc-7215  uvc-heading-default-font-sizes\" data-hspacer=\"no_spacer\"  data-halign=\"left\" style=\"text-align:left\"><div class=\"uvc-heading-spacer no_spacer\" style=\"top\"><\/div><div class=\"uvc-main-heading ult-responsive\"  data-ultimate-target='.uvc-heading.ultimate-heading-23969fcb2cb887b9 h3'  data-responsive-json-new='{\"font-size\":\"\",\"line-height\":\"\"}' ><h3 style=\"--font-weight:theme;margin-bottom:20px;\">Documente:<\/h3><\/div><\/div>[vc_row_inner css=&#8221;.vc_custom_1615980091033{margin-bottom: 30px !important;}&#8221;][vc_column_inner width=&#8221;1\/3&#8243;][vc_column_text]Caracteristici tehnice[\/vc_column_text][vc_single_image image=&#8221;27481&#8243; onclick=&#8221;custom_link&#8221; img_link_target=&#8221;_blank&#8221; link=&#8221;\/wp-content\/uploads\/2022\/02\/3M-8810-Data-Sheet.pdf&#8221; css=&#8221;.vc_custom_1645528519455{border-top-width: 0px !important;border-right-width: 0px !important;border-bottom-width: 0px !important;border-left-width: 0px !important;border-left-color: #b5b5b5 !important;border-left-style: dotted !important;border-right-color: #b5b5b5 !important;border-right-style: dotted !important;border-top-color: #b5b5b5 !important;border-top-style: dotted !important;border-bottom-color: #b5b5b5 !important;border-bottom-style: dotted !important;border-radius: 1px !important;}&#8221;]<style type=\"text\/css\" data-type=\"the7_shortcodes-inline-css\">#default-btn-99d55a395bd9a7a48ed41cd0fd9d77d1.ico-right-side > i {\n  margin-right: 0px;\n  margin-left: 8px;\n}\n#default-btn-99d55a395bd9a7a48ed41cd0fd9d77d1 > i {\n  margin-right: 8px;\n}\n<\/style><a href=\"\/wp-content\/uploads\/2022\/02\/3M-8810-Data-Sheet.pdf\" class=\"default-btn-shortcode dt-btn dt-btn-s link-hover-off btn-inline-left \" target=\"_blank\" id=\"default-btn-99d55a395bd9a7a48ed41cd0fd9d77d1\" rel=\"noopener\"><span>Descarc\u0103 PDF<\/span><\/a>[\/vc_column_inner][vc_column_inner width=&#8221;1\/3&#8243;][vc_column_text]Bro\u0219ur\u0103[\/vc_column_text][vc_single_image image=&#8221;27487&#8243; onclick=&#8221;custom_link&#8221; img_link_target=&#8221;_blank&#8221; link=&#8221;\/wp-content\/uploads\/2022\/02\/3M-Thermal-Materials-Solutions_Brochure.pdf&#8221; css=&#8221;.vc_custom_1645528542887{border-radius: 1px !important;}&#8221;]<style type=\"text\/css\" data-type=\"the7_shortcodes-inline-css\">#default-btn-0fcbcca049309c6562d15f1b0b07570a.ico-right-side > i {\n  margin-right: 0px;\n  margin-left: 8px;\n}\n#default-btn-0fcbcca049309c6562d15f1b0b07570a > i {\n  margin-right: 8px;\n}\n<\/style><a href=\"\/wp-content\/uploads\/2022\/02\/3M-Thermal-Materials-Solutions_Brochure.pdf\" class=\"default-btn-shortcode dt-btn dt-btn-s link-hover-off btn-inline-left \" target=\"_blank\" id=\"default-btn-0fcbcca049309c6562d15f1b0b07570a\" rel=\"noopener\"><span>Descarc\u0103 PDF<\/span><\/a>[\/vc_column_inner][vc_column_inner width=&#8221;1\/3&#8243;][\/vc_column_inner][\/vc_row_inner][\/vc_column][\/vc_row]<\/p>\n<\/div>","protected":false},"excerpt":{"rendered":"<p>Band\u0103 dublu adeziv\u0103 termoconductoare 3M 8810 serve\u0219te pentru transferul de c\u0103ldur\u0103. Se utilizeaz\u0103 la lipirea diodelor LED de mare putere, tranzistoarelor, procesoarelor \u0219i altele.<\/p>\n<p>Ambalajul con\u021bine 5 buc.<\/p>\n","protected":false},"featured_media":27475,"comment_status":"open","ping_status":"closed","template":"","meta":[],"product_cat":[1855,2672],"product_tag":[],"_links":{"self":[{"href":"https:\/\/partners-ltd.com\/ro\/wp-json\/wp\/v2\/product\/41047"}],"collection":[{"href":"https:\/\/partners-ltd.com\/ro\/wp-json\/wp\/v2\/product"}],"about":[{"href":"https:\/\/partners-ltd.com\/ro\/wp-json\/wp\/v2\/types\/product"}],"replies":[{"embeddable":true,"href":"https:\/\/partners-ltd.com\/ro\/wp-json\/wp\/v2\/comments?post=41047"}],"wp:featuredmedia":[{"embeddable":true,"href":"https:\/\/partners-ltd.com\/ro\/wp-json\/wp\/v2\/media\/27475"}],"wp:attachment":[{"href":"https:\/\/partners-ltd.com\/ro\/wp-json\/wp\/v2\/media?parent=41047"}],"wp:term":[{"taxonomy":"product_cat","embeddable":true,"href":"https:\/\/partners-ltd.com\/ro\/wp-json\/wp\/v2\/product_cat?post=41047"},{"taxonomy":"product_tag","embeddable":true,"href":"https:\/\/partners-ltd.com\/ro\/wp-json\/wp\/v2\/product_tag?post=41047"}],"curies":[{"name":"wp","href":"https:\/\/api.w.org\/{rel}","templated":true}]}}