{"id":41038,"date":"2022-03-17T13:16:31","date_gmt":"2022-03-17T11:16:31","guid":{"rendered":"https:\/\/partners-ltd.com\/magazin\/fara-categorie\/3m-vinyl-tape-471-banda-de-marcare-pentru-podea-verde-50-mm-x-33-m\/"},"modified":"2025-06-19T16:57:50","modified_gmt":"2025-06-19T13:57:50","slug":"3m-vinyl-tape-471-banda-de-marcare-pentru-podea-verde-50-mm-x-33-m","status":"publish","type":"product","link":"https:\/\/partners-ltd.com\/ro\/e-shop\/banda-dublu-adeziva-si-adezivi\/benzi-specializate\/3m-vinyl-tape-471-banda-de-marcare-pentru-podea-verde-50-mm-x-33-m\/","title":{"rendered":"3M Vinyl Tape 471 band\u0103 de marcare pentru podea, verde, 50 mm x 33 m"},"content":{"rendered":"<div class=\"wpb-content-wrapper\"><p>[vc_row css=&#8221;.vc_custom_1614340926172{margin-bottom: 30px !important;border-top-width: 1px !important;border-right-width: 1px !important;border-bottom-width: 1px !important;border-left-width: 1px !important;border-left-color: #d8d8d8 !important;border-left-style: solid !important;border-right-color: #d8d8d8 !important;border-right-style: solid !important;border-top-color: #d8d8d8 !important;border-top-style: solid !important;border-bottom-color: #d8d8d8 !important;border-bottom-style: solid !important;border-radius: 1px !important;}&#8221;][vc_column]<div id=\"ultimate-heading-386169d7b917321c1\" class=\"uvc-heading ult-adjust-bottom-margin ultimate-heading-386169d7b917321c1 uvc-708  uvc-heading-default-font-sizes\" data-hspacer=\"no_spacer\"  data-halign=\"left\" style=\"text-align:left\"><div class=\"uvc-heading-spacer no_spacer\" style=\"top\"><\/div><div class=\"uvc-main-heading ult-responsive\"  data-ultimate-target='.uvc-heading.ultimate-heading-386169d7b917321c1 h3'  data-responsive-json-new='{\"font-size\":\"\",\"line-height\":\"\"}' ><h3 style=\"--font-weight:theme;margin-bottom:20px;\">3M Vinyl Tape 471 band\u0103 de marcare pentru podea, verde<\/h3><\/div><\/div>[vc_column_text]<a class=\"dt-pswp-item\" href=\"https:\/\/partners-ltd.com\/wp-content\/uploads\/2022\/02\/3M-Vinyl-Tape-471-\u043c\u0430\u0440\u043a\u0438\u0440\u0430\u0449\u0438-\u043b\u0435\u043d\u0442\u0438-\u0437\u0430-\u043f\u043e\u0434-\u043f\u0440\u0438\u043b\u043e\u0436\u0435\u043d\u0438\u0435.jpg\" data-dt-img-description=\"\" data-large_image_width=\"320\" data-large_image_height=\"238\"><img loading=\"lazy\" decoding=\"async\" class=\"wp-image-27532 alignleft\" src=\"https:\/\/partners-ltd.com\/wp-content\/uploads\/2022\/02\/3M-Vinyl-Tape-471-\u043c\u0430\u0440\u043a\u0438\u0440\u0430\u0449\u0438-\u043b\u0435\u043d\u0442\u0438-\u0437\u0430-\u043f\u043e\u0434-\u043f\u0440\u0438\u043b\u043e\u0436\u0435\u043d\u0438\u0435.jpg\" alt=\"3M Vinyl Tape 471 benzi de marcare pentru podea aplica\u021bie\" width=\"274\" height=\"137\" srcset=\"https:\/\/partners-ltd.com\/wp-content\/uploads\/2022\/02\/3M-Vinyl-Tape-471-\u043c\u0430\u0440\u043a\u0438\u0440\u0430\u0449\u0438-\u043b\u0435\u043d\u0442\u0438-\u0437\u0430-\u043f\u043e\u0434-\u043f\u0440\u0438\u043b\u043e\u0436\u0435\u043d\u0438\u0435.jpg 580w, https:\/\/partners-ltd.com\/wp-content\/uploads\/2022\/02\/3M-Vinyl-Tape-471-\u043c\u0430\u0440\u043a\u0438\u0440\u0430\u0449\u0438-\u043b\u0435\u043d\u0442\u0438-\u0437\u0430-\u043f\u043e\u0434-\u043f\u0440\u0438\u043b\u043e\u0436\u0435\u043d\u0438\u0435-300x150.jpg 300w, https:\/\/partners-ltd.com\/wp-content\/uploads\/2022\/02\/3M-Vinyl-Tape-471-\u043c\u0430\u0440\u043a\u0438\u0440\u0430\u0449\u0438-\u043b\u0435\u043d\u0442\u0438-\u0437\u0430-\u043f\u043e\u0434-\u043f\u0440\u0438\u043b\u043e\u0436\u0435\u043d\u0438\u0435-425x213.jpg 425w\" sizes=\"(max-width: 274px) 100vw, 274px\" \/><\/a>Seria de benzi de marcare pentru podea 3M Vinyl Tape 471 este dezvoltat\u0103 pentru aplicarea marcajelor orizontale sau verticale \u00een hale, depozite, spitale, s\u0103li de sport, fabrici etc. Benzile de marcare 3M 471 se remarc\u0103 prin rezisten\u021b\u0103 ridicat\u0103 la uzur\u0103 \u0219i rezisten\u021b\u0103 la tratarea cu solven\u021bi. Au o flexibilitate excep\u021bional\u0103, ceea ce le face durabile la \u00eentindere \u0219i u\u0219or adaptabile la suprafe\u021be inegale.<\/p>\n<p>Sunt disponibile \u00een culori: ro\u0219u, alb, galben, verde, portocaliu, albastru \u0219i negru, fiind pe deplin conforme cu metodologia sistemului 5S, care sprijin\u0103 procesul de lucru.<\/p>\n<p>Se aplic\u0103 f\u0103r\u0103 niciun efort, iar \u00eendoirea pe anumite forme nu este o problem\u0103. Benzile de marcare 3M sunt acoperite cu un adeziv din cauciuc, care ader\u0103 ferm la diferite suprafe\u021be, f\u0103r\u0103 ca benzile s\u0103 se \u00eencre\u021beasc\u0103. La \u00eendep\u0103rtarea marcajului, nu r\u0103m\u00e2n urme, elimin\u00e2nd astfel necesitatea cheltuielilor pentru cur\u0103\u021bare.<\/p>\n<p>Culorile tuturor benzilor de marcare pentru podea de tip industrial, din seria 3M 471, sunt durabile \u0219i nu se estompeaz\u0103, deoarece sunt acoperite cu un strat de PVC rezistent. Intervalul de temperatur\u0103 de lucru este \u00eentre 4\u00b0C \u0219i 77\u00b0C.[\/vc_column_text][\/vc_column][\/vc_row][vc_row css=&#8221;.vc_custom_1614340946766{margin-bottom: 30px !important;border-top-width: 1px !important;border-right-width: 1px !important;border-bottom-width: 1px !important;border-left-width: 1px !important;border-left-color: #d8d8d8 !important;border-left-style: solid !important;border-right-color: #d8d8d8 !important;border-right-style: solid !important;border-top-color: #d8d8d8 !important;border-top-style: solid !important;border-bottom-color: #d8d8d8 !important;border-bottom-style: solid !important;border-radius: 1px !important;}&#8221;][vc_column]<div id=\"ultimate-heading-200469d7b91732202\" class=\"uvc-heading ult-adjust-bottom-margin ultimate-heading-200469d7b91732202 uvc-1486  uvc-heading-default-font-sizes\" data-hspacer=\"no_spacer\"  data-halign=\"left\" style=\"text-align:left\"><div class=\"uvc-heading-spacer no_spacer\" style=\"top\"><\/div><div class=\"uvc-main-heading ult-responsive\"  data-ultimate-target='.uvc-heading.ultimate-heading-200469d7b91732202 h3'  data-responsive-json-new='{\"font-size\":\"\",\"line-height\":\"\"}' ><h3 style=\"--font-weight:theme;margin-bottom:20px;\">Avantaje:<\/h3><\/div><\/div>[vc_row_inner][vc_column_inner width=&#8221;1\/2&#8243;]<div class=\"standard-arrow list-divider bullet-top\"><ul>\n<li>\u00eendep\u0103rtare u\u0219oar\u0103, f\u0103r\u0103 urme de adeziv<\/li>\n<li>rezisten\u021b\u0103 ridicat\u0103 la zg\u00e2riere<\/li>\n<li>elasticitate ridicat\u0103 pentru aplicare pe forme diverse, f\u0103r\u0103 ridicare<\/li>\n<\/ul>\n<\/div>[\/vc_column_inner][vc_column_inner width=&#8221;1\/2&#8243;]<div class=\"standard-arrow list-divider bullet-top\"><ul>\n<li>durabilitate excelent\u0103 la tratarea cu solven\u021bi<\/li>\n<li>culori vii diverse pentru aplica\u021bii diferite<\/li>\n<li>rezisten\u021b\u0103 la lipire pe suprafe\u021be diverse<\/li>\n<\/ul>\n<\/div>[\/vc_column_inner][\/vc_row_inner][\/vc_column][\/vc_row][vc_row css=&#8221;.vc_custom_1614340946766{margin-bottom: 30px !important;border-top-width: 1px !important;border-right-width: 1px !important;border-bottom-width: 1px !important;border-left-width: 1px !important;border-left-color: #d8d8d8 !important;border-left-style: solid !important;border-right-color: #d8d8d8 !important;border-right-style: solid !important;border-top-color: #d8d8d8 !important;border-top-style: solid !important;border-bottom-color: #d8d8d8 !important;border-bottom-style: solid !important;border-radius: 1px !important;}&#8221;][vc_column]<div id=\"ultimate-heading-405269d7b9173228d\" class=\"uvc-heading ult-adjust-bottom-margin ultimate-heading-405269d7b9173228d uvc-2445  uvc-heading-default-font-sizes\" data-hspacer=\"no_spacer\"  data-halign=\"left\" style=\"text-align:left\"><div class=\"uvc-heading-spacer no_spacer\" style=\"top\"><\/div><div class=\"uvc-main-heading ult-responsive\"  data-ultimate-target='.uvc-heading.ultimate-heading-405269d7b9173228d h3'  data-responsive-json-new='{\"font-size\":\"\",\"line-height\":\"\"}' ><h3 style=\"--font-weight:theme;margin-bottom:20px;\">Ader\u0103 pe:<\/h3><\/div><\/div>[vc_row_inner][vc_column_inner width=&#8221;1\/2&#8243;]<div class=\"standard-arrow list-divider bullet-top\"><ul>\n<li>metal vopsit<\/li>\n<li>metal nevopsit<\/li>\n<li>ceramic\u0103<\/li>\n<li>lemn l\u0103cuit, parchet<\/li>\n<\/ul>\n<\/div>[\/vc_column_inner][vc_column_inner width=&#8221;1\/2&#8243;]<div class=\"standard-arrow list-divider bullet-top\"><ul>\n<li>suprafe\u021be vopsite<\/li>\n<li>plastice<\/li>\n<li>materiale cu energie de suprafa\u021b\u0103 sc\u0103zut\u0103<\/li>\n<\/ul>\n<\/div>[\/vc_column_inner][\/vc_row_inner][\/vc_column][\/vc_row][vc_row css=&#8221;.vc_custom_1614340946766{margin-bottom: 30px !important;border-top-width: 1px !important;border-right-width: 1px !important;border-bottom-width: 1px !important;border-left-width: 1px !important;border-left-color: #d8d8d8 !important;border-left-style: solid !important;border-right-color: #d8d8d8 !important;border-right-style: solid !important;border-top-color: #d8d8d8 !important;border-top-style: solid !important;border-bottom-color: #d8d8d8 !important;border-bottom-style: solid !important;border-radius: 1px !important;}&#8221;][vc_column]<div id=\"ultimate-heading-488669d7b917322ec\" class=\"uvc-heading ult-adjust-bottom-margin ultimate-heading-488669d7b917322ec uvc-71  uvc-heading-default-font-sizes\" data-hspacer=\"no_spacer\"  data-halign=\"left\" style=\"text-align:left\"><div class=\"uvc-heading-spacer no_spacer\" style=\"top\"><\/div><div class=\"uvc-main-heading ult-responsive\"  data-ultimate-target='.uvc-heading.ultimate-heading-488669d7b917322ec h3'  data-responsive-json-new='{\"font-size\":\"\",\"line-height\":\"\"}' ><h3 style=\"--font-weight:theme;margin-bottom:20px;\">Aplica\u021bii:<\/h3><\/div><\/div>[vc_row_inner][vc_column_inner width=&#8221;1\/2&#8243;]<div class=\"standard-arrow list-divider bullet-top\"><ul>\n<li>marcarea zonelor periculoase<\/li>\n<li>pentru podele \u0219i spa\u021bii din jurul instala\u021biilor<\/li>\n<li>etan\u0219area containerelor<\/li>\n<li>marcare la vopsire<\/li>\n<\/ul>\n<\/div>[\/vc_column_inner][vc_column_inner width=&#8221;1\/2&#8243;]<div class=\"standard-arrow list-divider bullet-top\"><ul>\n<li>la decorare<\/li>\n<li>la ambalare<\/li>\n<li>marcarea c\u0103ilor, coridoarelor<\/li>\n<li>coordonare cromatic\u0103<\/li>\n<\/ul>\n<\/div>[\/vc_column_inner][\/vc_row_inner][\/vc_column][\/vc_row][vc_row css=&#8221;.vc_custom_1614340974723{border-top-width: 1px !important;border-right-width: 1px !important;border-bottom-width: 1px !important;border-left-width: 1px !important;border-left-color: #d8d8d8 !important;border-left-style: solid !important;border-right-color: #d8d8d8 !important;border-right-style: solid !important;border-top-color: #d8d8d8 !important;border-top-style: solid !important;border-bottom-color: #d8d8d8 !important;border-bottom-style: solid !important;border-radius: 1px !important;}&#8221;][vc_column]<div id=\"ultimate-heading-93769d7b9173234b\" class=\"uvc-heading ult-adjust-bottom-margin ultimate-heading-93769d7b9173234b uvc-2289  uvc-heading-default-font-sizes\" data-hspacer=\"no_spacer\"  data-halign=\"left\" style=\"text-align:left\"><div class=\"uvc-heading-spacer no_spacer\" style=\"top\"><\/div><div class=\"uvc-main-heading ult-responsive\"  data-ultimate-target='.uvc-heading.ultimate-heading-93769d7b9173234b h3'  data-responsive-json-new='{\"font-size\":\"\",\"line-height\":\"\"}' ><h3 style=\"--font-weight:theme;margin-bottom:20px;\">Documente:<\/h3><\/div><\/div>[vc_row_inner css=&#8221;.vc_custom_1615980091033{margin-bottom: 30px !important;}&#8221;][vc_column_inner width=&#8221;1\/3&#8243;][vc_column_text]Caracteristici tehnice:[\/vc_column_text][vc_single_image image=&#8221;27522&#8243; onclick=&#8221;custom_link&#8221; img_link_target=&#8221;_blank&#8221; link=&#8221;\/wp-content\/uploads\/2022\/02\/Bulletin-3M-vinyl-tape-471.pdf&#8221;]<style type=\"text\/css\" data-type=\"the7_shortcodes-inline-css\">#default-btn-299221cb4291e1914319f493dd5d38f9.ico-right-side > i {\n  margin-right: 0px;\n  margin-left: 8px;\n}\n#default-btn-299221cb4291e1914319f493dd5d38f9 > i {\n  margin-right: 8px;\n}\n<\/style><a href=\"\/wp-content\/uploads\/2022\/02\/Bulletin-3M-vinyl-tape-471.pdf\" class=\"default-btn-shortcode dt-btn dt-btn-s link-hover-off btn-inline-left \" target=\"_blank\" id=\"default-btn-299221cb4291e1914319f493dd5d38f9\" rel=\"noopener\"><span>Descarc\u0103 PDF<\/span><\/a>[\/vc_column_inner][vc_column_inner width=&#8221;1\/3&#8243;][vc_column_text]Bro\u0219ur\u0103:[\/vc_column_text][vc_single_image image=&#8221;27507&#8243; onclick=&#8221;custom_link&#8221; img_link_target=&#8221;_blank&#8221; link=&#8221;\/wp-content\/uploads\/2022\/02\/Industrial-Floor-Marking-Catalogue.pdf&#8221;]<style type=\"text\/css\" data-type=\"the7_shortcodes-inline-css\">#default-btn-dcf4cedd33dc54fbbb49223f1ca4ffae.ico-right-side > i {\n  margin-right: 0px;\n  margin-left: 8px;\n}\n#default-btn-dcf4cedd33dc54fbbb49223f1ca4ffae > i {\n  margin-right: 8px;\n}\n<\/style><a href=\"\/wp-content\/uploads\/2022\/02\/Industrial-Floor-Marking-Catalogue.pdf\" class=\"default-btn-shortcode dt-btn dt-btn-s link-hover-off btn-inline-left \" target=\"_blank\" id=\"default-btn-dcf4cedd33dc54fbbb49223f1ca4ffae\" rel=\"noopener\"><span>Descarc\u0103 PDF<\/span><\/a>[\/vc_column_inner][vc_column_inner width=&#8221;1\/3&#8243;][\/vc_column_inner][\/vc_row_inner][\/vc_column][\/vc_row]<\/p>\n<\/div>","protected":false},"excerpt":{"rendered":"<p>Band\u0103 PVC verde pentru marcarea orizontal\u0103 sau vertical\u0103 a podelei \u0219i a spa\u021biilor din jurul echipamentelor. Potrivit\u0103 pentru marcaj \u00een depozite \u0219i hale, fabrici, spitale, s\u0103li de sport etc.<\/p>\n","protected":false},"featured_media":27552,"comment_status":"open","ping_status":"closed","template":"","meta":[],"product_cat":[1855,2672],"product_tag":[],"_links":{"self":[{"href":"https:\/\/partners-ltd.com\/ro\/wp-json\/wp\/v2\/product\/41038"}],"collection":[{"href":"https:\/\/partners-ltd.com\/ro\/wp-json\/wp\/v2\/product"}],"about":[{"href":"https:\/\/partners-ltd.com\/ro\/wp-json\/wp\/v2\/types\/product"}],"replies":[{"embeddable":true,"href":"https:\/\/partners-ltd.com\/ro\/wp-json\/wp\/v2\/comments?post=41038"}],"wp:featuredmedia":[{"embeddable":true,"href":"https:\/\/partners-ltd.com\/ro\/wp-json\/wp\/v2\/media\/27552"}],"wp:attachment":[{"href":"https:\/\/partners-ltd.com\/ro\/wp-json\/wp\/v2\/media?parent=41038"}],"wp:term":[{"taxonomy":"product_cat","embeddable":true,"href":"https:\/\/partners-ltd.com\/ro\/wp-json\/wp\/v2\/product_cat?post=41038"},{"taxonomy":"product_tag","embeddable":true,"href":"https:\/\/partners-ltd.com\/ro\/wp-json\/wp\/v2\/product_tag?post=41038"}],"curies":[{"name":"wp","href":"https:\/\/api.w.org\/{rel}","templated":true}]}}