{"id":41036,"date":"2022-03-17T11:50:08","date_gmt":"2022-03-17T09:50:08","guid":{"rendered":"https:\/\/partners-ltd.com\/magazin\/fara-categorie\/3m-dual-lock-sj3550-25-mm-x-1-m-banda-de-fixare-neagra\/"},"modified":"2025-06-20T09:05:55","modified_gmt":"2025-06-20T06:05:55","slug":"3m-dual-lock-sj3550-25-mm-x-1-m-banda-de-fixare-neagra","status":"publish","type":"product","link":"https:\/\/partners-ltd.com\/ro\/e-shop\/banda-dublu-adeziva-si-adezivi\/elemente-de-fixare-dual-lock\/3m-dual-lock-sj3550-25-mm-x-1-m-banda-de-fixare-neagra\/","title":{"rendered":"3M Dual Lock SJ3550 25 mm x 1 m \u2013 band\u0103 de fixare neagr\u0103"},"content":{"rendered":"<div class=\"wpb-content-wrapper\"><p>[vc_row css=&#8221;.vc_custom_1614340926172{margin-bottom: 30px !important;border-top-width: 1px !important;border-right-width: 1px !important;border-bottom-width: 1px !important;border-left-width: 1px !important;border-left-color: #d8d8d8 !important;border-left-style: solid !important;border-right-color: #d8d8d8 !important;border-right-style: solid !important;border-top-color: #d8d8d8 !important;border-top-style: solid !important;border-bottom-color: #d8d8d8 !important;border-bottom-style: solid !important;border-radius: 1px !important;}&#8221;][vc_column]<div id=\"ultimate-heading-700069e210b6b13ac\" class=\"uvc-heading ult-adjust-bottom-margin ultimate-heading-700069e210b6b13ac uvc-8190  uvc-heading-default-font-sizes\" data-hspacer=\"no_spacer\"  data-halign=\"left\" style=\"text-align:left\"><div class=\"uvc-heading-spacer no_spacer\" style=\"top\"><\/div><div class=\"uvc-main-heading ult-responsive\"  data-ultimate-target='.uvc-heading.ultimate-heading-700069e210b6b13ac h3'  data-responsive-json-new='{\"font-size\":\"\",\"line-height\":\"\"}' ><h3 style=\"--font-weight:theme;margin-bottom:30px;\">3M Dual Lock SJ3550 25 mm x 1 m \u2013 band\u0103 de fixare neagr\u0103<\/h3><\/div><\/div>[vc_column_text]<a class=\"dt-pswp-item\" href=\"https:\/\/partners-ltd.com\/wp-content\/uploads\/2022\/03\/3M-Dual-Lock-TB3550.gif\" data-dt-img-description=\"\" data-large_image_width=\"270\" data-large_image_height=\"270\"><img loading=\"lazy\" decoding=\"async\" class=\" wp-image-27695 alignleft\" src=\"https:\/\/partners-ltd.com\/wp-content\/uploads\/2022\/03\/3M-Dual-Lock-TB3550.gif\" alt=\"3M Dual Lock TB3550\" width=\"216\" height=\"216\" \/><\/a>Band\u0103 cu dou\u0103 fe\u021be de montaj-demontare Dual Lock SJ3550 &#8211; pe o parte este acoperit\u0103 cu adeziv transparent acrilat, iar pe cealalt\u0103 cu mii de bure\u021bi mici. Adezivul acrilat are o durabilitate excelent\u0103 \u00een aplica\u021bii care implic\u0103 temperaturi \u0219i umiditate ridicate. \u00cen plus, ader\u0103 cu mare rezisten\u021b\u0103 la materiale cu energie de suprafa\u021b\u0103 mare &#8211; lemn l\u0103cuit, metal, materiale plastice, sticl\u0103, ABS etc.<\/p>\n<p>Baza Dual Lock SJ3550, precum \u0219i bure\u021bii, sunt realizate din polipropilen\u0103 complet transparent\u0103. Densitatea distribu\u021biei bure\u021bilor determin\u0103 \u0219i for\u021ba de sarcin\u0103 pe care band\u0103 de fixare o poate suporta. Banda de montaj-demontare Dual Lock SJ3550 este proiectat\u0103 pentru sarcini mai mari, cu o densitate de 250 de bure\u021bi pe inch p\u0103trat, pentru p\u00e2n\u0103 la 1000 de cicluri de lucru. Flexibilitatea excelent\u0103 a 3M SJ3550 \u00eei permite s\u0103 absoarb\u0103 vibra\u021biile puternice.<\/p>\n<p>Benzile Dual Lock \u00eenlocuiesc cu succes metodele cunoscute de fixare, cum ar fi fermoarele, \u0219uruburile, clemele, c\u00e2rligele etc. Ele sunt o alternativ\u0103 excelent\u0103 datorit\u0103 aplic\u0103rii mai u\u0219oare \u0219i mai rapide, f\u0103r\u0103 g\u0103urire sau preg\u0103tiri speciale. Utilizatorul ob\u021bine o leg\u0103tur\u0103 complet curat\u0103 \u0219i neted\u0103.[\/vc_column_text][\/vc_column][\/vc_row][vc_row css=&#8221;.vc_custom_1614340946766{margin-bottom: 30px !important;border-top-width: 1px !important;border-right-width: 1px !important;border-bottom-width: 1px !important;border-left-width: 1px !important;border-left-color: #d8d8d8 !important;border-left-style: solid !important;border-right-color: #d8d8d8 !important;border-right-style: solid !important;border-top-color: #d8d8d8 !important;border-top-style: solid !important;border-bottom-color: #d8d8d8 !important;border-bottom-style: solid !important;border-radius: 1px !important;}&#8221;][vc_column]<div id=\"ultimate-heading-894469e210b6b13e8\" class=\"uvc-heading ult-adjust-bottom-margin ultimate-heading-894469e210b6b13e8 uvc-8399  uvc-heading-default-font-sizes\" data-hspacer=\"no_spacer\"  data-halign=\"left\" style=\"text-align:left\"><div class=\"uvc-heading-spacer no_spacer\" style=\"top\"><\/div><div class=\"uvc-main-heading ult-responsive\"  data-ultimate-target='.uvc-heading.ultimate-heading-894469e210b6b13e8 h3'  data-responsive-json-new='{\"font-size\":\"\",\"line-height\":\"\"}' ><h3 style=\"--font-weight:theme;margin-bottom:30px;\">Montaj \u0219i demontare pentru urm\u0103toarele materiale:<\/h3><\/div><\/div>[vc_row_inner][vc_column_inner width=&#8221;1\/2&#8243;]<div class=\"standard-arrow list-divider bullet-top\"><ul>\n<li>metal<\/li>\n<li>sticl\u0103<\/li>\n<li>lemn l\u0103cuit<\/li>\n<li>acril<\/li>\n<li>polistiren<\/li>\n<\/ul>\n<\/div>[\/vc_column_inner][vc_column_inner width=&#8221;1\/2&#8243;]<div class=\"standard-arrow list-divider bullet-top\"><ul>\n<li>policarbonat<\/li>\n<li>poliester<\/li>\n<li>nailon<\/li>\n<li>vinil<\/li>\n<li>altele<\/li>\n<\/ul>\n<\/div>[\/vc_column_inner][\/vc_row_inner][\/vc_column][\/vc_row][vc_row css=&#8221;.vc_custom_1614340946766{margin-bottom: 30px !important;border-top-width: 1px !important;border-right-width: 1px !important;border-bottom-width: 1px !important;border-left-width: 1px !important;border-left-color: #d8d8d8 !important;border-left-style: solid !important;border-right-color: #d8d8d8 !important;border-right-style: solid !important;border-top-color: #d8d8d8 !important;border-top-style: solid !important;border-bottom-color: #d8d8d8 !important;border-bottom-style: solid !important;border-radius: 1px !important;}&#8221;][vc_column]<div id=\"ultimate-heading-170469e210b6b1468\" class=\"uvc-heading ult-adjust-bottom-margin ultimate-heading-170469e210b6b1468 uvc-3374  uvc-heading-default-font-sizes\" data-hspacer=\"no_spacer\"  data-halign=\"left\" style=\"text-align:left\"><div class=\"uvc-heading-spacer no_spacer\" style=\"top\"><\/div><div class=\"uvc-main-heading ult-responsive\"  data-ultimate-target='.uvc-heading.ultimate-heading-170469e210b6b1468 h3'  data-responsive-json-new='{\"font-size\":\"\",\"line-height\":\"\"}' ><h3 style=\"--font-weight:theme;margin-bottom:30px;\">Aplica\u021bii:<\/h3><\/div><\/div>[vc_row_inner][vc_column_inner width=&#8221;1\/2&#8243;]<div class=\"standard-arrow list-divider bullet-top\"><ul>\n<li>Panouri desp\u0103r\u021bitoare \u00een birou<\/li>\n<li>Panouri acustice<\/li>\n<li>Panouri de acces la echipamente electrice, ascensoare<\/li>\n<li>Camere \u00een automobilele de testare ale poli\u021biei rutiere<\/li>\n<li>Semne promo\u021bionale pentru magazine<\/li>\n<li>Standuri pentru expozi\u021bii<\/li>\n<\/ul>\n<\/div>[\/vc_column_inner][vc_column_inner width=&#8221;1\/2&#8243;]<div class=\"standard-arrow list-divider bullet-top\"><ul>\n<li>Tavane auto<\/li>\n<li>Panouri solare flexibile<\/li>\n<li>Echipament medical suspendat<\/li>\n<li>Pardoseli<\/li>\n<li>Panouri decorative<\/li>\n<li>Iluminat<\/li>\n<\/ul>\n<\/div>[\/vc_column_inner][\/vc_row_inner][\/vc_column][\/vc_row][vc_row css=&#8221;.vc_custom_1646038538342{margin-bottom: 30px !important;border-top-width: 1px !important;border-right-width: 1px !important;border-bottom-width: 1px !important;border-left-width: 1px !important;border-left-color: #d8d8d8 !important;border-left-style: solid !important;border-right-color: #d8d8d8 !important;border-right-style: solid !important;border-top-color: #d8d8d8 !important;border-top-style: solid !important;border-bottom-color: #d8d8d8 !important;border-bottom-style: solid !important;border-radius: 1px !important;}&#8221;][vc_column css=&#8221;.vc_custom_1646038433563{margin-top: 0px !important;margin-right: 0px !important;margin-bottom: 0px !important;margin-left: 0px !important;border-top-width: 0px !important;border-right-width: 0px !important;border-bottom-width: 0px !important;border-left-width: 0px !important;border-left-color: #d8d8d8 !important;border-left-style: solid !important;border-right-color: #d8d8d8 !important;border-right-style: solid !important;border-top-color: #d8d8d8 !important;border-top-style: solid !important;border-bottom-color: #d8d8d8 !important;border-bottom-style: solid !important;border-radius: 1px !important;}&#8221;]<div id=\"ultimate-heading-72869e210b6b14c2\" class=\"uvc-heading ult-adjust-bottom-margin ultimate-heading-72869e210b6b14c2 uvc-2272  uvc-heading-default-font-sizes\" data-hspacer=\"no_spacer\"  data-halign=\"left\" style=\"text-align:left\"><div class=\"uvc-heading-spacer no_spacer\" style=\"top\"><\/div><div class=\"uvc-main-heading ult-responsive\"  data-ultimate-target='.uvc-heading.ultimate-heading-72869e210b6b14c2 h3'  data-responsive-json-new='{\"font-size\":\"\",\"line-height\":\"\"}' ><h3 style=\"--font-weight:theme;margin-bottom:20px;\">Tehnica de montare 3M Dual Lock SJ3560:<\/h3><\/div><\/div>[vc_column_text]<strong>\u00cenainte de a monta banda, cur\u0103\u021ba\u021bi bine suprafe\u021bele \u0219i usca\u021bi-le.<\/strong><\/p>\n<ol>\n<li>Ata\u0219a\u021bi \u00eempreun\u0103 cele dou\u0103 buc\u0103\u021bi de band\u0103 de fixare Dual Lock.<\/li>\n<li>Dezlipi\u021bi protectorul de pe una dintre buc\u0103\u021bile de band\u0103.<\/li>\n<li>Lipi\u021bi-l pe suprafa\u021ba care trebuie s\u0103 fie unit\u0103.<\/li>\n<li>Dezlipi\u021bi protectorul de pe a doua bucat\u0103 de band\u0103 de fixare.<\/li>\n<li>Fixeaz\u0103 produsul pe care dori\u021bi s\u0103-l monta\u021bi, apoi ap\u0103sa\u021bi-l scurt pentru a se lipi.<\/li>\n<\/ol>\n<p>[\/vc_column_text][\/vc_column][\/vc_row][vc_row css=&#8221;.vc_custom_1614340974723{border-top-width: 1px !important;border-right-width: 1px !important;border-bottom-width: 1px !important;border-left-width: 1px !important;border-left-color: #d8d8d8 !important;border-left-style: solid !important;border-right-color: #d8d8d8 !important;border-right-style: solid !important;border-top-color: #d8d8d8 !important;border-top-style: solid !important;border-bottom-color: #d8d8d8 !important;border-bottom-style: solid !important;border-radius: 1px !important;}&#8221;][vc_column]<div id=\"ultimate-heading-513669e210b6b14db\" class=\"uvc-heading ult-adjust-bottom-margin ultimate-heading-513669e210b6b14db uvc-542  uvc-heading-default-font-sizes\" data-hspacer=\"no_spacer\"  data-halign=\"left\" style=\"text-align:left\"><div class=\"uvc-heading-spacer no_spacer\" style=\"top\"><\/div><div class=\"uvc-main-heading ult-responsive\"  data-ultimate-target='.uvc-heading.ultimate-heading-513669e210b6b14db h3'  data-responsive-json-new='{\"font-size\":\"\",\"line-height\":\"\"}' ><h3 style=\"--font-weight:theme;\">Documente:<\/h3><\/div><\/div>[vc_empty_space][vc_row_inner css=&#8221;.vc_custom_1615980091033{margin-bottom: 30px !important;}&#8221;][vc_column_inner width=&#8221;1\/4&#8243;][vc_column_text]Buletin[\/vc_column_text][vc_single_image image=&#8221;27652&#8243; onclick=&#8221;custom_link&#8221; img_link_target=&#8221;_blank&#8221; link=&#8221;\/wp-content\/uploads\/2022\/02\/3M-Dual-Lock-Brochure.pdf&#8221;]<style type=\"text\/css\" data-type=\"the7_shortcodes-inline-css\">#default-btn-70403b9ee01adb5a9e387ccc9baf64a7.ico-right-side > i {\n  margin-right: 0px;\n  margin-left: 8px;\n}\n#default-btn-70403b9ee01adb5a9e387ccc9baf64a7 > i {\n  margin-right: 8px;\n}\n<\/style><a href=\"\/wp-content\/uploads\/2022\/02\/3M-Dual-Lock-Brochure.pdf\" class=\"default-btn-shortcode dt-btn dt-btn-s link-hover-off btn-inline-left \" target=\"_blank\" id=\"default-btn-70403b9ee01adb5a9e387ccc9baf64a7\" rel=\"noopener\"><span>Descarc\u0103 PDF<\/span><\/a>[\/vc_column_inner][vc_column_inner width=&#8221;1\/4&#8243;][vc_column_text]Demo[\/vc_column_text][vc_single_image image=&#8221;27661&#8243; onclick=&#8221;custom_link&#8221; img_link_target=&#8221;_blank&#8221; link=&#8221;\/wp-content\/uploads\/2022\/02\/3M-Fastening-Family-Brochure-HiRes.pdf&#8221;]<style type=\"text\/css\" data-type=\"the7_shortcodes-inline-css\">#default-btn-f6269d8a6e3ba5461b0afed134e0a0b3.ico-right-side > i {\n  margin-right: 0px;\n  margin-left: 8px;\n}\n#default-btn-f6269d8a6e3ba5461b0afed134e0a0b3 > i {\n  margin-right: 8px;\n}\n<\/style><a href=\"\/wp-content\/uploads\/2022\/02\/3M-Fastening-Family-Brochure-HiRes.pdf\" class=\"default-btn-shortcode dt-btn dt-btn-s link-hover-off btn-inline-left \" target=\"_blank\" id=\"default-btn-f6269d8a6e3ba5461b0afed134e0a0b3\" rel=\"noopener\"><span>Descarc\u0103 PDF<\/span><\/a>[\/vc_column_inner][vc_column_inner width=&#8221;1\/4&#8243;][\/vc_column_inner][vc_column_inner width=&#8221;1\/4&#8243;][\/vc_column_inner][\/vc_row_inner][\/vc_column][\/vc_row]<\/p>\n<\/div>","protected":false},"excerpt":{"rendered":"<p>Banda de fixare Dual Lock 3M SJ3550 este o band\u0103 dublu fa\u021b\u0103 pentru montaj \u0219i demontare repetat\u0103. Ader\u0103 cu mare rezisten\u021b\u0103 la materiale cu energie de suprafa\u021b\u0103 mare &#8211; metal, materiale plastice, acril, aluminiu etc.<\/p>\n<div id=\"ultimate-heading-6073622129f739d84\" class=\"uvc-heading ult-adjust-bottom-margin ultimate-heading-6073622129f739d84 uvc-8413 \" data-hspacer=\"no_spacer\" data-halign=\"left\">\n<div class=\"uvc-heading-spacer no_spacer\"><\/div>\n<div class=\"uvc-main-heading ult-responsive\" data-ultimate-target=\".uvc-heading.ultimate-heading-6073622129f739d84 h2\" data-responsive-json-new=\"{&quot;font-size&quot;:&quot;desktop:18px;&quot;,&quot;line-height&quot;:&quot;desktop:25px;&quot;}\"><\/div>\n<\/div>\n","protected":false},"featured_media":27703,"comment_status":"open","ping_status":"closed","template":"","meta":[],"product_cat":[1855,2671],"product_tag":[],"_links":{"self":[{"href":"https:\/\/partners-ltd.com\/ro\/wp-json\/wp\/v2\/product\/41036"}],"collection":[{"href":"https:\/\/partners-ltd.com\/ro\/wp-json\/wp\/v2\/product"}],"about":[{"href":"https:\/\/partners-ltd.com\/ro\/wp-json\/wp\/v2\/types\/product"}],"replies":[{"embeddable":true,"href":"https:\/\/partners-ltd.com\/ro\/wp-json\/wp\/v2\/comments?post=41036"}],"wp:featuredmedia":[{"embeddable":true,"href":"https:\/\/partners-ltd.com\/ro\/wp-json\/wp\/v2\/media\/27703"}],"wp:attachment":[{"href":"https:\/\/partners-ltd.com\/ro\/wp-json\/wp\/v2\/media?parent=41036"}],"wp:term":[{"taxonomy":"product_cat","embeddable":true,"href":"https:\/\/partners-ltd.com\/ro\/wp-json\/wp\/v2\/product_cat?post=41036"},{"taxonomy":"product_tag","embeddable":true,"href":"https:\/\/partners-ltd.com\/ro\/wp-json\/wp\/v2\/product_tag?post=41036"}],"curies":[{"name":"wp","href":"https:\/\/api.w.org\/{rel}","templated":true}]}}