{"id":41028,"date":"2022-03-17T13:10:22","date_gmt":"2022-03-17T11:10:22","guid":{"rendered":"https:\/\/partners-ltd.com\/magazin\/fara-categorie\/3m-safety-stripe-tape-5702-banda-de-marcare-galben-negru-50-mm-x-33-m\/"},"modified":"2025-06-19T16:10:54","modified_gmt":"2025-06-19T13:10:54","slug":"3m-safety-stripe-tape-5702-banda-de-marcare-galben-negru-50-mm-x-33-m","status":"publish","type":"product","link":"https:\/\/partners-ltd.com\/ro\/e-shop\/banda-dublu-adeziva-si-adezivi\/benzi-specializate\/3m-safety-stripe-tape-5702-banda-de-marcare-galben-negru-50-mm-x-33-m\/","title":{"rendered":"3M Safety Stripe Tape 5702 \u2013 band\u0103 de marcare galben-negru, 50 mm x 33 m"},"content":{"rendered":"<div class=\"wpb-content-wrapper\"><p>[vc_row css=&#8221;.vc_custom_1614340926172{margin-bottom: 30px !important;border-top-width: 1px !important;border-right-width: 1px !important;border-bottom-width: 1px !important;border-left-width: 1px !important;border-left-color: #d8d8d8 !important;border-left-style: solid !important;border-right-color: #d8d8d8 !important;border-right-style: solid !important;border-top-color: #d8d8d8 !important;border-top-style: solid !important;border-bottom-color: #d8d8d8 !important;border-bottom-style: solid !important;border-radius: 1px !important;}&#8221;][vc_column]<div id=\"ultimate-heading-873069d7320baff6b\" class=\"uvc-heading ult-adjust-bottom-margin ultimate-heading-873069d7320baff6b uvc-6522  uvc-heading-default-font-sizes\" data-hspacer=\"no_spacer\"  data-halign=\"left\" style=\"text-align:left\"><div class=\"uvc-heading-spacer no_spacer\" style=\"top\"><\/div><div class=\"uvc-main-heading ult-responsive\"  data-ultimate-target='.uvc-heading.ultimate-heading-873069d7320baff6b h3'  data-responsive-json-new='{\"font-size\":\"\",\"line-height\":\"\"}' ><h3 style=\"--font-weight:theme;margin-bottom:20px;\">3M Safety Stripe Tape 5702 \u2013 band\u0103 de marcare semnalizatoare, galben-negru<\/h3><\/div><\/div>[vc_column_text]<a class=\"dt-pswp-item\" href=\"https:\/\/partners-ltd.com\/wp-content\/uploads\/2022\/02\/3M-Safety-Stripe-Tape-5702-\u2013-\u0441\u0438\u0433\u043d\u0430\u043b\u043d\u0430-\u043c\u0430\u0440\u043a\u0438\u0440\u0430\u0449\u0430-\u043b\u0435\u043d\u0442\u0430-\u0436\u044a\u043b\u0442\u043e-\u0447\u0435\u0440\u043d\u0430-\u043f\u0440\u0438\u043b\u043e\u0436\u0435\u043d\u0438\u044f.jpg\" data-dt-img-description=\"\" data-large_image_width=\"320\" data-large_image_height=\"238\"><img loading=\"lazy\" decoding=\"async\" class=\"wp-image-27576 alignleft\" src=\"https:\/\/partners-ltd.com\/wp-content\/uploads\/2022\/02\/3M-Safety-Stripe-Tape-5702-\u2013-\u0441\u0438\u0433\u043d\u0430\u043b\u043d\u0430-\u043c\u0430\u0440\u043a\u0438\u0440\u0430\u0449\u0430-\u043b\u0435\u043d\u0442\u0430-\u0436\u044a\u043b\u0442\u043e-\u0447\u0435\u0440\u043d\u0430-\u043f\u0440\u0438\u043b\u043e\u0436\u0435\u043d\u0438\u044f.jpg\" alt=\"3M Safety Stripe Tape 5702 \u2013 band\u0103 de marcare semnalizatoare galben-negru - aplica\u021bii\" width=\"251\" height=\"187\" srcset=\"https:\/\/partners-ltd.com\/wp-content\/uploads\/2022\/02\/3M-Safety-Stripe-Tape-5702-\u2013-\u0441\u0438\u0433\u043d\u0430\u043b\u043d\u0430-\u043c\u0430\u0440\u043a\u0438\u0440\u0430\u0449\u0430-\u043b\u0435\u043d\u0442\u0430-\u0436\u044a\u043b\u0442\u043e-\u0447\u0435\u0440\u043d\u0430-\u043f\u0440\u0438\u043b\u043e\u0436\u0435\u043d\u0438\u044f.jpg 320w, https:\/\/partners-ltd.com\/wp-content\/uploads\/2022\/02\/3M-Safety-Stripe-Tape-5702-\u2013-\u0441\u0438\u0433\u043d\u0430\u043b\u043d\u0430-\u043c\u0430\u0440\u043a\u0438\u0440\u0430\u0449\u0430-\u043b\u0435\u043d\u0442\u0430-\u0436\u044a\u043b\u0442\u043e-\u0447\u0435\u0440\u043d\u0430-\u043f\u0440\u0438\u043b\u043e\u0436\u0435\u043d\u0438\u044f-300x223.jpg 300w\" sizes=\"(max-width: 251px) 100vw, 251px\" \/><\/a>3M 5702 band\u0103 de marcare semnalizatoare galben-negru este creat\u0103 pentru indicarea clar\u0103 a spa\u021biilor periculoase, c\u0103ilor \u0219i echipamentelor \u00een hale, fabrici, locuri publice, spitale, s\u0103li de sport. Asigur\u0103 o vizibilitate excelent\u0103 pe termen lung a zonelor \u0219i obiectelor marcate. Culoarea este integrat\u0103 \u00een baza benzii, av\u00e2nd un strat PVC rezistent deasupra, care protejeaz\u0103 \u00eempotriva decolor\u0103rii \u0219i zg\u00e2riere \u00een utilizarea \u00eendelungat\u0103. Benzile de marcare 3M sunt o alegere excelent\u0103 pentru securizarea spa\u021biilor, fiind pe deplin conforme cu sistemul 5S.<\/p>\n<p>Datorit\u0103 adezivului de cauciuc de \u00eenalt\u0103 calitate, band\u0103 de marcare galben-negru ader\u0103 rapid \u0219i ferm la diverse materiale. Band\u0103 bicolor\u0103 pentru marcaj orizontal \u0219i vertical 3M 5702 Safety Stripe Tape este extrem de extensibil\u0103 \u0219i adaptabil\u0103. Ader\u0103 perfect la suprafe\u021be rugoase, forme complexe \u0219i neregulate, f\u0103r\u0103 a se ridica. Se aplic\u0103 u\u0219or \u0219i rapid cu ajutorul aplicatorului manual 3M Lane Marking Applicator M1.<\/p>\n<p>Intervalul de temperatur\u0103 al benzii \u2013 \u00eentre 4\u00b0C \u0219i 77\u00b0C.[\/vc_column_text][\/vc_column][\/vc_row][vc_row css=&#8221;.vc_custom_1614340946766{margin-bottom: 30px !important;border-top-width: 1px !important;border-right-width: 1px !important;border-bottom-width: 1px !important;border-left-width: 1px !important;border-left-color: #d8d8d8 !important;border-left-style: solid !important;border-right-color: #d8d8d8 !important;border-right-style: solid !important;border-top-color: #d8d8d8 !important;border-top-style: solid !important;border-bottom-color: #d8d8d8 !important;border-bottom-style: solid !important;border-radius: 1px !important;}&#8221;][vc_column]<div id=\"ultimate-heading-755469d7320baffa9\" class=\"uvc-heading ult-adjust-bottom-margin ultimate-heading-755469d7320baffa9 uvc-7390  uvc-heading-default-font-sizes\" data-hspacer=\"no_spacer\"  data-halign=\"left\" style=\"text-align:left\"><div class=\"uvc-heading-spacer no_spacer\" style=\"top\"><\/div><div class=\"uvc-main-heading ult-responsive\"  data-ultimate-target='.uvc-heading.ultimate-heading-755469d7320baffa9 h3'  data-responsive-json-new='{\"font-size\":\"\",\"line-height\":\"\"}' ><h3 style=\"--font-weight:theme;margin-bottom:20px;\">Avantaje:<\/h3><\/div><\/div>[vc_row_inner][vc_column_inner width=&#8221;1\/2&#8243;]<div class=\"standard-arrow list-divider bullet-top\"><ul>\n<li>culori rezistente, integrate \u00een structura benzii<\/li>\n<li>excelent\u0103 rezisten\u021b\u0103 la solven\u021bi<\/li>\n<li>rezisten\u021b\u0103 ridicat\u0103 la uzur\u0103 \u00een utilizarea \u00eendelungat\u0103<\/li>\n<li>lipire puternic\u0103 \u0219i durabil\u0103 pe o gam\u0103 larg\u0103 de materiale<\/li>\n<li>foarte flexibile \u0219i elastice<\/li>\n<\/ul>\n<\/div>[\/vc_column_inner][vc_column_inner width=&#8221;1\/2&#8243;]<div class=\"standard-arrow list-divider bullet-top\"><ul>\n<li>se adapteaz\u0103 perfect la forme complexe \u0219i denivel\u0103ri<\/li>\n<li>aplicare u\u0219oar\u0103 \u0219i convenabil\u0103<\/li>\n<li>\u00eendep\u0103rtare f\u0103r\u0103 probleme, f\u0103r\u0103 urme de adeziv<\/li>\n<li>vizibilitate clar\u0103 a obiectelor<\/li>\n<\/ul>\n<\/div>[\/vc_column_inner][\/vc_row_inner][\/vc_column][\/vc_row][vc_row css=&#8221;.vc_custom_1614340946766{margin-bottom: 30px !important;border-top-width: 1px !important;border-right-width: 1px !important;border-bottom-width: 1px !important;border-left-width: 1px !important;border-left-color: #d8d8d8 !important;border-left-style: solid !important;border-right-color: #d8d8d8 !important;border-right-style: solid !important;border-top-color: #d8d8d8 !important;border-top-style: solid !important;border-bottom-color: #d8d8d8 !important;border-bottom-style: solid !important;border-radius: 1px !important;}&#8221;][vc_column]<div id=\"ultimate-heading-12669d7320bb0037\" class=\"uvc-heading ult-adjust-bottom-margin ultimate-heading-12669d7320bb0037 uvc-243  uvc-heading-default-font-sizes\" data-hspacer=\"no_spacer\"  data-halign=\"left\" style=\"text-align:left\"><div class=\"uvc-heading-spacer no_spacer\" style=\"top\"><\/div><div class=\"uvc-main-heading ult-responsive\"  data-ultimate-target='.uvc-heading.ultimate-heading-12669d7320bb0037 h3'  data-responsive-json-new='{\"font-size\":\"\",\"line-height\":\"\"}' ><h3 style=\"--font-weight:theme;margin-bottom:20px;\">Ader\u0103 pe:<\/h3><\/div><\/div>[vc_row_inner][vc_column_inner width=&#8221;1\/2&#8243;]<div class=\"standard-arrow list-divider bullet-top\"><ul>\n<li>metal<\/li>\n<li>sticl\u0103<\/li>\n<li>Materiale LSE<\/li>\n<li>pl\u0103ci<\/li>\n<\/ul>\n<\/div>[\/vc_column_inner][vc_column_inner width=&#8221;1\/2&#8243;]<div class=\"standard-arrow list-divider bullet-top\"><ul>\n<li>plastice<\/li>\n<li>materiale compozite<\/li>\n<li>lemn l\u0103cuit<\/li>\n<li>suprafe\u021be vopsite<\/li>\n<\/ul>\n<\/div>[\/vc_column_inner][\/vc_row_inner][\/vc_column][\/vc_row][vc_row css=&#8221;.vc_custom_1614340946766{margin-bottom: 30px !important;border-top-width: 1px !important;border-right-width: 1px !important;border-bottom-width: 1px !important;border-left-width: 1px !important;border-left-color: #d8d8d8 !important;border-left-style: solid !important;border-right-color: #d8d8d8 !important;border-right-style: solid !important;border-top-color: #d8d8d8 !important;border-top-style: solid !important;border-bottom-color: #d8d8d8 !important;border-bottom-style: solid !important;border-radius: 1px !important;}&#8221;][vc_column]<div id=\"ultimate-heading-32469d7320bb0095\" class=\"uvc-heading ult-adjust-bottom-margin ultimate-heading-32469d7320bb0095 uvc-4264  uvc-heading-default-font-sizes\" data-hspacer=\"no_spacer\"  data-halign=\"left\" style=\"text-align:left\"><div class=\"uvc-heading-spacer no_spacer\" style=\"top\"><\/div><div class=\"uvc-main-heading ult-responsive\"  data-ultimate-target='.uvc-heading.ultimate-heading-32469d7320bb0095 h3'  data-responsive-json-new='{\"font-size\":\"\",\"line-height\":\"\"}' ><h3 style=\"--font-weight:theme;margin-bottom:20px;\">Aplica\u021bii:<\/h3><\/div><\/div>[vc_row_inner][vc_column_inner width=&#8221;1\/2&#8243;]<div class=\"standard-arrow list-divider bullet-top\"><ul>\n<li>pentru marcajul podelei<\/li>\n<li>pentru indicarea treptelor<\/li>\n<li>pentru marcarea zonelor periculoase<\/li>\n<\/ul>\n<\/div>[\/vc_column_inner][vc_column_inner width=&#8221;1\/2&#8243;]<div class=\"standard-arrow list-divider bullet-top\"><ul>\n<li>pentru marcarea echipamentelor proeminente<\/li>\n<li>pentru marcarea obiectelor suspendate la joas\u0103 \u00een\u0103l\u021bime<\/li>\n<li>pentru marcarea benzilor de circula\u021bie \u0219i de mers<\/li>\n<\/ul>\n<\/div>[\/vc_column_inner][\/vc_row_inner][\/vc_column][\/vc_row][vc_row css=&#8221;.vc_custom_1614340974723{border-top-width: 1px !important;border-right-width: 1px !important;border-bottom-width: 1px !important;border-left-width: 1px !important;border-left-color: #d8d8d8 !important;border-left-style: solid !important;border-right-color: #d8d8d8 !important;border-right-style: solid !important;border-top-color: #d8d8d8 !important;border-top-style: solid !important;border-bottom-color: #d8d8d8 !important;border-bottom-style: solid !important;border-radius: 1px !important;}&#8221;][vc_column]<div id=\"ultimate-heading-691469d7320bb00eb\" class=\"uvc-heading ult-adjust-bottom-margin ultimate-heading-691469d7320bb00eb uvc-1417  uvc-heading-default-font-sizes\" data-hspacer=\"no_spacer\"  data-halign=\"left\" style=\"text-align:left\"><div class=\"uvc-heading-spacer no_spacer\" style=\"top\"><\/div><div class=\"uvc-main-heading ult-responsive\"  data-ultimate-target='.uvc-heading.ultimate-heading-691469d7320bb00eb h3'  data-responsive-json-new='{\"font-size\":\"\",\"line-height\":\"\"}' ><h3 style=\"--font-weight:theme;margin-bottom:20px;\">Documente:<\/h3><\/div><\/div>[vc_row_inner css=&#8221;.vc_custom_1615980091033{margin-bottom: 30px !important;}&#8221;][vc_column_inner width=&#8221;1\/3&#8243;][vc_column_text]Caracteristici tehnice:[\/vc_column_text][vc_single_image image=&#8221;27581&#8243; onclick=&#8221;custom_link&#8221; img_link_target=&#8221;_blank&#8221; link=&#8221;\/wp-content\/uploads\/2022\/02\/3M-Floor-Markings-471-5702-5700.pdf&#8221;]<style type=\"text\/css\" data-type=\"the7_shortcodes-inline-css\">#default-btn-04d57eb8b593eb55a460a96836ff3ef7.ico-right-side > i {\n  margin-right: 0px;\n  margin-left: 8px;\n}\n#default-btn-04d57eb8b593eb55a460a96836ff3ef7 > i {\n  margin-right: 8px;\n}\n<\/style><a href=\"\/wp-content\/uploads\/2022\/02\/3M-Floor-Markings-471-5702-5700.pdf\" class=\"default-btn-shortcode dt-btn dt-btn-s link-hover-off btn-inline-left \" target=\"_blank\" id=\"default-btn-04d57eb8b593eb55a460a96836ff3ef7\" rel=\"noopener\"><span>Descarc\u0103 PDF<\/span><\/a>[\/vc_column_inner][vc_column_inner width=&#8221;1\/3&#8243;][vc_column_text]Bro\u0219ur\u0103:[\/vc_column_text][vc_single_image image=&#8221;27507&#8243; onclick=&#8221;custom_link&#8221; img_link_target=&#8221;_blank&#8221; link=&#8221;\/wp-content\/uploads\/2022\/02\/Industrial-Floor-Marking-Catalogue.pdf&#8221;]<style type=\"text\/css\" data-type=\"the7_shortcodes-inline-css\">#default-btn-dcf4cedd33dc54fbbb49223f1ca4ffae.ico-right-side > i {\n  margin-right: 0px;\n  margin-left: 8px;\n}\n#default-btn-dcf4cedd33dc54fbbb49223f1ca4ffae > i {\n  margin-right: 8px;\n}\n<\/style><a href=\"\/wp-content\/uploads\/2022\/02\/Industrial-Floor-Marking-Catalogue.pdf\" class=\"default-btn-shortcode dt-btn dt-btn-s link-hover-off btn-inline-left \" target=\"_blank\" id=\"default-btn-dcf4cedd33dc54fbbb49223f1ca4ffae\" rel=\"noopener\"><span>Descarc\u0103 PDF<\/span><\/a>[\/vc_column_inner][vc_column_inner width=&#8221;1\/3&#8243;][\/vc_column_inner][\/vc_row_inner][\/vc_column][\/vc_row]<\/p>\n<\/div>","protected":false},"excerpt":{"rendered":"<div class=\"woocommerce-product-details__short-description\">\n<p>Band\u0103 PVC galben-negru rezistent\u0103 pentru marcarea zonelor periculoase. Potrivit\u0103 pentru marcarea orizontal\u0103 \u0219i vertical\u0103: pentru podea, pere\u021bi, securizarea echipamentelor \u00een fabrici \u0219i depozite.<\/p>\n<\/div>\n","protected":false},"featured_media":27587,"comment_status":"open","ping_status":"closed","template":"","meta":[],"product_cat":[1855,2672],"product_tag":[],"_links":{"self":[{"href":"https:\/\/partners-ltd.com\/ro\/wp-json\/wp\/v2\/product\/41028"}],"collection":[{"href":"https:\/\/partners-ltd.com\/ro\/wp-json\/wp\/v2\/product"}],"about":[{"href":"https:\/\/partners-ltd.com\/ro\/wp-json\/wp\/v2\/types\/product"}],"replies":[{"embeddable":true,"href":"https:\/\/partners-ltd.com\/ro\/wp-json\/wp\/v2\/comments?post=41028"}],"wp:featuredmedia":[{"embeddable":true,"href":"https:\/\/partners-ltd.com\/ro\/wp-json\/wp\/v2\/media\/27587"}],"wp:attachment":[{"href":"https:\/\/partners-ltd.com\/ro\/wp-json\/wp\/v2\/media?parent=41028"}],"wp:term":[{"taxonomy":"product_cat","embeddable":true,"href":"https:\/\/partners-ltd.com\/ro\/wp-json\/wp\/v2\/product_cat?post=41028"},{"taxonomy":"product_tag","embeddable":true,"href":"https:\/\/partners-ltd.com\/ro\/wp-json\/wp\/v2\/product_tag?post=41028"}],"curies":[{"name":"wp","href":"https:\/\/api.w.org\/{rel}","templated":true}]}}