{"id":41027,"date":"2022-03-17T12:40:14","date_gmt":"2022-03-17T10:40:14","guid":{"rendered":"https:\/\/partners-ltd.com\/magazin\/fara-categorie\/3m-ultra-durable-floor-tapes-971-banda-de-marcare-durabila-pentru-podea-alba\/"},"modified":"2025-06-19T16:24:09","modified_gmt":"2025-06-19T13:24:09","slug":"3m-ultra-durable-floor-tapes-971-banda-de-marcare-durabila-pentru-podea-alba","status":"publish","type":"product","link":"https:\/\/partners-ltd.com\/ro\/e-shop\/banda-dublu-adeziva-si-adezivi\/benzi-specializate\/3m-ultra-durable-floor-tapes-971-banda-de-marcare-durabila-pentru-podea-alba\/","title":{"rendered":"3M Ultra Durable floor tapes 971 \u2013 band\u0103 de marcare durabil\u0103 pentru podea, alb\u0103"},"content":{"rendered":"<div class=\"wpb-content-wrapper\"><p>[vc_row css=&#8221;.vc_custom_1614340926172{margin-bottom: 30px !important;border-top-width: 1px !important;border-right-width: 1px !important;border-bottom-width: 1px !important;border-left-width: 1px !important;border-left-color: #d8d8d8 !important;border-left-style: solid !important;border-right-color: #d8d8d8 !important;border-right-style: solid !important;border-top-color: #d8d8d8 !important;border-top-style: solid !important;border-bottom-color: #d8d8d8 !important;border-bottom-style: solid !important;border-radius: 1px !important;}&#8221;][vc_column]<div id=\"ultimate-heading-953569d5b3b01f10d\" class=\"uvc-heading ult-adjust-bottom-margin ultimate-heading-953569d5b3b01f10d uvc-9526  uvc-heading-default-font-sizes\" data-hspacer=\"no_spacer\"  data-halign=\"left\" style=\"text-align:left\"><div class=\"uvc-heading-spacer no_spacer\" style=\"top\"><\/div><div class=\"uvc-main-heading ult-responsive\"  data-ultimate-target='.uvc-heading.ultimate-heading-953569d5b3b01f10d h3'  data-responsive-json-new='{\"font-size\":\"\",\"line-height\":\"\"}' ><h3 style=\"--font-weight:theme;margin-bottom:20px;\">3M Ultra Durable floor tapes 971 \u2013 band\u0103 de marcare durabil\u0103 pentru podea, alb\u0103<\/h3><\/div><\/div>[vc_column_text]<a class=\"dt-pswp-item\" href=\"https:\/\/partners-ltd.com\/wp-content\/uploads\/2022\/02\/3M_971-marking-tapes-\u043f\u0440\u0438\u043b\u043e\u0436\u0435\u043d\u0438\u0435.png\" data-dt-img-description=\"\" data-large_image_width=\"289\" data-large_image_height=\"180\"><img loading=\"lazy\" decoding=\"async\" class=\"wp-image-27622 alignleft\" src=\"https:\/\/partners-ltd.com\/wp-content\/uploads\/2022\/02\/3M_971-marking-tapes-\u043f\u0440\u0438\u043b\u043e\u0436\u0435\u043d\u0438\u0435.png\" alt=\"3M 971 marking tapes - aplica\u021bie\" width=\"238\" height=\"148\" \/><\/a>Band\u0103 de marcare semnalizatoare, rezistent\u0103 la uzur\u0103, pentru marcarea podelei \u00een diferite baze de produc\u021bie, s\u0103li de sport, hale, spitale \u0219i alte \u00eenc\u0103peri. 3M Tape 971 sunt un tip de marcaj industrial, special creat pentru marcarea \u00eenc\u0103perilor supuse la sarcin\u0103 mare, trafic pietonal, precum \u0219i alunecarea pale\u021bilor \u0219i mi\u0219carea motostivuitoarelor.<\/p>\n<p>Acesta este cel mai rezistent tip de band\u0103 pentru marcaj colorat din categoria sa. Spre deosebire de alte benzi similare, cele de la 3M ofer\u0103 calitate \u0219i durabilitate ridicat\u0103 zonelor \u0219i \u00eenc\u0103perilor marcate, cu scopul unei mai bune organiz\u0103ri \u00een timpul procesului de lucru.<\/p>\n<p>3M tape 971 sunt disponibile \u00een culori: alb, galben, verde, portocaliu, albastru \u0219i ro\u0219u, fiind conforme cu metodologia sistemului 5S pentru organizarea procesului de lucru.<\/p>\n<p>\u00cen cazul \u00een care dori\u021bi s\u0103 schimba\u021bi vechea marcaj\u0103 de podea dup\u0103 un timp, acest lucru se poate face cu u\u0219urin\u021b\u0103 \u0219i f\u0103r\u0103 urme nepl\u0103cute de adeziv sau band\u0103.\u00a0Produsul 3M tape 971 este creat pentru a fi u\u0219or de \u00eendep\u0103rtat, pentru a facilita montajul \u0219i demontarea, dar acest lucru nu afecteaz\u0103 rezisten\u021ba lipirii odat\u0103 ce procesul este finalizat.\u00a0Suportul dens PLA asigur\u0103 o mare parte din rezisten\u021ba benzii, prevenind r\u0103sucirea \u0219i ridicarea marginilor benzii.[\/vc_column_text][\/vc_column][\/vc_row][vc_row css=&#8221;.vc_custom_1614340946766{margin-bottom: 30px !important;border-top-width: 1px !important;border-right-width: 1px !important;border-bottom-width: 1px !important;border-left-width: 1px !important;border-left-color: #d8d8d8 !important;border-left-style: solid !important;border-right-color: #d8d8d8 !important;border-right-style: solid !important;border-top-color: #d8d8d8 !important;border-top-style: solid !important;border-bottom-color: #d8d8d8 !important;border-bottom-style: solid !important;border-radius: 1px !important;}&#8221;][vc_column]<div id=\"ultimate-heading-112169d5b3b01f151\" class=\"uvc-heading ult-adjust-bottom-margin ultimate-heading-112169d5b3b01f151 uvc-4287  uvc-heading-default-font-sizes\" data-hspacer=\"no_spacer\"  data-halign=\"left\" style=\"text-align:left\"><div class=\"uvc-heading-spacer no_spacer\" style=\"top\"><\/div><div class=\"uvc-main-heading ult-responsive\"  data-ultimate-target='.uvc-heading.ultimate-heading-112169d5b3b01f151 h3'  data-responsive-json-new='{\"font-size\":\"\",\"line-height\":\"\"}' ><h3 style=\"--font-weight:theme;margin-bottom:20px;\">Avantaje:<\/h3><\/div><\/div>[vc_row_inner][vc_column_inner width=&#8221;1\/2&#8243;]<div class=\"standard-arrow list-divider bullet-top\"><ul>\n<li>elasticitate ridicat\u0103 pentru aplicare pe forme diverse, f\u0103r\u0103 ridicare<\/li>\n<li>\u00eendep\u0103rtare u\u0219oar\u0103, f\u0103r\u0103 urme de adeziv<\/li>\n<li>rezisten\u021b\u0103 ridicat\u0103 la zg\u00e2riere<\/li>\n<li>band\u0103 rezistent\u0103 la uzur\u0103<\/li>\n<\/ul>\n<\/div>[\/vc_column_inner][vc_column_inner width=&#8221;1\/2&#8243;]<div class=\"standard-arrow list-divider bullet-top\"><ul>\n<li>durabilitate excelent\u0103 la tratarea cu solven\u021bi<\/li>\n<li>culori vii diverse pentru aplica\u021bii diferite<\/li>\n<li>rezisten\u021b\u0103 la lipire pe diferite suprafe\u021be<\/li>\n<\/ul>\n<\/div>[\/vc_column_inner][\/vc_row_inner][\/vc_column][\/vc_row][vc_row css=&#8221;.vc_custom_1614340946766{margin-bottom: 30px !important;border-top-width: 1px !important;border-right-width: 1px !important;border-bottom-width: 1px !important;border-left-width: 1px !important;border-left-color: #d8d8d8 !important;border-left-style: solid !important;border-right-color: #d8d8d8 !important;border-right-style: solid !important;border-top-color: #d8d8d8 !important;border-top-style: solid !important;border-bottom-color: #d8d8d8 !important;border-bottom-style: solid !important;border-radius: 1px !important;}&#8221;][vc_column]<div id=\"ultimate-heading-623169d5b3b01f1e3\" class=\"uvc-heading ult-adjust-bottom-margin ultimate-heading-623169d5b3b01f1e3 uvc-490  uvc-heading-default-font-sizes\" data-hspacer=\"no_spacer\"  data-halign=\"left\" style=\"text-align:left\"><div class=\"uvc-heading-spacer no_spacer\" style=\"top\"><\/div><div class=\"uvc-main-heading ult-responsive\"  data-ultimate-target='.uvc-heading.ultimate-heading-623169d5b3b01f1e3 h3'  data-responsive-json-new='{\"font-size\":\"\",\"line-height\":\"\"}' ><h3 style=\"--font-weight:theme;margin-bottom:20px;\">Ader\u0103 pe:<\/h3><\/div><\/div>[vc_row_inner][vc_column_inner width=&#8221;1\/2&#8243;]<div class=\"standard-arrow list-divider bullet-top\"><ul>\n<li>metal vopsit<\/li>\n<li>metal nevopsit<\/li>\n<li>ceramic\u0103<\/li>\n<\/ul>\n<\/div>[\/vc_column_inner][vc_column_inner width=&#8221;1\/2&#8243;]<div class=\"standard-arrow list-divider bullet-top\"><ul>\n<li>lemn l\u0103cuit, parchet<\/li>\n<li>plastice<\/li>\n<li>materiale cu energie de suprafa\u021b\u0103 sc\u0103zut\u0103<\/li>\n<\/ul>\n<\/div>[\/vc_column_inner][\/vc_row_inner][\/vc_column][\/vc_row][vc_row css=&#8221;.vc_custom_1614340946766{margin-bottom: 30px !important;border-top-width: 1px !important;border-right-width: 1px !important;border-bottom-width: 1px !important;border-left-width: 1px !important;border-left-color: #d8d8d8 !important;border-left-style: solid !important;border-right-color: #d8d8d8 !important;border-right-style: solid !important;border-top-color: #d8d8d8 !important;border-top-style: solid !important;border-bottom-color: #d8d8d8 !important;border-bottom-style: solid !important;border-radius: 1px !important;}&#8221;][vc_column]<div id=\"ultimate-heading-172369d5b3b01f241\" class=\"uvc-heading ult-adjust-bottom-margin ultimate-heading-172369d5b3b01f241 uvc-1445  uvc-heading-default-font-sizes\" data-hspacer=\"no_spacer\"  data-halign=\"left\" style=\"text-align:left\"><div class=\"uvc-heading-spacer no_spacer\" style=\"top\"><\/div><div class=\"uvc-main-heading ult-responsive\"  data-ultimate-target='.uvc-heading.ultimate-heading-172369d5b3b01f241 h3'  data-responsive-json-new='{\"font-size\":\"\",\"line-height\":\"\"}' ><h3 style=\"--font-weight:theme;margin-bottom:20px;\">Aplica\u021bii:<\/h3><\/div><\/div>[vc_row_inner][vc_column_inner width=&#8221;1\/2&#8243;]<div class=\"standard-arrow list-divider bullet-top\"><ul>\n<li>marcarea zonelor periculoase<\/li>\n<li>pentru podele \u0219i spa\u021bii din jurul instala\u021biilor<\/li>\n<li>etan\u0219area containerelor<\/li>\n<li>marcare la vopsire<\/li>\n<\/ul>\n<\/div>[\/vc_column_inner][vc_column_inner width=&#8221;1\/2&#8243;]<div class=\"standard-arrow list-divider bullet-top\"><ul>\n<li>la decorare<\/li>\n<li>la ambalare<\/li>\n<li>marcarea c\u0103ilor, coridoarelor<\/li>\n<li>coordonare cromatic\u0103<\/li>\n<\/ul>\n<\/div>[\/vc_column_inner][\/vc_row_inner][\/vc_column][\/vc_row][vc_row css=&#8221;.vc_custom_1614340974723{border-top-width: 1px !important;border-right-width: 1px !important;border-bottom-width: 1px !important;border-left-width: 1px !important;border-left-color: #d8d8d8 !important;border-left-style: solid !important;border-right-color: #d8d8d8 !important;border-right-style: solid !important;border-top-color: #d8d8d8 !important;border-top-style: solid !important;border-bottom-color: #d8d8d8 !important;border-bottom-style: solid !important;border-radius: 1px !important;}&#8221;][vc_column]<div id=\"ultimate-heading-356669d5b3b01f2a1\" class=\"uvc-heading ult-adjust-bottom-margin ultimate-heading-356669d5b3b01f2a1 uvc-8658  uvc-heading-default-font-sizes\" data-hspacer=\"no_spacer\"  data-halign=\"left\" style=\"text-align:left\"><div class=\"uvc-heading-spacer no_spacer\" style=\"top\"><\/div><div class=\"uvc-main-heading ult-responsive\"  data-ultimate-target='.uvc-heading.ultimate-heading-356669d5b3b01f2a1 h3'  data-responsive-json-new='{\"font-size\":\"\",\"line-height\":\"\"}' ><h3 style=\"--font-weight:theme;margin-bottom:20px;\">Documente:<\/h3><\/div><\/div>[vc_row_inner css=&#8221;.vc_custom_1615980091033{margin-bottom: 30px !important;}&#8221;][vc_column_inner width=&#8221;1\/3&#8243;][vc_column_text]Caracteristici tehnice:[\/vc_column_text][vc_single_image image=&#8221;27598&#8243; onclick=&#8221;custom_link&#8221; img_link_target=&#8221;_blank&#8221; link=&#8221;\/wp-content\/uploads\/2022\/02\/3M-TDS-971_Marking-tape.pdf&#8221;]<style type=\"text\/css\" data-type=\"the7_shortcodes-inline-css\">#default-btn-28162e442f52e07d2e4502df3701fde4.ico-right-side > i {\n  margin-right: 0px;\n  margin-left: 8px;\n}\n#default-btn-28162e442f52e07d2e4502df3701fde4 > i {\n  margin-right: 8px;\n}\n<\/style><a href=\"\/wp-content\/uploads\/2022\/02\/3M-TDS-971_Marking-tape.pdf\" class=\"default-btn-shortcode dt-btn dt-btn-s link-hover-off btn-inline-left \" target=\"_blank\" id=\"default-btn-28162e442f52e07d2e4502df3701fde4\" rel=\"noopener\"><span>Descarc\u0103 PDF<\/span><\/a>[\/vc_column_inner][vc_column_inner width=&#8221;1\/3&#8243;][vc_column_text]Bro\u0219ur\u0103:[\/vc_column_text][vc_single_image image=&#8221;27507&#8243; onclick=&#8221;custom_link&#8221; img_link_target=&#8221;_blank&#8221; link=&#8221;\/wp-content\/uploads\/2022\/02\/Industrial-Floor-Marking-Catalogue.pdf&#8221;]<style type=\"text\/css\" data-type=\"the7_shortcodes-inline-css\">#default-btn-dcf4cedd33dc54fbbb49223f1ca4ffae.ico-right-side > i {\n  margin-right: 0px;\n  margin-left: 8px;\n}\n#default-btn-dcf4cedd33dc54fbbb49223f1ca4ffae > i {\n  margin-right: 8px;\n}\n<\/style><a href=\"\/wp-content\/uploads\/2022\/02\/Industrial-Floor-Marking-Catalogue.pdf\" class=\"default-btn-shortcode dt-btn dt-btn-s link-hover-off btn-inline-left \" target=\"_blank\" id=\"default-btn-dcf4cedd33dc54fbbb49223f1ca4ffae\" rel=\"noopener\"><span>Descarc\u0103 PDF<\/span><\/a>[\/vc_column_inner][vc_column_inner width=&#8221;1\/3&#8243;][\/vc_column_inner][\/vc_row_inner][\/vc_column][\/vc_row]<\/p>\n<\/div>","protected":false},"excerpt":{"rendered":"<div class=\"woocommerce-product-details__short-description\">\n<p>Band\u0103 de marcare pentru podea, alb\u0103, foarte durabil\u0103. 3M Ultra Durable floor tapes 971 sunt potrivite pentru marcarea diferitelor baze de produc\u021bie, s\u0103li de sport, hale, spitale \u0219i alte \u00eenc\u0103peri.<\/p>\n<\/div>\n","protected":false},"featured_media":27632,"comment_status":"open","ping_status":"closed","template":"","meta":[],"product_cat":[1855,2672],"product_tag":[],"_links":{"self":[{"href":"https:\/\/partners-ltd.com\/ro\/wp-json\/wp\/v2\/product\/41027"}],"collection":[{"href":"https:\/\/partners-ltd.com\/ro\/wp-json\/wp\/v2\/product"}],"about":[{"href":"https:\/\/partners-ltd.com\/ro\/wp-json\/wp\/v2\/types\/product"}],"replies":[{"embeddable":true,"href":"https:\/\/partners-ltd.com\/ro\/wp-json\/wp\/v2\/comments?post=41027"}],"wp:featuredmedia":[{"embeddable":true,"href":"https:\/\/partners-ltd.com\/ro\/wp-json\/wp\/v2\/media\/27632"}],"wp:attachment":[{"href":"https:\/\/partners-ltd.com\/ro\/wp-json\/wp\/v2\/media?parent=41027"}],"wp:term":[{"taxonomy":"product_cat","embeddable":true,"href":"https:\/\/partners-ltd.com\/ro\/wp-json\/wp\/v2\/product_cat?post=41027"},{"taxonomy":"product_tag","embeddable":true,"href":"https:\/\/partners-ltd.com\/ro\/wp-json\/wp\/v2\/product_tag?post=41027"}],"curies":[{"name":"wp","href":"https:\/\/api.w.org\/{rel}","templated":true}]}}