{"id":41026,"date":"2023-11-27T09:23:21","date_gmt":"2023-11-27T07:23:21","guid":{"rendered":"https:\/\/partners-ltd.com\/magazin\/fara-categorie\/3m-flexible-air-sealing-tape-8069e-lipire-la-temperaturi-scazute\/"},"modified":"2025-06-20T08:50:50","modified_gmt":"2025-06-20T05:50:50","slug":"3m-flexible-air-sealing-tape-8069e-lipire-la-temperaturi-scazute","status":"publish","type":"product","link":"https:\/\/partners-ltd.com\/ro\/e-shop\/banda-dublu-adeziva-si-adezivi\/benzi-dublu-adezive-vhb\/3m-flexible-air-sealing-tape-8069e-lipire-la-temperaturi-scazute\/","title":{"rendered":"3M Flexible Air Sealing Tape 8069E &#8211; lipire la temperaturi sc\u0103zute"},"content":{"rendered":"<div class=\"wpb-content-wrapper\"><p>[vc_row css=&#8221;.vc_custom_1614340926172{margin-bottom: 30px !important;border-top-width: 1px !important;border-right-width: 1px !important;border-bottom-width: 1px !important;border-left-width: 1px !important;border-left-color: #d8d8d8 !important;border-left-style: solid !important;border-right-color: #d8d8d8 !important;border-right-style: solid !important;border-top-color: #d8d8d8 !important;border-top-style: solid !important;border-bottom-color: #d8d8d8 !important;border-bottom-style: solid !important;border-radius: 1px !important;}&#8221;][vc_column]<div id=\"ultimate-heading-79069e3511345f18\" class=\"uvc-heading ult-adjust-bottom-margin ultimate-heading-79069e3511345f18 uvc-1845  uvc-heading-default-font-sizes\" data-hspacer=\"no_spacer\"  data-halign=\"left\" style=\"text-align:left\"><div class=\"uvc-heading-spacer no_spacer\" style=\"top\"><\/div><div class=\"uvc-main-heading ult-responsive\"  data-ultimate-target='.uvc-heading.ultimate-heading-79069e3511345f18 h3'  data-responsive-json-new='{\"font-size\":\"\",\"line-height\":\"\"}' ><h3 style=\"--font-weight:theme;margin-bottom:20px;\">Band\u0103 de etan\u0219are pentru lipire la temperaturi foarte sc\u0103zute<\/h3><\/div><\/div>[vc_column_text]Band\u0103 flexibil\u0103 de etan\u0219are a aerului <strong>8069E FAST-D<\/strong> este o band\u0103 impermeabil\u0103 la aer, umiditate \u0219i ap\u0103, cu un adeziv acrilic sensibil la presiune, agresiv \u0219i puternic lipicios. FAST-D are o c\u0103ptu\u0219eal\u0103 ro\u0219ie din polietilen\u0103. Adeziv acrilic agresiv ader\u0103 la <strong>beton<\/strong>, <strong>blocuri de beton<\/strong>, <strong>aluminiu anodizat<\/strong>, <strong>metal galvanizat<\/strong>, <strong>gips exterior<\/strong> \u0219i <strong>placaj<\/strong> f\u0103r\u0103 utilizarea oric\u0103ror aditivi de lipire. Previne p\u0103trunderea umidit\u0103\u021bii. Poate fi montat\u0103 la temperaturi de p\u00e2n\u0103 la -20 \u00b0C \u0219i \u00eenc\u0103lzit\u0103 p\u00e2n\u0103 la +50 \u00b0C.<\/p>\n<p><strong>Dimensiune rol\u0103:<\/strong> 25 mm x 25 m, 0,47 mm<\/p>\n<p><span style=\"text-decoration: underline;\">Idee de aplica\u021bie: \u00cembinarea membranelor de aer \u0219i vapori<\/span>[\/vc_column_text][\/vc_column][\/vc_row][vc_row css=&#8221;.vc_custom_1614340946766{margin-bottom: 30px !important;border-top-width: 1px !important;border-right-width: 1px !important;border-bottom-width: 1px !important;border-left-width: 1px !important;border-left-color: #d8d8d8 !important;border-left-style: solid !important;border-right-color: #d8d8d8 !important;border-right-style: solid !important;border-top-color: #d8d8d8 !important;border-top-style: solid !important;border-bottom-color: #d8d8d8 !important;border-bottom-style: solid !important;border-radius: 1px !important;}&#8221;][vc_column]<div id=\"ultimate-heading-786769e3511345f58\" class=\"uvc-heading ult-adjust-bottom-margin ultimate-heading-786769e3511345f58 uvc-1527  uvc-heading-default-font-sizes\" data-hspacer=\"no_spacer\"  data-halign=\"left\" style=\"text-align:left\"><div class=\"uvc-heading-spacer no_spacer\" style=\"top\"><\/div><div class=\"uvc-main-heading ult-responsive\"  data-ultimate-target='.uvc-heading.ultimate-heading-786769e3511345f58 h3'  data-responsive-json-new='{\"font-size\":\"\",\"line-height\":\"\"}' ><h3 style=\"--font-weight:theme;margin-bottom:20px;\">Avantaje:<\/h3><\/div><\/div>[vc_row_inner][vc_column_inner width=&#8221;1\/2&#8243;]<div class=\"standard-arrow list-divider bullet-top\"><ul>\n<li>Rezistent la expunerea UV p\u00e2n\u0103 la 6 luni<\/li>\n<li>F\u0103r\u0103 topirea adezivului sau decolorare \u00een c\u0103ldurile de var\u0103<\/li>\n<li>Substratul ro\u0219u din polietilen\u0103 permite o utilizare \u0219i aplicare u\u0219oar\u0103<\/li>\n<\/ul>\n<\/div>[\/vc_column_inner][vc_column_inner width=&#8221;1\/2&#8243;]<div class=\"standard-arrow list-divider bullet-top\"><ul>\n<li>Adeziv acrilic sensibil la presiune<\/li>\n<li>Ader\u0103 la beton, blocuri de beton, aluminiu anodizat, metal galvanizat, gips exterior \u0219i placaj<\/li>\n<li>Poate fi montat\u0103 la temperaturi de p\u00e2n\u0103 la -20 \u00b0C \u0219i \u00eenc\u0103lzit\u0103 p\u00e2n\u0103 la +50 \u00b0C.<\/li>\n<\/ul>\n<\/div>[\/vc_column_inner][\/vc_row_inner][\/vc_column][\/vc_row][vc_row css=&#8221;.vc_custom_1614340974723{border-top-width: 1px !important;border-right-width: 1px !important;border-bottom-width: 1px !important;border-left-width: 1px !important;border-left-color: #d8d8d8 !important;border-left-style: solid !important;border-right-color: #d8d8d8 !important;border-right-style: solid !important;border-top-color: #d8d8d8 !important;border-top-style: solid !important;border-bottom-color: #d8d8d8 !important;border-bottom-style: solid !important;border-radius: 1px !important;}&#8221;][vc_column]<div id=\"ultimate-heading-987669e3511345ff7\" class=\"uvc-heading ult-adjust-bottom-margin ultimate-heading-987669e3511345ff7 uvc-6464  uvc-heading-default-font-sizes\" data-hspacer=\"no_spacer\"  data-halign=\"left\" style=\"text-align:left\"><div class=\"uvc-heading-spacer no_spacer\" style=\"top\"><\/div><div class=\"uvc-main-heading ult-responsive\"  data-ultimate-target='.uvc-heading.ultimate-heading-987669e3511345ff7 h3'  data-responsive-json-new='{\"font-size\":\"\",\"line-height\":\"\"}' ><h3 style=\"--font-weight:theme;\">Documente:<\/h3><\/div><\/div>[vc_empty_space][vc_row_inner css=&#8221;.vc_custom_1615980091033{margin-bottom: 30px !important;}&#8221;][vc_column_inner width=&#8221;1\/4&#8243;][vc_column_text]Bro\u0219ur\u0103[\/vc_column_text][vc_single_image image=&#8221;33395&#8243; img_size=&#8221;full&#8221; onclick=&#8221;custom_link&#8221; img_link_target=&#8221;_blank&#8221; link=&#8221;\/wp-content\/uploads\/2023\/11\/3m-iatd-cmsd-product-catalogue-single-sided-tapes-en-gb-1.pdf&#8221;]<style type=\"text\/css\" data-type=\"the7_shortcodes-inline-css\">#default-btn-00390df7ddec29c4664b2f94ddc59b52.ico-right-side > i {\n  margin-right: 0px;\n  margin-left: 8px;\n}\n#default-btn-00390df7ddec29c4664b2f94ddc59b52 > i {\n  margin-right: 8px;\n}\n<\/style><a href=\"\/wp-content\/uploads\/2023\/11\/3m-iatd-cmsd-product-catalogue-single-sided-tapes-en-gb-1.pdf\" class=\"default-btn-shortcode dt-btn dt-btn-s link-hover-off btn-inline-left \" target=\"_blank\" id=\"default-btn-00390df7ddec29c4664b2f94ddc59b52\" rel=\"noopener\"><span>Descarc\u0103 PDF<\/span><\/a>[\/vc_column_inner][vc_column_inner width=&#8221;1\/4&#8243;][vc_column_text]Informa\u021bii suplimentare[\/vc_column_text][vc_single_image image=&#8221;33398&#8243; img_size=&#8221;full&#8221; onclick=&#8221;custom_link&#8221; img_link_target=&#8221;_blank&#8221; link=&#8221;\/wp-content\/uploads\/2023\/11\/3M_FAST-8069E_3M-Flexible-Air-Sealing-Tape-FAST-D_EN-SEER-EER_07.2016.pdf&#8221;]<style type=\"text\/css\" data-type=\"the7_shortcodes-inline-css\">#default-btn-0f494860ecd8423764d53b5c732fd0d7.ico-right-side > i {\n  margin-right: 0px;\n  margin-left: 8px;\n}\n#default-btn-0f494860ecd8423764d53b5c732fd0d7 > i {\n  margin-right: 8px;\n}\n<\/style><a href=\"\/wp-content\/uploads\/2023\/11\/3M_FAST-8069E_3M-Flexible-Air-Sealing-Tape-FAST-D_EN-SEER-EER_07.2016.pdf\" class=\"default-btn-shortcode dt-btn dt-btn-s link-hover-off btn-inline-left \" target=\"_blank\" id=\"default-btn-0f494860ecd8423764d53b5c732fd0d7\" rel=\"noopener\"><span>Descarc\u0103 PDF<\/span><\/a>[\/vc_column_inner][vc_column_inner width=&#8221;1\/4&#8243;][\/vc_column_inner][vc_column_inner width=&#8221;1\/4&#8243;][\/vc_column_inner][\/vc_row_inner][\/vc_column][\/vc_row]<\/p>\n<\/div>","protected":false},"excerpt":{"rendered":"<p>Band\u0103 de etan\u0219are flexibil\u0103 pentru aer 8069E, care nu permite trecerea aerului, umidit\u0103\u021bii \u0219i apei. Dezvoltat\u0103 cu adeziv acrilic sensibil la presiune. Montaj la temperaturi de p\u00e2n\u0103 la -20 \u00b0C \u0219i p\u00e2n\u0103 la +50 \u00b0C.<\/p>\n<p><strong>Dimensiune rol\u0103:<\/strong> 25 mm x 25 m, 0,47 mm<\/p>\n","protected":false},"featured_media":33386,"comment_status":"open","ping_status":"closed","template":"","meta":[],"product_cat":[1855,2695],"product_tag":[],"_links":{"self":[{"href":"https:\/\/partners-ltd.com\/ro\/wp-json\/wp\/v2\/product\/41026"}],"collection":[{"href":"https:\/\/partners-ltd.com\/ro\/wp-json\/wp\/v2\/product"}],"about":[{"href":"https:\/\/partners-ltd.com\/ro\/wp-json\/wp\/v2\/types\/product"}],"replies":[{"embeddable":true,"href":"https:\/\/partners-ltd.com\/ro\/wp-json\/wp\/v2\/comments?post=41026"}],"wp:featuredmedia":[{"embeddable":true,"href":"https:\/\/partners-ltd.com\/ro\/wp-json\/wp\/v2\/media\/33386"}],"wp:attachment":[{"href":"https:\/\/partners-ltd.com\/ro\/wp-json\/wp\/v2\/media?parent=41026"}],"wp:term":[{"taxonomy":"product_cat","embeddable":true,"href":"https:\/\/partners-ltd.com\/ro\/wp-json\/wp\/v2\/product_cat?post=41026"},{"taxonomy":"product_tag","embeddable":true,"href":"https:\/\/partners-ltd.com\/ro\/wp-json\/wp\/v2\/product_tag?post=41026"}],"curies":[{"name":"wp","href":"https:\/\/api.w.org\/{rel}","templated":true}]}}