{"id":41025,"date":"2022-03-17T11:40:46","date_gmt":"2022-03-17T09:40:46","guid":{"rendered":"https:\/\/partners-ltd.com\/magazin\/fara-categorie\/banda-dublu-adeziva-pe-foi-3m-7945-mp-cu-rezistenta-mare-la-lipire\/"},"modified":"2026-04-02T12:03:33","modified_gmt":"2026-04-02T09:03:33","slug":"banda-dublu-adeziva-pe-foi-3m-7945-mp-cu-rezistenta-mare-la-lipire","status":"publish","type":"product","link":"https:\/\/partners-ltd.com\/ro\/e-shop\/banda-dublu-adeziva-si-adezivi\/dublu-adezivi-pe-foaie\/banda-dublu-adeziva-pe-foi-3m-7945-mp-cu-rezistenta-mare-la-lipire\/","title":{"rendered":"Band\u0103 dublu adeziv\u0103 pe foi 3M 7945 MP cu rezisten\u021b\u0103 mare la lipire"},"content":{"rendered":"<div class=\"wpb-content-wrapper\"><p>[vc_row margin_bottom=&#8221;30px&#8221;][vc_column css=&#8221;.vc_custom_1644935215002{margin-bottom: 30px !important;border-top-width: 1px !important;border-right-width: 1px !important;border-bottom-width: 1px !important;border-left-width: 1px !important;border-left-color: #c0c0c0 !important;border-left-style: dotted !important;border-right-color: #c0c0c0 !important;border-right-style: dotted !important;border-top-color: #c0c0c0 !important;border-top-style: dotted !important;border-bottom-color: #c0c0c0 !important;border-bottom-style: dotted !important;}&#8221;]<div id=\"ultimate-heading-780569d7b03b56e87\" class=\"uvc-heading ult-adjust-bottom-margin ultimate-heading-780569d7b03b56e87 uvc-351 \" data-hspacer=\"no_spacer\"  data-halign=\"left\" style=\"text-align:left\"><div class=\"uvc-heading-spacer no_spacer\" style=\"top\"><\/div><div class=\"uvc-main-heading ult-responsive\"  data-ultimate-target='.uvc-heading.ultimate-heading-780569d7b03b56e87 h2'  data-responsive-json-new='{\"font-size\":\"desktop:18px;\",\"line-height\":\"desktop:25px;\"}' ><h2 style=\"font-weight:bold;margin-bottom:15px;\">Band\u0103 dublu adeziv\u0103 pe foi 3M 7945 MP cu rezisten\u021b\u0103 mare la lipire<\/h2><\/div><\/div>[vc_empty_space height=&#8221;20px&#8221;][vc_row_inner][vc_column_inner][vc_column_text]<a class=\"dt-pswp-item\" href=\"https:\/\/partners-ltd.com\/wp-content\/uploads\/2022\/02\/\u0414\u0432\u0443\u0441\u0442\u0440\u0430\u043d\u043d\u043e-\u043b\u0435\u043f\u044f\u0449\u0438-\u043b\u0438\u0441\u0442\u043e\u0432\u0435-3M-7955-MPL-\u2013-\u043b\u0435\u043f\u0438\u043b\u043e-\u043d\u0430-\u043b\u0438\u0441\u0442-1.jpg\" data-dt-img-description=\"\" data-large_image_width=\"300\" data-large_image_height=\"300\"><img loading=\"lazy\" decoding=\"async\" class=\"alignleft wp-image-27384\" src=\"https:\/\/partners-ltd.com\/wp-content\/uploads\/2022\/02\/\u0414\u0432\u0443\u0441\u0442\u0440\u0430\u043d\u043d\u043e-\u043b\u0435\u043f\u044f\u0449\u0438-\u043b\u0438\u0441\u0442\u043e\u0432\u0435-3M-7955-MPL-\u2013-\u043b\u0435\u043f\u0438\u043b\u043e-\u043d\u0430-\u043b\u0438\u0441\u0442-1.jpg\" alt=\"Foaie dublu adeziv\u0103 3M 7945 MP \u2013 adeziv pe foaie\" width=\"175\" height=\"175\" srcset=\"https:\/\/partners-ltd.com\/wp-content\/uploads\/2022\/02\/\u0414\u0432\u0443\u0441\u0442\u0440\u0430\u043d\u043d\u043e-\u043b\u0435\u043f\u044f\u0449\u0438-\u043b\u0438\u0441\u0442\u043e\u0432\u0435-3M-7955-MPL-\u2013-\u043b\u0435\u043f\u0438\u043b\u043e-\u043d\u0430-\u043b\u0438\u0441\u0442-1.jpg 300w, https:\/\/partners-ltd.com\/wp-content\/uploads\/2022\/02\/\u0414\u0432\u0443\u0441\u0442\u0440\u0430\u043d\u043d\u043e-\u043b\u0435\u043f\u044f\u0449\u0438-\u043b\u0438\u0441\u0442\u043e\u0432\u0435-3M-7955-MPL-\u2013-\u043b\u0435\u043f\u0438\u043b\u043e-\u043d\u0430-\u043b\u0438\u0441\u0442-1-100x100.jpg 100w, https:\/\/partners-ltd.com\/wp-content\/uploads\/2022\/02\/\u0414\u0432\u0443\u0441\u0442\u0440\u0430\u043d\u043d\u043e-\u043b\u0435\u043f\u044f\u0449\u0438-\u043b\u0438\u0441\u0442\u043e\u0432\u0435-3M-7955-MPL-\u2013-\u043b\u0435\u043f\u0438\u043b\u043e-\u043d\u0430-\u043b\u0438\u0441\u0442-1-200x200.jpg 200w\" sizes=\"(max-width: 175px) 100vw, 175px\" \/><\/a>3M 7945 MP este practic un adeziv acrilat puternic, plasat \u00eentre doi protectori siliconiza\u021bi. Grosimea sa este garantat\u0103 pe \u00eentreaga suprafa\u021b\u0103 de lipire. Datorit\u0103 adezivului acrilat agresiv, 3M 7945 MP lipe\u0219te materiale diverse \u0219i asigur\u0103 o leg\u0103tur\u0103 flexibil\u0103 cu mare rezisten\u021b\u0103.<\/p>\n<p>Deoarece 3M 7945 MP este format din foi de adeziv, care se taie u\u0219or conform dimensiunii produselor, preia dilatarea diferitelor suprafe\u021be de structur\u0103 \u0219i nu modific\u0103 rezisten\u021ba leg\u0103turii. Lipsa suportului (doar adeziv) face ca foile 3M 7945 MP s\u0103 fie ideale pentru lipirea literelor volumetrice tip \u201esandwich\u201d \u0219i a altor produse din mai mult de un material.<\/p>\n<p>Foile adezive cu dou\u0103 fe\u021be 3M 7945 MP sunt, de asemenea, rezistente la tratarea cu unele substan\u021be chimice atunci c\u00e2nd sunt aplicate pe materiale impermeabile. Chimicalele care nu \u00eenmoaie leg\u0103tur\u0103 adeziv\u0103 sunt: acizi slabi, baze, uleiuri, benzin\u0103, kerosen, combustibil JP-4 \u0219i mul\u021bi al\u021bi solven\u021bi. Foile laminate pe ambele p\u0103r\u021bi sunt rezistente la temperaturi ridicate \u0219i radia\u021bie UV. Se taie foarte u\u0219or cu foarfeca \u0219i cu\u021bite de modelaj, fiind ideale pentru \u0219tan\u021bare \u0219i t\u0103iere cu laser.[\/vc_column_text][\/vc_column_inner][\/vc_row_inner][\/vc_column][\/vc_row][vc_row margin_bottom=&#8221;30px&#8221;][vc_column css=&#8221;.vc_custom_1645443660985{margin-bottom: 30px !important;border-top-width: 1px !important;border-right-width: 1px !important;border-bottom-width: 1px !important;border-left-width: 1px !important;border-left-color: #c0c0c0 !important;border-left-style: dotted !important;border-right-color: #c0c0c0 !important;border-right-style: dotted !important;border-top-color: #c0c0c0 !important;border-top-style: dotted !important;border-bottom-color: #c0c0c0 !important;border-bottom-style: dotted !important;}&#8221;]<div id=\"ultimate-heading-953269d7b03b56ec1\" class=\"uvc-heading ult-adjust-bottom-margin ultimate-heading-953269d7b03b56ec1 uvc-9197 \" data-hspacer=\"no_spacer\"  data-halign=\"left\" style=\"text-align:left\"><div class=\"uvc-heading-spacer no_spacer\" style=\"top\"><\/div><div class=\"uvc-main-heading ult-responsive\"  data-ultimate-target='.uvc-heading.ultimate-heading-953269d7b03b56ec1 h3'  data-responsive-json-new='{\"font-size\":\"desktop:18px;\",\"line-height\":\"desktop:25px;\"}' ><h3 style=\"font-weight:bold;margin-bottom:15px;\">Lipe\u0219te urm\u0103toarele materiale:<\/h3><\/div><\/div>[vc_row_inner][vc_column_inner width=&#8221;1\/2&#8243;]<div class=\"standard-arrow list-divider\"><ul>\n<li>plastice<\/li>\n<li>sticl\u0103<\/li>\n<li>metal<\/li>\n<li>lemn<\/li>\n<\/ul>\n<\/div>[\/vc_column_inner][vc_column_inner width=&#8221;1\/2&#8243;]<div class=\"standard-arrow list-divider\"><ul>\n<li>poliester<\/li>\n<li>ABS<\/li>\n<li>policarbonat<\/li>\n<li>altele<\/li>\n<\/ul>\n<\/div>[\/vc_column_inner][\/vc_row_inner][\/vc_column][\/vc_row][vc_row margin_bottom=&#8221;30px&#8221; css=&#8221;.vc_custom_1644935280099{margin-bottom: 30px !important;border-top-width: 1px !important;border-right-width: 1px !important;border-bottom-width: 1px !important;border-left-width: 1px !important;border-left-color: #c6c6c6 !important;border-left-style: dotted !important;border-right-color: #c6c6c6 !important;border-right-style: dotted !important;border-top-color: #c6c6c6 !important;border-top-style: dotted !important;border-bottom-color: #c6c6c6 !important;border-bottom-style: dotted !important;border-radius: 1px !important;}&#8221;][vc_column]<div id=\"ultimate-heading-628369d7b03b56f44\" class=\"uvc-heading ult-adjust-bottom-margin ultimate-heading-628369d7b03b56f44 uvc-2978 \" data-hspacer=\"no_spacer\"  data-halign=\"left\" style=\"text-align:left\"><div class=\"uvc-heading-spacer no_spacer\" style=\"top\"><\/div><div class=\"uvc-main-heading ult-responsive\"  data-ultimate-target='.uvc-heading.ultimate-heading-628369d7b03b56f44 h3'  data-responsive-json-new='{\"font-size\":\"desktop:18px;\",\"line-height\":\"desktop:25px;\"}' ><h3 style=\"font-weight:bold;margin-bottom:20px;\">Avantaje:<\/h3><\/div><\/div>[vc_row_inner][vc_column_inner width=&#8221;1\/2&#8243;]<div class=\"standard-arrow list-divider\"><ul>\n<li>leg\u0103tur\u0103 rezistibil\u0103 de presiune \u00een timp<\/li>\n<li>rezisten\u021b\u0103 la un interval larg de temperaturi<\/li>\n<li>rezistent la radia\u021bie UV<\/li>\n<li>f\u0103r\u0103 dilat\u0103ri<\/li>\n<\/ul>\n<\/div>[\/vc_column_inner][vc_column_inner width=&#8221;1\/2&#8243;]<div class=\"standard-arrow list-divider\"><ul>\n<li>lipire neted\u0103 a graficelor<\/li>\n<li>rezisten\u021b\u0103 la chimical\u0103<\/li>\n<li>excelent\u0103 rezisten\u021b\u0103 la umiditate f\u0103r\u0103 ondulare<\/li>\n<\/ul>\n<\/div>[\/vc_column_inner][\/vc_row_inner][\/vc_column][\/vc_row][vc_row margin_bottom=&#8221;30px&#8221;][vc_column css=&#8221;.vc_custom_1644935243545{margin-bottom: 30px !important;border-top-width: 1px !important;border-right-width: 1px !important;border-bottom-width: 1px !important;border-left-width: 1px !important;border-left-color: #c0c0c0 !important;border-left-style: dotted !important;border-right-color: #c0c0c0 !important;border-right-style: dotted !important;border-top-color: #c0c0c0 !important;border-top-style: dotted !important;border-bottom-color: #c0c0c0 !important;border-bottom-style: dotted !important;}&#8221;]<div id=\"ultimate-heading-981969d7b03b56f9a\" class=\"uvc-heading ult-adjust-bottom-margin ultimate-heading-981969d7b03b56f9a uvc-1686 \" data-hspacer=\"no_spacer\"  data-halign=\"left\" style=\"text-align:left\"><div class=\"uvc-heading-spacer no_spacer\" style=\"top\"><\/div><div class=\"uvc-main-heading ult-responsive\"  data-ultimate-target='.uvc-heading.ultimate-heading-981969d7b03b56f9a h4'  data-responsive-json-new='{\"font-size\":\"desktop:18px;\",\"line-height\":\"desktop:25px;\"}' ><h4 style=\"font-weight:bold;margin-bottom:15px;\">Tehnica de lipire<\/h4><\/div><\/div>[vc_column_text]Pentru a ob\u021bine o aderen\u021b\u0103 optim\u0103, suprafe\u021bele de leg\u0103tur\u0103 trebuie s\u0103 fie curate \u0219i uscate. Unii solven\u021bi tipici pentru cur\u0103\u021barea suprafe\u021belor sunt alcoolul izopropilic sau heptanul. Este bine s\u0103 lua\u021bi m\u0103suri de precau\u021bie atunci c\u00e2nd lucra\u021bi cu chimicale \u0219i solven\u021bi. Pentru o stabilitate optim\u0103 a leg\u0103tur\u0103 adezive, lipi\u021bi la temperatur\u0103 cuprinse \u00eentre 21\u00b0C \u0219i 38\u00b0C. Nu este recomandabil s\u0103 aplica\u021bi foliile dublu adezive la temperaturi sub 10\u00b0C, deoarece adezivul este prea dur \u0219i nu are un contact bun cu suprafe\u021bele.[\/vc_column_text][\/vc_column][\/vc_row]<\/p>\n<\/div>","protected":false},"excerpt":{"rendered":"<p>Foile adezive cu dou\u0103 fe\u021be 3M 7945 MP sunt ideale pentru lipirea materialelor plastice, sticl\u0103, metal, lemn, PVC, plexiglas, PET, policarbonat, poliester \u0219i ABS. Se taie conform dimensiunii produselor \u0219i preiau dilatarea diferitelor suprafe\u021be de structur\u0103.<\/p>\n","protected":false},"featured_media":27382,"comment_status":"open","ping_status":"closed","template":"","meta":[],"product_cat":[1855,2668],"product_tag":[],"_links":{"self":[{"href":"https:\/\/partners-ltd.com\/ro\/wp-json\/wp\/v2\/product\/41025"}],"collection":[{"href":"https:\/\/partners-ltd.com\/ro\/wp-json\/wp\/v2\/product"}],"about":[{"href":"https:\/\/partners-ltd.com\/ro\/wp-json\/wp\/v2\/types\/product"}],"replies":[{"embeddable":true,"href":"https:\/\/partners-ltd.com\/ro\/wp-json\/wp\/v2\/comments?post=41025"}],"wp:featuredmedia":[{"embeddable":true,"href":"https:\/\/partners-ltd.com\/ro\/wp-json\/wp\/v2\/media\/27382"}],"wp:attachment":[{"href":"https:\/\/partners-ltd.com\/ro\/wp-json\/wp\/v2\/media?parent=41025"}],"wp:term":[{"taxonomy":"product_cat","embeddable":true,"href":"https:\/\/partners-ltd.com\/ro\/wp-json\/wp\/v2\/product_cat?post=41025"},{"taxonomy":"product_tag","embeddable":true,"href":"https:\/\/partners-ltd.com\/ro\/wp-json\/wp\/v2\/product_tag?post=41025"}],"curies":[{"name":"wp","href":"https:\/\/api.w.org\/{rel}","templated":true}]}}