{"id":41019,"date":"2022-03-17T11:20:11","date_gmt":"2022-03-17T09:20:11","guid":{"rendered":"https:\/\/partners-ltd.com\/magazin\/fara-categorie\/foaie-dublu-adeziva-3m-7957-mp-cu-suport-din-poliester\/"},"modified":"2026-04-02T12:06:05","modified_gmt":"2026-04-02T09:06:05","slug":"foaie-dublu-adeziva-3m-7957-mp-cu-suport-din-poliester","status":"publish","type":"product","link":"https:\/\/partners-ltd.com\/ro\/e-shop\/banda-dublu-adeziva-si-adezivi\/dublu-adezivi-pe-foaie\/foaie-dublu-adeziva-3m-7957-mp-cu-suport-din-poliester\/","title":{"rendered":"Foaie dublu adeziv\u0103 3M 7957 MP cu suport din poliester"},"content":{"rendered":"<div class=\"wpb-content-wrapper\"><p>[vc_row margin_bottom=&#8221;30px&#8221;][vc_column css=&#8221;.vc_custom_1644935215002{margin-bottom: 30px !important;border-top-width: 1px !important;border-right-width: 1px !important;border-bottom-width: 1px !important;border-left-width: 1px !important;border-left-color: #c0c0c0 !important;border-left-style: dotted !important;border-right-color: #c0c0c0 !important;border-right-style: dotted !important;border-top-color: #c0c0c0 !important;border-top-style: dotted !important;border-bottom-color: #c0c0c0 !important;border-bottom-style: dotted !important;}&#8221;]<div id=\"ultimate-heading-953569e525642aaa1\" class=\"uvc-heading ult-adjust-bottom-margin ultimate-heading-953569e525642aaa1 uvc-6468 \" data-hspacer=\"no_spacer\"  data-halign=\"left\" style=\"text-align:left\"><div class=\"uvc-heading-spacer no_spacer\" style=\"top\"><\/div><div class=\"uvc-main-heading ult-responsive\"  data-ultimate-target='.uvc-heading.ultimate-heading-953569e525642aaa1 h2'  data-responsive-json-new='{\"font-size\":\"desktop:18px;\",\"line-height\":\"desktop:25px;\"}' ><h2 style=\"font-weight:bold;margin-bottom:15px;\">Foaie dublu adeziv\u0103 3M 7957 MP cu suport din poliester<\/h2><\/div><\/div>[vc_empty_space height=&#8221;20px&#8221;][vc_row_inner][vc_column_inner][vc_column_text]<a class=\"dt-pswp-item\" href=\"https:\/\/partners-ltd.com\/wp-content\/uploads\/2022\/02\/\u0414\u0432\u0443\u0441\u0442\u0440\u0430\u043d\u043d\u043e-\u043b\u0435\u043f\u044f\u0449\u0438-\u043b\u0438\u0441\u0442\u043e\u0432\u0435-3M-7945-MPL.jpg\" data-dt-img-description=\"\" data-large_image_width=\"300\" data-large_image_height=\"300\"><img loading=\"lazy\" decoding=\"async\" class=\"wp-image-27447 size-full alignleft\" src=\"https:\/\/partners-ltd.com\/wp-content\/uploads\/2022\/02\/\u0414\u0432\u0443\u0441\u0442\u0440\u0430\u043d\u043d\u043e-\u043b\u0435\u043f\u044f\u0449\u0438-\u043b\u0438\u0441\u0442\u043e\u0432\u0435-3M-7945-MPL.jpg\" alt=\"Foaie dublu adeziv\u0103 3M 7957 MP cu suport din poliester\" width=\"225\" height=\"188\"\/><\/a><\/p>\n<p>3M 7957 MP este practic un adeziv acrilat agresiv uscat, format ca foaie dublu adeziv\u0103. Se lipe\u0219te perfect de materiale cu energie de suprafa\u021b\u0103 ridicat\u0103 \u0219i asigur\u0103 o leg\u0103tur\u0103 adeziv\u0103 durabil\u0103 \u0219i puternic\u0103 pe metal, plastice, poliester, sticl\u0103, policarbonat, ABS \u0219i altele. 3M band\u0103 dublu adeziv\u0103 pe foaie 7957 MPL nu are dilat\u0103ri la schimb\u0103rile de temperatur\u0103. Proiectat special pentru a satisface cerin\u021bele produc\u0103torilor de tastaturi tactile flexibile. Acest lucru se datoreaz\u0103 grosime garantate a stratului de adeziv, care este o caracteristic\u0103 distinctiv\u0103 a tuturor produselor din seria MPL.<\/p>\n<p>Foile dublu adezive 7957 MPL au un suport din poliester, care este un excelent dielectric, stabil la umiditate, f\u0103r\u0103 apari\u021bia de cute nepl\u0103cute ale adezivului. Sunt perfecte pentru lipirea afi\u0219ajelor electronice \u0219i a afi\u0219ajelor telefoanelor mobile.<\/p>\n<p>Adezivul 200MP pe suport este transparent \u0219i are o grosime de 0,127 mm. Cu ajutorul foaie band\u0103 dublu adeziv\u0103 3M, orice produs poate deveni rapid autoadeziv, ceea ce este foarte convenabil pentru clien\u021bi. Grosimea lipire pe toat\u0103 l\u0103\u021bimea materialelor este garantat\u0103. Astfel, produsele nu \u00ee\u0219i schimb\u0103 aspectul \u0219i rezisten\u021ba leg\u0103turii.[\/vc_column_text][\/vc_column_inner][\/vc_row_inner][\/vc_column][\/vc_row][vc_row margin_bottom=&#8221;30px&#8221;][vc_column css=&#8221;.vc_custom_1645443660985{margin-bottom: 30px !important;border-top-width: 1px !important;border-right-width: 1px !important;border-bottom-width: 1px !important;border-left-width: 1px !important;border-left-color: #c0c0c0 !important;border-left-style: dotted !important;border-right-color: #c0c0c0 !important;border-right-style: dotted !important;border-top-color: #c0c0c0 !important;border-top-style: dotted !important;border-bottom-color: #c0c0c0 !important;border-bottom-style: dotted !important;}&#8221;]<div id=\"ultimate-heading-930369e525642aad9\" class=\"uvc-heading ult-adjust-bottom-margin ultimate-heading-930369e525642aad9 uvc-8464 \" data-hspacer=\"no_spacer\"  data-halign=\"left\" style=\"text-align:left\"><div class=\"uvc-heading-spacer no_spacer\" style=\"top\"><\/div><div class=\"uvc-main-heading ult-responsive\"  data-ultimate-target='.uvc-heading.ultimate-heading-930369e525642aad9 h3'  data-responsive-json-new='{\"font-size\":\"desktop:18px;\",\"line-height\":\"desktop:25px;\"}' ><h3 style=\"font-weight:bold;margin-bottom:15px;\">Lipe\u0219te urm\u0103toarele materiale:<\/h3><\/div><\/div>[vc_row_inner][vc_column_inner width=&#8221;1\/2&#8243;]<div class=\"standard-arrow list-divider\"><ul>\n<li>plastice<\/li>\n<li>sticl\u0103<\/li>\n<li>metal<\/li>\n<li>lemn<\/li>\n<\/ul>\n<\/div>[\/vc_column_inner][vc_column_inner width=&#8221;1\/2&#8243;]<div class=\"standard-arrow list-divider\"><ul>\n<li>poliester<\/li>\n<li>ABS<\/li>\n<li>policarbonat<\/li>\n<li>altele<\/li>\n<\/ul>\n<\/div>[\/vc_column_inner][\/vc_row_inner][\/vc_column][\/vc_row][vc_row margin_bottom=&#8221;30px&#8221; css=&#8221;.vc_custom_1644935280099{margin-bottom: 30px !important;border-top-width: 1px !important;border-right-width: 1px !important;border-bottom-width: 1px !important;border-left-width: 1px !important;border-left-color: #c6c6c6 !important;border-left-style: dotted !important;border-right-color: #c6c6c6 !important;border-right-style: dotted !important;border-top-color: #c6c6c6 !important;border-top-style: dotted !important;border-bottom-color: #c6c6c6 !important;border-bottom-style: dotted !important;border-radius: 1px !important;}&#8221;][vc_column]<div id=\"ultimate-heading-199669e525642ab5f\" class=\"uvc-heading ult-adjust-bottom-margin ultimate-heading-199669e525642ab5f uvc-5888 \" data-hspacer=\"no_spacer\"  data-halign=\"left\" style=\"text-align:left\"><div class=\"uvc-heading-spacer no_spacer\" style=\"top\"><\/div><div class=\"uvc-main-heading ult-responsive\"  data-ultimate-target='.uvc-heading.ultimate-heading-199669e525642ab5f h3'  data-responsive-json-new='{\"font-size\":\"desktop:18px;\",\"line-height\":\"desktop:25px;\"}' ><h3 style=\"font-weight:bold;margin-bottom:20px;\">Avantaje:<\/h3><\/div><\/div>[vc_row_inner][vc_column_inner width=&#8221;1\/2&#8243;]<div class=\"standard-arrow list-divider\"><ul>\n<li>leg\u0103tur\u0103 rezistibil\u0103 de presiune \u00een timp<\/li>\n<li>rezisten\u021b\u0103 la un interval larg de temperaturi<\/li>\n<li>rezistent la radia\u021bie UV<\/li>\n<li>f\u0103r\u0103 dilat\u0103ri<\/li>\n<\/ul>\n<\/div>[\/vc_column_inner][vc_column_inner width=&#8221;1\/2&#8243;]<div class=\"standard-arrow list-divider\"><ul>\n<li>lipire neted\u0103 a graficelor<\/li>\n<li>rezisten\u021b\u0103 la chimical\u0103<\/li>\n<li>excelent\u0103 rezisten\u021b\u0103 la umiditate f\u0103r\u0103 ondulare<\/li>\n<\/ul>\n<\/div>[\/vc_column_inner][\/vc_row_inner][\/vc_column][\/vc_row][vc_row margin_bottom=&#8221;30px&#8221;][vc_column css=&#8221;.vc_custom_1644935243545{margin-bottom: 30px !important;border-top-width: 1px !important;border-right-width: 1px !important;border-bottom-width: 1px !important;border-left-width: 1px !important;border-left-color: #c0c0c0 !important;border-left-style: dotted !important;border-right-color: #c0c0c0 !important;border-right-style: dotted !important;border-top-color: #c0c0c0 !important;border-top-style: dotted !important;border-bottom-color: #c0c0c0 !important;border-bottom-style: dotted !important;}&#8221;]<div id=\"ultimate-heading-156169e525642abb7\" class=\"uvc-heading ult-adjust-bottom-margin ultimate-heading-156169e525642abb7 uvc-7790 \" data-hspacer=\"no_spacer\"  data-halign=\"left\" style=\"text-align:left\"><div class=\"uvc-heading-spacer no_spacer\" style=\"top\"><\/div><div class=\"uvc-main-heading ult-responsive\"  data-ultimate-target='.uvc-heading.ultimate-heading-156169e525642abb7 h4'  data-responsive-json-new='{\"font-size\":\"desktop:18px;\",\"line-height\":\"desktop:25px;\"}' ><h4 style=\"font-weight:bold;margin-bottom:15px;\">Tehnica de lipire<\/h4><\/div><\/div>[vc_column_text]Pentru a ob\u021bine o aderen\u021b\u0103 optim\u0103, suprafe\u021bele de leg\u0103tur\u0103 trebuie s\u0103 fie curate \u0219i uscate. Unii solven\u021bi tipici pentru cur\u0103\u021barea suprafe\u021belor sunt alcoolul izopropilic sau heptanul. Este bine s\u0103 lua\u021bi m\u0103suri de precau\u021bie atunci c\u00e2nd lucra\u021bi cu chimicale \u0219i solven\u021bi. Pentru o stabilitate optim\u0103 a leg\u0103tur\u0103 adezive, lipi\u021bi la temperatur\u0103 cuprinse \u00eentre 21\u00b0C \u0219i 38\u00b0C. Nu este recomandabil s\u0103 aplica\u021bi foliile dublu adezive la temperaturi sub 10\u00b0C, deoarece adezivul este prea dur \u0219i nu are un contact bun cu suprafe\u021bele.[\/vc_column_text][\/vc_column][\/vc_row]<\/p>\n<\/div>","protected":false},"excerpt":{"rendered":"<p>Foile adezive cu dou\u0103 fe\u021be 3M 7957 MPL au o rezisten\u021b\u0103 ridicat\u0103 la temperatur\u0103 \u0219i sunt o alegere excelent\u0103 pentru lipirea materialelor plastice, sticl\u0103, metal, lemn, PVC, plexiglas, PET, policarbonat, poliester \u0219i ABS.<\/p>\n","protected":false},"featured_media":27382,"comment_status":"open","ping_status":"closed","template":"","meta":[],"product_cat":[1855,2668],"product_tag":[],"_links":{"self":[{"href":"https:\/\/partners-ltd.com\/ro\/wp-json\/wp\/v2\/product\/41019"}],"collection":[{"href":"https:\/\/partners-ltd.com\/ro\/wp-json\/wp\/v2\/product"}],"about":[{"href":"https:\/\/partners-ltd.com\/ro\/wp-json\/wp\/v2\/types\/product"}],"replies":[{"embeddable":true,"href":"https:\/\/partners-ltd.com\/ro\/wp-json\/wp\/v2\/comments?post=41019"}],"wp:featuredmedia":[{"embeddable":true,"href":"https:\/\/partners-ltd.com\/ro\/wp-json\/wp\/v2\/media\/27382"}],"wp:attachment":[{"href":"https:\/\/partners-ltd.com\/ro\/wp-json\/wp\/v2\/media?parent=41019"}],"wp:term":[{"taxonomy":"product_cat","embeddable":true,"href":"https:\/\/partners-ltd.com\/ro\/wp-json\/wp\/v2\/product_cat?post=41019"},{"taxonomy":"product_tag","embeddable":true,"href":"https:\/\/partners-ltd.com\/ro\/wp-json\/wp\/v2\/product_tag?post=41019"}],"curies":[{"name":"wp","href":"https:\/\/api.w.org\/{rel}","templated":true}]}}