{"id":40940,"date":"2021-01-21T15:13:58","date_gmt":"2021-01-21T13:13:58","guid":{"rendered":"https:\/\/partners-ltd.com\/magazin\/fara-categorie\/sloanled-24s2d-power-supplies-24-v-driver-de-alimentare-100w\/"},"modified":"2025-06-18T09:55:20","modified_gmt":"2025-06-18T06:55:20","slug":"sloanled-24s2d-power-supplies-24-v-driver-de-alimentare-100w","status":"publish","type":"product","link":"https:\/\/partners-ltd.com\/ro\/e-shop\/module-si-iluminare-led\/drivere-led\/sloanled-24s2d-power-supplies-24-v-driver-de-alimentare-100w\/","title":{"rendered":"SloanLED 24S2D Power Supplies 24 V &#8211; driver de alimentare 100W"},"content":{"rendered":"<div class=\"wpb-content-wrapper\"><p>[vc_row css=&#8221;.vc_custom_1530619279291{margin-bottom: 20px !important;border-top-width: 1px !important;border-right-width: 1px !important;border-bottom-width: 1px !important;border-left-width: 1px !important;padding-right: 10px !important;padding-left: 10px !important;border-left-color: #e2e2e2 !important;border-left-style: dotted !important;border-right-color: #e2e2e2 !important;border-right-style: dotted !important;border-top-color: #e2e2e2 !important;border-top-style: dotted !important;border-bottom-color: #e2e2e2 !important;border-bottom-style: dotted !important;border-radius: 1px !important;}&#8221;][vc_column]<div id=\"ultimate-heading-242669dec5f562cbe\" class=\"uvc-heading ult-adjust-bottom-margin ultimate-heading-242669dec5f562cbe uvc-6 \" data-hspacer=\"no_spacer\"  data-halign=\"left\" style=\"text-align:left\"><div class=\"uvc-heading-spacer no_spacer\" style=\"top\"><\/div><div class=\"uvc-main-heading ult-responsive\"  data-ultimate-target='.uvc-heading.ultimate-heading-242669dec5f562cbe h2'  data-responsive-json-new='{\"font-size\":\"desktop:28px;\",\"line-height\":\"desktop:38px;\"}' ><h2 style=\"--font-weight:theme;margin-bottom:20px;\">SloanLED 24S2D Power Supplies 24 V - driver de alimentare 100W cu protec\u021bie la ap\u0103 IP54<\/h2><\/div><\/div>[vc_row_inner][vc_column_inner][vc_column_text]Driver de alimentare <strong><a href=\"\/kategoriya\/led-moduli-osvetlenie\/led-draiveri\/\">LED<\/a><\/strong> de \u00eenalt\u0103 calitate \u0219i fiabil de la SloanLED.<\/p>\n<p>SloanLED 24S2D Power Supplies 24 V &#8211; driver de alimentare dimabil. Asigur\u0103 performan\u021b\u0103 \u0219i fiabilitate excep\u021bional\u0103. Potrivit pentru utilizare interioar\u0103 (semne textile) \u0219i pentru alimentarea BrightLINE \u0219i Posterbox ID.<\/p>\n<p>Tensiune de intrare universal\u0103: 108-277 VAC, 50-60 Hz<\/p>\n<p>Potrivit pentru aplica\u021bii uscate, umede. 3 tipuri de control &#8211; 0-10 V, PWM, rezisten\u021b\u0103. Resetare automat\u0103 &#8211; f\u0103r\u0103 siguran\u021be de \u00eenlocuit sau \u00eentrerup\u0103tor de resetare. Dispune de protec\u021bia la scurtcircuit care se reseteaz\u0103 automat la corectarea st\u0103rii. Permite conexiuni secundare simple &#8211; nu este necesar\u0103 sarcin\u0103 minim\u0103 sau echilibrarea sarcinii.<\/p>\n<p>Tehnologie patentat\u0103 a driverelor SloanLED permite utilizarea lor 24 de ore, f\u0103r\u0103 a afecta durabilitatea \u0219i func\u021bionarea acestora.[\/vc_column_text][\/vc_column_inner][\/vc_row_inner][\/vc_column][\/vc_row][vc_row][vc_column]<div id=\"ultimate-heading-100969dec5f562d03\" class=\"uvc-heading ult-adjust-bottom-margin ultimate-heading-100969dec5f562d03 uvc-164 \" data-hspacer=\"no_spacer\"  data-halign=\"left\" style=\"text-align:left\"><div class=\"uvc-heading-spacer no_spacer\" style=\"top\"><\/div><div class=\"uvc-main-heading ult-responsive\"  data-ultimate-target='.uvc-heading.ultimate-heading-100969dec5f562d03 h3'  data-responsive-json-new='{\"font-size\":\"desktop:28px;\",\"line-height\":\"desktop:38px;\"}' ><h3 style=\"--font-weight:theme;margin-bottom:20px;\">Caracteristici principale:<\/h3><\/div><\/div>[\/vc_column][\/vc_row][vc_row css=&#8221;.vc_custom_1531296600629{margin-bottom: 20px !important;border-top-width: 1px !important;border-right-width: 1px !important;border-bottom-width: 1px !important;border-left-width: 1px !important;padding-right: 10px !important;padding-left: 10px !important;border-left-color: #e2e2e2 !important;border-left-style: dotted !important;border-right-color: #e2e2e2 !important;border-right-style: dotted !important;border-top-color: #e2e2e2 !important;border-top-style: dotted !important;border-bottom-color: #e2e2e2 !important;border-bottom-style: dotted !important;border-radius: 2px !important;}&#8221;][vc_column width=&#8221;1\/2&#8243;]<div class=\"standard-arrow list-divider bullet-top\"><ul>\n<li>fiabil \u0219i rezistent<\/li>\n<li>design alb, compact<\/li>\n<li>protec\u021bie la ap\u0103 &#8211; IP54<\/li>\n<\/ul>\n<\/div>[\/vc_column][vc_column width=&#8221;1\/2&#8243;]<div class=\"standard-arrow list-divider bullet-top\"><ul>\n<li>resetare automat\u0103<\/li>\n<li>potrivit pentru instala\u021bii interioare<\/li>\n<li>protec\u021bie integrat\u0103 la scurtcircuit<\/li>\n<\/ul>\n<\/div>[\/vc_column][\/vc_row][vc_row][vc_column]<div id=\"ultimate-heading-385169dec5f562d8c\" class=\"uvc-heading ult-adjust-bottom-margin ultimate-heading-385169dec5f562d8c uvc-5286 \" data-hspacer=\"no_spacer\"  data-halign=\"left\" style=\"text-align:left\"><div class=\"uvc-heading-spacer no_spacer\" style=\"top\"><\/div><div class=\"uvc-main-heading ult-responsive\"  data-ultimate-target='.uvc-heading.ultimate-heading-385169dec5f562d8c h3'  data-responsive-json-new='{\"font-size\":\"desktop:28px;\",\"line-height\":\"desktop:38px;\"}' ><h3 style=\"--font-weight:theme;margin-bottom:30px;\">Documente:<\/h3><\/div><\/div>[\/vc_column][\/vc_row][vc_row css=&#8221;.vc_custom_1634892389027{border-top-width: 1px !important;border-right-width: 1px !important;border-bottom-width: 1px !important;border-left-width: 1px !important;padding-right: 10px !important;padding-left: 10px !important;border-left-color: #d6d6d6 !important;border-left-style: dotted !important;border-right-color: #d6d6d6 !important;border-right-style: dotted !important;border-top-color: #d6d6d6 !important;border-top-style: dotted !important;border-bottom-color: #d6d6d6 !important;border-bottom-style: dotted !important;border-radius: 1px !important;}&#8221;][vc_column width=&#8221;1\/3&#8243;][vc_column_text]<\/p>\n<p style=\"text-align: center;\">Produs<br \/>\nbuletin<\/p>\n<p>[\/vc_column_text][vc_single_image image=&#8221;26652&#8243; img_size=&#8221;130&#215;180&#8243; add_caption=&#8221;yes&#8221; alignment=&#8221;center&#8221; style=&#8221;vc_box_outline&#8221; onclick=&#8221;custom_link&#8221; img_link_target=&#8221;_blank&#8221; css=&#8221;.vc_custom_1634822260313{border-top-width: 1px !important;border-right-width: 1px !important;border-bottom-width: 1px !important;border-left-width: 1px !important;}&#8221; link=&#8221;\/wp-content\/uploads\/2021\/10\/SloanLED-24S2D-Power-Supplies-24-V-Spec-Sheet.pdf&#8221;]<style type=\"text\/css\" data-type=\"the7_shortcodes-inline-css\">#default-btn-7c382a29fa100998dc6bbfeb480634c5.ico-right-side > i {\n  margin-right: 0px;\n  margin-left: 8px;\n}\n#default-btn-7c382a29fa100998dc6bbfeb480634c5 > i {\n  margin-right: 8px;\n}\n<\/style><div class=\"btn-align-center\"><a href=\"\/wp-content\/uploads\/2021\/10\/ProductBrochure-QuantumPowerSupplies-Global.pdf\" class=\"default-btn-shortcode dt-btn dt-btn-s link-hover-off \" target=\"_blank\" id=\"default-btn-7c382a29fa100998dc6bbfeb480634c5\" rel=\"noopener\"><i class=\"fas fa-download\"><\/i><span>Descarc\u0103 PDF<\/span><\/a><\/div>[vc_empty_space][\/vc_column][vc_column width=&#8221;1\/3&#8243;][vc_column_text]<\/p>\n<p style=\"text-align: center;\">Ghid de<br \/>\ninstala\u021bie<\/p>\n<p>[\/vc_column_text][vc_single_image image=&#8221;26661&#8243; img_size=&#8221;130&#215;180&#8243; alignment=&#8221;center&#8221; style=&#8221;vc_box_outline&#8221; onclick=&#8221;custom_link&#8221; img_link_target=&#8221;_blank&#8221; css=&#8221;.vc_custom_1634822322354{border-top-width: 1px !important;border-right-width: 1px !important;border-bottom-width: 1px !important;border-left-width: 1px !important;}&#8221; link=&#8221;\/wp-content\/uploads\/2021\/10\/SloanLED-24S2-100-W-Power-Supply-Install-Guide.pdf&#8221;]<style type=\"text\/css\" data-type=\"the7_shortcodes-inline-css\">#default-btn-77c8b9bb138f8f5b4f25f8f470fb434d.ico-right-side > i {\n  margin-right: 0px;\n  margin-left: 8px;\n}\n#default-btn-77c8b9bb138f8f5b4f25f8f470fb434d > i {\n  margin-right: 8px;\n}\n<\/style><div class=\"btn-align-center\"><a href=\"\/wp-content\/uploads\/2021\/10\/InstallGuide-PowerSupply-Quantum1230.pdf\" class=\"default-btn-shortcode dt-btn dt-btn-s link-hover-off \" target=\"_blank\" id=\"default-btn-77c8b9bb138f8f5b4f25f8f470fb434d\" rel=\"noopener\"><i class=\"fas fa-download\"><\/i><span>Descarc\u0103 PDF<\/span><\/a><\/div>[vc_empty_space][\/vc_column][vc_column width=&#8221;1\/3&#8243;][vc_column_text]<\/p>\n<p style=\"text-align: center;\">Bro\u0219ur\u0103 de<br \/>\nprodus<\/p>\n<p>[\/vc_column_text][vc_single_image image=&#8221;26582&#8243; img_size=&#8221;130&#215;180&#8243; alignment=&#8221;center&#8221; style=&#8221;vc_box_outline&#8221; onclick=&#8221;custom_link&#8221; img_link_target=&#8221;_blank&#8221; css=&#8221;.vc_custom_1634719510643{border-top-width: 1px !important;border-right-width: 1px !important;border-bottom-width: 1px !important;border-left-width: 1px !important;}&#8221; link=&#8221;\/wp-content\/uploads\/2021\/10\/ProductGuide-PowerSupplies-Global-1.pdf&#8221;]<style type=\"text\/css\" data-type=\"the7_shortcodes-inline-css\">#default-btn-d67db290cd61371bfc66ea7d0968b9f2.ico-right-side > i {\n  margin-right: 0px;\n  margin-left: 8px;\n}\n#default-btn-d67db290cd61371bfc66ea7d0968b9f2 > i {\n  margin-right: 8px;\n}\n<\/style><div class=\"btn-align-center\"><a href=\"\/wp-content\/uploads\/2021\/10\/ProductGuide-PowerSupplies-Global-1.pdf\" class=\"default-btn-shortcode dt-btn dt-btn-s link-hover-off \" target=\"_blank\" id=\"default-btn-d67db290cd61371bfc66ea7d0968b9f2\" rel=\"noopener\"><i class=\"fas fa-download\"><\/i><span>Descarc\u0103 PDF<\/span><\/a><\/div>[vc_empty_space][\/vc_column][\/vc_row]<\/p>\n<\/div>","protected":false},"excerpt":{"rendered":"<p>SloanLED 24S2D Power Supplies 24 V este un dispozitiv de alimentare 100W cu clas\u0103 de protec\u021bie IP54. Este proiectat s\u0103 ofere calitate, putere \u0219i fiabilitate. Ofer\u0103 protec\u021bie integrat\u0103 \u00eempotriva scurtcircuitului \u0219i suprasarcinii \u0219i resetare automat\u0103.<\/p>\n","protected":false},"featured_media":26665,"comment_status":"open","ping_status":"closed","template":"","meta":[],"product_cat":[1852,2688],"product_tag":[],"_links":{"self":[{"href":"https:\/\/partners-ltd.com\/ro\/wp-json\/wp\/v2\/product\/40940"}],"collection":[{"href":"https:\/\/partners-ltd.com\/ro\/wp-json\/wp\/v2\/product"}],"about":[{"href":"https:\/\/partners-ltd.com\/ro\/wp-json\/wp\/v2\/types\/product"}],"replies":[{"embeddable":true,"href":"https:\/\/partners-ltd.com\/ro\/wp-json\/wp\/v2\/comments?post=40940"}],"wp:featuredmedia":[{"embeddable":true,"href":"https:\/\/partners-ltd.com\/ro\/wp-json\/wp\/v2\/media\/26665"}],"wp:attachment":[{"href":"https:\/\/partners-ltd.com\/ro\/wp-json\/wp\/v2\/media?parent=40940"}],"wp:term":[{"taxonomy":"product_cat","embeddable":true,"href":"https:\/\/partners-ltd.com\/ro\/wp-json\/wp\/v2\/product_cat?post=40940"},{"taxonomy":"product_tag","embeddable":true,"href":"https:\/\/partners-ltd.com\/ro\/wp-json\/wp\/v2\/product_tag?post=40940"}],"curies":[{"name":"wp","href":"https:\/\/api.w.org\/{rel}","templated":true}]}}