{"id":40938,"date":"2021-01-22T12:23:45","date_gmt":"2021-01-22T10:23:45","guid":{"rendered":"https:\/\/partners-ltd.com\/magazin\/fara-categorie\/sloanled-100w-24vdc-driver-de-alimentare\/"},"modified":"2025-06-18T09:48:18","modified_gmt":"2025-06-18T06:48:18","slug":"sloanled-100w-24vdc-driver-de-alimentare","status":"publish","type":"product","link":"https:\/\/partners-ltd.com\/ro\/e-shop\/module-si-iluminare-led\/drivere-led\/sloanled-100w-24vdc-driver-de-alimentare\/","title":{"rendered":"SloanLED 100W 24VDC &#8211; driver de alimentare"},"content":{"rendered":"<div class=\"wpb-content-wrapper\"><p>[vc_row css=&#8221;.vc_custom_1530619279291{margin-bottom: 20px !important;border-top-width: 1px !important;border-right-width: 1px !important;border-bottom-width: 1px !important;border-left-width: 1px !important;padding-right: 10px !important;padding-left: 10px !important;border-left-color: #e2e2e2 !important;border-left-style: dotted !important;border-right-color: #e2e2e2 !important;border-right-style: dotted !important;border-top-color: #e2e2e2 !important;border-top-style: dotted !important;border-bottom-color: #e2e2e2 !important;border-bottom-style: dotted !important;border-radius: 1px !important;}&#8221;][vc_column][vc_single_image image=&#8221;15166&#8243; img_size=&#8221;full&#8221;]<div id=\"ultimate-heading-140269e089efe8a0c\" class=\"uvc-heading ult-adjust-bottom-margin ultimate-heading-140269e089efe8a0c uvc-2031 \" data-hspacer=\"no_spacer\"  data-halign=\"left\" style=\"text-align:left\"><div class=\"uvc-heading-spacer no_spacer\" style=\"top\"><\/div><div class=\"uvc-main-heading ult-responsive\"  data-ultimate-target='.uvc-heading.ultimate-heading-140269e089efe8a0c h2'  data-responsive-json-new='{\"font-size\":\"desktop:28px;\",\"line-height\":\"desktop:38px;\"}' ><h2 style=\"--font-weight:theme;margin-bottom:20px;\">Driver de alimentare SloanLED 100W 24VDC cu design \u00eembun\u0103t\u0103\u021bit<\/h2><\/div><\/div>[vc_row_inner][vc_column_inner][vc_column_text]<a href=\"\/kategoriya\/led-moduli-osvetlenie\/led-draiveri\/\">Driverul LED<\/a> SloanLED 100W 24VDC ofer\u0103 cea mai recent\u0103 tehnologie de alimentare de la SloanLED \u00eentr-un design mai compact \u0219i eficient energetic. Asigur\u0103 o fiabilitate ridicat\u0103 a fluxului de energie. Creat cu o protec\u021bie ridicat\u0103 \u00eempotriva prafului \u0219i apei &#8211; IP68, fiind utilizat \u00een medii solicitante cu umiditate ridicat\u0103. Protec\u021bie integrat\u0103 \u00eempotriva scurtcircuitului \u0219i suprasarcinii.\u00a0Potrivit pentru utilizare exterioar\u0103 (la alimentarea <a href=\"https:\/\/partners-ltd.com\/ro\/inceput\/led-moduli-osvetlenie\/\">modulelor LED \u0219i iluminatului<\/a>, benzilor LED \u0219i altor sisteme de iluminat care sunt alimentate cu tensiune constant\u0103).<\/p>\n<p>Tehnologie patentat\u0103 a driverelor SloanLED permite utilizarea lor 24 de ore, f\u0103r\u0103 a afecta durabilitatea \u0219i func\u021bionarea acestora.[\/vc_column_text][\/vc_column_inner][\/vc_row_inner][\/vc_column][\/vc_row][vc_row css=&#8221;.vc_custom_1531296600629{margin-bottom: 20px !important;border-top-width: 1px !important;border-right-width: 1px !important;border-bottom-width: 1px !important;border-left-width: 1px !important;padding-right: 10px !important;padding-left: 10px !important;border-left-color: #e2e2e2 !important;border-left-style: dotted !important;border-right-color: #e2e2e2 !important;border-right-style: dotted !important;border-top-color: #e2e2e2 !important;border-top-style: dotted !important;border-bottom-color: #e2e2e2 !important;border-bottom-style: dotted !important;border-radius: 2px !important;}&#8221;][vc_column width=&#8221;1\/2&#8243;]<div id=\"ultimate-heading-615869e089efe8a51\" class=\"uvc-heading ult-adjust-bottom-margin ultimate-heading-615869e089efe8a51 uvc-2208 \" data-hspacer=\"no_spacer\"  data-halign=\"left\" style=\"text-align:left\"><div class=\"uvc-heading-spacer no_spacer\" style=\"top\"><\/div><div class=\"uvc-main-heading ult-responsive\"  data-ultimate-target='.uvc-heading.ultimate-heading-615869e089efe8a51 h3'  data-responsive-json-new='{\"font-size\":\"desktop:28px;\",\"line-height\":\"desktop:38px;\"}' ><h3 style=\"--font-weight:theme;margin-bottom:20px;\">Caracteristici principale:<\/h3><\/div><\/div><div class=\"standard-arrow list-divider bullet-top\"><ul>\n<li>fiabilitate \u0219i rezisten\u021b\u0103<\/li>\n<li>design compact \u0219i eficient energetic<\/li>\n<li>protec\u021bie la ap\u0103 &#8211; IP68<\/li>\n<\/ul>\n<\/div>[\/vc_column][vc_column width=&#8221;1\/2&#8243;][vc_empty_space height=&#8221;58px&#8221;]<div class=\"standard-arrow list-divider bullet-top\"><ul>\n<li>potrivite pentru instala\u021bii exterioare<\/li>\n<li>tehnologie inovatoare de alimentare<\/li>\n<li>garan\u021bie &#8211; 2 ani<\/li>\n<\/ul>\n<\/div>[\/vc_column][\/vc_row][vc_row css=&#8221;.vc_custom_1531293008623{margin-bottom: 20px !important;border-top-width: 1px !important;border-right-width: 1px !important;border-bottom-width: 1px !important;border-left-width: 1px !important;padding-right: 10px !important;padding-left: 10px !important;border-left-color: #e2e2e2 !important;border-left-style: dotted !important;border-right-color: #e2e2e2 !important;border-right-style: dotted !important;border-top-color: #e2e2e2 !important;border-top-style: dotted !important;border-bottom-color: #e2e2e2 !important;border-bottom-style: dotted !important;border-radius: 2px !important;}&#8221;][vc_column]<div id=\"ultimate-heading-852669e089efe8af6\" class=\"uvc-heading ult-adjust-bottom-margin ultimate-heading-852669e089efe8af6 uvc-1773 \" data-hspacer=\"no_spacer\"  data-halign=\"left\" style=\"text-align:left\"><div class=\"uvc-heading-spacer no_spacer\" style=\"top\"><\/div><div class=\"uvc-main-heading ult-responsive\"  data-ultimate-target='.uvc-heading.ultimate-heading-852669e089efe8af6 h3'  data-responsive-json-new='{\"font-size\":\"desktop:28px;\",\"line-height\":\"desktop:38px;\"}' ><h3 style=\"--font-weight:theme;margin-bottom:30px;\">Documente<\/h3><\/div><\/div>[vc_column_text]Buletin de produs, ghid de instala\u021bie \u0219i bro\u0219ur\u0103 pentru driverul de alimentare SloanLED 100W 24VDC.[\/vc_column_text][vc_row_inner gap=&#8221;20&#8243;][vc_column_inner width=&#8221;1\/4&#8243;][vc_column_text]<\/p>\n<p style=\"text-align: center;\">Buletin de produs<\/p>\n<p>[\/vc_column_text][vc_single_image image=&#8221;15277&#8243; img_size=&#8221;130&#215;180&#8243; alignment=&#8221;center&#8221; style=&#8221;vc_box_outline&#8221;]<style type=\"text\/css\" data-type=\"the7_shortcodes-inline-css\">#default-btn-cf39d9857f7ebe1305b9259b3c8e725b.ico-right-side > i {\n  margin-right: 0px;\n  margin-left: 8px;\n}\n#default-btn-cf39d9857f7ebe1305b9259b3c8e725b > i {\n  margin-right: 8px;\n}\n<\/style><div class=\"btn-align-center\"><a href=\"\/wp-content\/uploads\/2018\/07\/DataSheet-PowerSupplies-Global.pdf\" class=\"default-btn-shortcode dt-btn dt-btn-s link-hover-off \" target=\"_blank\" id=\"default-btn-cf39d9857f7ebe1305b9259b3c8e725b\" rel=\"noopener\"><span>Descarc\u0103 PDF<\/span><\/a><\/div>[\/vc_column_inner][vc_column_inner width=&#8221;1\/4&#8243;][vc_column_text]<\/p>\n<p style=\"text-align: center;\">Ghid de instala\u021bie<\/p>\n<p>[\/vc_column_text][vc_single_image image=&#8221;15278&#8243; img_size=&#8221;130&#215;180&#8243; alignment=&#8221;center&#8221; style=&#8221;vc_box_outline&#8221;]<style type=\"text\/css\" data-type=\"the7_shortcodes-inline-css\">#default-btn-0d9538ba3c5d0c2d619a6f1dc9f6e068.ico-right-side > i {\n  margin-right: 0px;\n  margin-left: 8px;\n}\n#default-btn-0d9538ba3c5d0c2d619a6f1dc9f6e068 > i {\n  margin-right: 8px;\n}\n<\/style><div class=\"btn-align-center\"><a href=\"\/wp-content\/uploads\/2018\/07\/InstallGuide-PowerSupply-WetLocation.pdf\" class=\"default-btn-shortcode dt-btn dt-btn-s link-hover-off \" target=\"_blank\" id=\"default-btn-0d9538ba3c5d0c2d619a6f1dc9f6e068\" rel=\"noopener\"><span>Descarc\u0103 PDF<\/span><\/a><\/div>[\/vc_column_inner][vc_column_inner width=&#8221;1\/4&#8243;][vc_column_text]<\/p>\n<p style=\"text-align: center;\">Bro\u0219ur\u0103 de produs<\/p>\n<p>[\/vc_column_text][vc_single_image image=&#8221;15225&#8243; img_size=&#8221;130&#215;180&#8243; alignment=&#8221;center&#8221; style=&#8221;vc_box_outline&#8221;]<style type=\"text\/css\" data-type=\"the7_shortcodes-inline-css\">#default-btn-c20657c2b3bdd95e004cec760ae2a5ca.ico-right-side > i {\n  margin-right: 0px;\n  margin-left: 8px;\n}\n#default-btn-c20657c2b3bdd95e004cec760ae2a5ca > i {\n  margin-right: 8px;\n}\n<\/style><div class=\"btn-align-center\"><a href=\"\/wp-content\/uploads\/2018\/07\/SloanLEDProductGuide-US-Canada-1.pdf\" class=\"default-btn-shortcode dt-btn dt-btn-s link-hover-off \" target=\"_blank\" id=\"default-btn-c20657c2b3bdd95e004cec760ae2a5ca\" rel=\"noopener\"><span>Descarc\u0103 PDF<\/span><\/a><\/div>[\/vc_column_inner][vc_column_inner width=&#8221;1\/4&#8243;][\/vc_column_inner][\/vc_row_inner][\/vc_column][\/vc_row]<\/p>\n<\/div>","protected":false},"excerpt":{"rendered":"<p>Driverul SloanLED 100W 24VDC ofer\u0103 cea mai recent\u0103 tehnologie de alimentare de la SloanLED \u00eentr-un design mai compact \u0219i eficient energetic. Fiabil \u0219i durabil, cu protec\u021bie ridicat\u0103 \u00eempotriva prafului \u0219i apei &#8211; IP68.<\/p>\n","protected":false},"featured_media":15276,"comment_status":"open","ping_status":"closed","template":"","meta":[],"product_cat":[1852,2688],"product_tag":[],"_links":{"self":[{"href":"https:\/\/partners-ltd.com\/ro\/wp-json\/wp\/v2\/product\/40938"}],"collection":[{"href":"https:\/\/partners-ltd.com\/ro\/wp-json\/wp\/v2\/product"}],"about":[{"href":"https:\/\/partners-ltd.com\/ro\/wp-json\/wp\/v2\/types\/product"}],"replies":[{"embeddable":true,"href":"https:\/\/partners-ltd.com\/ro\/wp-json\/wp\/v2\/comments?post=40938"}],"wp:featuredmedia":[{"embeddable":true,"href":"https:\/\/partners-ltd.com\/ro\/wp-json\/wp\/v2\/media\/15276"}],"wp:attachment":[{"href":"https:\/\/partners-ltd.com\/ro\/wp-json\/wp\/v2\/media?parent=40938"}],"wp:term":[{"taxonomy":"product_cat","embeddable":true,"href":"https:\/\/partners-ltd.com\/ro\/wp-json\/wp\/v2\/product_cat?post=40938"},{"taxonomy":"product_tag","embeddable":true,"href":"https:\/\/partners-ltd.com\/ro\/wp-json\/wp\/v2\/product_tag?post=40938"}],"curies":[{"name":"wp","href":"https:\/\/api.w.org\/{rel}","templated":true}]}}