{"id":40934,"date":"2021-01-23T11:25:15","date_gmt":"2021-01-23T09:25:15","guid":{"rendered":"https:\/\/partners-ltd.com\/magazin\/fara-categorie\/sloanled-60c3-power-supplies-12-v-driver-de-alimentare-dimabil-60w\/"},"modified":"2025-06-18T10:10:40","modified_gmt":"2025-06-18T07:10:40","slug":"sloanled-60c3-power-supplies-12-v-driver-de-alimentare-dimabil-60w","status":"publish","type":"product","link":"https:\/\/partners-ltd.com\/ro\/e-shop\/module-si-iluminare-led\/drivere-led\/sloanled-60c3-power-supplies-12-v-driver-de-alimentare-dimabil-60w\/","title":{"rendered":"SloanLED 60C3 Power Supplies 12 V &#8211; driver de alimentare dimabil 60W"},"content":{"rendered":"<div class=\"wpb-content-wrapper\"><p>[vc_row css=&#8221;.vc_custom_1530619279291{margin-bottom: 20px !important;border-top-width: 1px !important;border-right-width: 1px !important;border-bottom-width: 1px !important;border-left-width: 1px !important;padding-right: 10px !important;padding-left: 10px !important;border-left-color: #e2e2e2 !important;border-left-style: dotted !important;border-right-color: #e2e2e2 !important;border-right-style: dotted !important;border-top-color: #e2e2e2 !important;border-top-style: dotted !important;border-bottom-color: #e2e2e2 !important;border-bottom-style: dotted !important;border-radius: 1px !important;}&#8221;][vc_column]<div id=\"ultimate-heading-10569e08b8511827\" class=\"uvc-heading ult-adjust-bottom-margin ultimate-heading-10569e08b8511827 uvc-1923 \" data-hspacer=\"no_spacer\"  data-halign=\"left\" style=\"text-align:left\"><div class=\"uvc-heading-spacer no_spacer\" style=\"top\"><\/div><div class=\"uvc-main-heading ult-responsive\"  data-ultimate-target='.uvc-heading.ultimate-heading-10569e08b8511827 h2'  data-responsive-json-new='{\"font-size\":\"desktop:28px;\",\"line-height\":\"desktop:38px;\"}' ><h2 style=\"--font-weight:theme;margin-bottom:20px;\">SloanLED 60C3 Power Supplies 12 V - driver de alimentare dimabil 60W<\/h2><\/div><\/div>[vc_row_inner][vc_column_inner][vc_column_text]<strong>SloanLED 60C3 12 V<\/strong> este un driver de alimentare dimabil 60W. Acesta ofer\u0103 cea mai recent\u0103 tehnologie de alimentare de la SloanLED \u00eentr-un design \u0219i mai compact \u0219i eficient energetic, oferind performan\u021b\u0103 excep\u021bional\u0103, fiabilitate \u0219i flexibilitate pentru aplica\u021bii uscate \u0219i umede.<\/p>\n<p>Tensiune de intrare universal\u0103: 120-277 VAC, 50-60Hz<\/p>\n<p>Dispune de resetare automat\u0103, f\u0103r\u0103 siguran\u021be de \u00eenlocuit sau \u00eentrerup\u0103tor de resetare. \u00cen caz de scurtcircuit, protec\u021bia se reseteaz\u0103 automat c\u00e2nd starea este corectat\u0103. Aprobat conform UL879 \u0219i UL879A. Conexiuni secundare simple &#8211; nu este necesar\u0103 sarcin\u0103 minim\u0103 sau echilibrarea sarcinii.[\/vc_column_text][\/vc_column_inner][\/vc_row_inner][\/vc_column][\/vc_row][vc_row css=&#8221;.vc_custom_1531296600629{margin-bottom: 20px !important;border-top-width: 1px !important;border-right-width: 1px !important;border-bottom-width: 1px !important;border-left-width: 1px !important;padding-right: 10px !important;padding-left: 10px !important;border-left-color: #e2e2e2 !important;border-left-style: dotted !important;border-right-color: #e2e2e2 !important;border-right-style: dotted !important;border-top-color: #e2e2e2 !important;border-top-style: dotted !important;border-bottom-color: #e2e2e2 !important;border-bottom-style: dotted !important;border-radius: 2px !important;}&#8221;][vc_column width=&#8221;1\/2&#8243;]<div id=\"ultimate-heading-106569e08b8511875\" class=\"uvc-heading ult-adjust-bottom-margin ultimate-heading-106569e08b8511875 uvc-3556 \" data-hspacer=\"no_spacer\"  data-halign=\"left\" style=\"text-align:left\"><div class=\"uvc-heading-spacer no_spacer\" style=\"top\"><\/div><div class=\"uvc-main-heading ult-responsive\"  data-ultimate-target='.uvc-heading.ultimate-heading-106569e08b8511875 h3'  data-responsive-json-new='{\"font-size\":\"desktop:28px;\",\"line-height\":\"desktop:38px;\"}' ><h3 style=\"--font-weight:theme;margin-bottom:20px;\">Caracteristici principale:<\/h3><\/div><\/div><div class=\"standard-arrow list-divider bullet-top\"><ul>\n<li>Design compact \u0219i eficient energetic<\/li>\n<li>Potrivit pentru aplica\u021bii uscate \u0219i umede<\/li>\n<li>Tensiune de intrare universal\u0103<\/li>\n<\/ul>\n<\/div>[\/vc_column][vc_column width=&#8221;1\/2&#8243;][vc_empty_space height=&#8221;58px&#8221;]<div class=\"standard-arrow list-divider bullet-top\"><ul>\n<li>Resetare automat\u0103<\/li>\n<li>Nu este necesar\u0103 sarcin\u0103 minim\u0103 sau echilibrarea sarcinii<\/li>\n<li>Aprobat conform UL879 \u0219i UL879A<\/li>\n<\/ul>\n<\/div>[\/vc_column][\/vc_row][vc_row css=&#8221;.vc_custom_1531293008623{margin-bottom: 20px !important;border-top-width: 1px !important;border-right-width: 1px !important;border-bottom-width: 1px !important;border-left-width: 1px !important;padding-right: 10px !important;padding-left: 10px !important;border-left-color: #e2e2e2 !important;border-left-style: dotted !important;border-right-color: #e2e2e2 !important;border-right-style: dotted !important;border-top-color: #e2e2e2 !important;border-top-style: dotted !important;border-bottom-color: #e2e2e2 !important;border-bottom-style: dotted !important;border-radius: 2px !important;}&#8221;][vc_column]<div id=\"ultimate-heading-449369e08b8511934\" class=\"uvc-heading ult-adjust-bottom-margin ultimate-heading-449369e08b8511934 uvc-7850 \" data-hspacer=\"no_spacer\"  data-halign=\"left\" style=\"text-align:left\"><div class=\"uvc-heading-spacer no_spacer\" style=\"top\"><\/div><div class=\"uvc-main-heading ult-responsive\"  data-ultimate-target='.uvc-heading.ultimate-heading-449369e08b8511934 h3'  data-responsive-json-new='{\"font-size\":\"desktop:28px;\",\"line-height\":\"desktop:38px;\"}' ><h3 style=\"--font-weight:theme;margin-bottom:30px;\">Documente<\/h3><\/div><\/div>[vc_column_text]SloanLED 60C3 Power Supplies 12 V &#8211; driver de alimentare dimabil 60W[\/vc_column_text][vc_row_inner gap=&#8221;20&#8243;][vc_column_inner width=&#8221;1\/4&#8243;][vc_column_text]<\/p>\n<p style=\"text-align: center;\">Specifica\u021bie tehnic\u0103<\/p>\n<p>[\/vc_column_text][vc_single_image image=&#8221;26638&#8243; img_size=&#8221;130&#215;180&#8243; add_caption=&#8221;yes&#8221; alignment=&#8221;center&#8221; style=&#8221;vc_box_outline&#8221; onclick=&#8221;custom_link&#8221; img_link_target=&#8221;_blank&#8221; css=&#8221;.vc_custom_1634805916455{border-top-width: 1px !important;border-right-width: 1px !important;border-bottom-width: 1px !important;border-left-width: 1px !important;}&#8221; link=&#8221;\/wp-content\/uploads\/2021\/10\/SloanLED-PowerSupply-60C3-SpecSheet.pdf&#8221;]<style type=\"text\/css\" data-type=\"the7_shortcodes-inline-css\">#default-btn-ee3fab011f0e3b793a9f919a5e896902.ico-right-side > i {\n  margin-right: 0px;\n  margin-left: 8px;\n}\n#default-btn-ee3fab011f0e3b793a9f919a5e896902 > i {\n  margin-right: 8px;\n}\n<\/style><div class=\"btn-align-center\"><a href=\"\/wp-content\/uploads\/2021\/10\/SloanLED-PowerSupply-60C3-SpecSheet.pdf\" class=\"default-btn-shortcode dt-btn dt-btn-s link-hover-off \" target=\"_blank\" id=\"default-btn-ee3fab011f0e3b793a9f919a5e896902\" rel=\"noopener\"><i class=\"fas fa-download\"><\/i><span>Descarc\u0103 PDF<\/span><\/a><\/div>[\/vc_column_inner][vc_column_inner width=&#8221;1\/4&#8243;][vc_column_text]<\/p>\n<p style=\"text-align: center;\">Ghid de instala\u021bie<\/p>\n<p>[\/vc_column_text][vc_single_image image=&#8221;26644&#8243; img_size=&#8221;130&#215;180&#8243; alignment=&#8221;center&#8221; style=&#8221;vc_box_outline&#8221; onclick=&#8221;custom_link&#8221; img_link_target=&#8221;_blank&#8221; css=&#8221;.vc_custom_1634805980727{border-top-width: 1px !important;border-right-width: 1px !important;border-bottom-width: 1px !important;border-left-width: 1px !important;}&#8221; link=&#8221;\/wp-content\/uploads\/2021\/10\/SloanLED-PowerSupply-60C3-Install-Guide.pdf&#8221;]<style type=\"text\/css\" data-type=\"the7_shortcodes-inline-css\">#default-btn-b9a6708494af0baef168ae7592d3e259.ico-right-side > i {\n  margin-right: 0px;\n  margin-left: 8px;\n}\n#default-btn-b9a6708494af0baef168ae7592d3e259 > i {\n  margin-right: 8px;\n}\n<\/style><div class=\"btn-align-center\"><a href=\"\/wp-content\/uploads\/2021\/10\/SloanLED-Universal-LED-Bluetooth-Dimmer-Installation-Guide.pdf\" class=\"default-btn-shortcode dt-btn dt-btn-s link-hover-off \" target=\"_blank\" id=\"default-btn-b9a6708494af0baef168ae7592d3e259\" rel=\"noopener\"><i class=\"fas fa-download\"><\/i><span>Descarc\u0103 PDF<\/span><\/a><\/div>[\/vc_column_inner][vc_column_inner width=&#8221;1\/4&#8243;][vc_column_text]<\/p>\n<p style=\"text-align: center;\">Bro\u0219ur\u0103 de produs<\/p>\n<p>[\/vc_column_text][vc_single_image image=&#8221;26582&#8243; img_size=&#8221;130&#215;180&#8243; alignment=&#8221;center&#8221; style=&#8221;vc_box_outline&#8221; onclick=&#8221;custom_link&#8221; img_link_target=&#8221;_blank&#8221; css=&#8221;.vc_custom_1634719510643{border-top-width: 1px !important;border-right-width: 1px !important;border-bottom-width: 1px !important;border-left-width: 1px !important;}&#8221; link=&#8221;\/wp-content\/uploads\/2021\/10\/ProductGuide-PowerSupplies-Global-1.pdf&#8221;]<style type=\"text\/css\" data-type=\"the7_shortcodes-inline-css\">#default-btn-d67db290cd61371bfc66ea7d0968b9f2.ico-right-side > i {\n  margin-right: 0px;\n  margin-left: 8px;\n}\n#default-btn-d67db290cd61371bfc66ea7d0968b9f2 > i {\n  margin-right: 8px;\n}\n<\/style><div class=\"btn-align-center\"><a href=\"\/wp-content\/uploads\/2021\/10\/ProductGuide-PowerSupplies-Global-1.pdf\" class=\"default-btn-shortcode dt-btn dt-btn-s link-hover-off \" target=\"_blank\" id=\"default-btn-d67db290cd61371bfc66ea7d0968b9f2\" rel=\"noopener\"><i class=\"fas fa-download\"><\/i><span>Descarc\u0103 PDF<\/span><\/a><\/div>[\/vc_column_inner][vc_column_inner width=&#8221;1\/4&#8243;][\/vc_column_inner][\/vc_row_inner][\/vc_column][\/vc_row]<\/p>\n<\/div>","protected":false},"excerpt":{"rendered":"<p>SloanLED 60C3 12 V este un driver de alimentare dimabil 60W cu tensiune de intrare universal\u0103: 120-277 VAC, 50-60Hz. Potrivit pentru aplica\u021bii uscate \u0219i umede. Dispune de resetare automat\u0103, f\u0103r\u0103 siguran\u021be de \u00eenlocuit sau \u00eentrerup\u0103tor de resetare.<\/p>\n","protected":false},"featured_media":26635,"comment_status":"open","ping_status":"closed","template":"","meta":[],"product_cat":[1852,2688],"product_tag":[],"_links":{"self":[{"href":"https:\/\/partners-ltd.com\/ro\/wp-json\/wp\/v2\/product\/40934"}],"collection":[{"href":"https:\/\/partners-ltd.com\/ro\/wp-json\/wp\/v2\/product"}],"about":[{"href":"https:\/\/partners-ltd.com\/ro\/wp-json\/wp\/v2\/types\/product"}],"replies":[{"embeddable":true,"href":"https:\/\/partners-ltd.com\/ro\/wp-json\/wp\/v2\/comments?post=40934"}],"wp:featuredmedia":[{"embeddable":true,"href":"https:\/\/partners-ltd.com\/ro\/wp-json\/wp\/v2\/media\/26635"}],"wp:attachment":[{"href":"https:\/\/partners-ltd.com\/ro\/wp-json\/wp\/v2\/media?parent=40934"}],"wp:term":[{"taxonomy":"product_cat","embeddable":true,"href":"https:\/\/partners-ltd.com\/ro\/wp-json\/wp\/v2\/product_cat?post=40934"},{"taxonomy":"product_tag","embeddable":true,"href":"https:\/\/partners-ltd.com\/ro\/wp-json\/wp\/v2\/product_tag?post=40934"}],"curies":[{"name":"wp","href":"https:\/\/api.w.org\/{rel}","templated":true}]}}