{"id":40927,"date":"2018-07-07T12:00:57","date_gmt":"2018-07-07T09:00:57","guid":{"rendered":"https:\/\/partners-ltd.com\/magazin\/fara-categorie\/mean-well-lpv-20-24-20w-driver-de-alimentare\/"},"modified":"2025-06-18T09:32:33","modified_gmt":"2025-06-18T06:32:33","slug":"mean-well-lpv-20-24-20w-driver-de-alimentare","status":"publish","type":"product","link":"https:\/\/partners-ltd.com\/ro\/e-shop\/module-si-iluminare-led\/drivere-led\/mean-well-lpv-20-24-20w-driver-de-alimentare\/","title":{"rendered":"Mean Well LPV 20-24 20W \u2013 driver de alimentare"},"content":{"rendered":"<div class=\"wpb-content-wrapper\"><p>[vc_row css=&#8221;.vc_custom_1530619279291{margin-bottom: 20px !important;border-top-width: 1px !important;border-right-width: 1px !important;border-bottom-width: 1px !important;border-left-width: 1px !important;padding-right: 10px !important;padding-left: 10px !important;border-left-color: #e2e2e2 !important;border-left-style: dotted !important;border-right-color: #e2e2e2 !important;border-right-style: dotted !important;border-top-color: #e2e2e2 !important;border-top-style: dotted !important;border-bottom-color: #e2e2e2 !important;border-bottom-style: dotted !important;border-radius: 1px !important;}&#8221;][vc_column][vc_single_image image=&#8221;15157&#8243; img_size=&#8221;full&#8221;]<div id=\"ultimate-heading-126869fcb251c8f58\" class=\"uvc-heading ult-adjust-bottom-margin ultimate-heading-126869fcb251c8f58 uvc-8023 \" data-hspacer=\"no_spacer\"  data-halign=\"left\" style=\"text-align:left\"><div class=\"uvc-heading-spacer no_spacer\" style=\"top\"><\/div><div class=\"uvc-main-heading ult-responsive\"  data-ultimate-target='.uvc-heading.ultimate-heading-126869fcb251c8f58 h2'  data-responsive-json-new='{\"font-size\":\"desktop:28px;\",\"line-height\":\"desktop:38px;\"}' ><h2 style=\"--font-weight:theme;margin-bottom:20px;\">Driver Mean Well LPV 20-24 20W cu protec\u021bie la ap\u0103 IP67<\/h2><\/div><\/div>[vc_row_inner][vc_column_inner][vc_column_text]Driver de alimentare de \u00eenalt\u0103 calitate de la Mean Well din seria LPV, fabricat \u00een Coreea.<\/p>\n<p><a href=\"\/kategoriya\/led-moduli-osvetlenie\/led-draiveri\/\">Driver LED<\/a> MeanWell &#8211; 20W are protec\u021bie la scurtcircuit, suprasarcin\u0103, supra\u00eenc\u0103lzire \u0219i supratensiune. Extrem de fiabil \u0219i rezistent. Dezvoltat \u00een conformitate cu cele mai recente standarde de protec\u021bie la ap\u0103 \u2013 IP67. Potrivit pentru utilizare exterioar\u0103 (la alimentarea <a href=\"https:\/\/partners-ltd.com\/ro\/inceput\/led-moduli-osvetlenie\/\">modulelor LED \u0219i iluminatului<\/a>, benzilor LED \u0219i altor sisteme de iluminat care sunt alimentate cu tensiune constant\u0103). Garan\u021bie &#8211; 2 ani.<\/p>\n<p>Certificat de<strong>\u00a0CE<\/strong>\u00a0\u0219i\u00a0<strong>CRU US<\/strong>.[\/vc_column_text][\/vc_column_inner][\/vc_row_inner][\/vc_column][\/vc_row][vc_row css=&#8221;.vc_custom_1531296600629{margin-bottom: 20px !important;border-top-width: 1px !important;border-right-width: 1px !important;border-bottom-width: 1px !important;border-left-width: 1px !important;padding-right: 10px !important;padding-left: 10px !important;border-left-color: #e2e2e2 !important;border-left-style: dotted !important;border-right-color: #e2e2e2 !important;border-right-style: dotted !important;border-top-color: #e2e2e2 !important;border-top-style: dotted !important;border-bottom-color: #e2e2e2 !important;border-bottom-style: dotted !important;border-radius: 2px !important;}&#8221;][vc_column width=&#8221;1\/2&#8243;]<div id=\"ultimate-heading-399769fcb251c8f97\" class=\"uvc-heading ult-adjust-bottom-margin ultimate-heading-399769fcb251c8f97 uvc-1952 \" data-hspacer=\"no_spacer\"  data-halign=\"left\" style=\"text-align:left\"><div class=\"uvc-heading-spacer no_spacer\" style=\"top\"><\/div><div class=\"uvc-main-heading ult-responsive\"  data-ultimate-target='.uvc-heading.ultimate-heading-399769fcb251c8f97 h3'  data-responsive-json-new='{\"font-size\":\"desktop:28px;\",\"line-height\":\"desktop:38px;\"}' ><h3 style=\"--font-weight:theme;margin-bottom:20px;\">Caracteristici principale:<\/h3><\/div><\/div><div class=\"standard-arrow list-divider bullet-top\"><ul>\n<li>tensiune de ie\u0219ire constant\u0103<\/li>\n<li>fiabilitate \u0219i eficien\u021b\u0103<\/li>\n<li>protec\u021bie la scurtcircuit \u0219i tensiune \u00eenalt\u0103<\/li>\n<\/ul>\n<\/div>[\/vc_column][vc_column width=&#8221;1\/2&#8243;][vc_empty_space height=&#8221;58px&#8221;]<div class=\"standard-arrow list-divider bullet-top\"><ul>\n<li>\u00a0protec\u021bie la ap\u0103 &#8211; IP67<\/li>\n<li>calitate superioar\u0103<\/li>\n<li>garan\u021bie &#8211; 2 ani<\/li>\n<\/ul>\n<\/div>[\/vc_column][\/vc_row][vc_row css=&#8221;.vc_custom_1531293008623{margin-bottom: 20px !important;border-top-width: 1px !important;border-right-width: 1px !important;border-bottom-width: 1px !important;border-left-width: 1px !important;padding-right: 10px !important;padding-left: 10px !important;border-left-color: #e2e2e2 !important;border-left-style: dotted !important;border-right-color: #e2e2e2 !important;border-right-style: dotted !important;border-top-color: #e2e2e2 !important;border-top-style: dotted !important;border-bottom-color: #e2e2e2 !important;border-bottom-style: dotted !important;border-radius: 2px !important;}&#8221;][vc_column]<div id=\"ultimate-heading-536069fcb251c9021\" class=\"uvc-heading ult-adjust-bottom-margin ultimate-heading-536069fcb251c9021 uvc-7072 \" data-hspacer=\"no_spacer\"  data-halign=\"left\" style=\"text-align:left\"><div class=\"uvc-heading-spacer no_spacer\" style=\"top\"><\/div><div class=\"uvc-main-heading ult-responsive\"  data-ultimate-target='.uvc-heading.ultimate-heading-536069fcb251c9021 h3'  data-responsive-json-new='{\"font-size\":\"desktop:28px;\",\"line-height\":\"desktop:38px;\"}' ><h3 style=\"--font-weight:theme;margin-bottom:30px;\">Documente<\/h3><\/div><\/div>[vc_row_inner gap=&#8221;20&#8243; css=&#8221;.vc_custom_1637588197366{margin-bottom: 20px !important;}&#8221;][vc_column_inner width=&#8221;1\/2&#8243;][vc_column_text]Buletin de produs[\/vc_column_text][vc_single_image image=&#8221;26912&#8243; img_size=&#8221;130&#215;180&#8243; style=&#8221;vc_box_outline&#8221; onclick=&#8221;custom_link&#8221; img_link_target=&#8221;_blank&#8221; link=&#8221;\/wp-content\/uploads\/2021\/11\/Mean-Well-LPV-20-24-20W-\u2013-Bulletin.pdf&#8221;]<style type=\"text\/css\" data-type=\"the7_shortcodes-inline-css\">#default-btn-3856e83d6523636f4511d0fc7527e3e7.ico-right-side > i {\n  margin-right: 0px;\n  margin-left: 8px;\n}\n#default-btn-3856e83d6523636f4511d0fc7527e3e7 > i {\n  margin-right: 8px;\n}\n<\/style><div class=\"btn-align-left\"><a href=\"\/wp-content\/uploads\/2021\/11\/Mean-Well-LPV-20-24-20W-\u2013-Bulletin.pdf\" class=\"default-btn-shortcode dt-btn dt-btn-m link-hover-off  vc_custom_1750228347257\" target=\"_blank\" id=\"default-btn-3856e83d6523636f4511d0fc7527e3e7\" rel=\"noopener\"><i class=\"fas fa-download\"><\/i><span>Descarc\u0103 PDF<\/span><\/a><\/div>[\/vc_column_inner][vc_column_inner width=&#8221;1\/2&#8243;][vc_single_image image=&#8221;15156&#8243; img_size=&#8221;large&#8221; alignment=&#8221;right&#8221; style=&#8221;vc_box_outline&#8221; css=&#8221;.vc_custom_1531719917645{border-top-width: 1px !important;border-right-width: 1px !important;border-bottom-width: 1px !important;border-left-width: 1px !important;}&#8221;][\/vc_column_inner][\/vc_row_inner][\/vc_column][\/vc_row]<\/p>\n<\/div>","protected":false},"excerpt":{"rendered":"<p>Driver de alimentare de \u00eenalt\u0103 calitate de la Mean Well. Extrem de fiabil \u0219i eficient. Cu protec\u021bie la scurtcircuit \u0219i tensiune \u00eenalt\u0103. Creat pentru instala\u021bii exterioare.<\/p>\n","protected":false},"featured_media":26915,"comment_status":"open","ping_status":"closed","template":"","meta":[],"product_cat":[2688],"product_tag":[],"_links":{"self":[{"href":"https:\/\/partners-ltd.com\/ro\/wp-json\/wp\/v2\/product\/40927"}],"collection":[{"href":"https:\/\/partners-ltd.com\/ro\/wp-json\/wp\/v2\/product"}],"about":[{"href":"https:\/\/partners-ltd.com\/ro\/wp-json\/wp\/v2\/types\/product"}],"replies":[{"embeddable":true,"href":"https:\/\/partners-ltd.com\/ro\/wp-json\/wp\/v2\/comments?post=40927"}],"wp:featuredmedia":[{"embeddable":true,"href":"https:\/\/partners-ltd.com\/ro\/wp-json\/wp\/v2\/media\/26915"}],"wp:attachment":[{"href":"https:\/\/partners-ltd.com\/ro\/wp-json\/wp\/v2\/media?parent=40927"}],"wp:term":[{"taxonomy":"product_cat","embeddable":true,"href":"https:\/\/partners-ltd.com\/ro\/wp-json\/wp\/v2\/product_cat?post=40927"},{"taxonomy":"product_tag","embeddable":true,"href":"https:\/\/partners-ltd.com\/ro\/wp-json\/wp\/v2\/product_tag?post=40927"}],"curies":[{"name":"wp","href":"https:\/\/api.w.org\/{rel}","templated":true}]}}