{"id":40889,"date":"2018-08-01T17:00:51","date_gmt":"2018-08-01T14:00:51","guid":{"rendered":"https:\/\/partners-ltd.com\/magazin\/fara-categorie\/promaprint-tape-trans-substrat-pentru-transfer-de-folie-pentru-textile\/"},"modified":"2025-09-24T15:09:11","modified_gmt":"2025-09-24T12:09:11","slug":"promaprint-tape-trans-substrat-pentru-transfer-de-folie-pentru-textile","status":"publish","type":"product","link":"https:\/\/partners-ltd.com\/ro\/e-shop\/folie-pentru-textil\/promaprint-tape-trans-substrat-pentru-transfer-de-folie-pentru-textile\/","title":{"rendered":"PromaPrint Tape Trans &#8211; substrat pentru transfer de folie pentru textile"},"content":{"rendered":"<div class=\"wpb-content-wrapper\"><p>[vc_row css=&#8221;.vc_custom_1532072282826{margin-bottom: 20px !important;border-top-width: 1px !important;border-right-width: 1px !important;border-bottom-width: 1px !important;border-left-width: 1px !important;padding-right: 10px !important;padding-left: 10px !important;border-left-color: #e2e2e2 !important;border-left-style: dotted !important;border-right-color: #e2e2e2 !important;border-right-style: dotted !important;border-top-color: #e2e2e2 !important;border-top-style: dotted !important;border-bottom-color: #e2e2e2 !important;border-bottom-style: dotted !important;border-radius: 1px !important;}&#8221;][vc_column]<div id=\"ultimate-heading-684769e237664d60a\" class=\"uvc-heading ult-adjust-bottom-margin ultimate-heading-684769e237664d60a uvc-5143 \" data-hspacer=\"no_spacer\"  data-halign=\"left\" style=\"text-align:left\"><div class=\"uvc-heading-spacer no_spacer\" style=\"top\"><\/div><div class=\"uvc-main-heading ult-responsive\"  data-ultimate-target='.uvc-heading.ultimate-heading-684769e237664d60a h2'  data-responsive-json-new='{\"font-size\":\"desktop:28px;\",\"line-height\":\"desktop:38px;\"}' ><h2 style=\"--font-weight:theme;margin-bottom:20px;\">PromaPrint - Tape Trans substrat<\/h2><\/div><\/div>[vc_column_text]Promattex International recomand\u0103 utilizarea rolelor Tape Trans, deoarece se aplic\u0103 u\u0219or, datorit\u0103 stratului dur de PVC transparent. Dup\u0103 procesul de imprimare, band\u0103 de aplicare poate fi utilizat\u0103 de mai multe ori \u0219i poate fi schimbat\u0103 f\u0103r\u0103 a l\u0103sa urme.<\/p>\n<p><strong>Dimensiunea rol\u0103:<\/strong>\u00a050cm x 50m;\u00a0<strong>Grosime:<\/strong>\u00a0120 microni[\/vc_column_text][\/vc_column][\/vc_row][vc_row css=&#8221;.vc_custom_1532072282826{margin-bottom: 20px !important;border-top-width: 1px !important;border-right-width: 1px !important;border-bottom-width: 1px !important;border-left-width: 1px !important;padding-right: 10px !important;padding-left: 10px !important;border-left-color: #e2e2e2 !important;border-left-style: dotted !important;border-right-color: #e2e2e2 !important;border-right-style: dotted !important;border-top-color: #e2e2e2 !important;border-top-style: dotted !important;border-bottom-color: #e2e2e2 !important;border-bottom-style: dotted !important;border-radius: 1px !important;}&#8221;][vc_column]<div id=\"ultimate-heading-767769e237664d640\" class=\"uvc-heading ult-adjust-bottom-margin ultimate-heading-767769e237664d640 uvc-522 \" data-hspacer=\"no_spacer\"  data-halign=\"left\" style=\"text-align:left\"><div class=\"uvc-heading-spacer no_spacer\" style=\"top\"><\/div><div class=\"uvc-main-heading ult-responsive\"  data-ultimate-target='.uvc-heading.ultimate-heading-767769e237664d640 h3'  data-responsive-json-new='{\"font-size\":\"desktop:24px;\",\"line-height\":\"desktop:34px;\"}' ><h3 style=\"--font-weight:theme;margin-bottom:20px;\">Tipuri de folie pentru textile:<\/h3><\/div><\/div>[vc_row_inner][vc_column_inner width=&#8221;1\/2&#8243;]<div class=\"standard-arrow list-divider bullet-top\"><ul>\n<li><a href=\"https:\/\/partners-ltd.com\/ro\/e-shop\/folie-pentru-textil\/promaprint-folie-alba-poliuretanica-pentru-imprimare-solvent\/\">PromaPirnt &#8211; folie alb\u0103 poliuretanic\u0103<\/a><\/li>\n<li><a href=\"https:\/\/partners-ltd.com\/magazin\/folio-za-tekstil\/promaprint-prozrachno-folio-pechat\/\">PromaPrint &#8211; folie transparent\u0103 poliuretanic\u0103<\/a><\/li>\n<li><a href=\"https:\/\/partners-ltd.com\/ro\/e-shop\/folie-pentru-textil\/promaprint-folie-argintie-poliuretanica-pentru-imprimare-solvent\/\">PromaPrint &#8211; folie argintie poliuretanic\u0103<\/a><\/li>\n<li><a href=\"https:\/\/partners-ltd.com\/magazin\/folio-za-tekstil\/promaprint-poliyretanovo-folio-pechat\/\">PromaPrint &#8211; Darklite folie fotoluminiscent\u0103<\/a><\/li>\n<li><a href=\"https:\/\/partners-ltd.com\/ro\/e-shop\/folie-pentru-textil\/promaflex-plus-reflective-folie-reflectorizanta-pentru-taiere-pe-plotter\/\">PromaFlex Plus Reflective &#8211; folie reflectorizant\u0103<\/a><\/li>\n<\/ul>\n<\/div>[\/vc_column_inner][vc_column_inner width=&#8221;1\/2&#8243;][\/vc_column_inner][\/vc_row_inner][\/vc_column][\/vc_row][vc_row css=&#8221;.vc_custom_1532072267931{border-top-width: 1px !important;border-right-width: 1px !important;border-bottom-width: 1px !important;border-left-width: 1px !important;padding-right: 10px !important;padding-bottom: 20px !important;padding-left: 10px !important;border-left-color: #e2e2e2 !important;border-left-style: dotted !important;border-right-color: #e2e2e2 !important;border-right-style: dotted !important;border-top-color: #e2e2e2 !important;border-top-style: dotted !important;border-bottom-color: #e2e2e2 !important;border-bottom-style: dotted !important;border-radius: 1px !important;}&#8221;][vc_column width=&#8221;3\/4&#8243;]<div id=\"ultimate-heading-601369e237664d69f\" class=\"uvc-heading ult-adjust-bottom-margin ultimate-heading-601369e237664d69f uvc-7041 \" data-hspacer=\"no_spacer\"  data-halign=\"left\" style=\"text-align:left\"><div class=\"uvc-heading-spacer no_spacer\" style=\"top\"><\/div><div class=\"uvc-main-heading ult-responsive\"  data-ultimate-target='.uvc-heading.ultimate-heading-601369e237664d69f h3'  data-responsive-json-new='{\"font-size\":\"desktop:24px;\",\"line-height\":\"desktop:34px;\"}' ><h3 style=\"--font-weight:theme;margin-bottom:20px;\">Documente<\/h3><\/div><\/div>[vc_column_text]Buletin de produs \u0219i bro\u0219ur\u0103 pentru folie de decora\u021biuni pe sticl\u0103 3M Fasara\u2122 Glass Finishes.[\/vc_column_text][\/vc_column][vc_column width=&#8221;1\/4&#8243;][vc_column_text]<\/p>\n<p style=\"text-align: center;\">Bro\u0219ur\u0103 de produs<\/p>\n<p>[\/vc_column_text][vc_single_image image=&#8221;15374&#8243; img_size=&#8221;130&#215;180&#8243; alignment=&#8221;center&#8221; style=&#8221;vc_box_outline&#8221;]<style type=\"text\/css\" data-type=\"the7_shortcodes-inline-css\">#default-btn-a4076b129ab9f855ecd748f5863d8b92.ico-right-side > i {\n  margin-right: 0px;\n  margin-left: 8px;\n}\n#default-btn-a4076b129ab9f855ecd748f5863d8b92 > i {\n  margin-right: 8px;\n}\n<\/style><div class=\"btn-align-center\"><a href=\"\/wp-content\/uploads\/2018\/07\/Catalog-Partners-Promatex-2011.pdf\" class=\"default-btn-shortcode dt-btn dt-btn-s link-hover-off \" target=\"_blank\" id=\"default-btn-a4076b129ab9f855ecd748f5863d8b92\" rel=\"noopener\"><i class=\"fas fa-download\"><\/i><span>Descarc\u0103 PDF<\/span><\/a><\/div>[\/vc_column][\/vc_row]<\/p>\n<\/div>","protected":false},"excerpt":{"rendered":"<p>Substrat pentru transfer de folie pentru textile. Complet transparent\u0103, rezistent\u0103 la c\u0103ldura presei de aplicare.<\/p>\n","protected":false},"featured_media":15390,"comment_status":"open","ping_status":"closed","template":"","meta":[],"product_cat":[1854],"product_tag":[],"_links":{"self":[{"href":"https:\/\/partners-ltd.com\/ro\/wp-json\/wp\/v2\/product\/40889"}],"collection":[{"href":"https:\/\/partners-ltd.com\/ro\/wp-json\/wp\/v2\/product"}],"about":[{"href":"https:\/\/partners-ltd.com\/ro\/wp-json\/wp\/v2\/types\/product"}],"replies":[{"embeddable":true,"href":"https:\/\/partners-ltd.com\/ro\/wp-json\/wp\/v2\/comments?post=40889"}],"wp:featuredmedia":[{"embeddable":true,"href":"https:\/\/partners-ltd.com\/ro\/wp-json\/wp\/v2\/media\/15390"}],"wp:attachment":[{"href":"https:\/\/partners-ltd.com\/ro\/wp-json\/wp\/v2\/media?parent=40889"}],"wp:term":[{"taxonomy":"product_cat","embeddable":true,"href":"https:\/\/partners-ltd.com\/ro\/wp-json\/wp\/v2\/product_cat?post=40889"},{"taxonomy":"product_tag","embeddable":true,"href":"https:\/\/partners-ltd.com\/ro\/wp-json\/wp\/v2\/product_tag?post=40889"}],"curies":[{"name":"wp","href":"https:\/\/api.w.org\/{rel}","templated":true}]}}