{"id":40881,"date":"2018-06-30T16:45:15","date_gmt":"2018-06-30T13:45:15","guid":{"rendered":"https:\/\/partners-ltd.com\/magazin\/fara-categorie\/g-o-q-3-led-5630-warm-white-3000k-module-led-lumina-calda\/"},"modified":"2025-06-16T15:33:19","modified_gmt":"2025-06-16T12:33:19","slug":"g-o-q-3-led-5630-warm-white-3000k-module-led-lumina-calda","status":"publish","type":"product","link":"https:\/\/partners-ltd.com\/ro\/e-shop\/module-si-iluminare-led\/module-g-o-q-led\/g-o-q-3-led-5630-warm-white-3000k-module-led-lumina-calda\/","title":{"rendered":"G.O.Q. 3 LED 5630 Warm White 3000K &#8211; module LED lumin\u0103 cald\u0103"},"content":{"rendered":"<div class=\"wpb-content-wrapper\"><p>[vc_row css=&#8221;.vc_custom_1530619279291{margin-bottom: 20px !important;border-top-width: 1px !important;border-right-width: 1px !important;border-bottom-width: 1px !important;border-left-width: 1px !important;padding-right: 10px !important;padding-left: 10px !important;border-left-color: #e2e2e2 !important;border-left-style: dotted !important;border-right-color: #e2e2e2 !important;border-right-style: dotted !important;border-top-color: #e2e2e2 !important;border-top-style: dotted !important;border-bottom-color: #e2e2e2 !important;border-bottom-style: dotted !important;border-radius: 1px !important;}&#8221;][vc_column][vc_single_image image=&#8221;15075&#8243; img_size=&#8221;full&#8221;]<div id=\"ultimate-heading-868969e648f7b36a9\" class=\"uvc-heading ult-adjust-bottom-margin ultimate-heading-868969e648f7b36a9 uvc-4932 \" data-hspacer=\"no_spacer\"  data-halign=\"left\" style=\"text-align:left\"><div class=\"uvc-heading-spacer no_spacer\" style=\"top\"><\/div><div class=\"uvc-main-heading ult-responsive\"  data-ultimate-target='.uvc-heading.ultimate-heading-868969e648f7b36a9 h2'  data-responsive-json-new='{\"font-size\":\"desktop:28px;\",\"line-height\":\"desktop:38px;\"}' ><h2 style=\"--font-weight:theme;margin-bottom:20px;\">G.O.Q. 3 LED 5630 Warm White 3000K - module LED lumin\u0103 cald\u0103<\/h2><\/div><\/div>[vc_row_inner][vc_column_inner][vc_column_text]G.O.Q. 3 LED 5630 Warm White sunt module LED de \u00eenalt\u0103 calitate pentru iluminarea semnelor luminoase \u0219i literelor volumetrice. Sunt fabricate \u00een Coreea, cu cip integrat Samsung 5630. Aceast\u0103 tehnologie garanteaz\u0103 o iluminare str\u0103lucitoare, cu un unghi de vizibilitate de 150\u00b0. <a href=\"\/kategoriya\/led-moduli-osvetlenie\/goq-led-moduli\/\">Modulele LED G.O.Q.<\/a> din aceast\u0103 serie sunt realizate cu lentil\u0103 \u201eCap\u201c de ultim\u0103 genera\u021bie.<\/p>\n<p>Modulele LED <a href=\"https:\/\/partners-ltd.com\/ro\/inceput\/led-moduli-osvetlenie\/\">de \u00eenalt\u0103 calitate \u0219i iluminatul<\/a> de la G.O.Q. LED ofer\u0103 o instala\u021bie u\u0219oar\u0103 \u0219i rapid\u0103. Sunt potrivite pentru iluminarea at\u00e2t a semnelor luminoase unilaterale, c\u00e2t \u0219i bilaterale.<\/p>\n<p>Extrem de rezistente la ap\u0103, cu protec\u021bie IP68.<\/p>\n<p>\u00centr-un singur circuit se pot conecta 50 de module LED.[\/vc_column_text][\/vc_column_inner][\/vc_row_inner][\/vc_column][\/vc_row][vc_row css=&#8221;.vc_custom_1531296600629{margin-bottom: 20px !important;border-top-width: 1px !important;border-right-width: 1px !important;border-bottom-width: 1px !important;border-left-width: 1px !important;padding-right: 10px !important;padding-left: 10px !important;border-left-color: #e2e2e2 !important;border-left-style: dotted !important;border-right-color: #e2e2e2 !important;border-right-style: dotted !important;border-top-color: #e2e2e2 !important;border-top-style: dotted !important;border-bottom-color: #e2e2e2 !important;border-bottom-style: dotted !important;border-radius: 2px !important;}&#8221;][vc_column width=&#8221;1\/2&#8243;]<div id=\"ultimate-heading-931769e648f7b36de\" class=\"uvc-heading ult-adjust-bottom-margin ultimate-heading-931769e648f7b36de uvc-8742 \" data-hspacer=\"no_spacer\"  data-halign=\"left\" style=\"text-align:left\"><div class=\"uvc-heading-spacer no_spacer\" style=\"top\"><\/div><div class=\"uvc-main-heading ult-responsive\"  data-ultimate-target='.uvc-heading.ultimate-heading-931769e648f7b36de h3'  data-responsive-json-new='{\"font-size\":\"desktop:28px;\",\"line-height\":\"desktop:38px;\"}' ><h3 style=\"--font-weight:theme;margin-bottom:20px;\">Caracteristici principale:<\/h3><\/div><\/div><div class=\"standard-arrow list-divider bullet-top\"><ul>\n<li>pentru semne luminoase unilaterale \u0219i bilaterale<\/li>\n<li>pentru litere volumetrice<\/li>\n<li>lentil\u0103 de nou\u0103 genera\u021bie \u201eCap\u201d<\/li>\n<\/ul>\n<\/div>[\/vc_column][vc_column width=&#8221;1\/2&#8243;][vc_empty_space height=&#8221;58px&#8221;]<div class=\"standard-arrow list-divider bullet-top\"><ul>\n<li>cu cip LED Samsung 5630<\/li>\n<li>unghi de vizibilitate 150\u00b0<\/li>\n<li>garan\u021bie &#8211; 3 ani<\/li>\n<\/ul>\n<\/div>[\/vc_column][\/vc_row][vc_row css=&#8221;.vc_custom_1531293008623{margin-bottom: 20px !important;border-top-width: 1px !important;border-right-width: 1px !important;border-bottom-width: 1px !important;border-left-width: 1px !important;padding-right: 10px !important;padding-left: 10px !important;border-left-color: #e2e2e2 !important;border-left-style: dotted !important;border-right-color: #e2e2e2 !important;border-right-style: dotted !important;border-top-color: #e2e2e2 !important;border-top-style: dotted !important;border-bottom-color: #e2e2e2 !important;border-bottom-style: dotted !important;border-radius: 2px !important;}&#8221;][vc_column]<div id=\"ultimate-heading-209569e648f7b3759\" class=\"uvc-heading ult-adjust-bottom-margin ultimate-heading-209569e648f7b3759 uvc-8332 \" data-hspacer=\"no_spacer\"  data-halign=\"left\" style=\"text-align:left\"><div class=\"uvc-heading-spacer no_spacer\" style=\"top\"><\/div><div class=\"uvc-main-heading ult-responsive\"  data-ultimate-target='.uvc-heading.ultimate-heading-209569e648f7b3759 h3'  data-responsive-json-new='{\"font-size\":\"desktop:28px;\",\"line-height\":\"desktop:38px;\"}' ><h3 style=\"--font-weight:theme;margin-bottom:30px;\">Documente<\/h3><\/div><\/div>[vc_row_inner gap=&#8221;20&#8243;][vc_column_inner width=&#8221;1\/6&#8243;][vc_empty_space height=&#8221;10px&#8221;][vc_single_image image=&#8221;15087&#8243; img_size=&#8221;130&#215;180&#8243; style=&#8221;vc_box_outline&#8221;][\/vc_column_inner][vc_column_inner width=&#8221;2\/6&#8243;][vc_empty_space height=&#8221;10px&#8221;][vc_column_text]Buletin de produs cu specifica\u021biile tehnice ale modulelor LED G.O.Q. 3 LED 5630 Warm White 3000K.[\/vc_column_text]<style type=\"text\/css\" data-type=\"the7_shortcodes-inline-css\">#default-btn-4c5c4710c9d6c710430990768ffb7d12.ico-right-side > i {\n  margin-right: 0px;\n  margin-left: 8px;\n}\n#default-btn-4c5c4710c9d6c710430990768ffb7d12 > i {\n  margin-right: 8px;\n}\n<\/style><div class=\"btn-align-left\"><a href=\"\/wp-content\/uploads\/2018\/07\/GOQ-LED-5630-WARM-WHITE.pdf\" class=\"default-btn-shortcode dt-btn dt-btn-m link-hover-off \" target=\"_blank\" id=\"default-btn-4c5c4710c9d6c710430990768ffb7d12\" rel=\"noopener\"><i class=\"fas fa-download\"><\/i><span>Descarc\u0103 PDF<\/span><\/a><\/div>[\/vc_column_inner][vc_column_inner width=&#8221;3\/6&#8243;][vc_single_image image=&#8221;15073&#8243; img_size=&#8221;large&#8221; alignment=&#8221;right&#8221; style=&#8221;vc_box_outline&#8221; css=&#8221;.vc_custom_1531294459203{border-top-width: 1px !important;border-right-width: 1px !important;border-bottom-width: 1px !important;border-left-width: 1px !important;}&#8221;][\/vc_column_inner][\/vc_row_inner][\/vc_column][\/vc_row]<\/p>\n<\/div>","protected":false},"excerpt":{"rendered":"<p>Module LED de \u00eenalt\u0103 calitate (lumin\u0103 cald\u0103) cu cip Samsung 5630 integrat pentru iluminarea semnelor luminoase unilaterale \u0219i bilaterale, litere volumetrice. Unghi de vizibilitate garantat \u2013 150\u00b0. Realizate cu lentil\u0103 \u201eCap\u201c de ultim\u0103 genera\u021bie. Cu protec\u021bie la ap\u0103 IP68 \u0219i 3 ani garan\u021bie complet\u0103.<\/p>\n[dt_gap height=\"10\" \/]\n<p><img loading=\"lazy\" decoding=\"async\" class=\"alignleft size-full wp-image-4936\" src=\"\/wp-content\/uploads\/2018\/07\/150grad_samsung_3god.png\" alt=\"Unghi de 150 de grade \u0219i 3 ani garan\u021bie pentru modulele LED cu cip Samsung\" width=\"263\" height=\"35\" \/><\/p>\n","protected":false},"featured_media":15088,"comment_status":"open","ping_status":"closed","template":"","meta":[],"product_cat":[1852,2666],"product_tag":[],"_links":{"self":[{"href":"https:\/\/partners-ltd.com\/ro\/wp-json\/wp\/v2\/product\/40881"}],"collection":[{"href":"https:\/\/partners-ltd.com\/ro\/wp-json\/wp\/v2\/product"}],"about":[{"href":"https:\/\/partners-ltd.com\/ro\/wp-json\/wp\/v2\/types\/product"}],"replies":[{"embeddable":true,"href":"https:\/\/partners-ltd.com\/ro\/wp-json\/wp\/v2\/comments?post=40881"}],"wp:featuredmedia":[{"embeddable":true,"href":"https:\/\/partners-ltd.com\/ro\/wp-json\/wp\/v2\/media\/15088"}],"wp:attachment":[{"href":"https:\/\/partners-ltd.com\/ro\/wp-json\/wp\/v2\/media?parent=40881"}],"wp:term":[{"taxonomy":"product_cat","embeddable":true,"href":"https:\/\/partners-ltd.com\/ro\/wp-json\/wp\/v2\/product_cat?post=40881"},{"taxonomy":"product_tag","embeddable":true,"href":"https:\/\/partners-ltd.com\/ro\/wp-json\/wp\/v2\/product_tag?post=40881"}],"curies":[{"name":"wp","href":"https:\/\/api.w.org\/{rel}","templated":true}]}}