{"id":40876,"date":"2018-07-04T10:33:33","date_gmt":"2018-07-04T07:33:33","guid":{"rendered":"https:\/\/partners-ltd.com\/magazin\/fara-categorie\/g-o-q-3-led-2835-spectrum-white-module-led-albe\/"},"modified":"2025-06-16T15:12:49","modified_gmt":"2025-06-16T12:12:49","slug":"g-o-q-3-led-2835-spectrum-white-module-led-albe","status":"publish","type":"product","link":"https:\/\/partners-ltd.com\/ro\/e-shop\/module-si-iluminare-led\/module-g-o-q-led\/g-o-q-3-led-2835-spectrum-white-module-led-albe\/","title":{"rendered":"G.O.Q. 3 LED 2835 Spectrum White \u2013 module LED albe"},"content":{"rendered":"<div class=\"wpb-content-wrapper\"><p>[vc_row css=&#8221;.vc_custom_1530619279291{margin-bottom: 20px !important;border-top-width: 1px !important;border-right-width: 1px !important;border-bottom-width: 1px !important;border-left-width: 1px !important;padding-right: 10px !important;padding-left: 10px !important;border-left-color: #e2e2e2 !important;border-left-style: dotted !important;border-right-color: #e2e2e2 !important;border-right-style: dotted !important;border-top-color: #e2e2e2 !important;border-top-style: dotted !important;border-bottom-color: #e2e2e2 !important;border-bottom-style: dotted !important;border-radius: 1px !important;}&#8221;][vc_column][vc_single_image image=&#8221;15075&#8243; img_size=&#8221;full&#8221;]<div id=\"ultimate-heading-792369d612cab55b4\" class=\"uvc-heading ult-adjust-bottom-margin ultimate-heading-792369d612cab55b4 uvc-3910 \" data-hspacer=\"no_spacer\"  data-halign=\"left\" style=\"text-align:left\"><div class=\"uvc-heading-spacer no_spacer\" style=\"top\"><\/div><div class=\"uvc-main-heading ult-responsive\"  data-ultimate-target='.uvc-heading.ultimate-heading-792369d612cab55b4 h2'  data-responsive-json-new='{\"font-size\":\"desktop:28px;\",\"line-height\":\"desktop:38px;\"}' ><h2 style=\"--font-weight:theme;margin-bottom:20px;\">G.O.Q. 3 LED 2835 Spectrum White - module LED cu unghi larg de iluminare<\/h2><\/div><\/div>[vc_row_inner][vc_column_inner][vc_column_text]<a href=\"\/kategoriya\/led-moduli-osvetlenie\/goq-led-moduli\/\">Module LED G.O.Q.<\/a> cu cip Samsung 2835 integrat, fabricate \u00een Coreea.<\/p>\n<p>G.O.Q. 3 LED 2835 Spectrum White 6500K\/10000K asigur\u0103 iluminare str\u0103lucitoare \u0219i uniform\u0103 pentru utilizare eficient\u0103 \u0219i de lung\u0103 durat\u0103. Cu module LED amplasate la fiecare 16 cm \u0219i un unghi de iluminare de 180\u00b0. Datorit\u0103 ilumin\u0103rii sale excep\u021bionale, cu mai pu\u021bine module pot fi iluminate instala\u021bii publicitare mai mari. Dezvoltate \u00een conformitate cu cele mai noi standarde de protec\u021bie la umiditate \u2013 IP68. Modulele LED <a href=\"https:\/\/partners-ltd.com\/ro\/inceput\/led-moduli-osvetlenie\/\">de \u00eenalt\u0103 calitate \u0219i iluminatul de la G.O.Q. LED<\/a> sunt potrivite pentru orice tip de reclam\u0103 luminoas\u0103 (panouri, litere volumetrice \u0219i altele).<\/p>\n<p>Num\u0103rul maxim de module pe un circuit este de 50 buc.[\/vc_column_text][\/vc_column_inner][\/vc_row_inner][\/vc_column][\/vc_row][vc_row css=&#8221;.vc_custom_1531296600629{margin-bottom: 20px !important;border-top-width: 1px !important;border-right-width: 1px !important;border-bottom-width: 1px !important;border-left-width: 1px !important;padding-right: 10px !important;padding-left: 10px !important;border-left-color: #e2e2e2 !important;border-left-style: dotted !important;border-right-color: #e2e2e2 !important;border-right-style: dotted !important;border-top-color: #e2e2e2 !important;border-top-style: dotted !important;border-bottom-color: #e2e2e2 !important;border-bottom-style: dotted !important;border-radius: 2px !important;}&#8221;][vc_column width=&#8221;1\/2&#8243;]<div id=\"ultimate-heading-800269d612cab5600\" class=\"uvc-heading ult-adjust-bottom-margin ultimate-heading-800269d612cab5600 uvc-3417 \" data-hspacer=\"no_spacer\"  data-halign=\"left\" style=\"text-align:left\"><div class=\"uvc-heading-spacer no_spacer\" style=\"top\"><\/div><div class=\"uvc-main-heading ult-responsive\"  data-ultimate-target='.uvc-heading.ultimate-heading-800269d612cab5600 h3'  data-responsive-json-new='{\"font-size\":\"desktop:28px;\",\"line-height\":\"desktop:38px;\"}' ><h3 style=\"--font-weight:theme;margin-bottom:20px;\">Caracteristici principale:<\/h3><\/div><\/div><div class=\"standard-arrow list-divider bullet-top\"><ul>\n<li>semne luminoase \u0219i litere volumetrice<\/li>\n<li>cu cip integrat \u2013 Samsung 2835<\/li>\n<li>unghi de iluminare \u2013 180\u00b0<\/li>\n<\/ul>\n<\/div>[\/vc_column][vc_column width=&#8221;1\/2&#8243;][vc_empty_space height=&#8221;58px&#8221;]<div class=\"standard-arrow list-divider bullet-top\"><ul>\n<li>module de calitate cu eficien\u021b\u0103 ridicat\u0103<\/li>\n<li>protec\u021bie la ap\u0103 \u2013 IP68<\/li>\n<li>garan\u021bie &#8211; 3 ani<\/li>\n<\/ul>\n<\/div>[\/vc_column][\/vc_row][vc_row css=&#8221;.vc_custom_1531293008623{margin-bottom: 20px !important;border-top-width: 1px !important;border-right-width: 1px !important;border-bottom-width: 1px !important;border-left-width: 1px !important;padding-right: 10px !important;padding-left: 10px !important;border-left-color: #e2e2e2 !important;border-left-style: dotted !important;border-right-color: #e2e2e2 !important;border-right-style: dotted !important;border-top-color: #e2e2e2 !important;border-top-style: dotted !important;border-bottom-color: #e2e2e2 !important;border-bottom-style: dotted !important;border-radius: 2px !important;}&#8221;][vc_column]<div id=\"ultimate-heading-599569d612cab569b\" class=\"uvc-heading ult-adjust-bottom-margin ultimate-heading-599569d612cab569b uvc-2268 \" data-hspacer=\"no_spacer\"  data-halign=\"left\" style=\"text-align:left\"><div class=\"uvc-heading-spacer no_spacer\" style=\"top\"><\/div><div class=\"uvc-main-heading ult-responsive\"  data-ultimate-target='.uvc-heading.ultimate-heading-599569d612cab569b h3'  data-responsive-json-new='{\"font-size\":\"desktop:28px;\",\"line-height\":\"desktop:38px;\"}' ><h3 style=\"--font-weight:theme;margin-bottom:30px;\">Documente<\/h3><\/div><\/div>[vc_row_inner gap=&#8221;20&#8243;][vc_column_inner width=&#8221;1\/6&#8243;][vc_empty_space height=&#8221;10px&#8221;][vc_single_image image=&#8221;15143&#8243; img_size=&#8221;130&#215;180&#8243; style=&#8221;vc_box_outline&#8221;][\/vc_column_inner][vc_column_inner width=&#8221;2\/6&#8243;][vc_empty_space height=&#8221;10px&#8221;][vc_column_text]Buletin de produs cu specifica\u021biile tehnice ale modulelor LED G.O.Q. 3 LED 2835 Spectrum White.[\/vc_column_text]<style type=\"text\/css\" data-type=\"the7_shortcodes-inline-css\">#default-btn-37628edaba241ae314bb725f357380fc.ico-right-side > i {\n  margin-right: 0px;\n  margin-left: 8px;\n}\n#default-btn-37628edaba241ae314bb725f357380fc > i {\n  margin-right: 8px;\n}\n<\/style><div class=\"btn-align-left\"><a href=\"\/wp-content\/uploads\/2018\/07\/3LED-Spectrum-283510000K.pdf\" class=\"default-btn-shortcode dt-btn dt-btn-m link-hover-off \" target=\"_blank\" id=\"default-btn-37628edaba241ae314bb725f357380fc\" rel=\"noopener\"><i class=\"fas fa-download\"><\/i><span>Descarc\u0103 PDF<\/span><\/a><\/div>[\/vc_column_inner][vc_column_inner width=&#8221;3\/6&#8243;][vc_single_image image=&#8221;15134&#8243; img_size=&#8221;large&#8221; alignment=&#8221;right&#8221; style=&#8221;vc_box_outline&#8221; css=&#8221;.vc_custom_1531466311008{border-top-width: 1px !important;border-right-width: 1px !important;border-bottom-width: 1px !important;border-left-width: 1px !important;}&#8221;][\/vc_column_inner][\/vc_row_inner][\/vc_column][\/vc_row]<\/p>\n<\/div>","protected":false},"excerpt":{"rendered":"<p>Module LED de \u00eenalt\u0103 calitate \u0219i puternice cu cip Samsung 2835 integrat. Asigur\u0103 iluminare extrem de str\u0103lucitoare \u0219i uniform\u0103 pentru orice tip de reclam\u0103 luminoas\u0103. Cu temperatur\u0103 de culoare 6500K\/10000K, protec\u021bie la ap\u0103 IP68 \u0219i 3 ani garan\u021bie complet\u0103.<\/p>\n[dt_gap height=\"10\" \/]\n<p><img loading=\"lazy\" decoding=\"async\" class=\"alignleft size-full wp-image-4933\" src=\"\/wp-content\/uploads\/2018\/07\/180grad_samsung_3god.png\" alt=\"\" width=\"263\" height=\"35\" \/><\/p>\n","protected":false},"featured_media":15142,"comment_status":"open","ping_status":"closed","template":"","meta":[],"product_cat":[1852,2666],"product_tag":[],"_links":{"self":[{"href":"https:\/\/partners-ltd.com\/ro\/wp-json\/wp\/v2\/product\/40876"}],"collection":[{"href":"https:\/\/partners-ltd.com\/ro\/wp-json\/wp\/v2\/product"}],"about":[{"href":"https:\/\/partners-ltd.com\/ro\/wp-json\/wp\/v2\/types\/product"}],"replies":[{"embeddable":true,"href":"https:\/\/partners-ltd.com\/ro\/wp-json\/wp\/v2\/comments?post=40876"}],"wp:featuredmedia":[{"embeddable":true,"href":"https:\/\/partners-ltd.com\/ro\/wp-json\/wp\/v2\/media\/15142"}],"wp:attachment":[{"href":"https:\/\/partners-ltd.com\/ro\/wp-json\/wp\/v2\/media?parent=40876"}],"wp:term":[{"taxonomy":"product_cat","embeddable":true,"href":"https:\/\/partners-ltd.com\/ro\/wp-json\/wp\/v2\/product_cat?post=40876"},{"taxonomy":"product_tag","embeddable":true,"href":"https:\/\/partners-ltd.com\/ro\/wp-json\/wp\/v2\/product_tag?post=40876"}],"curies":[{"name":"wp","href":"https:\/\/api.w.org\/{rel}","templated":true}]}}