{"id":40862,"date":"2018-07-05T10:46:53","date_gmt":"2018-07-05T07:46:53","guid":{"rendered":"https:\/\/partners-ltd.com\/magazin\/fara-categorie\/g-o-q-3-led-shallow-culori\/"},"modified":"2025-06-16T15:41:10","modified_gmt":"2025-06-16T12:41:10","slug":"g-o-q-3-led-shallow-culori","status":"publish","type":"product","link":"https:\/\/partners-ltd.com\/ro\/e-shop\/module-si-iluminare-led\/module-g-o-q-led\/g-o-q-3-led-shallow-culori\/","title":{"rendered":"G.O.Q. 3 LED Shallow culori"},"content":{"rendered":"<div class=\"wpb-content-wrapper\"><p>[vc_row css=&#8221;.vc_custom_1530619279291{margin-bottom: 20px !important;border-top-width: 1px !important;border-right-width: 1px !important;border-bottom-width: 1px !important;border-left-width: 1px !important;padding-right: 10px !important;padding-left: 10px !important;border-left-color: #e2e2e2 !important;border-left-style: dotted !important;border-right-color: #e2e2e2 !important;border-right-style: dotted !important;border-top-color: #e2e2e2 !important;border-top-style: dotted !important;border-bottom-color: #e2e2e2 !important;border-bottom-style: dotted !important;border-radius: 1px !important;}&#8221;][vc_column][vc_single_image image=&#8221;15100&#8243; img_size=&#8221;full&#8221;]<div id=\"ultimate-heading-545769e212d4c2356\" class=\"uvc-heading ult-adjust-bottom-margin ultimate-heading-545769e212d4c2356 uvc-9272 \" data-hspacer=\"no_spacer\"  data-halign=\"left\" style=\"text-align:left\"><div class=\"uvc-heading-spacer no_spacer\" style=\"top\"><\/div><div class=\"uvc-main-heading ult-responsive\"  data-ultimate-target='.uvc-heading.ultimate-heading-545769e212d4c2356 h2'  data-responsive-json-new='{\"font-size\":\"desktop:28px;\",\"line-height\":\"desktop:38px;\"}' ><h2 style=\"--font-weight:theme;margin-bottom:20px;\">G.O.Q. 3 LED Shallow culori - module LED plate pentru semne \u0219i litere luminoase<\/h2><\/div><\/div>[vc_row_inner][vc_column_inner][vc_column_text]G.O.Q. 3 LED Shallow sunt disponibile \u00een culori verde, ro\u0219u \u0219i albastru. Sunt module LED de \u00eenalt\u0103 calitate pentru iluminarea reclamelor luminoase. Sunt fabricate \u00een Coreea, cu cip integrat de la DKI. Ilumineaz\u0103 str\u0103lucitor \u0219i economic, cu un unghi de vizibilitate de 160\u00b0. Modulele LED sunt realizate cu lentil\u0103 \u201eCap\u201c de ultim\u0103 genera\u021bie.<\/p>\n<p>Ofer\u0103 o instalare u\u0219oar\u0103 \u0219i rapid\u0103.\u00a0\u00centr-un singur circuit se pot conecta 50 de module LED. Module LED de \u00eenalt\u0103 calitate <a href=\"https:\/\/partners-ltd.com\/ro\/inceput\/led-moduli-osvetlenie\/\">\u0219i iluminare<\/a>, potrivite pentru iluminarea at\u00e2t a semnelor luminoase unilaterale, c\u00e2t \u0219i bilaterale, precum \u0219i a literelor volumetrice mici.<\/p>\n<p><a href=\"\/kategoriya\/led-moduli-osvetlenie\/goq-led-moduli\/\">Modulele LED G.O.Q.<\/a> din aceast\u0103 serie sunt extrem de rezistente la ap\u0103, cu protec\u021bie IP68.<\/p>\n<p><strong>Dimensiuni (L x l x \u00ce) \/ro\u0219u\/:<\/strong> 66mm x 15mm x 10.5mm; <strong>Iluminare \/negru\/<\/strong>: 20lm<br \/>\n<strong>Dimensiuni (L x l x \u00ce) \/verde, albastru\/:<\/strong> 66mm x 15mm x 8.5mm; <strong>Iluminare \/verde\/:<\/strong> 40lm; <strong>Iluminare \/albastru\/<\/strong>: 16lm[\/vc_column_text][\/vc_column_inner][\/vc_row_inner][\/vc_column][\/vc_row][vc_row css=&#8221;.vc_custom_1531296600629{margin-bottom: 20px !important;border-top-width: 1px !important;border-right-width: 1px !important;border-bottom-width: 1px !important;border-left-width: 1px !important;padding-right: 10px !important;padding-left: 10px !important;border-left-color: #e2e2e2 !important;border-left-style: dotted !important;border-right-color: #e2e2e2 !important;border-right-style: dotted !important;border-top-color: #e2e2e2 !important;border-top-style: dotted !important;border-bottom-color: #e2e2e2 !important;border-bottom-style: dotted !important;border-radius: 2px !important;}&#8221;][vc_column width=&#8221;1\/2&#8243;]<div id=\"ultimate-heading-788569e212d4c238f\" class=\"uvc-heading ult-adjust-bottom-margin ultimate-heading-788569e212d4c238f uvc-9579 \" data-hspacer=\"no_spacer\"  data-halign=\"left\" style=\"text-align:left\"><div class=\"uvc-heading-spacer no_spacer\" style=\"top\"><\/div><div class=\"uvc-main-heading ult-responsive\"  data-ultimate-target='.uvc-heading.ultimate-heading-788569e212d4c238f h3'  data-responsive-json-new='{\"font-size\":\"desktop:28px;\",\"line-height\":\"desktop:38px;\"}' ><h3 style=\"--font-weight:theme;margin-bottom:20px;\">Caracteristici principale:<\/h3><\/div><\/div><div class=\"standard-arrow list-divider bullet-top\"><ul>\n<li>pentru semne luminoase unilaterale \u0219i bilaterale<\/li>\n<li>pentru litere volumetrice mici (plate)<\/li>\n<li>lentil\u0103 de nou\u0103 genera\u021bie \u201eCap\u201d<\/li>\n<\/ul>\n<\/div>[\/vc_column][vc_column width=&#8221;1\/2&#8243;][vc_empty_space height=&#8221;58px&#8221;]<div class=\"standard-arrow list-divider bullet-top\"><ul>\n<li>calitate \u0219i durabilitate<\/li>\n<li>unghi de vizibilitate 160\u00b0<\/li>\n<li>garan\u021bie &#8211; 3 ani<\/li>\n<\/ul>\n<\/div>[\/vc_column][\/vc_row][vc_row css=&#8221;.vc_custom_1531293008623{margin-bottom: 20px !important;border-top-width: 1px !important;border-right-width: 1px !important;border-bottom-width: 1px !important;border-left-width: 1px !important;padding-right: 10px !important;padding-left: 10px !important;border-left-color: #e2e2e2 !important;border-left-style: dotted !important;border-right-color: #e2e2e2 !important;border-right-style: dotted !important;border-top-color: #e2e2e2 !important;border-top-style: dotted !important;border-bottom-color: #e2e2e2 !important;border-bottom-style: dotted !important;border-radius: 2px !important;}&#8221;][vc_column]<div id=\"ultimate-heading-470569e212d4c2414\" class=\"uvc-heading ult-adjust-bottom-margin ultimate-heading-470569e212d4c2414 uvc-6742 \" data-hspacer=\"no_spacer\"  data-halign=\"left\" style=\"text-align:left\"><div class=\"uvc-heading-spacer no_spacer\" style=\"top\"><\/div><div class=\"uvc-main-heading ult-responsive\"  data-ultimate-target='.uvc-heading.ultimate-heading-470569e212d4c2414 h3'  data-responsive-json-new='{\"font-size\":\"desktop:28px;\",\"line-height\":\"desktop:38px;\"}' ><h3 style=\"--font-weight:theme;margin-bottom:30px;\">Documente<\/h3><\/div><\/div>[vc_column_text]Buletin de produs cu specifica\u021biile tehnice ale modulelor LED G.O.Q. 3 LED Shallow &#8211; Ro\u0219u, Verde, Albastru.[\/vc_column_text][vc_row_inner gap=&#8221;20&#8243;][vc_column_inner width=&#8221;1\/6&#8243;][vc_column_text]<\/p>\n<p style=\"text-align: center;\">G.O.Q. 3 ro\u0219u<\/p>\n<p>[\/vc_column_text][vc_single_image image=&#8221;15120&#8243; img_size=&#8221;130&#215;180&#8243; alignment=&#8221;center&#8221; style=&#8221;vc_box_outline&#8221;]<style type=\"text\/css\" data-type=\"the7_shortcodes-inline-css\">#default-btn-35535ef1f4c6b6d64dbdb8d54e4ddd08.ico-right-side > i {\n  margin-right: 0px;\n  margin-left: 8px;\n}\n#default-btn-35535ef1f4c6b6d64dbdb8d54e4ddd08 > i {\n  margin-right: 8px;\n}\n<\/style><div class=\"btn-align-center\"><a href=\"\/wp-content\/uploads\/2018\/07\/GOQ-3LED-RED-FROSTED.pdf\" class=\"default-btn-shortcode dt-btn dt-btn-s link-hover-off \" target=\"_blank\" id=\"default-btn-35535ef1f4c6b6d64dbdb8d54e4ddd08\" rel=\"noopener\"><i class=\"fas fa-download\"><\/i><span>Descarc\u0103 PDF<\/span><\/a><\/div>[\/vc_column_inner][vc_column_inner width=&#8221;1\/6&#8243;][vc_column_text]<\/p>\n<p style=\"text-align: center;\">G.O.Q. 3 LED verde<\/p>\n<p>[\/vc_column_text][vc_single_image image=&#8221;15119&#8243; img_size=&#8221;130&#215;180&#8243; alignment=&#8221;center&#8221; style=&#8221;vc_box_outline&#8221;]<style type=\"text\/css\" data-type=\"the7_shortcodes-inline-css\">#default-btn-4fad3fea3e4c3c9e43f22ae61a1ece78.ico-right-side > i {\n  margin-right: 0px;\n  margin-left: 8px;\n}\n#default-btn-4fad3fea3e4c3c9e43f22ae61a1ece78 > i {\n  margin-right: 8px;\n}\n<\/style><div class=\"btn-align-center\"><a href=\"\/wp-content\/uploads\/2018\/07\/GOQ-3LED-GREEN-FROSTED.pdf\" class=\"default-btn-shortcode dt-btn dt-btn-s link-hover-off \" target=\"_blank\" id=\"default-btn-4fad3fea3e4c3c9e43f22ae61a1ece78\" rel=\"noopener\"><i class=\"fas fa-download\"><\/i><span>Descarc\u0103 PDF<\/span><\/a><\/div>[\/vc_column_inner][vc_column_inner width=&#8221;1\/6&#8243;][vc_column_text]<\/p>\n<p style=\"text-align: center;\">G.O.Q. 3 LED albastru<\/p>\n<p>[\/vc_column_text][vc_single_image image=&#8221;15118&#8243; img_size=&#8221;130&#215;180&#8243; alignment=&#8221;center&#8221; style=&#8221;vc_box_outline&#8221;]<style type=\"text\/css\" data-type=\"the7_shortcodes-inline-css\">#default-btn-43d596fb6cafb1e66209cccde66a4fb2.ico-right-side > i {\n  margin-right: 0px;\n  margin-left: 8px;\n}\n#default-btn-43d596fb6cafb1e66209cccde66a4fb2 > i {\n  margin-right: 8px;\n}\n<\/style><div class=\"btn-align-center\"><a href=\"\/wp-content\/uploads\/2018\/07\/GOQ-3LED-BLUE-FROSTED.pdf\" class=\"default-btn-shortcode dt-btn dt-btn-s link-hover-off \" target=\"_blank\" id=\"default-btn-43d596fb6cafb1e66209cccde66a4fb2\" rel=\"noopener\"><i class=\"fas fa-download\"><\/i><span>Descarc\u0103 PDF<\/span><\/a><\/div>[\/vc_column_inner][vc_column_inner width=&#8221;1\/2&#8243;][vc_single_image image=&#8221;15121&#8243; img_size=&#8221;large&#8221; alignment=&#8221;right&#8221; style=&#8221;vc_box_outline&#8221; css=&#8221;.vc_custom_1531387764967{border-top-width: 1px !important;border-right-width: 1px !important;border-bottom-width: 1px !important;border-left-width: 1px !important;}&#8221;][\/vc_column_inner][\/vc_row_inner][\/vc_column][\/vc_row]<\/p>\n<\/div>","protected":false},"excerpt":{"rendered":"<p>Module LED coreene de \u00eenalt\u0103 calitate pentru iluminarea semnelor luminoase unilaterale \u0219i bilaterale, litere volumetrice plate. Unghi de vizibilitate garantat \u2013 160 de grade. Realizate cu lentil\u0103 \u201eCap\u201c de ultim\u0103 genera\u021bie. Cu protec\u021bie la ap\u0103 IP68 \u0219i 3 ani garan\u021bie complet\u0103.<\/p>\n[dt_gap height=\"10\" \/]\n<p><img loading=\"lazy\" decoding=\"async\" class=\"alignleft size-full wp-image-4929\" src=\"\/wp-content\/uploads\/2018\/07\/160grad_3-god.png\" alt=\"Unghi de iluminare de 160 de grade \u0219i 3 ani garan\u021bie pentru modulele LED\" width=\"163\" height=\"35\" \/><\/p>\n","protected":false},"featured_media":15105,"comment_status":"open","ping_status":"closed","template":"","meta":[],"product_cat":[1852,2666],"product_tag":[],"_links":{"self":[{"href":"https:\/\/partners-ltd.com\/ro\/wp-json\/wp\/v2\/product\/40862"}],"collection":[{"href":"https:\/\/partners-ltd.com\/ro\/wp-json\/wp\/v2\/product"}],"about":[{"href":"https:\/\/partners-ltd.com\/ro\/wp-json\/wp\/v2\/types\/product"}],"replies":[{"embeddable":true,"href":"https:\/\/partners-ltd.com\/ro\/wp-json\/wp\/v2\/comments?post=40862"}],"wp:featuredmedia":[{"embeddable":true,"href":"https:\/\/partners-ltd.com\/ro\/wp-json\/wp\/v2\/media\/15105"}],"wp:attachment":[{"href":"https:\/\/partners-ltd.com\/ro\/wp-json\/wp\/v2\/media?parent=40862"}],"wp:term":[{"taxonomy":"product_cat","embeddable":true,"href":"https:\/\/partners-ltd.com\/ro\/wp-json\/wp\/v2\/product_cat?post=40862"},{"taxonomy":"product_tag","embeddable":true,"href":"https:\/\/partners-ltd.com\/ro\/wp-json\/wp\/v2\/product_tag?post=40862"}],"curies":[{"name":"wp","href":"https:\/\/api.w.org\/{rel}","templated":true}]}}