{"id":40861,"date":"2018-07-03T09:38:57","date_gmt":"2018-07-03T06:38:57","guid":{"rendered":"https:\/\/partners-ltd.com\/magazin\/fara-categorie\/g-o-q-3-led-spectrum-red-module-led-colorate\/"},"modified":"2025-06-16T14:33:45","modified_gmt":"2025-06-16T11:33:45","slug":"g-o-q-3-led-spectrum-red-module-led-colorate","status":"publish","type":"product","link":"https:\/\/partners-ltd.com\/ro\/e-shop\/module-si-iluminare-led\/module-g-o-q-led\/g-o-q-3-led-spectrum-red-module-led-colorate\/","title":{"rendered":"G.O.Q. 3 LED Spectrum Red &#8211; module LED colorate"},"content":{"rendered":"<div class=\"wpb-content-wrapper\"><p>[vc_row css=&#8221;.vc_custom_1530619279291{margin-bottom: 20px !important;border-top-width: 1px !important;border-right-width: 1px !important;border-bottom-width: 1px !important;border-left-width: 1px !important;padding-right: 10px !important;padding-left: 10px !important;border-left-color: #e2e2e2 !important;border-left-style: dotted !important;border-right-color: #e2e2e2 !important;border-right-style: dotted !important;border-top-color: #e2e2e2 !important;border-top-style: dotted !important;border-bottom-color: #e2e2e2 !important;border-bottom-style: dotted !important;border-radius: 1px !important;}&#8221;][vc_column][vc_single_image image=&#8221;15100&#8243; img_size=&#8221;full&#8221;]<div id=\"ultimate-heading-752969d61778422c4\" class=\"uvc-heading ult-adjust-bottom-margin ultimate-heading-752969d61778422c4 uvc-1490 \" data-hspacer=\"no_spacer\"  data-halign=\"left\" style=\"text-align:left\"><div class=\"uvc-heading-spacer no_spacer\" style=\"top\"><\/div><div class=\"uvc-main-heading ult-responsive\"  data-ultimate-target='.uvc-heading.ultimate-heading-752969d61778422c4 h2'  data-responsive-json-new='{\"font-size\":\"desktop:28px;\",\"line-height\":\"desktop:38px;\"}' ><h2 style=\"--font-weight:theme;margin-bottom:20px;\">G.O.Q. 3 LED Spectrum module LED colorate<\/h2><\/div><\/div>[vc_row_inner][vc_column_inner][vc_column_text]G.O.Q. 3 LED Spectrum Red sunt module LED de \u00eenalt\u0103 calitate pentru iluminarea semnelor luminoase \u0219i literelor volumetrice. Sunt fabricate \u00een Coreea, cu cip integrat de la BRTLED \u0219i lentil\u0103 \u201eCap\u201c de ultim\u0103 genera\u021bie. Tehnologia garanteaz\u0103 o iluminare str\u0103lucitoare, cu un unghi de vizibilitate de 180\u00b0. Datorit\u0103 ilumin\u0103rii excelente \u0219i laterale, <a href=\"\/kategoriya\/led-moduli-osvetlenie\/goq-led-moduli\/\">modulele LED G.O.Q.<\/a> sunt amplasate la fiecare 16cm (lungimea cablului). Cu modulele LED Spectrum, reclamele luminoase pot fi iluminate cu un num\u0103r mult mai mic de module. Se ob\u021bine o eficien\u021b\u0103 mai bun\u0103, f\u0103r\u0103 a modifica iluminarea uniform\u0103 \u0219i str\u0103lucitoare a reclamei.<\/p>\n<p>Sunt potrivite pentru iluminarea at\u00e2t a semnelor luminoase unilaterale, c\u00e2t \u0219i bilaterale.<\/p>\n<p>Modulele LED <a href=\"https:\/\/partners-ltd.com\/ro\/inceput\/led-moduli-osvetlenie\/\">de \u00eenalt\u0103 calitate \u0219i iluminatul<\/a> de la G.O.Q. LED ofer\u0103 o instala\u021bie u\u0219oar\u0103 \u0219i rapid\u0103. Cu rezisten\u021b\u0103 ridicat\u0103 la ap\u0103 &#8211; IP68.<\/p>\n<p>\u00centr-un singur circuit se pot conecta 50 de module LED.[\/vc_column_text][\/vc_column_inner][\/vc_row_inner][\/vc_column][\/vc_row][vc_row css=&#8221;.vc_custom_1531296600629{margin-bottom: 20px !important;border-top-width: 1px !important;border-right-width: 1px !important;border-bottom-width: 1px !important;border-left-width: 1px !important;padding-right: 10px !important;padding-left: 10px !important;border-left-color: #e2e2e2 !important;border-left-style: dotted !important;border-right-color: #e2e2e2 !important;border-right-style: dotted !important;border-top-color: #e2e2e2 !important;border-top-style: dotted !important;border-bottom-color: #e2e2e2 !important;border-bottom-style: dotted !important;border-radius: 2px !important;}&#8221;][vc_column width=&#8221;1\/2&#8243;]<div id=\"ultimate-heading-916169d6177842303\" class=\"uvc-heading ult-adjust-bottom-margin ultimate-heading-916169d6177842303 uvc-4391 \" data-hspacer=\"no_spacer\"  data-halign=\"left\" style=\"text-align:left\"><div class=\"uvc-heading-spacer no_spacer\" style=\"top\"><\/div><div class=\"uvc-main-heading ult-responsive\"  data-ultimate-target='.uvc-heading.ultimate-heading-916169d6177842303 h3'  data-responsive-json-new='{\"font-size\":\"desktop:28px;\",\"line-height\":\"desktop:38px;\"}' ><h3 style=\"--font-weight:theme;margin-bottom:20px;\">Caracteristici principale:<\/h3><\/div><\/div><div class=\"standard-arrow list-divider bullet-top\"><ul>\n<li>pentru iluminarea semnelor luminoase unilaterale \u0219i bilaterale<\/li>\n<li>pentru litere volumetrice luminoase<\/li>\n<li>lentil\u0103 de nou\u0103 genera\u021bie \u201eCap\u201d<\/li>\n<\/ul>\n<\/div>[\/vc_column][vc_column width=&#8221;1\/2&#8243;][vc_empty_space height=&#8221;58px&#8221;]<div class=\"standard-arrow list-divider bullet-top\"><ul>\n<li>garan\u021bie &#8211; 3 ani<\/li>\n<li>unghi de vizibilitate 180\u00b0<\/li>\n<li>cu calitate superioar\u0103 \u0219i durabilitate<\/li>\n<\/ul>\n<\/div>[\/vc_column][\/vc_row][vc_row css=&#8221;.vc_custom_1531293008623{margin-bottom: 20px !important;border-top-width: 1px !important;border-right-width: 1px !important;border-bottom-width: 1px !important;border-left-width: 1px !important;padding-right: 10px !important;padding-left: 10px !important;border-left-color: #e2e2e2 !important;border-left-style: dotted !important;border-right-color: #e2e2e2 !important;border-right-style: dotted !important;border-top-color: #e2e2e2 !important;border-top-style: dotted !important;border-bottom-color: #e2e2e2 !important;border-bottom-style: dotted !important;border-radius: 2px !important;}&#8221;][vc_column]<div id=\"ultimate-heading-171369d6177842393\" class=\"uvc-heading ult-adjust-bottom-margin ultimate-heading-171369d6177842393 uvc-4278 \" data-hspacer=\"no_spacer\"  data-halign=\"left\" style=\"text-align:left\"><div class=\"uvc-heading-spacer no_spacer\" style=\"top\"><\/div><div class=\"uvc-main-heading ult-responsive\"  data-ultimate-target='.uvc-heading.ultimate-heading-171369d6177842393 h3'  data-responsive-json-new='{\"font-size\":\"desktop:28px;\",\"line-height\":\"desktop:38px;\"}' ><h3 style=\"--font-weight:theme;margin-bottom:30px;\">Documente<\/h3><\/div><\/div>[vc_row_inner gap=&#8221;20&#8243;][vc_column_inner width=&#8221;1\/6&#8243;][vc_empty_space height=&#8221;10px&#8221;][vc_single_image image=&#8221;15139&#8243; img_size=&#8221;130&#215;180&#8243; style=&#8221;vc_box_outline&#8221;][\/vc_column_inner][vc_column_inner width=&#8221;2\/6&#8243;][vc_empty_space height=&#8221;10px&#8221;][vc_column_text]Buletin de produs cu specifica\u021biile tehnice ale modulelor LED G.O.Q. 3 LED Spectrum Red.[\/vc_column_text]<style type=\"text\/css\" data-type=\"the7_shortcodes-inline-css\">#default-btn-2ea10fb95afc48885ff03e15e8274f0b.ico-right-side > i {\n  margin-right: 0px;\n  margin-left: 8px;\n}\n#default-btn-2ea10fb95afc48885ff03e15e8274f0b > i {\n  margin-right: 8px;\n}\n<\/style><div class=\"btn-align-left\"><a href=\"\/wp-content\/uploads\/2018\/07\/GOQ-3-LED-RED-SPECTRUM2835.pdf\" class=\"default-btn-shortcode dt-btn dt-btn-m link-hover-off \" target=\"_blank\" id=\"default-btn-2ea10fb95afc48885ff03e15e8274f0b\" rel=\"noopener\"><i class=\"fas fa-download\"><\/i><span>Descarc\u0103 PDF<\/span><\/a><\/div>[\/vc_column_inner][vc_column_inner width=&#8221;3\/6&#8243;][vc_single_image image=&#8221;15140&#8243; img_size=&#8221;large&#8221; alignment=&#8221;right&#8221; style=&#8221;vc_box_outline&#8221; css=&#8221;.vc_custom_1531463013364{border-top-width: 1px !important;border-right-width: 1px !important;border-bottom-width: 1px !important;border-left-width: 1px !important;}&#8221;][\/vc_column_inner][\/vc_row_inner][\/vc_column][\/vc_row]<\/p>\n<\/div>","protected":false},"excerpt":{"rendered":"<p>Module LED puternice, de \u00eenalt\u0103 calitate, fabricate \u00een Coreea. Pentru iluminarea semnelor luminoase unilaterale \u0219i bilaterale, \u0219i a literelor volumetrice. Cu un unghi mare de iluminare &#8211; 180\u00b0 pentru o iluminare excelent\u0103 a reclamelor luminoase, cu un num\u0103r mai mic de module. Cu protec\u021bie ridicat\u0103 la ap\u0103 IP68 \u0219i 3 ani garan\u021bie.<\/p>\n[dt_gap height=\"10\" \/]\n<p><img loading=\"lazy\" decoding=\"async\" class=\"alignleft size-full wp-image-4951\" src=\"\/wp-content\/uploads\/2018\/07\/180grad_3-god.png\" alt=\"Unghi de iluminare de 180 de grade \u0219i 3 ani garan\u021bie pentru modulele LED\" width=\"168\" height=\"35\" \/><\/p>\n","protected":false},"featured_media":15137,"comment_status":"open","ping_status":"closed","template":"","meta":[],"product_cat":[1852,2666],"product_tag":[],"_links":{"self":[{"href":"https:\/\/partners-ltd.com\/ro\/wp-json\/wp\/v2\/product\/40861"}],"collection":[{"href":"https:\/\/partners-ltd.com\/ro\/wp-json\/wp\/v2\/product"}],"about":[{"href":"https:\/\/partners-ltd.com\/ro\/wp-json\/wp\/v2\/types\/product"}],"replies":[{"embeddable":true,"href":"https:\/\/partners-ltd.com\/ro\/wp-json\/wp\/v2\/comments?post=40861"}],"wp:featuredmedia":[{"embeddable":true,"href":"https:\/\/partners-ltd.com\/ro\/wp-json\/wp\/v2\/media\/15137"}],"wp:attachment":[{"href":"https:\/\/partners-ltd.com\/ro\/wp-json\/wp\/v2\/media?parent=40861"}],"wp:term":[{"taxonomy":"product_cat","embeddable":true,"href":"https:\/\/partners-ltd.com\/ro\/wp-json\/wp\/v2\/product_cat?post=40861"},{"taxonomy":"product_tag","embeddable":true,"href":"https:\/\/partners-ltd.com\/ro\/wp-json\/wp\/v2\/product_tag?post=40861"}],"curies":[{"name":"wp","href":"https:\/\/api.w.org\/{rel}","templated":true}]}}