{"id":40858,"date":"2018-06-29T15:40:00","date_gmt":"2018-06-29T12:40:00","guid":{"rendered":"https:\/\/partners-ltd.com\/magazin\/fara-categorie\/g-o-q-led-high-power-module-pentru-iluminare-laterala\/"},"modified":"2025-06-16T15:49:06","modified_gmt":"2025-06-16T12:49:06","slug":"g-o-q-led-high-power-module-pentru-iluminare-laterala","status":"publish","type":"product","link":"https:\/\/partners-ltd.com\/ro\/e-shop\/module-si-iluminare-led\/module-g-o-q-led\/g-o-q-led-high-power-module-pentru-iluminare-laterala\/","title":{"rendered":"G.O.Q. LED High Power &#8211; module pentru iluminare lateral\u0103"},"content":{"rendered":"<div class=\"wpb-content-wrapper\"><p>[vc_row css=&#8221;.vc_custom_1530619279291{margin-bottom: 20px !important;border-top-width: 1px !important;border-right-width: 1px !important;border-bottom-width: 1px !important;border-left-width: 1px !important;padding-right: 10px !important;padding-left: 10px !important;border-left-color: #e2e2e2 !important;border-left-style: dotted !important;border-right-color: #e2e2e2 !important;border-right-style: dotted !important;border-top-color: #e2e2e2 !important;border-top-style: dotted !important;border-bottom-color: #e2e2e2 !important;border-bottom-style: dotted !important;border-radius: 1px !important;}&#8221;][vc_column][vc_single_image image=&#8221;17268&#8243; img_size=&#8221;full&#8221;]<div id=\"ultimate-heading-422069e648a161dea\" class=\"uvc-heading ult-adjust-bottom-margin ultimate-heading-422069e648a161dea uvc-7311 \" data-hspacer=\"no_spacer\"  data-halign=\"left\" style=\"text-align:left\"><div class=\"uvc-heading-spacer no_spacer\" style=\"top\"><\/div><div class=\"uvc-main-heading ult-responsive\"  data-ultimate-target='.uvc-heading.ultimate-heading-422069e648a161dea h2'  data-responsive-json-new='{\"font-size\":\"desktop:28px;\",\"line-height\":\"desktop:38px;\"}' ><h2 style=\"--font-weight:theme;margin-bottom:20px;\">Module puternice G.O.Q. LED pentru iluminare lateral\u0103<\/h2><\/div><\/div>[vc_row_inner][vc_column_inner][vc_column_text]<a href=\"\/kategoriya\/led-moduli-osvetlenie\/goq-led-moduli\/\">Module LED G.O.Q.<\/a> de \u00eenalt\u0103 calitate pentru iluminare lateral\u0103 a instala\u021biilor publicitare precum semne, totemuri \u0219i litere volumetrice. Acestea garanteaz\u0103 o iluminare str\u0103lucitoare \u0219i uniform\u0103 a reclamelor, oferindu-le protec\u021bie ridicat\u0103 la ap\u0103 \u0219i un unghi de vizibilitate de 45<strong>\u00b0<\/strong> grade. Modulele LED G.O.Q. LED High Power sunt realizate cu lentil\u0103 \u201eCap\u201c de ultim\u0103 genera\u021bie. Sunt potrivite pentru semne luminoase unilaterale \u0219i bilaterale. <a href=\"https:\/\/partners-ltd.com\/ro\/inceput\/led-moduli-osvetlenie\/\">Modulele LED \u0219i corpurile de iluminat<\/a> de la G.O.Q. LED sunt oferite cu 3 ani garan\u021bie complet\u0103.[\/vc_column_text][\/vc_column_inner][\/vc_row_inner][\/vc_column][\/vc_row][vc_row css=&#8221;.vc_custom_1531296600629{margin-bottom: 20px !important;border-top-width: 1px !important;border-right-width: 1px !important;border-bottom-width: 1px !important;border-left-width: 1px !important;padding-right: 10px !important;padding-left: 10px !important;border-left-color: #e2e2e2 !important;border-left-style: dotted !important;border-right-color: #e2e2e2 !important;border-right-style: dotted !important;border-top-color: #e2e2e2 !important;border-top-style: dotted !important;border-bottom-color: #e2e2e2 !important;border-bottom-style: dotted !important;border-radius: 2px !important;}&#8221;][vc_column width=&#8221;1\/2&#8243;]<div id=\"ultimate-heading-863669e648a161e20\" class=\"uvc-heading ult-adjust-bottom-margin ultimate-heading-863669e648a161e20 uvc-4404 \" data-hspacer=\"no_spacer\"  data-halign=\"left\" style=\"text-align:left\"><div class=\"uvc-heading-spacer no_spacer\" style=\"top\"><\/div><div class=\"uvc-main-heading ult-responsive\"  data-ultimate-target='.uvc-heading.ultimate-heading-863669e648a161e20 h3'  data-responsive-json-new='{\"font-size\":\"desktop:28px;\",\"line-height\":\"desktop:38px;\"}' ><h3 style=\"--font-weight:theme;margin-bottom:20px;\">Caracteristici principale:<\/h3><\/div><\/div><div class=\"standard-arrow list-divider bullet-top\"><ul>\n<li>destinate ilumin\u0103rii semnelor luminoase \u0219i literelor<\/li>\n<li>lentil\u0103 de nou\u0103 genera\u021bie \u201eCap\u201d<\/li>\n<li>foarte rezistente<\/li>\n<\/ul>\n<\/div>[\/vc_column][vc_column width=&#8221;1\/2&#8243;][vc_empty_space height=&#8221;54px&#8221;]<div class=\"standard-arrow list-divider bullet-top\"><ul>\n<li>cu iluminare lateral\u0103<\/li>\n<li>pentru litere volumetrice mari<\/li>\n<li>garan\u021bie &#8211; 3 ani<\/li>\n<\/ul>\n<\/div>[\/vc_column][\/vc_row][vc_row css=&#8221;.vc_custom_1531293008623{margin-bottom: 20px !important;border-top-width: 1px !important;border-right-width: 1px !important;border-bottom-width: 1px !important;border-left-width: 1px !important;padding-right: 10px !important;padding-left: 10px !important;border-left-color: #e2e2e2 !important;border-left-style: dotted !important;border-right-color: #e2e2e2 !important;border-right-style: dotted !important;border-top-color: #e2e2e2 !important;border-top-style: dotted !important;border-bottom-color: #e2e2e2 !important;border-bottom-style: dotted !important;border-radius: 2px !important;}&#8221;][vc_column]<div id=\"ultimate-heading-818369e648a161e9f\" class=\"uvc-heading ult-adjust-bottom-margin ultimate-heading-818369e648a161e9f uvc-3286 \" data-hspacer=\"no_spacer\"  data-halign=\"left\" style=\"text-align:left\"><div class=\"uvc-heading-spacer no_spacer\" style=\"top\"><\/div><div class=\"uvc-main-heading ult-responsive\"  data-ultimate-target='.uvc-heading.ultimate-heading-818369e648a161e9f h3'  data-responsive-json-new='{\"font-size\":\"desktop:28px;\",\"line-height\":\"desktop:38px;\"}' ><h3 style=\"--font-weight:theme;margin-bottom:30px;\">Documente<\/h3><\/div><\/div>[vc_column_text]Buletin de produs cu specifica\u021biile tehnice ale modulelor LED G.O.Q. LED High Power.[\/vc_column_text][vc_row_inner gap=&#8221;20&#8243;][vc_column_inner width=&#8221;1\/2&#8243;][vc_single_image image=&#8221;17272&#8243; img_size=&#8221;130&#215;180&#8243; style=&#8221;vc_box_outline&#8221;]<style type=\"text\/css\" data-type=\"the7_shortcodes-inline-css\">#default-btn-5751dfa315bfb21d197baf4e5a1df83f.ico-right-side > i {\n  margin-right: 0px;\n  margin-left: 8px;\n}\n#default-btn-5751dfa315bfb21d197baf4e5a1df83f > i {\n  margin-right: 8px;\n}\n<\/style><div class=\"btn-align-left\"><a href=\"\/wp-content\/uploads\/2019\/03\/GOQ-HI-POWER-LED-MODULE-PRODUCT-SPECIFICATION_20161222.pdf\" class=\"default-btn-shortcode dt-btn dt-btn-m link-hover-off \" target=\"_blank\" id=\"default-btn-5751dfa315bfb21d197baf4e5a1df83f\" rel=\"noopener\"><i class=\"fas fa-download\"><\/i><span>Descarc\u0103 PDF<\/span><\/a><\/div>[\/vc_column_inner][vc_column_inner width=&#8221;1\/2&#8243;][\/vc_column_inner][\/vc_row_inner][\/vc_column][\/vc_row]<\/p>\n<\/div>","protected":false},"excerpt":{"rendered":"<p>Module LED de \u00eenalt\u0103 calitate pentru iluminare lateral\u0103 cu protec\u021bie ridicat\u0103 la ap\u0103 IP68 \u0219i lentil\u0103 de nou\u0103 genera\u021bie &#8222;Cap&#8221;.<br \/>\n<img loading=\"lazy\" decoding=\"async\" class=\"alignleft wp-image-4931 size-full\" src=\"\/wp-content\/uploads\/2019\/03\/goq_led_3_godini_garantsiya.png\" alt=\"Module LED cu cip Samsung, unghi de vizibilitate de 160 de grade, 3 ani garan\u021bie\" width=\"90\" height=\"35\" \/><\/p>\n","protected":false},"featured_media":17278,"comment_status":"open","ping_status":"closed","template":"","meta":[],"product_cat":[2666],"product_tag":[],"_links":{"self":[{"href":"https:\/\/partners-ltd.com\/ro\/wp-json\/wp\/v2\/product\/40858"}],"collection":[{"href":"https:\/\/partners-ltd.com\/ro\/wp-json\/wp\/v2\/product"}],"about":[{"href":"https:\/\/partners-ltd.com\/ro\/wp-json\/wp\/v2\/types\/product"}],"replies":[{"embeddable":true,"href":"https:\/\/partners-ltd.com\/ro\/wp-json\/wp\/v2\/comments?post=40858"}],"wp:featuredmedia":[{"embeddable":true,"href":"https:\/\/partners-ltd.com\/ro\/wp-json\/wp\/v2\/media\/17278"}],"wp:attachment":[{"href":"https:\/\/partners-ltd.com\/ro\/wp-json\/wp\/v2\/media?parent=40858"}],"wp:term":[{"taxonomy":"product_cat","embeddable":true,"href":"https:\/\/partners-ltd.com\/ro\/wp-json\/wp\/v2\/product_cat?post=40858"},{"taxonomy":"product_tag","embeddable":true,"href":"https:\/\/partners-ltd.com\/ro\/wp-json\/wp\/v2\/product_tag?post=40858"}],"curies":[{"name":"wp","href":"https:\/\/api.w.org\/{rel}","templated":true}]}}