{"id":40856,"date":"2018-08-01T10:43:17","date_gmt":"2018-08-01T07:43:17","guid":{"rendered":"https:\/\/partners-ltd.com\/magazin\/fara-categorie\/promaflex-plus-reflective-folie-reflectorizanta-pentru-taiere-pe-plotter\/"},"modified":"2025-06-16T12:24:19","modified_gmt":"2025-06-16T09:24:19","slug":"promaflex-plus-reflective-folie-reflectorizanta-pentru-taiere-pe-plotter","status":"publish","type":"product","link":"https:\/\/partners-ltd.com\/ro\/e-shop\/folie-pentru-textil\/promaflex-plus-reflective-folie-reflectorizanta-pentru-taiere-pe-plotter\/","title":{"rendered":"PromaFlex Plus Reflective &#8211; folie reflectorizant\u0103 pentru t\u0103iere pe plotter"},"content":{"rendered":"<div class=\"wpb-content-wrapper\"><p>[vc_row css=&#8221;.vc_custom_1532072282826{margin-bottom: 20px !important;border-top-width: 1px !important;border-right-width: 1px !important;border-bottom-width: 1px !important;border-left-width: 1px !important;padding-right: 10px !important;padding-left: 10px !important;border-left-color: #e2e2e2 !important;border-left-style: dotted !important;border-right-color: #e2e2e2 !important;border-right-style: dotted !important;border-top-color: #e2e2e2 !important;border-top-style: dotted !important;border-bottom-color: #e2e2e2 !important;border-bottom-style: dotted !important;border-radius: 1px !important;}&#8221;][vc_column]<div id=\"ultimate-heading-70369d7a28f2debf\" class=\"uvc-heading ult-adjust-bottom-margin ultimate-heading-70369d7a28f2debf uvc-5846 \" data-hspacer=\"no_spacer\"  data-halign=\"left\" style=\"text-align:left\"><div class=\"uvc-heading-spacer no_spacer\" style=\"top\"><\/div><div class=\"uvc-main-heading ult-responsive\"  data-ultimate-target='.uvc-heading.ultimate-heading-70369d7a28f2debf h2'  data-responsive-json-new='{\"font-size\":\"desktop:28px;\",\"line-height\":\"desktop:38px;\"}' ><h2 style=\"--font-weight:theme;margin-bottom:20px;\">PromaFlex Plus Reflective - folie reflectorizant\u0103 pentru aplica\u021bii pe textile<\/h2><\/div><\/div>[vc_column_text]Culoare reflectorizant\u0103, conform\u0103 cu cerin\u021bele BS EN 471 (standarde europene armonizate) pentru coeficientul minim de reflexie, ceea ce permite utilizarea de c\u0103tre autorit\u0103\u021bile oficiale pentru marcarea \u00eembr\u0103c\u0103mintei de protec\u021bie.<\/p>\n<p>PromaFlex Plus este o serie modern\u0103 care ofer\u0103 game speciale cu efect metalic, str\u0103lucitor, lucios \u0219i reflectorizant, care sunt imposibil de realizat prin imprimare serigrafic\u0103 obi\u0219nuit\u0103. Datorit\u0103 stratului adeziv sub\u021bire, PromaFlex Plus este potrivit pentru logo-uri de dimensiuni mici p\u00e2n\u0103 la medii. Mult mai sub\u021bire \u0219i \u00een acela\u0219i timp mai rezistent dec\u00e2t celelalte din seria PromaFlex, necesit\u00e2nd o presiune mai mare la t\u0103iere. Deoarece folia PromaFlex Plus este nedeformabil\u0103, necesit\u0103 \u00eengrijire special\u0103 la sp\u0103lare.<\/p>\n<p><strong>*PromatTex recomand\u0103 utilizarea unui substrat pentru transferul de folie pentru textile<\/strong> &#8211; <a href=\"https:\/\/partners-ltd.com\/magazin\/folio-za-tekstil\/tape-trans-podlozhka-folio-tekstil\/\">Tape Trans<\/a>.[\/vc_column_text][vc_row_inner][vc_column_inner width=&#8221;1\/3&#8243;][vc_column_text]<strong>Dimensiune rol\u0103: <\/strong>102cm \u0445 25m[\/vc_column_text][\/vc_column_inner][vc_column_inner width=&#8221;1\/3&#8243;][vc_column_text]<strong>Grosime:<\/strong> 135 microni[\/vc_column_text][\/vc_column_inner][vc_column_inner width=&#8221;1\/3&#8243;][vc_column_text]<strong>Dezlipire: <\/strong>la cald[\/vc_column_text][\/vc_column_inner][\/vc_row_inner][\/vc_column][\/vc_row][vc_row css=&#8221;.vc_custom_1532072379976{margin-bottom: 20px !important;border-top-width: 1px !important;border-right-width: 1px !important;border-bottom-width: 1px !important;border-left-width: 1px !important;padding-right: 10px !important;padding-bottom: 20px !important;padding-left: 10px !important;border-left-color: #e2e2e2 !important;border-left-style: dotted !important;border-right-color: #e2e2e2 !important;border-right-style: dotted !important;border-top-color: #e2e2e2 !important;border-top-style: dotted !important;border-bottom-color: #e2e2e2 !important;border-bottom-style: dotted !important;border-radius: 1px !important;}&#8221;][vc_column width=&#8221;1\/2&#8243;]<div id=\"ultimate-heading-350369d7a28f2df15\" class=\"uvc-heading ult-adjust-bottom-margin ultimate-heading-350369d7a28f2df15 uvc-23 \" data-hspacer=\"no_spacer\"  data-halign=\"left\" style=\"text-align:left\"><div class=\"uvc-heading-spacer no_spacer\" style=\"top\"><\/div><div class=\"uvc-main-heading ult-responsive\"  data-ultimate-target='.uvc-heading.ultimate-heading-350369d7a28f2df15 h3'  data-responsive-json-new='{\"font-size\":\"desktop:24px;\",\"line-height\":\"desktop:34px;\"}' ><h3 style=\"--font-weight:theme;margin-bottom:20px;\">Caracteristici principale:<\/h3><\/div><\/div><div class=\"standard-arrow list-divider bullet-top\"><ul>\n<li>pentru t\u0103iere \u00een oglind\u0103 pe plotter de t\u0103iere<\/li>\n<li>potrivit pentru logo-uri de dimensiuni mici p\u00e2n\u0103 la medii<\/li>\n<li>pentru sp\u0103lare delicat\u0103, la rece<\/li>\n<\/ul>\n<\/div>[\/vc_column][vc_column width=&#8221;1\/2&#8243;][vc_empty_space height=&#8221;54px&#8221;]<div class=\"standard-arrow list-divider bullet-top\"><ul>\n<li>conform cu cerin\u021bele europene BS EN 471<\/li>\n<li>timp de lipire &#8211; 8 secunde<\/li>\n<li>temperatur\u0103 de lipire 150\u00b0 C<\/li>\n<\/ul>\n<\/div>[\/vc_column][\/vc_row][vc_row css=&#8221;.vc_custom_1532072267931{border-top-width: 1px !important;border-right-width: 1px !important;border-bottom-width: 1px !important;border-left-width: 1px !important;padding-right: 10px !important;padding-bottom: 20px !important;padding-left: 10px !important;border-left-color: #e2e2e2 !important;border-left-style: dotted !important;border-right-color: #e2e2e2 !important;border-right-style: dotted !important;border-top-color: #e2e2e2 !important;border-top-style: dotted !important;border-bottom-color: #e2e2e2 !important;border-bottom-style: dotted !important;border-radius: 1px !important;}&#8221;][vc_column]<div id=\"ultimate-heading-385869d7a28f2dfbc\" class=\"uvc-heading ult-adjust-bottom-margin ultimate-heading-385869d7a28f2dfbc uvc-4274 \" data-hspacer=\"no_spacer\"  data-halign=\"left\" style=\"text-align:left\"><div class=\"uvc-heading-spacer no_spacer\" style=\"top\"><\/div><div class=\"uvc-main-heading ult-responsive\"  data-ultimate-target='.uvc-heading.ultimate-heading-385869d7a28f2dfbc h3'  data-responsive-json-new='{\"font-size\":\"desktop:24px;\",\"line-height\":\"desktop:34px;\"}' ><h3 style=\"--font-weight:theme;margin-bottom:20px;\">Documente<\/h3><\/div><\/div>[vc_row_inner gap=&#8221;15&#8243;][vc_column_inner width=&#8221;1\/2&#8243;][vc_column_text]Bro\u0219ur\u0103 de produs cu toate seriile de folie pentru textile, inclusiv folie reflectorizant\u0103 PromaFlex Plus.[\/vc_column_text][\/vc_column_inner][vc_column_inner width=&#8221;1\/4&#8243;][vc_column_text]<\/p>\n<p style=\"text-align: center;\">Bro\u0219ur\u0103 de produs<\/p>\n<p>[\/vc_column_text][vc_single_image image=&#8221;15374&#8243; img_size=&#8221;130&#215;180&#8243; alignment=&#8221;center&#8221; style=&#8221;vc_box_outline&#8221;]<style type=\"text\/css\" data-type=\"the7_shortcodes-inline-css\">#default-btn-a4076b129ab9f855ecd748f5863d8b92.ico-right-side > i {\n  margin-right: 0px;\n  margin-left: 8px;\n}\n#default-btn-a4076b129ab9f855ecd748f5863d8b92 > i {\n  margin-right: 8px;\n}\n<\/style><div class=\"btn-align-center\"><a href=\"\/wp-content\/uploads\/2018\/07\/Catalog-Partners-Promatex-2011.pdf\" class=\"default-btn-shortcode dt-btn dt-btn-s link-hover-off \" target=\"_blank\" id=\"default-btn-a4076b129ab9f855ecd748f5863d8b92\" rel=\"noopener\"><i class=\"fas fa-download\"><\/i><span>Descarc\u0103 PDF<\/span><\/a><\/div>[\/vc_column_inner][vc_column_inner width=&#8221;1\/4&#8243;][vc_column_text]<\/p>\n<p style=\"text-align: center;\">Efect<\/p>\n<p>[\/vc_column_text]<div class=\"twentytwenty-container\" data-orientation=\"horizontal\" data-offset=\"0.8\"><img loading=\"lazy\" decoding=\"async\" class=\"preload-me\" src=\"https:\/\/partners-ltd.com\/wp-content\/uploads\/2018\/07\/PromaFlex-Plus-reflective_no-light.jpg\" width=\"222\" height=\"219\"  alt=\"\u0421\u0432\u0435\u0442\u043b\u043e\u043e\u0442\u0440\u0430\u0437\u0438\u0442\u0435\u043b\u043d\u043e \u0444\u043e\u043b\u0438\u043e \u0437\u0430 \u0442\u0435\u043a\u0441\u0442\u0438\u043b PromaFlex Plus - \u043d\u0435\u043e\u0441\u0432\u0435\u0442\u0435\u043d\u043e\"><img loading=\"lazy\" decoding=\"async\" class=\"preload-me\" src=\"https:\/\/partners-ltd.com\/wp-content\/uploads\/2018\/07\/PromaFlex-Plus-reflective_on-light.jpg\" width=\"222\" height=\"219\"  alt=\"PromaFlex Plus \u043e\u0441\u0432\u0435\u0442\u0435\u043d\u043e \u0441\u0432\u0435\u0442\u043b\u043e\u043e\u0442\u0440\u0430\u0437\u0438\u0442\u0435\u043b\u043d\u043e \u0444\u043e\u043b\u0438\u043e \u0437\u0430 \u0442\u0435\u043a\u0441\u0442\u0438\u043b\"><\/div>[\/vc_column_inner][\/vc_row_inner][\/vc_column][\/vc_row]<\/p>\n<\/div>","protected":false},"excerpt":{"rendered":"<p>Folie reflectorizant\u0103 pentru textile, creat\u0103 pentru t\u0103iere \u00een oglind\u0103 pe plotter de t\u0103iere. Culoare conform\u0103 cu cerin\u021bele BS EN 471, ceea ce o face potrivit\u0103 pentru aplica\u021bii pe \u00eembr\u0103c\u0103minte de protec\u021bie \u0219i permite utilizarea de c\u0103tre autorit\u0103\u021bile oficiale. Nedeformabil\u0103 &#8211; necesit\u0103 \u00eengrijire special\u0103 la sp\u0103lare.<\/p>\n","protected":false},"featured_media":15383,"comment_status":"open","ping_status":"closed","template":"","meta":[],"product_cat":[1854],"product_tag":[],"_links":{"self":[{"href":"https:\/\/partners-ltd.com\/ro\/wp-json\/wp\/v2\/product\/40856"}],"collection":[{"href":"https:\/\/partners-ltd.com\/ro\/wp-json\/wp\/v2\/product"}],"about":[{"href":"https:\/\/partners-ltd.com\/ro\/wp-json\/wp\/v2\/types\/product"}],"replies":[{"embeddable":true,"href":"https:\/\/partners-ltd.com\/ro\/wp-json\/wp\/v2\/comments?post=40856"}],"wp:featuredmedia":[{"embeddable":true,"href":"https:\/\/partners-ltd.com\/ro\/wp-json\/wp\/v2\/media\/15383"}],"wp:attachment":[{"href":"https:\/\/partners-ltd.com\/ro\/wp-json\/wp\/v2\/media?parent=40856"}],"wp:term":[{"taxonomy":"product_cat","embeddable":true,"href":"https:\/\/partners-ltd.com\/ro\/wp-json\/wp\/v2\/product_cat?post=40856"},{"taxonomy":"product_tag","embeddable":true,"href":"https:\/\/partners-ltd.com\/ro\/wp-json\/wp\/v2\/product_tag?post=40856"}],"curies":[{"name":"wp","href":"https:\/\/api.w.org\/{rel}","templated":true}]}}