{"id":40854,"date":"2018-08-01T15:00:12","date_gmt":"2018-08-01T12:00:12","guid":{"rendered":"https:\/\/partners-ltd.com\/magazin\/fara-categorie\/promaprint-folie-alba-poliuretanica-pentru-imprimare-solvent\/"},"modified":"2025-06-16T12:27:08","modified_gmt":"2025-06-16T09:27:08","slug":"promaprint-folie-alba-poliuretanica-pentru-imprimare-solvent","status":"publish","type":"product","link":"https:\/\/partners-ltd.com\/ro\/e-shop\/folie-pentru-textil\/promaprint-folie-alba-poliuretanica-pentru-imprimare-solvent\/","title":{"rendered":"PromaPrint &#8211; folie alb\u0103 poliuretanic\u0103 pentru imprimare solvent"},"content":{"rendered":"<div class=\"wpb-content-wrapper\"><p>[vc_row css=&#8221;.vc_custom_1532072282826{margin-bottom: 20px !important;border-top-width: 1px !important;border-right-width: 1px !important;border-bottom-width: 1px !important;border-left-width: 1px !important;padding-right: 10px !important;padding-left: 10px !important;border-left-color: #e2e2e2 !important;border-left-style: dotted !important;border-right-color: #e2e2e2 !important;border-right-style: dotted !important;border-top-color: #e2e2e2 !important;border-top-style: dotted !important;border-bottom-color: #e2e2e2 !important;border-bottom-style: dotted !important;border-radius: 1px !important;}&#8221;][vc_column]<div id=\"ultimate-heading-604469f0f57b9dbef\" class=\"uvc-heading ult-adjust-bottom-margin ultimate-heading-604469f0f57b9dbef uvc-577 \" data-hspacer=\"no_spacer\"  data-halign=\"left\" style=\"text-align:left\"><div class=\"uvc-heading-spacer no_spacer\" style=\"top\"><\/div><div class=\"uvc-main-heading ult-responsive\"  data-ultimate-target='.uvc-heading.ultimate-heading-604469f0f57b9dbef h2'  data-responsive-json-new='{\"font-size\":\"desktop:28px;\",\"line-height\":\"desktop:38px;\"}' ><h2 style=\"--font-weight:theme;margin-bottom:20px;\">PromaPrint - folie alb\u0103 pentru textile<\/h2><\/div><\/div>[vc_column_text]Folie PromaPrint potrivit\u0103 pentru imprimare solvent.<\/p>\n<p>Compatibil cu toate imprimantele solvent sau ecosolvent. Articolele din aceast\u0103 serie se imprim\u0103 \u0219i se taie foarte u\u0219or.\u00a0Aceast\u0103 serie poliuretanic\u0103 respect\u0103 cerin\u021bele de protec\u021bie a mediului. Folia PU este sub\u021bire, ceea ce face materialul moale la atingere \u0219i confortabil de purtat. \u00cen plus, acest tip de folie este extrem de elastic, ceea ce \u00eempiedic\u0103 aplica\u021bia s\u0103 se crape. Procesul de imprimare este \u00eembun\u0103t\u0103\u021bit datorit\u0103 usc\u0103rii mai rapide a cernelii \u0219i a calit\u0103\u021bii superioare a imprim\u0103rii.<\/p>\n<p><strong>*PromatTex recomand\u0103 utilizarea unui substrat pentru transferul de folie pentru textile<\/strong> &#8211; <a href=\"https:\/\/partners-ltd.com\/magazin\/folio-za-tekstil\/tape-trans-podlozhka-folio-tekstil\/\">Tape Trans<\/a>.[\/vc_column_text][vc_row_inner][vc_column_inner width=&#8221;1\/3&#8243;][vc_column_text]<strong>Dimensiune rol\u0103: <\/strong>102cm \u0445 25m[\/vc_column_text][\/vc_column_inner][vc_column_inner width=&#8221;1\/3&#8243;][vc_column_text]<strong>Grosime:<\/strong>\u00a0100 microni[\/vc_column_text][\/vc_column_inner][vc_column_inner width=&#8221;1\/3&#8243;][vc_column_text]<strong>Dezlipire:<\/strong> rece\/rece[\/vc_column_text][\/vc_column_inner][\/vc_row_inner][\/vc_column][\/vc_row][vc_row css=&#8221;.vc_custom_1532072379976{margin-bottom: 20px !important;border-top-width: 1px !important;border-right-width: 1px !important;border-bottom-width: 1px !important;border-left-width: 1px !important;padding-right: 10px !important;padding-bottom: 20px !important;padding-left: 10px !important;border-left-color: #e2e2e2 !important;border-left-style: dotted !important;border-right-color: #e2e2e2 !important;border-right-style: dotted !important;border-top-color: #e2e2e2 !important;border-top-style: dotted !important;border-bottom-color: #e2e2e2 !important;border-bottom-style: dotted !important;border-radius: 1px !important;}&#8221;][vc_column width=&#8221;1\/2&#8243;]<div id=\"ultimate-heading-789969f0f57b9dc2b\" class=\"uvc-heading ult-adjust-bottom-margin ultimate-heading-789969f0f57b9dc2b uvc-5606 \" data-hspacer=\"no_spacer\"  data-halign=\"left\" style=\"text-align:left\"><div class=\"uvc-heading-spacer no_spacer\" style=\"top\"><\/div><div class=\"uvc-main-heading ult-responsive\"  data-ultimate-target='.uvc-heading.ultimate-heading-789969f0f57b9dc2b h3'  data-responsive-json-new='{\"font-size\":\"desktop:24px;\",\"line-height\":\"desktop:34px;\"}' ><h3 style=\"--font-weight:theme;margin-bottom:20px;\">Caracteristici principale:<\/h3><\/div><\/div><div class=\"standard-arrow list-divider bullet-top\"><ul>\n<li>compatibil cu imprimantele solvent \u0219i ecosolvent<\/li>\n<li>pentru materiale \u00eenchise \u0219i deschise la culoare<\/li>\n<li>rezist\u0103 la sp\u0103lare p\u00e2n\u0103 la 60\u00b0C<\/li>\n<\/ul>\n<\/div>[\/vc_column][vc_column width=&#8221;1\/2&#8243;][vc_empty_space height=&#8221;54px&#8221;]<div class=\"standard-arrow list-divider bullet-top\"><ul>\n<li>f\u0103r\u0103 substan\u021be toxice<\/li>\n<li>timp de lipire de la 10 la 15 secunde<\/li>\n<li>temperatur\u0103 de lipire de la 150 la 160\u00b0 C<\/li>\n<\/ul>\n<\/div>[\/vc_column][\/vc_row][vc_row css=&#8221;.vc_custom_1532072267931{border-top-width: 1px !important;border-right-width: 1px !important;border-bottom-width: 1px !important;border-left-width: 1px !important;padding-right: 10px !important;padding-bottom: 20px !important;padding-left: 10px !important;border-left-color: #e2e2e2 !important;border-left-style: dotted !important;border-right-color: #e2e2e2 !important;border-right-style: dotted !important;border-top-color: #e2e2e2 !important;border-top-style: dotted !important;border-bottom-color: #e2e2e2 !important;border-bottom-style: dotted !important;border-radius: 1px !important;}&#8221;][vc_column]<div id=\"ultimate-heading-565569f0f57b9dcb6\" class=\"uvc-heading ult-adjust-bottom-margin ultimate-heading-565569f0f57b9dcb6 uvc-6215 \" data-hspacer=\"no_spacer\"  data-halign=\"left\" style=\"text-align:left\"><div class=\"uvc-heading-spacer no_spacer\" style=\"top\"><\/div><div class=\"uvc-main-heading ult-responsive\"  data-ultimate-target='.uvc-heading.ultimate-heading-565569f0f57b9dcb6 h3'  data-responsive-json-new='{\"font-size\":\"desktop:24px;\",\"line-height\":\"desktop:34px;\"}' ><h3 style=\"--font-weight:theme;margin-bottom:20px;\">Documente<\/h3><\/div><\/div>[vc_column_text]Buletin de produs \u0219i bro\u0219ur\u0103 de produs pentru folie pentru imprimare solvent (alb\u0103) PromaPrint.[\/vc_column_text][vc_row_inner gap=&#8221;15&#8243;][vc_column_inner width=&#8221;1\/4&#8243;][vc_column_text]<\/p>\n<p style=\"text-align: center;\">Buletin de produs<\/p>\n<p>[\/vc_column_text][vc_single_image image=&#8221;15373&#8243; img_size=&#8221;130&#215;180&#8243; alignment=&#8221;center&#8221; style=&#8221;vc_box_outline&#8221;]<style type=\"text\/css\" data-type=\"the7_shortcodes-inline-css\">#default-btn-fa1d4bb4827d29bdbacb9298e1938492.ico-right-side > i {\n  margin-right: 0px;\n  margin-left: 8px;\n}\n#default-btn-fa1d4bb4827d29bdbacb9298e1938492 > i {\n  margin-right: 8px;\n}\n<\/style><div class=\"btn-align-center\"><a href=\"\/wp-content\/uploads\/2018\/07\/PromaprintPU_PVC_Anglais.pdf\" class=\"default-btn-shortcode dt-btn dt-btn-s link-hover-off \" target=\"_blank\" id=\"default-btn-fa1d4bb4827d29bdbacb9298e1938492\" rel=\"noopener\"><i class=\"fas fa-download\"><\/i><span>Descarc\u0103 PDF<\/span><\/a><\/div>[\/vc_column_inner][vc_column_inner width=&#8221;1\/4&#8243;][vc_column_text]<\/p>\n<p style=\"text-align: center;\">Bro\u0219ur\u0103 de produs<\/p>\n<p>[\/vc_column_text][vc_single_image image=&#8221;15374&#8243; img_size=&#8221;130&#215;180&#8243; alignment=&#8221;center&#8221; style=&#8221;vc_box_outline&#8221;]<style type=\"text\/css\" data-type=\"the7_shortcodes-inline-css\">#default-btn-a4076b129ab9f855ecd748f5863d8b92.ico-right-side > i {\n  margin-right: 0px;\n  margin-left: 8px;\n}\n#default-btn-a4076b129ab9f855ecd748f5863d8b92 > i {\n  margin-right: 8px;\n}\n<\/style><div class=\"btn-align-center\"><a href=\"\/wp-content\/uploads\/2018\/07\/Catalog-Partners-Promatex-2011.pdf\" class=\"default-btn-shortcode dt-btn dt-btn-s link-hover-off \" target=\"_blank\" id=\"default-btn-a4076b129ab9f855ecd748f5863d8b92\" rel=\"noopener\"><i class=\"fas fa-download\"><\/i><span>Descarc\u0103 PDF<\/span><\/a><\/div>[\/vc_column_inner][vc_column_inner width=&#8221;1\/2&#8243;][\/vc_column_inner][\/vc_row_inner][\/vc_column][\/vc_row]<\/p>\n<\/div>","protected":false},"excerpt":{"rendered":"<p>Folie PromaPrint cu efect u\u0219or neted. Potrivit pentru materiale textile \u00eenchise \u0219i deschise la culoare. Compatibil complet cu imprimantele solvent \u0219i ecosolvent. Articolele din aceast\u0103 serie se imprim\u0103 \u0219i se taie foarte u\u0219or.<\/p>\n","protected":false},"featured_media":15377,"comment_status":"open","ping_status":"closed","template":"","meta":[],"product_cat":[1854],"product_tag":[],"_links":{"self":[{"href":"https:\/\/partners-ltd.com\/ro\/wp-json\/wp\/v2\/product\/40854"}],"collection":[{"href":"https:\/\/partners-ltd.com\/ro\/wp-json\/wp\/v2\/product"}],"about":[{"href":"https:\/\/partners-ltd.com\/ro\/wp-json\/wp\/v2\/types\/product"}],"replies":[{"embeddable":true,"href":"https:\/\/partners-ltd.com\/ro\/wp-json\/wp\/v2\/comments?post=40854"}],"wp:featuredmedia":[{"embeddable":true,"href":"https:\/\/partners-ltd.com\/ro\/wp-json\/wp\/v2\/media\/15377"}],"wp:attachment":[{"href":"https:\/\/partners-ltd.com\/ro\/wp-json\/wp\/v2\/media?parent=40854"}],"wp:term":[{"taxonomy":"product_cat","embeddable":true,"href":"https:\/\/partners-ltd.com\/ro\/wp-json\/wp\/v2\/product_cat?post=40854"},{"taxonomy":"product_tag","embeddable":true,"href":"https:\/\/partners-ltd.com\/ro\/wp-json\/wp\/v2\/product_tag?post=40854"}],"curies":[{"name":"wp","href":"https:\/\/api.w.org\/{rel}","templated":true}]}}