{"id":40826,"date":"2018-05-31T10:21:38","date_gmt":"2018-05-31T07:21:38","guid":{"rendered":"https:\/\/partners-ltd.com\/magazin\/fara-categorie\/3m-iat-prespacing-tape\/"},"modified":"2026-04-14T12:08:07","modified_gmt":"2026-04-14T09:08:07","slug":"3m-iat-prespacing-tape","status":"publish","type":"product","link":"https:\/\/partners-ltd.com\/ro\/e-shop\/folie-pentru-cutter-plotter\/3m-hartie-adeziva-de-transfer\/3m-iat-prespacing-tape\/","title":{"rendered":"3M IAT Prespacing Tape"},"content":{"rendered":"<div class=\"wpb-content-wrapper\"><p>[vc_row css=&#8221;.vc_custom_1525420602690{border-top-width: 1px !important;border-right-width: 1px !important;border-bottom-width: 1px !important;border-left-width: 1px !important;padding-right: 10px !important;padding-left: 10px !important;border-left-color: #e2e2e2 !important;border-left-style: dotted !important;border-right-color: #e2e2e2 !important;border-right-style: dotted !important;border-top-color: #e2e2e2 !important;border-top-style: dotted !important;border-bottom-color: #e2e2e2 !important;border-bottom-style: dotted !important;border-radius: 1px !important;}&#8221;][vc_column]<div id=\"ultimate-heading-516469e9a42c51aea\" class=\"uvc-heading ult-adjust-bottom-margin ultimate-heading-516469e9a42c51aea uvc-1057 \" data-hspacer=\"no_spacer\"  data-halign=\"left\" style=\"text-align:left\"><div class=\"uvc-heading-spacer no_spacer\" style=\"top\"><\/div><div class=\"uvc-main-heading ult-responsive\"  data-ultimate-target='.uvc-heading.ultimate-heading-516469e9a42c51aea h2'  data-responsive-json-new='{\"font-size\":\"desktop:28px;\",\"line-height\":\"desktop:38px;\"}' ><h2 style=\"--font-weight:theme;margin-bottom:20px;\">Band\u0103 de aplicare 3M IAT Prespacing Tape<\/h2><\/div><\/div>[vc_row_inner][vc_column_inner][vc_column_text]Band\u0103 de h\u00e2rtie, de aplicare&nbsp;3M IAT Prespacing Tape, cu adeziv special dezvoltat pentru aplica\u021bia inscrip\u021biilor \u0219i \u00eendep\u0103rtare u\u0219oar\u0103 dup\u0103 montaj.<\/p>\n<p>For\u021b\u0103 medie de lipire a adezivului pe folie.<\/p>\n<p>Recomandat pentru folie pentru plottere de t\u0103iere din seriile: <a href=\"https:\/\/partners-ltd.com\/ro\/e-shop\/folie-pentru-cutter-plotter\/folie-opaca\/3m-scotchcal-50-culori-cu-aspect-lucios\/\">SC50<\/a>, <a href=\"https:\/\/partners-ltd.com\/ro\/e-shop\/folie-pentru-cutter-plotter\/3m-folie-translucenta\/3m-2330-scotchcal-translucent-film-folie-pentru-reclame-luminoase\/\">SC2330<\/a>, <a href=\"https:\/\/partners-ltd.com\/ro\/e-shop\/3m-folie-geamuri\/folie-decorativa-pentru-geamuri\/3m-5525-324-scotchcal-sandblast-film-folie-cu-efect-de-nisip\/\">SC5525<\/a>.[\/vc_column_text][\/vc_column_inner][\/vc_row_inner][vc_row_inner][vc_column_inner width=&#8221;1\/3&#8243;][vc_column_text]<strong>Dimensiune rol\u0103:<\/strong> 0,31 m\/ 0,61 m\/ 1,22 m x 100 m[\/vc_column_text][\/vc_column_inner][vc_column_inner width=&#8221;1\/3&#8243;][vc_column_text]<strong>Grosime:<\/strong> 110 microni[\/vc_column_text][\/vc_column_inner][vc_column_inner width=&#8221;1\/3&#8243;][vc_column_text]<strong>Adeziv:<\/strong> sensibil la presiune, transparent[\/vc_column_text][\/vc_column_inner][\/vc_row_inner][\/vc_column][\/vc_row]<\/p>\n<\/div>","protected":false},"excerpt":{"rendered":"<p>Band\u0103 de h\u00e2rtie cu adeziv special dezvoltat pentru aplica\u021bia inscrip\u021biilor \u0219i \u00eendep\u0103rtare u\u0219oar\u0103 dup\u0103 montaj. Pentru folie pentru plottere de t\u0103iere din seriile: SC30, SC50, SC2330, SC5525.<\/p>\n","protected":false},"featured_media":14729,"comment_status":"open","ping_status":"closed","template":"","meta":[],"product_cat":[1831,1841],"product_tag":[],"_links":{"self":[{"href":"https:\/\/partners-ltd.com\/ro\/wp-json\/wp\/v2\/product\/40826"}],"collection":[{"href":"https:\/\/partners-ltd.com\/ro\/wp-json\/wp\/v2\/product"}],"about":[{"href":"https:\/\/partners-ltd.com\/ro\/wp-json\/wp\/v2\/types\/product"}],"replies":[{"embeddable":true,"href":"https:\/\/partners-ltd.com\/ro\/wp-json\/wp\/v2\/comments?post=40826"}],"wp:featuredmedia":[{"embeddable":true,"href":"https:\/\/partners-ltd.com\/ro\/wp-json\/wp\/v2\/media\/14729"}],"wp:attachment":[{"href":"https:\/\/partners-ltd.com\/ro\/wp-json\/wp\/v2\/media?parent=40826"}],"wp:term":[{"taxonomy":"product_cat","embeddable":true,"href":"https:\/\/partners-ltd.com\/ro\/wp-json\/wp\/v2\/product_cat?post=40826"},{"taxonomy":"product_tag","embeddable":true,"href":"https:\/\/partners-ltd.com\/ro\/wp-json\/wp\/v2\/product_tag?post=40826"}],"curies":[{"name":"wp","href":"https:\/\/api.w.org\/{rel}","templated":true}]}}