{"id":40812,"date":"2018-05-07T08:54:25","date_gmt":"2018-05-07T05:54:25","guid":{"rendered":"https:\/\/partners-ltd.com\/magazin\/fara-categorie\/3m-680cr-e-scotchlite-comply-folie-reflectorizanta-aurie-si-rosie\/"},"modified":"2025-06-13T15:39:58","modified_gmt":"2025-06-13T12:39:58","slug":"3m-680cr-e-scotchlite-comply-folie-reflectorizanta-aurie-si-rosie","status":"publish","type":"product","link":"https:\/\/partners-ltd.com\/ro\/e-shop\/folie-pentru-cutter-plotter\/3m-folie-reflectorizanta\/3m-680cr-e-scotchlite-comply-folie-reflectorizanta-aurie-si-rosie\/","title":{"rendered":"3M 680CR E Scotchlite Comply &#8211; folie reflectorizant\u0103 aurie \u0219i ro\u0219ie"},"content":{"rendered":"<div class=\"wpb-content-wrapper\"><p>[vc_row css=&#8221;.vc_custom_1532072282826{margin-bottom: 20px !important;border-top-width: 1px !important;border-right-width: 1px !important;border-bottom-width: 1px !important;border-left-width: 1px !important;padding-right: 10px !important;padding-left: 10px !important;border-left-color: #e2e2e2 !important;border-left-style: dotted !important;border-right-color: #e2e2e2 !important;border-right-style: dotted !important;border-top-color: #e2e2e2 !important;border-top-style: dotted !important;border-bottom-color: #e2e2e2 !important;border-bottom-style: dotted !important;border-radius: 1px !important;}&#8221;][vc_column]<div id=\"ultimate-heading-391969e23bb9599f6\" class=\"uvc-heading ult-adjust-bottom-margin ultimate-heading-391969e23bb9599f6 uvc-9500 \" data-hspacer=\"no_spacer\"  data-halign=\"left\" style=\"text-align:left\"><div class=\"uvc-heading-spacer no_spacer\" style=\"top\"><\/div><div class=\"uvc-main-heading ult-responsive\"  data-ultimate-target='.uvc-heading.ultimate-heading-391969e23bb9599f6 h2'  data-responsive-json-new='{\"font-size\":\"desktop:28px;\",\"line-height\":\"desktop:38px;\"}' ><h2 style=\"--font-weight:theme;margin-bottom:20px;\">3M 680CR E Comply - folie reflectorizant\u0103 aurie \u0219i ro\u0219ie pentru automobile<\/h2><\/div><\/div>[vc_column_text]Folie reflectorizant\u0103 de \u00eenalt\u0103 calitate aurie \u0219i ro\u0219ie pentru \u00eenvelire auto.<\/p>\n<p>Dezvoltat\u0103 cu tehnologiile 3M Controltac\u2122 \u0219i 3M Comply\u2122, care permit o aplicare mai u\u0219oar\u0103 \u0219i impecabil\u0103 pe suprafa\u021b\u0103. Tehnologia 3M Controltac\u2122 ajut\u0103 la realizarea unui contact ini\u021bial minim cu suprafa\u021ba, ceea ce permite repozi\u021bionarea foliei. Aceast\u0103 serie de folie reflectorizant\u0103 este rezistent\u0103 la vapori \u0219i v\u0103rs\u0103ri de benzin\u0103.<\/p>\n<p>Este potrivit\u0103 pentru aplicare pe automobile, transport urban, panouri \u0219i altele.[\/vc_column_text][vc_row_inner][vc_column_inner width=&#8221;1\/3&#8243;][vc_column_text]<strong>Dimensiune rol\u0103:<\/strong> 1,22m \u0445 10m[\/vc_column_text][\/vc_column_inner][vc_column_inner width=&#8221;1\/3&#8243;][vc_column_text]<strong>Grosime:<\/strong>&nbsp;180 microni[\/vc_column_text][\/vc_column_inner][vc_column_inner width=&#8221;1\/3&#8243;][\/vc_column_inner][\/vc_row_inner][\/vc_column][\/vc_row][vc_row css=&#8221;.vc_custom_1532072379976{margin-bottom: 20px !important;border-top-width: 1px !important;border-right-width: 1px !important;border-bottom-width: 1px !important;border-left-width: 1px !important;padding-right: 10px !important;padding-bottom: 20px !important;padding-left: 10px !important;border-left-color: #e2e2e2 !important;border-left-style: dotted !important;border-right-color: #e2e2e2 !important;border-right-style: dotted !important;border-top-color: #e2e2e2 !important;border-top-style: dotted !important;border-bottom-color: #e2e2e2 !important;border-bottom-style: dotted !important;border-radius: 1px !important;}&#8221;][vc_column width=&#8221;1\/2&#8243;]<div id=\"ultimate-heading-420069e23bb959a2e\" class=\"uvc-heading ult-adjust-bottom-margin ultimate-heading-420069e23bb959a2e uvc-3165 \" data-hspacer=\"no_spacer\"  data-halign=\"left\" style=\"text-align:left\"><div class=\"uvc-heading-spacer no_spacer\" style=\"top\"><\/div><div class=\"uvc-main-heading ult-responsive\"  data-ultimate-target='.uvc-heading.ultimate-heading-420069e23bb959a2e h3'  data-responsive-json-new='{\"font-size\":\"desktop:24px;\",\"line-height\":\"desktop:34px;\"}' ><h3 style=\"--font-weight:theme;margin-bottom:20px;\">Caracteristici principale:<\/h3><\/div><\/div><div class=\"standard-arrow list-divider bullet-top\"><ul>\n<li>folie reflectorizant\u0103 pentru automobile<\/li>\n<li>adeziv cu posibilitate de repozi\u021bionare<\/li>\n<li>Tehnologii Comply\u2122 \u0219i Controltac\u2122 pentru o aplicare impecabil\u0103<\/li>\n<\/ul>\n<\/div>[\/vc_column][vc_column width=&#8221;1\/2&#8243;][vc_empty_space height=&#8221;54px&#8221;]<div class=\"standard-arrow list-divider bullet-top\"><ul>\n<li>adeziv sensibil la presiune<\/li>\n<li>rezistent la v\u0103rs\u0103ri \u0219i vapori de benzin\u0103<\/li>\n<li>durabilitate &#8211; 7 ani<\/li>\n<\/ul>\n<\/div>[\/vc_column][\/vc_row][vc_row css=&#8221;.vc_custom_1532072267931{border-top-width: 1px !important;border-right-width: 1px !important;border-bottom-width: 1px !important;border-left-width: 1px !important;padding-right: 10px !important;padding-bottom: 20px !important;padding-left: 10px !important;border-left-color: #e2e2e2 !important;border-left-style: dotted !important;border-right-color: #e2e2e2 !important;border-right-style: dotted !important;border-top-color: #e2e2e2 !important;border-top-style: dotted !important;border-bottom-color: #e2e2e2 !important;border-bottom-style: dotted !important;border-radius: 1px !important;}&#8221;][vc_column width=&#8221;2\/3&#8243;]<div id=\"ultimate-heading-150869e23bb959ab0\" class=\"uvc-heading ult-adjust-bottom-margin ultimate-heading-150869e23bb959ab0 uvc-6912 \" data-hspacer=\"no_spacer\"  data-halign=\"left\" style=\"text-align:left\"><div class=\"uvc-heading-spacer no_spacer\" style=\"top\"><\/div><div class=\"uvc-main-heading ult-responsive\"  data-ultimate-target='.uvc-heading.ultimate-heading-150869e23bb959ab0 h3'  data-responsive-json-new='{\"font-size\":\"desktop:24px;\",\"line-height\":\"desktop:34px;\"}' ><h3 style=\"--font-weight:theme;margin-bottom:20px;\">Documente<\/h3><\/div><\/div>[vc_column_text]Buletin de produs pentru folie reflectorizant\u0103 3M Scotchlite 680CR E Comply.[\/vc_column_text][\/vc_column][vc_column width=&#8221;1\/3&#8243;][vc_column_text]<\/p>\n<p style=\"text-align: center;\">Buletin de produs<\/p>\n<p>[\/vc_column_text][vc_single_image image=&#8221;15532&#8243; img_size=&#8221;130&#215;180&#8243; alignment=&#8221;center&#8221; style=&#8221;vc_box_outline&#8221;]<style type=\"text\/css\" data-type=\"the7_shortcodes-inline-css\">#default-btn-2ffa8481ed3a019ad32c2dcfc6be238d.ico-right-side > i {\n  margin-right: 0px;\n  margin-left: 8px;\n}\n#default-btn-2ffa8481ed3a019ad32c2dcfc6be238d > i {\n  margin-right: 8px;\n}\n<\/style><div class=\"btn-align-center\"><a href=\"\/wp-content\/uploads\/2018\/08\/3M-Scotchlite-680CR-E-PDF.pdf\" class=\"default-btn-shortcode dt-btn dt-btn-s link-hover-off \" target=\"_blank\" id=\"default-btn-2ffa8481ed3a019ad32c2dcfc6be238d\" rel=\"noopener\"><i class=\"fas fa-download\"><\/i><span>Descarc\u0103 PDF<\/span><\/a><\/div>[\/vc_column][\/vc_row]<\/p>\n<\/div>","protected":false},"excerpt":{"rendered":"<p>Folie reflectorizant\u0103 de \u00eenalt\u0103 calitate pentru acoperire automobil. Aceast\u0103 serie de folie reflectorizant\u0103 este rezistent\u0103 la vapori \u0219i v\u0103rs\u0103ri de benzin\u0103. Este potrivit\u0103 pentru aplicare pe automobile, transport urban, panouri \u0219i altele.<\/p>\n","protected":false},"featured_media":15496,"comment_status":"open","ping_status":"closed","template":"","meta":[],"product_cat":[1831,1844],"product_tag":[],"_links":{"self":[{"href":"https:\/\/partners-ltd.com\/ro\/wp-json\/wp\/v2\/product\/40812"}],"collection":[{"href":"https:\/\/partners-ltd.com\/ro\/wp-json\/wp\/v2\/product"}],"about":[{"href":"https:\/\/partners-ltd.com\/ro\/wp-json\/wp\/v2\/types\/product"}],"replies":[{"embeddable":true,"href":"https:\/\/partners-ltd.com\/ro\/wp-json\/wp\/v2\/comments?post=40812"}],"wp:featuredmedia":[{"embeddable":true,"href":"https:\/\/partners-ltd.com\/ro\/wp-json\/wp\/v2\/media\/15496"}],"wp:attachment":[{"href":"https:\/\/partners-ltd.com\/ro\/wp-json\/wp\/v2\/media?parent=40812"}],"wp:term":[{"taxonomy":"product_cat","embeddable":true,"href":"https:\/\/partners-ltd.com\/ro\/wp-json\/wp\/v2\/product_cat?post=40812"},{"taxonomy":"product_tag","embeddable":true,"href":"https:\/\/partners-ltd.com\/ro\/wp-json\/wp\/v2\/product_tag?post=40812"}],"curies":[{"name":"wp","href":"https:\/\/api.w.org\/{rel}","templated":true}]}}