{"id":40811,"date":"2018-05-11T12:02:13","date_gmt":"2018-05-11T09:02:13","guid":{"rendered":"https:\/\/partners-ltd.com\/magazin\/fara-categorie\/3m-580e-scotchlite-reflective-film-folie-reflectorizanta-culori\/"},"modified":"2026-04-14T12:00:11","modified_gmt":"2026-04-14T09:00:11","slug":"3m-580e-scotchlite-reflective-film-folie-reflectorizanta-culori","status":"publish","type":"product","link":"https:\/\/partners-ltd.com\/ro\/e-shop\/folie-pentru-cutter-plotter\/3m-folie-reflectorizanta\/3m-580e-scotchlite-reflective-film-folie-reflectorizanta-culori\/","title":{"rendered":"3M 580E Scotchlite Reflective Film &#8211; folie reflectorizant\u0103, culori"},"content":{"rendered":"<div class=\"wpb-content-wrapper\"><p>[vc_row css=&#8221;.vc_custom_1528982531542{margin-bottom: 20px !important;border-top-width: 1px !important;border-right-width: 1px !important;border-bottom-width: 1px !important;border-left-width: 1px !important;padding-right: 10px !important;padding-left: 10px !important;border-left-color: #e2e2e2 !important;border-left-style: dotted !important;border-right-color: #e2e2e2 !important;border-right-style: dotted !important;border-top-color: #e2e2e2 !important;border-top-style: dotted !important;border-bottom-color: #e2e2e2 !important;border-bottom-style: dotted !important;border-radius: 1px !important;}&#8221;][vc_column]<div id=\"ultimate-heading-47969e23aea9f5bf\" class=\"uvc-heading ult-adjust-bottom-margin ultimate-heading-47969e23aea9f5bf uvc-2101 \" data-hspacer=\"no_spacer\"  data-halign=\"left\" style=\"text-align:left\"><div class=\"uvc-heading-spacer no_spacer\" style=\"top\"><\/div><div class=\"uvc-main-heading ult-responsive\"  data-ultimate-target='.uvc-heading.ultimate-heading-47969e23aea9f5bf h2'  data-responsive-json-new='{\"font-size\":\"desktop:28px;\",\"line-height\":\"desktop:38px;\"}' ><h2 style=\"--font-weight:theme;margin-bottom:20px;\">3M 580E Scotchlite Reflective Film - folie reflectorizant\u0103 turnat\u0103<\/h2><\/div><\/div>[vc_row_inner][vc_column_inner width=&#8221;5\/6&#8243;][vc_column_text]Durabil\u0103, folia reflectorizant\u0103 turnat\u0103 3M 580E ofer\u0103 o lumin\u0103 reflectat\u0103 str\u0103lucitoare, at\u00e2t ziua, c\u00e2t \u0219i noaptea, pentru o vizibilitate clar\u0103 \u0219i o eficien\u021b\u0103 publicitar\u0103 excep\u021bional\u0103.<\/p>\n<p>Asigur\u0103 siguran\u021b\u0103 24 de ore, datorit\u0103 vizibilit\u0103\u021bii sale excelente.<\/p>\n<p>Poate fi imprimat\u0103 digital. Se conformeaz\u0103 pe deplin cu regulamentul ONU ECE. 3M 580-85 este de culoare neagr\u0103, dar reflect\u0103 lumin\u0103 alb\u0103 noaptea.<\/p>\n<p>Pentru aplica\u021bii care necesit\u0103 calitate \u00eenalt\u0103 \u0219i o perioad\u0103 lung\u0103 de exploatare at\u00e2t \u00een exterior, c\u00e2t \u0219i \u00een interior.[\/vc_column_text][\/vc_column_inner][vc_column_inner width=&#8221;1\/6&#8243;][vc_single_image image=&#8221;14521&#8243; img_size=&#8221;120&#215;120&#8243; alignment=&#8221;center&#8221; onclick=&#8221;custom_link&#8221; link=&#8221;https:\/\/partners-ltd.com\/ro\/3m-mcs-warranty\/&#8221;][\/vc_column_inner][\/vc_row_inner][vc_row_inner][vc_column_inner width=&#8221;1\/3&#8243;][vc_column_text]<strong>Dimensiune rol\u0103:<\/strong> 1,22m \u0445 22,86m[\/vc_column_text][\/vc_column_inner][vc_column_inner width=&#8221;1\/3&#8243;][vc_column_text]<strong>Grosime:<\/strong> 200 microni[\/vc_column_text][\/vc_column_inner][vc_column_inner width=&#8221;1\/3&#8243;][\/vc_column_inner][\/vc_row_inner][\/vc_column][\/vc_row][vc_row][vc_column][vc_row_inner css=&#8221;.vc_custom_1525420680546{border-top-width: 1px !important;border-right-width: 1px !important;border-bottom-width: 1px !important;border-left-width: 1px !important;padding-right: 10px !important;padding-left: 10px !important;border-left-color: #e2e2e2 !important;border-left-style: dotted !important;border-right-color: #e2e2e2 !important;border-right-style: dotted !important;border-top-color: #e2e2e2 !important;border-top-style: dotted !important;border-bottom-color: #e2e2e2 !important;border-bottom-style: dotted !important;border-radius: 1px !important;}&#8221;][vc_column_inner width=&#8221;1\/2&#8243;]<div id=\"ultimate-heading-48669e23aea9f621\" class=\"uvc-heading ult-adjust-bottom-margin ultimate-heading-48669e23aea9f621 uvc-1477 \" data-hspacer=\"no_spacer\"  data-halign=\"left\" style=\"text-align:left\"><div class=\"uvc-heading-spacer no_spacer\" style=\"top\"><\/div><div class=\"uvc-main-heading ult-responsive\"  data-ultimate-target='.uvc-heading.ultimate-heading-48669e23aea9f621 h3'  data-responsive-json-new='{\"font-size\":\"desktop:24px;\",\"line-height\":\"desktop:34px;\"}' ><h3 style=\"--font-weight:theme;margin-bottom:20px;\">Caracteristici principale:<\/h3><\/div><\/div><div class=\"standard-arrow list-divider bullet-top\"><ul>\n<li>pentru vizibilitate clar\u0103 \u0219i eficien\u021b\u0103 publicitar\u0103 excep\u021bional\u0103 \u00een orice moment al zilei<\/li>\n<li>p\u0103streaz\u0103 90% din retroreflectivitate atunci c\u00e2nd este umed<\/li>\n<li>potrivit\u0103 pentru imprimare digital\u0103 sau plottere de t\u0103iere<\/li>\n<li>unghi excelent de vizibilitate<\/li>\n<li>adeziv acrilic<\/li>\n<li>8 culori<\/li>\n<li>durabilitate &#8211; 8 ani<\/li>\n<\/ul>\n<\/div>[\/vc_column_inner][vc_column_inner width=&#8221;1\/2&#8243;][\/vc_column_inner][\/vc_row_inner][\/vc_column][\/vc_row]<\/p>\n<\/div>","protected":false},"excerpt":{"rendered":"<p>Folie reflectorizant\u0103 turnat\u0103, potrivit\u0103 pentru aplica\u021bii pe vehicule cu curbe 3D complexe, panouri \u0219i semne. Pentru aplica\u021bii care necesit\u0103 calitate \u00eenalt\u0103 \u0219i o durat\u0103 lung\u0103 de exploatare at\u00e2t \u00een exterior, c\u00e2t \u0219i \u00een interior.<\/p>\n","protected":false},"featured_media":14600,"comment_status":"open","ping_status":"closed","template":"","meta":[],"product_cat":[1831,1844],"product_tag":[],"_links":{"self":[{"href":"https:\/\/partners-ltd.com\/ro\/wp-json\/wp\/v2\/product\/40811"}],"collection":[{"href":"https:\/\/partners-ltd.com\/ro\/wp-json\/wp\/v2\/product"}],"about":[{"href":"https:\/\/partners-ltd.com\/ro\/wp-json\/wp\/v2\/types\/product"}],"replies":[{"embeddable":true,"href":"https:\/\/partners-ltd.com\/ro\/wp-json\/wp\/v2\/comments?post=40811"}],"wp:featuredmedia":[{"embeddable":true,"href":"https:\/\/partners-ltd.com\/ro\/wp-json\/wp\/v2\/media\/14600"}],"wp:attachment":[{"href":"https:\/\/partners-ltd.com\/ro\/wp-json\/wp\/v2\/media?parent=40811"}],"wp:term":[{"taxonomy":"product_cat","embeddable":true,"href":"https:\/\/partners-ltd.com\/ro\/wp-json\/wp\/v2\/product_cat?post=40811"},{"taxonomy":"product_tag","embeddable":true,"href":"https:\/\/partners-ltd.com\/ro\/wp-json\/wp\/v2\/product_tag?post=40811"}],"curies":[{"name":"wp","href":"https:\/\/api.w.org\/{rel}","templated":true}]}}